{"id":9029,"date":"2016-11-01T17:46:02","date_gmt":"2016-11-01T16:46:02","guid":{"rendered":"http:\/\/www.slovensky-kras.eu\/info\/?page_id=9029"},"modified":"2016-11-01T17:48:37","modified_gmt":"2016-11-01T16:48:37","slug":"prirodne-rezervacie","status":"publish","type":"page","link":"https:\/\/www.slovensky-kras.eu\/info\/kam-do-prirody\/prirodne-rezervacie\/","title":{"rendered":"Pr\u00edrodn\u00e9 rezerv\u00e1cie"},"content":{"rendered":"<p><strong>Menu: <\/strong> <a href=\"http:\/\/www.slovensky-kras.eu\/info\/\" class=\"su-button su-button-style-default\" style=\"color:#000000;background-color:#FFCF2F;border-color:#cca626;border-radius:5px\" target=\"_self\"><span style=\"color:#000000;padding:6px 16px;font-size:13px;line-height:20px;border-color:#ffde6e;border-radius:5px;text-shadow:none\"><i class=\"sui sui-arrow-right\" style=\"font-size:13px;color:#000000\"><\/i>  \u00davod \/ Aktuality <\/span><\/a>\n<a href=\"http:\/\/www.slovensky-kras.eu\/info\/kam-do-prirody\/\" class=\"su-button su-button-style-default\" style=\"color:#000000;background-color:#FFCF2F;border-color:#cca626;border-radius:5px\" target=\"_self\"><span style=\"color:#000000;padding:6px 16px;font-size:13px;line-height:20px;border-color:#ffde6e;border-radius:5px;text-shadow:none\"><i class=\"sui sui-arrow-right\" style=\"font-size:13px;color:#000000\"><\/i>  Kam do pr\u00edrody <\/span><\/a>\n&nbsp;<br \/>\n&nbsp;<br \/>\n<strong>Podkateg\u00f3ria: <\/strong> <a href=\"http:\/\/www.slovensky-kras.eu\/info\/kam-do-prirody\/prirodne-rezervacie\/\" class=\"su-button su-button-style-default\" style=\"color:#000000;background-color:#C5ED2C;border-color:#9ebe24;border-radius:5px\" target=\"_self\"><span style=\"color:#000000;padding:6px 16px;font-size:13px;line-height:20px;border-color:#d7f36c;border-radius:5px;text-shadow:none\"><i class=\"sui sui-arrow-right\" style=\"font-size:13px;color:#000000\"><\/i>  Pr\u00edrodn\u00e9 rezerv\u00e1cie <\/span><\/a>\n<div class=\"su-divider su-divider-style-default\" style=\"margin:15px 0;border-width:3px;border-color:#000000\"><\/div>\n<div id=\"metaslider-id-5712\" style=\"max-width: 800px; margin: 0 auto;\" class=\"ml-slider-3-109-0 metaslider metaslider-flex metaslider-5712 ml-slider ms-theme-default nav-hidden\" role=\"region\" aria-label=\"PR Gerla\u0161sk\u00e9 skaly\" data-height=\"250\" data-width=\"800\">\n    <div id=\"metaslider_container_5712\">\n        <div id=\"metaslider_5712\" class=\"flexslider\">\n            <ul class='slides'>\n                <li style=\"display: block; width: 100%;\" class=\"slide-29786 ms-image \" aria-roledescription=\"slide\" data-date=\"2026-04-02 00:37:44\" data-filename=\"gerlasska-skala-3-800x250.jpeg\" data-slide-type=\"image\"><a href=\"http:\/\/www.slovensky-kras.eu\/info\/kam-do-prirody\/pr-gerlasske-skaly\/\" target=\"_self\" aria-label=\"View Slide Details\" class=\"metaslider_image_link\"><img loading=\"lazy\" decoding=\"async\" src=\"https:\/\/www.slovensky-kras.eu\/info\/wp-content\/uploads\/2025\/11\/gerlasska-skala-3-800x250.jpeg\" height=\"250\" width=\"800\" alt=\"Gerla\u0161sk\u00e1 skala (752 m n.m.)\" class=\"slider-5712 slide-29786 msDefaultImage\" title=\"Gerla\u0161sk\u00e1 skala (752 m n.m.)\" \/><\/a><div class=\"caption-wrap\"><div class=\"caption\"><div><strong><a href=\"http:\/\/www.slovensky-kras.eu\/info\/kam-do-prirody\/pr-gerlasske-skaly\/\"><span style=\"color:#ffff00;\">PR Gerla\u0161sk\u00e9 skaly<\/span><\/a><\/strong><\/div><\/div><\/div><\/li>\n            <\/ul>\n        <\/div>\n        \n    <\/div>\n<\/div>\n<div id=\"metaslider-id-5875\" style=\"max-width: 800px; margin: 0 auto;\" class=\"ml-slider-3-109-0 metaslider metaslider-flex metaslider-5875 ml-slider ms-theme-default nav-hidden nav-hidden\" role=\"region\" aria-label=\"NPR Palanta\" data-height=\"250\" data-width=\"800\">\n    <div id=\"metaslider_container_5875\">\n        <div id=\"metaslider_5875\" class=\"flexslider\">\n            <ul class='slides'>\n                <li style=\"display: block; width: 100%;\" class=\"slide-28640 ms-image \" aria-roledescription=\"slide\" data-date=\"2025-11-16 07:41:52\" data-filename=\"palanta-800x250.png\" data-slide-type=\"image\"><a href=\"https:\/\/www.slovensky-kras.eu\/info\/kam-do-prirody\/pr-palanta\/\" target=\"_self\" aria-label=\"View Slide Details\" class=\"metaslider_image_link\"><img loading=\"lazy\" decoding=\"async\" src=\"https:\/\/www.slovensky-kras.eu\/info\/wp-content\/uploads\/2025\/11\/palanta-800x250.png\" height=\"250\" width=\"800\" alt=\"PR Palanta\" class=\"slider-5875 slide-28640 msDefaultImage\" title=\"PR Palanta\" \/><\/a><div class=\"caption-wrap\"><div class=\"caption\"><div><strong><a href=\"http:\/\/www.slovensky-kras.eu\/info\/kam-do-prirody\/npr-palanta\/\"><span style=\"color:#ffff00;\">PR Palanta<\/span><\/a><\/strong><\/div><\/div><\/div><\/li>\n            <\/ul>\n        <\/div>\n        \n    <\/div>\n<\/div>\n<div id=\"metaslider-id-5723\" style=\"max-width: 800px; margin: 0 auto;\" class=\"ml-slider-3-109-0 metaslider metaslider-flex metaslider-5723 ml-slider ms-theme-default nav-hidden nav-hidden nav-hidden\" role=\"region\" aria-label=\"PR Sokolia skala\" data-height=\"250\" data-width=\"800\">\n    <div id=\"metaslider_container_5723\">\n        <div id=\"metaslider_5723\" class=\"flexslider\">\n            <ul class='slides'>\n                <li style=\"display: block; width: 100%;\" class=\"slide-29781 ms-image \" aria-roledescription=\"slide\" data-date=\"2026-04-02 00:29:48\" data-filename=\"sokolia-skala-jar-800x250.jpeg\" data-slide-type=\"image\"><a href=\"http:\/\/www.slovensky-kras.eu\/info\/kam-do-prirody\/pr-sokolia-skala\/\" target=\"_self\" aria-label=\"View Slide Details\" class=\"metaslider_image_link\"><img loading=\"lazy\" decoding=\"async\" src=\"https:\/\/www.slovensky-kras.eu\/info\/wp-content\/uploads\/2025\/11\/sokolia-skala-jar-800x250.jpeg\" height=\"250\" width=\"800\" alt=\"Sokolia skala (450 m n.m.)\" class=\"slider-5723 slide-29781 msDefaultImage\" title=\"Sokolia skala (450 m n.m.)\" \/><\/a><div class=\"caption-wrap\"><div class=\"caption\"><div><strong><a href=\"http:\/\/www.slovensky-kras.eu\/info\/kam-do-prirody\/pr-sokolia-skala\/\"><span style=\"color:#ffff00;\">PR Sokolia skala<\/span><\/a><\/strong><\/div><\/div><\/div><\/li>\n            <\/ul>\n        <\/div>\n        \n    <\/div>\n<\/div>\n<div id=\"metaslider-id-6232\" style=\"max-width: 800px; margin: 0 auto;\" class=\"ml-slider-3-109-0 metaslider metaslider-flex metaslider-6232 ml-slider ms-theme-default nav-hidden nav-hidden nav-hidden nav-hidden\" role=\"region\" aria-label=\"PR Pod Fabiankou\" data-height=\"250\" data-width=\"800\">\n    <div id=\"metaslider_container_6232\">\n        <div id=\"metaslider_6232\" class=\"flexslider\">\n            <ul class='slides'>\n                <li style=\"display: block; width: 100%;\" class=\"slide-19541 ms-image \" aria-roledescription=\"slide\" data-date=\"2021-01-03 07:09:18\" data-filename=\"sil-750x234.png\" data-slide-type=\"image\"><a href=\"http:\/\/www.slovensky-kras.eu\/info\/kam-do-prirody\/pr-pod-fabiankou\/\" target=\"_self\" aria-label=\"View Slide Details\" class=\"metaslider_image_link\"><img loading=\"lazy\" decoding=\"async\" src=\"https:\/\/www.slovensky-kras.eu\/info\/wp-content\/uploads\/2013\/06\/sil-750x234.png\" height=\"250\" width=\"800\" alt=\"\" class=\"slider-6232 slide-19541 msDefaultImage\" title=\"sil\" \/><\/a><div class=\"caption-wrap\"><div class=\"caption\"><b><a href=\"http:\/\/www.slovensky-kras.eu\/info\/kam-do-prirody\/pr-pod-fabiankou\/\"><span style=\"color:#FFFF00;\">PR Pod Fabiankou<\/span><\/a><\/b><\/div><\/div><\/li>\n            <\/ul>\n        <\/div>\n        \n    <\/div>\n<\/div>\n<div id=\"metaslider-id-7274\" style=\"max-width: 800px; margin: 0 auto;\" class=\"ml-slider-3-109-0 metaslider metaslider-flex metaslider-7274 ml-slider ms-theme-default nav-hidden nav-hidden nav-hidden nav-hidden nav-hidden\" role=\"region\" aria-label=\"N\u00e1rodn\u00e1 pr\u00edrodn\u00e1 rezerv\u00e1cia Zemn\u00e9 hradisko\" data-height=\"250\" data-width=\"800\">\n    <div id=\"metaslider_container_7274\">\n        <div id=\"metaslider_7274\" class=\"flexslider\">\n            <ul class='slides'>\n                <li style=\"display: block; width: 100%;\" class=\"slide-19546 ms-image \" aria-roledescription=\"slide\" data-date=\"2021-01-03 07:18:22\" data-filename=\"zemne-hradisko-800x250.jpeg\" data-slide-type=\"image\"><a href=\"http:\/\/www.slovensky-kras.eu\/info\/kam-do-prirody\/narodna-prirodna-rezervacia-zemne-hradisko\/\" target=\"_self\" aria-label=\"View Slide Details\" class=\"metaslider_image_link\"><img loading=\"lazy\" decoding=\"async\" src=\"https:\/\/www.slovensky-kras.eu\/info\/wp-content\/uploads\/2021\/01\/zemne-hradisko-800x250.jpeg\" height=\"250\" width=\"800\" alt=\"NPR Zemn\u00e9 hradisko\" class=\"slider-7274 slide-19546 msDefaultImage\" title=\"NPR Zemn\u00e9 hradisko\" \/><\/a><div class=\"caption-wrap\"><div class=\"caption\"><b><a href=\"http:\/\/www.slovensky-kras.eu\/info\/kam-do-prirody\/narodna-prirodna-rezervacia-zemne-hradisko\/\"><span style=\"color:#FFFF00;\"> N\u00e1rodn\u00e1 pr\u00edrodn\u00e1 rezerv\u00e1cia Zemn\u00e9 hradisko<\/span><\/a><\/b><\/div><\/div><\/li>\n            <\/ul>\n        <\/div>\n        \n    <\/div>\n<\/div>\n<div id=\"metaslider-id-6239\" style=\"max-width: 800px; margin: 0 auto;\" class=\"ml-slider-3-109-0 metaslider metaslider-flex metaslider-6239 ml-slider ms-theme-default nav-hidden nav-hidden nav-hidden nav-hidden nav-hidden nav-hidden\" role=\"region\" aria-label=\"NPR Kr\u00e1\u013eova stud\u0148a\" data-height=\"250\" data-width=\"800\">\n    <div id=\"metaslider_container_6239\">\n        <div id=\"metaslider_6239\" class=\"flexslider\">\n            <ul class='slides'>\n                <li style=\"display: block; width: 100%;\" class=\"slide-18896 ms-image \" aria-roledescription=\"slide\" data-date=\"2020-12-07 07:40:09\" data-filename=\"kralova-studna-800x250.jpeg\" data-slide-type=\"image\"><a href=\"http:\/\/www.slovensky-kras.eu\/info\/kam-do-prirody\/npr-kralova-studna\/\" target=\"_self\" aria-label=\"View Slide Details\" class=\"metaslider_image_link\"><img loading=\"lazy\" decoding=\"async\" src=\"https:\/\/www.slovensky-kras.eu\/info\/wp-content\/uploads\/2019\/01\/kralova-studna-800x250.jpeg\" height=\"250\" width=\"800\" alt=\"NPR Kr\u00e1\u013eova stud\u0148a\" class=\"slider-6239 slide-18896 msDefaultImage\" title=\"NPR Kr\u00e1\u013eova stud\u0148a\" \/><\/a><div class=\"caption-wrap\"><div class=\"caption\"><b><a href=\"http:\/\/www.slovensky-kras.eu\/info\/kam-do-prirody\/npr-kralova-studna\/\"><span style=\"color:#FFFF00;\">NPR Kr\u00e1\u013eova stud\u0148a<\/span><\/a><\/b><\/div><\/div><\/li>\n            <\/ul>\n        <\/div>\n        \n    <\/div>\n<\/div>\n<div class=\"su-divider su-divider-style-default\" style=\"margin:15px 0;border-width:3px;border-color:#000000\"><\/div>\n","protected":false},"excerpt":{"rendered":"<p>Menu: &nbsp; &nbsp; Podkateg\u00f3ria:<\/p>\n","protected":false},"author":1,"featured_media":0,"parent":13,"menu_order":0,"comment_status":"closed","ping_status":"closed","template":"","meta":{"_uag_custom_page_level_css":"","footnotes":""},"class_list":["post-9029","page","type-page","status-publish","hentry"],"featured_image_src":"","featured_image_src_square":false,"rbea_author_info":{"display_name":"admin","author_link":"https:\/\/www.slovensky-kras.eu\/info\/author\/admin\/"},"rbea_excerpt_info":"Menu: &nbsp; &nbsp; Podkateg\u00f3ria:","uagb_featured_image_src":{"full":false,"thumbnail":false,"medium":false,"medium_large":false,"large":false,"1536x1536":false,"2048x2048":false},"uagb_author_info":{"display_name":"admin","author_link":"https:\/\/www.slovensky-kras.eu\/info\/author\/admin\/"},"uagb_comment_info":0,"uagb_excerpt":"Menu: &nbsp; &nbsp; Podkateg\u00f3ria:","_links":{"self":[{"href":"https:\/\/www.slovensky-kras.eu\/info\/wp-json\/wp\/v2\/pages\/9029","targetHints":{"allow":["GET"]}}],"collection":[{"href":"https:\/\/www.slovensky-kras.eu\/info\/wp-json\/wp\/v2\/pages"}],"about":[{"href":"https:\/\/www.slovensky-kras.eu\/info\/wp-json\/wp\/v2\/types\/page"}],"author":[{"embeddable":true,"href":"https:\/\/www.slovensky-kras.eu\/info\/wp-json\/wp\/v2\/users\/1"}],"replies":[{"embeddable":true,"href":"https:\/\/www.slovensky-kras.eu\/info\/wp-json\/wp\/v2\/comments?post=9029"}],"version-history":[{"count":0,"href":"https:\/\/www.slovensky-kras.eu\/info\/wp-json\/wp\/v2\/pages\/9029\/revisions"}],"up":[{"embeddable":true,"href":"https:\/\/www.slovensky-kras.eu\/info\/wp-json\/wp\/v2\/pages\/13"}],"wp:attachment":[{"href":"https:\/\/www.slovensky-kras.eu\/info\/wp-json\/wp\/v2\/media?parent=9029"}],"curies":[{"name":"wp","href":"https:\/\/api.w.org\/{rel}","templated":true}]}}