{"id":9,"date":"2013-06-22T10:39:35","date_gmt":"2013-06-22T08:39:35","guid":{"rendered":"http:\/\/www.slovensky-kras.eu\/info\/?page_id=9"},"modified":"2018-12-28T11:03:04","modified_gmt":"2018-12-28T10:03:04","slug":"strediska-a-centra","status":"publish","type":"page","link":"https:\/\/www.slovensky-kras.eu\/info\/strediska-a-centra\/","title":{"rendered":"Turistick\u00e9 v\u00fdchodisk\u00e1"},"content":{"rendered":"<p><strong>Menu: <\/strong> <a href=\"http:\/\/www.slovensky-kras.eu\/info\/\" class=\"su-button su-button-style-default\" style=\"color:#000000;background-color:#FFCF2F;border-color:#cca626;border-radius:5px\" target=\"_self\"><span style=\"color:#000000;padding:6px 16px;font-size:13px;line-height:20px;border-color:#ffde6e;border-radius:5px;text-shadow:none\"><i class=\"sui sui-arrow-right\" style=\"font-size:13px;color:#000000\"><\/i>  \u00davod \/ Aktuality <\/span><\/a>\n<a href=\"http:\/\/www.slovensky-kras.eu\/info\/strediska-a-centra\/\" class=\"su-button su-button-style-default\" style=\"color:#000000;background-color:#FFCF2F;border-color:#cca626;border-radius:5px\" target=\"_self\"><span style=\"color:#000000;padding:6px 16px;font-size:13px;line-height:20px;border-color:#ffde6e;border-radius:5px;text-shadow:none\"><i class=\"sui sui-arrow-right\" style=\"font-size:13px;color:#000000\"><\/i>  Turistick\u00e9 v\u00fdchodisk\u00e1 <\/span><\/a>\n&nbsp;<br \/>\n<div class=\"su-divider su-divider-style-default\" style=\"margin:15px 0;border-width:3px;border-color:#000000\"><\/div>\n<strong><span style=\"color: #808000;\">Textov\u00e9 menu<\/span><\/strong><br \/>\n<div class=\"column-group columns-2\"><div class=\"column column-number-1 column-span-1\"><p><strong>Rekrea\u010dn\u00e9 stredisk\u00e1 a oblasti:<\/strong><br \/>\n<a href=\"http:\/\/www.slovensky-kras.eu\/info\/?page_id=97\">Domica<\/a><br \/>\n<a href=\"http:\/\/www.slovensky-kras.eu\/info\/rekreacne-stredisko-gombasek\/\">Gombasek<\/a><br \/>\n<a href=\"http:\/\/www.slovensky-kras.eu\/info\/strediska-a-centra\/turisticka-oblast-soroska-jablonovske-sedlo\/\">Soro\u0161ka-Jablonovsk\u00e9 sedlo<\/a><br \/>\n<a href=\"http:\/\/www.slovensky-kras.eu\/info\/strediska-a-centra\/rekreacna-oblast-sugov\/\">\u0160ugov<\/a><br \/>\n<strong>Mest\u00e1:<\/strong><br \/>\n<a href=\"http:\/\/www.slovensky-kras.eu\/info\/strediska-a-centra\/mesto-medzev\/\">Medzev<\/a><br \/>\n<a href=\"http:\/\/www.slovensky-kras.eu\/info\/strediska-a-centra\/mesto-moldava-nad-bodvou\/\">Moldava nad Bodvou<\/a><br \/>\n<a href=\"http:\/\/www.slovensky-kras.eu\/info\/strediska-a-centra\/mesto-roznava\/\">Ro\u017e\u0148ava<\/a><br \/>\n<strong>Obce:<\/strong><br \/>\n<a href=\"http:\/\/www.slovensky-kras.eu\/info\/strediska-a-centra\/obec-ardovo\/\">Ardovo<\/a><br \/>\n<a title=\"Obec B\u00f4rka\" href=\"http:\/\/www.slovensky-kras.eu\/info\/strediska-a-centra\/obec-borka\/\">B\u00f4rka<\/a><br \/>\n<a href=\"http:\/\/www.slovensky-kras.eu\/info\/strediska-a-centra\/obec-bretka\/\">Bretka<\/a><br \/>\n<a href=\"http:\/\/www.slovensky-kras.eu\/info\/strediska-a-centra\/obec-brzotin\/\">Brzot\u00edn<\/a><br \/>\n<a href=\"http:\/\/www.slovensky-kras.eu\/info\/strediska-a-centra\/obec-dlha-ves\/\">Dlh\u00e1 Ves<\/a><br \/>\n<a href=\"http:\/\/www.slovensky-kras.eu\/info\/strediska-a-centra\/obec-drnava\/\">Drnava<\/a><br \/>\n<a href=\"http:\/\/www.slovensky-kras.eu\/info\/strediska-a-centra\/1017-2\/\">Dvorn\u00edky-V\u010del\u00e1re<\/a><br \/>\n<a href=\"http:\/\/www.slovensky-kras.eu\/info\/strediska-a-centra\/obec-drienovec-drienovecke-kupele\/\">Drienovec-Drienoveck\u00e9 k\u00fapele<\/a><br \/>\n<a href=\"http:\/\/www.slovensky-kras.eu\/info\/strediska-a-centra\/obec-gemerska-horka\/\">Gemersk\u00e1 H\u00f4rka<\/a><br \/>\n<a href=\"http:\/\/www.slovensky-kras.eu\/info\/obec-hacava\/\">Ha\u010dava<\/a><br \/>\n<a href=\"http:\/\/www.slovensky-kras.eu\/info\/strediska-a-centra\/obec-haj\/\">H\u00e1j<\/p>\n<\/div>\n<\/a><div class=\"column column-number-2 last column-span-1\"><p><a href=\"http:\/\/www.slovensky-kras.eu\/info\/strediska-a-centra\/obec-hrhov\/\">Hrhov<\/a><br \/>\n<a href=\"http:\/\/www.slovensky-kras.eu\/info\/strediska-a-centra\/obec-hrusov\/\">Hru\u0161ov<\/a><br \/>\n<a href=\"http:\/\/www.slovensky-kras.eu\/info\/strediska-a-centra\/obec-jablonov-nad-turnou\/\">Jablonov nad Tur\u0148ou<\/a><br \/>\n<a href=\"http:\/\/www.slovensky-kras.eu\/info\/strediska-a-centra\/obec-jasov\/\">Jasov<\/a><br \/>\n<a href=\"http:\/\/www.slovensky-kras.eu\/info\/strediska-a-centra\/obec-jovice\/\">Jovice<\/a><br \/>\n<a href=\"http:\/\/www.slovensky-kras.eu\/info\/strediska-a-centra\/obec-kecovo\/\">Ke\u010dovo<\/a><br \/>\n<a href=\"http:\/\/www.slovensky-kras.eu\/info\/strediska-a-centra\/obec-krasnohorska-dlha-luka\/\">Kr\u00e1snohorsk\u00e1 Dlh\u00e1 L\u00faka<\/a><br \/>\n<a href=\"http:\/\/www.slovensky-kras.eu\/info\/strediska-a-centra\/obec-krasnohorske-podhradie\/\">Kr\u00e1snohorsk\u00e9 Podhradie<\/a><br \/>\n<a href=\"http:\/\/www.slovensky-kras.eu\/info\/strediska-a-centra\/obec-kruzna\/\">Kru\u017en\u00e1<\/a><br \/>\n<a href=\"http:\/\/www.slovensky-kras.eu\/info\/strediska-a-centra\/obec-lucka\/\">L\u00fa\u010dka<\/a><br \/>\n<a href=\"http:\/\/www.slovensky-kras.eu\/info\/strediska-a-centra\/obec-ochtina\/\">Ochtinn\u00e1<\/a><br \/>\n<a href=\"http:\/\/www.slovensky-kras.eu\/info\/strediska-a-centra\/obec-plesivec\/\">Ple\u0161ivec<\/a><br \/>\n<a href=\"http:\/\/www.slovensky-kras.eu\/info\/strediska-a-centra\/obec-rakovnica\/\">Rakovnica<\/a><br \/>\n<a href=\"http:\/\/www.slovensky-kras.eu\/info\/strediska-a-centra\/obec-silica\/\">Silica<\/a><br \/>\n<a href=\"http:\/\/www.slovensky-kras.eu\/info\/strediska-a-centra\/obec-silicka-brezova\/\">Silick\u00e1 Brezov\u00e1<\/a><br \/>\n<a href=\"http:\/\/www.slovensky-kras.eu\/info\/strediska-a-centra\/obec-silicka-jablonica\/\">Silick\u00e1 Jablonica<\/a><br \/>\n<a href=\"http:\/\/www.slovensky-kras.eu\/info\/strediska-a-centra\/obec-slavec\/\">Slavec<\/a><br \/>\n<a href=\"http:\/\/www.slovensky-kras.eu\/info\/strediska-a-centra\/obec-stitnik\/\">\u0160t\u00edtnik<\/a><br \/>\n<a href=\"http:\/\/www.slovensky-kras.eu\/info\/strediska-a-centra\/obec-turna-nad-bodvou\/\">Tur\u0148a nad Bodvou<\/a><br \/>\n<a href=\"http:\/\/www.slovensky-kras.eu\/info\/strediska-a-centra\/obec-zadiel\/\">Z\u00e1diel<\/a><\/p>\n<\/div><\/div>\n<div class=\"su-divider su-divider-style-default\" style=\"margin:15px 0;border-width:3px;border-color:#000000\"><\/div>\n<h4>Turistick\u00e9 mest\u00e1<\/h4>\n<ul>\n<li><a href=\"http:\/\/www.slovensky-kras.eu\/info\/strediska-a-centra\/mesto-medzev\/\">01 \/ Mesto Medzev (\u010d\u00edtaj viac&#8230;)<\/a><\/li>\n<\/ul>\n<ul>\n<li><a href=\"http:\/\/www.slovensky-kras.eu\/info\/strediska-a-centra\/mesto-moldava-nad-bodvou\/\">02 \/ Mesto Moldava nad Bodvou (\u010d\u00edtaj viac&#8230;)<\/a><\/li>\n<\/ul>\n<ul>\n<li><a href=\"http:\/\/www.slovensky-kras.eu\/info\/strediska-a-centra\/mesto-roznava\/\">03 \/ Mesto Ro\u017e\u0148ava (\u010d\u00edtaj viac&#8230;)<\/a><\/li>\n<\/ul>\n<h4>Rekrea\u010dn\u00e9 stredisk\u00e1 a oblasti<\/h4>\n<ul>\n<li><a href=\"http:\/\/www.slovensky-kras.eu\/info\/strediska-a-centra\/mesto-roznava\/\">04 \/ Rekrea\u010dn\u00e9 stredisko Domica (\u010d\u00edtaj viac&#8230;)<\/a><\/li>\n<\/ul>\n<ul>\n<li><a href=\"http:\/\/www.slovensky-kras.eu\/info\/strediska-a-centra\/rekreacne-stredisko-gombasek\/\">05 \/ Rekrea\u010dn\u00e9 stredisko Gombasek (\u010d\u00edtaj viac&#8230;)<\/a><\/li>\n<\/ul>\n<ul>\n<li><a href=\"http:\/\/www.slovensky-kras.eu\/info\/strediska-a-centra\/turisticka-oblast-soroska-jablonovske-sedlo\/\">06 \/ Jablonovsk\u00e9 sedlo &#8211; Soro\u0161ka (\u010d\u00edtaj viac&#8230;)<\/a><\/li>\n<\/ul>\n<ul>\n<li><a href=\"http:\/\/www.slovensky-kras.eu\/info\/strediska-a-centra\/rekreacna-oblast-sugov\/\">07 \/ Rekrea\u010dn\u00e1 oblas\u0165 \u0160ugov (\u010d\u00edtaj viac&#8230;)<\/a><\/li>\n<\/ul>\n<h4>Turistick\u00e9 obce<\/h4>\n<ul>\n<li><a href=\"http:\/\/www.slovensky-kras.eu\/info\/strediska-a-centra\/obec-ardovo\/\">08 \/ Obec Ardovo (\u010d\u00edtaj viac&#8230;)<\/a><\/li>\n<\/ul>\n<ul>\n<li><a href=\"http:\/\/www.slovensky-kras.eu\/info\/strediska-a-centra\/obec-borka\/\">09 \/ Obec B\u00f4rka (\u010d\u00edtaj viac&#8230;)<\/a><\/li>\n<\/ul>\n<ul>\n<li><a href=\"http:\/\/www.slovensky-kras.eu\/info\/strediska-a-centra\/obec-brzotin\/\">10 \/ Obec Brzot\u00edn (\u010d\u00edtaj viac&#8230;)<\/a><\/li>\n<\/ul>\n<ul>\n<li><a href=\"http:\/\/www.slovensky-kras.eu\/info\/strediska-a-centra\/obec-bretka\/\">11 \/ Obec Bretka (\u010d\u00edtaj viac&#8230;)<\/a><\/li>\n<\/ul>\n<ul>\n<li><a href=\"http:\/\/www.slovensky-kras.eu\/info\/strediska-a-centra\/obec-dlha-ves\/\">12 \/ Obec Dlh\u00e1 Ves (\u010d\u00edtaj viac&#8230;)<\/a><\/li>\n<\/ul>\n<ul>\n<li><a href=\"http:\/\/www.slovensky-kras.eu\/info\/strediska-a-centra\/obec-drnava\/\">13 \/ Obec Drnava (\u010d\u00edtaj viac&#8230;)<\/a><\/li>\n<\/ul>\n<ul>\n<li><a href=\"http:\/\/www.slovensky-kras.eu\/info\/strediska-a-centra\/1017-2\/\">14 \/ Obec Dvorn\u00edky (\u010d\u00edtaj viac&#8230;)<\/a><\/li>\n<\/ul>\n<ul>\n<li><a href=\"http:\/\/www.slovensky-kras.eu\/info\/strediska-a-centra\/obec-drienovec-drienovecke-kupele\/\">15 \/ Obec Drienovec &#8211; Drienoveck\u00e9 k\u00fapele (\u010d\u00edtaj viac&#8230;)<\/a><\/li>\n<\/ul>\n<ul>\n<li><a href=\"http:\/\/www.slovensky-kras.eu\/info\/strediska-a-centra\/obec-gemerska-horka\/\">16 \/ Obec Gemersk\u00e1 H\u00f4rka (\u010d\u00edtaj viac&#8230;)<\/a><\/li>\n<\/ul>\n<ul>\n<li><a href=\"http:\/\/www.slovensky-kras.eu\/info\/strediska-a-centra\/obec-hacava\/\">17 \/ Obec Ha\u010dava (\u010d\u00edtaj viac&#8230;)<\/a><\/li>\n<\/ul>\n<ul>\n<li><a href=\"http:\/\/www.slovensky-kras.eu\/info\/strediska-a-centra\/obec-haj\/\">18 \/ Obec H\u00e1j (\u010d\u00edtaj viac&#8230;)<\/a><\/li>\n<\/ul>\n<ul>\n<li><a href=\"http:\/\/www.slovensky-kras.eu\/info\/strediska-a-centra\/obec-hrhov\/\">19 \/ Obec Hrhov (\u010d\u00edtaj viac&#8230;)<\/a><\/li>\n<\/ul>\n<ul>\n<li><a href=\"http:\/\/www.slovensky-kras.eu\/info\/strediska-a-centra\/obec-hrusov\/\">20 \/ Obec Hru\u0161ov (\u010d\u00edtaj viac&#8230;)<\/a><\/li>\n<\/ul>\n<ul>\n<li><a href=\"http:\/\/www.slovensky-kras.eu\/info\/strediska-a-centra\/obec-jablonov-nad-turnou\/\">21 \/ Obec Jablonov nad Tur\u0148ou (\u010d\u00edtaj viac&#8230;)<\/a><\/li>\n<\/ul>\n<ul>\n<li><a href=\"http:\/\/www.slovensky-kras.eu\/info\/strediska-a-centra\/obec-jasov\/\">22 \/ Obec Jasov (\u010d\u00edtaj viac&#8230;)<\/a><\/li>\n<\/ul>\n<ul>\n<li><a href=\"http:\/\/www.slovensky-kras.eu\/info\/strediska-a-centra\/obec-jovice\/\">23 \/ Obec Jovice (\u010d\u00edtaj viac&#8230;)<\/a><\/li>\n<\/ul>\n<ul>\n<li><a href=\"http:\/\/www.slovensky-kras.eu\/info\/strediska-a-centra\/obec-kecovo\/\">24 \/ Obec Ke\u010dovo (\u010d\u00edtaj viac&#8230;)<\/a><\/li>\n<\/ul>\n<ul>\n<li><a href=\"http:\/\/www.slovensky-kras.eu\/info\/strediska-a-centra\/obec-krasnohorska-dlha-luka\/\">25 \/ Obec Kr\u00e1snohorsk\u00e1 Dlh\u00e1 L\u00faka (\u010d\u00edtaj viac&#8230;)<\/a><\/li>\n<\/ul>\n<ul>\n<li><a href=\"http:\/\/www.slovensky-kras.eu\/info\/strediska-a-centra\/obec-krasnohorske-podhradie\/\">26 \/ Obec Kr\u00e1snohorsk\u00e9 Podhradie (\u010d\u00edtaj viac&#8230;)<\/a><\/li>\n<\/ul>\n<ul>\n<li><a href=\"http:\/\/www.slovensky-kras.eu\/info\/strediska-a-centra\/obec-kruzna\/\">27 \/ Obec Kru\u017en\u00e1 (\u010d\u00edtaj viac&#8230;)<\/a><\/li>\n<\/ul>\n<ul>\n<li><a href=\"http:\/\/www.slovensky-kras.eu\/info\/strediska-a-centra\/obec-lucka\/\">28 \/ Obec L\u00fa\u010dka (\u010d\u00edtaj viac&#8230;)<\/a><\/li>\n<\/ul>\n<ul>\n<li><a href=\"http:\/\/www.slovensky-kras.eu\/info\/strediska-a-centra\/obec-ochtina\/\">29 \/ Obec Ochtin\u00e1 (\u010d\u00edtaj viac&#8230;)<\/a><\/li>\n<\/ul>\n<ul>\n<li><a href=\"http:\/\/www.slovensky-kras.eu\/info\/strediska-a-centra\/obec-plesivec\/\">30 \/ Obec Ple\u0161ivec (\u010d\u00edtaj viac&#8230;)<\/a><\/li>\n<\/ul>\n<ul>\n<li><a href=\"http:\/\/www.slovensky-kras.eu\/info\/strediska-a-centra\/obec-rakovnica\/\">31 \/ Obec Rakovnica (\u010d\u00edtaj viac&#8230;)<\/a><\/li>\n<\/ul>\n<ul>\n<li><a href=\"http:\/\/www.slovensky-kras.eu\/info\/strediska-a-centra\/obec-turna-nad-bodvou\/\">32 \/ Obec Tur\u0148a nad Bodvou (\u010d\u00edtaj viac&#8230;)<\/a><\/li>\n<\/ul>\n<ul>\n<li><a href=\"http:\/\/www.slovensky-kras.eu\/info\/strediska-a-centra\/obec-silica\/\">33 \/ Obec Silica (\u010d\u00edtaj viac&#8230;)<\/a><\/li>\n<\/ul>\n<ul>\n<li><a href=\"http:\/\/www.slovensky-kras.eu\/info\/strediska-a-centra\/obec-silicka-brezova\/\">34 \/ Obec Silick\u00e1 Brezov\u00e1 (\u010d\u00edtaj viac&#8230;)<\/a><\/li>\n<\/ul>\n<ul>\n<li><a href=\"http:\/\/www.slovensky-kras.eu\/info\/strediska-a-centra\/obec-silicka-jablonica\/\">35 \/ Obec Silick\u00e1 Jablonica (\u010d\u00edtaj viac&#8230;)<\/a><\/li>\n<\/ul>\n<ul>\n<li><a href=\"http:\/\/www.slovensky-kras.eu\/info\/strediska-a-centra\/obec-slavec\/\">36 \/ Obec Slavec (\u010d\u00edtaj viac&#8230;)<\/a><\/li>\n<\/ul>\n<ul>\n<li><a href=\"http:\/\/www.slovensky-kras.eu\/info\/strediska-a-centra\/obec-stitnik\/\">37 \/ Obec \u0160t\u00edtnik (\u010d\u00edtaj viac&#8230;)<\/a><\/li>\n<\/ul>\n<ul>\n<li><a href=\"http:\/\/www.slovensky-kras.eu\/info\/strediska-a-centra\/obec-zadiel\/\">38 \/ Obec Z\u00e1diel (\u010d\u00edtaj viac&#8230;)<\/a><\/li>\n<\/ul>\n","protected":false},"excerpt":{"rendered":"<p>Menu: &nbsp; Textov\u00e9 menu Turistick\u00e9 mest\u00e1 01 \/ Mesto Medzev (\u010d\u00edtaj viac&#8230;) 02 \/ Mesto Moldava nad Bodvou (\u010d\u00edtaj viac&#8230;) 03 \/ Mesto Ro\u017e\u0148ava (\u010d\u00edtaj viac&#8230;) Rekrea\u010dn\u00e9 stredisk\u00e1 a oblasti [&hellip;]<\/p>\n","protected":false},"author":1,"featured_media":0,"parent":0,"menu_order":2,"comment_status":"closed","ping_status":"open","template":"","meta":{"_uag_custom_page_level_css":"","footnotes":""},"class_list":["post-9","page","type-page","status-publish","hentry"],"featured_image_src":"","featured_image_src_square":false,"rbea_author_info":{"display_name":"admin","author_link":"https:\/\/www.slovensky-kras.eu\/info\/author\/admin\/"},"rbea_excerpt_info":"Menu: &nbsp; Textov\u00e9 menu Turistick\u00e9 mest\u00e1 01 \/ Mesto Medzev (\u010d\u00edtaj viac&#8230;) 02 \/ Mesto Moldava nad Bodvou (\u010d\u00edtaj viac&#8230;) 03 \/ Mesto Ro\u017e\u0148ava (\u010d\u00edtaj viac&#8230;) Rekrea\u010dn\u00e9 stredisk\u00e1 a oblasti [&hellip;]","uagb_featured_image_src":{"full":false,"thumbnail":false,"medium":false,"medium_large":false,"large":false,"1536x1536":false,"2048x2048":false},"uagb_author_info":{"display_name":"admin","author_link":"https:\/\/www.slovensky-kras.eu\/info\/author\/admin\/"},"uagb_comment_info":0,"uagb_excerpt":"Menu: &nbsp; Textov\u00e9 menu Turistick\u00e9 mest\u00e1 01 \/ Mesto Medzev (\u010d\u00edtaj viac&#8230;) 02 \/ Mesto Moldava nad Bodvou (\u010d\u00edtaj viac&#8230;) 03 \/ Mesto Ro\u017e\u0148ava (\u010d\u00edtaj viac&#8230;) Rekrea\u010dn\u00e9 stredisk\u00e1 a oblasti [&hellip;]","_links":{"self":[{"href":"https:\/\/www.slovensky-kras.eu\/info\/wp-json\/wp\/v2\/pages\/9","targetHints":{"allow":["GET"]}}],"collection":[{"href":"https:\/\/www.slovensky-kras.eu\/info\/wp-json\/wp\/v2\/pages"}],"about":[{"href":"https:\/\/www.slovensky-kras.eu\/info\/wp-json\/wp\/v2\/types\/page"}],"author":[{"embeddable":true,"href":"https:\/\/www.slovensky-kras.eu\/info\/wp-json\/wp\/v2\/users\/1"}],"replies":[{"embeddable":true,"href":"https:\/\/www.slovensky-kras.eu\/info\/wp-json\/wp\/v2\/comments?post=9"}],"version-history":[{"count":0,"href":"https:\/\/www.slovensky-kras.eu\/info\/wp-json\/wp\/v2\/pages\/9\/revisions"}],"wp:attachment":[{"href":"https:\/\/www.slovensky-kras.eu\/info\/wp-json\/wp\/v2\/media?parent=9"}],"curies":[{"name":"wp","href":"https:\/\/api.w.org\/{rel}","templated":true}]}}