{"id":815,"date":"2013-07-07T10:00:00","date_gmt":"2013-07-07T08:00:00","guid":{"rendered":"http:\/\/www.slovensky-kras.eu\/info\/?page_id=815"},"modified":"2025-11-30T08:02:10","modified_gmt":"2025-11-30T07:02:10","slug":"naucny-chodnik-domica","status":"publish","type":"page","link":"https:\/\/www.slovensky-kras.eu\/info\/aktivity-a-sport\/naucny-chodnik-domica\/","title":{"rendered":"N\u00e1u\u010dn\u00fd chodn\u00edk Domica"},"content":{"rendered":"<p><strong>Menu: <\/strong><a href=\"http:\/\/www.slovensky-kras.eu\/info\/\" class=\"su-button su-button-style-default\" style=\"color:#000000;background-color:#FFCF2F;border-color:#cca626;border-radius:5px\" target=\"_self\"><span style=\"color:#000000;padding:6px 16px;font-size:13px;line-height:20px;border-color:#ffde6e;border-radius:5px;text-shadow:none\"><i class=\"sui sui-arrow-right\" style=\"font-size:13px;color:#000000\"><\/i>  \u00davod \/ Aktuality <\/span><\/a>\n<a href=\"http:\/\/www.slovensky-kras.eu\/info\/aktivity-a-sport\/\" class=\"su-button su-button-style-default\" style=\"color:#000000;background-color:#FFCF2F;border-color:#cca626;border-radius:5px\" target=\"_self\"><span style=\"color:#000000;padding:6px 16px;font-size:13px;line-height:20px;border-color:#ffde6e;border-radius:5px;text-shadow:none\"><i class=\"sui sui-arrow-right\" style=\"font-size:13px;color:#000000\"><\/i>  Aktivity a \u0161port <\/span><\/a>\n<div class=\"su-divider su-divider-style-default\" style=\"margin:15px 0;border-width:3px;border-color:#000000\"><\/div>\n<strong>N\u00e1u\u010dn\u00e9 chodn\u00edky<\/strong><br \/>\n<div class=\"su-divider su-divider-style-default\" style=\"margin:15px 0;border-width:3px;border-color:#000000\"><\/div>\n<figure id=\"attachment_21345\" aria-describedby=\"caption-attachment-21345\" style=\"width: 900px\" class=\"wp-caption aligncenter\"><a href=\"https:\/\/www.slovensky-kras.eu\/info\/wp-content\/uploads\/2021\/12\/domica-naucny-chodnik.jpg\"><img loading=\"lazy\" decoding=\"async\" class=\"wp-image-21345\" src=\"https:\/\/www.slovensky-kras.eu\/info\/wp-content\/uploads\/2021\/12\/domica-naucny-chodnik.jpg\" alt=\"N\u00e1u\u010dn\u00fd chodn\u00edk Domica\" width=\"900\" height=\"600\" srcset=\"https:\/\/www.slovensky-kras.eu\/info\/wp-content\/uploads\/2021\/12\/domica-naucny-chodnik.jpg 800w, https:\/\/www.slovensky-kras.eu\/info\/wp-content\/uploads\/2021\/12\/domica-naucny-chodnik-768x512.jpg 768w\" sizes=\"auto, (max-width: 900px) 100vw, 900px\" \/><\/a><figcaption id=\"caption-attachment-21345\" class=\"wp-caption-text\">N\u00e1u\u010dn\u00fd chodn\u00edk Domica<\/figcaption><\/figure>\n<div class=\"su-divider su-divider-style-default\" style=\"margin:15px 0;border-width:3px;border-color:#000000\"><\/div>\n<p dir=\"auto\"><strong>N\u00e1u\u010dn\u00fd chodn\u00edk Domica<\/strong> je pr\u00edrodovedn\u00fd a ochran\u00e1rsky okru\u017en\u00fd chodn\u00edk, ktor\u00fd za\u010d\u00edna a kon\u010d\u00ed pri vstupnom are\u00e1li <strong>jaskyne Domica<\/strong> v <strong>N\u00e1rodnom parku Slovensk\u00fd kras<\/strong>. Ide o jednu z najkraj\u0161\u00edch a najpou\u010dnej\u0161\u00edch kr\u00e1tkych tr\u00e1s na Slovensku \u2013 spozn\u00e1te tu unik\u00e1tne <strong>krasov\u00e9 javy<\/strong>, <strong>archeologick\u00e9 poklady<\/strong>, bohatstvo <strong>netopierov<\/strong> aj vz\u00e1cnu fl\u00f3ru a faunu v srdci <strong>Slovensk\u00e9ho krasu<\/strong>.<\/p>\n<h2 dir=\"auto\"><span style=\"color: #800000;\">Ak\u00fa m\u00e1 <strong>N\u00e1u\u010dn\u00fd chodn\u00edk Domica<\/strong> d\u013a\u017eku, prev\u00fd\u0161enie a ako dlho trv\u00e1 prechod?<\/span><\/h2>\n<p dir=\"auto\">D\u013a\u017eka chodn\u00edka je pribli\u017ene <strong>3 km<\/strong>, prev\u00fd\u0161enie okolo <strong>130 metrov<\/strong> a prechod trv\u00e1 asi <strong>45 min\u00fat<\/strong>. Trasa je nen\u00e1ro\u010dn\u00e1 a\u017e stredne n\u00e1ro\u010dn\u00e1, vhodn\u00e1 pre rodiny s de\u0165mi, seniorov, \u0161kolsk\u00e9 v\u00fdlety aj n\u00e1ro\u010dnej\u0161ie skupiny turistov.<\/p>\n<h2 dir=\"auto\"><span style=\"color: #800000;\">Kde presne <strong>N\u00e1u\u010dn\u00fd chodn\u00edk Domica<\/strong> za\u010d\u00edna a kon\u010d\u00ed?<\/span><\/h2>\n<p dir=\"auto\"><strong>N\u00e1u\u010dn\u00fd chodn\u00edk Domica<\/strong> sa za\u010d\u00edna aj kon\u010d\u00ed pri vstupnom are\u00e1li <strong>jaskyne Domica<\/strong>, pri pam\u00e4tnej tabuli <strong>N\u00e1rodn\u00e9ho parku Slovensk\u00fd kras<\/strong> v stredisku Domica. <strong>V\u00fdchodiskov\u00fd bod<\/strong>: Hrani\u010dn\u00fd priechod <strong>Domica\u2013Aggtelek<\/strong>, zast\u00e1vka SAD, parkovisko, okres Ro\u017e\u0148ava. <strong>Cie\u013eov\u00fd bod<\/strong>: <strong>Domica<\/strong>, zast\u00e1vka SAD, parkovisko, okres Ro\u017e\u0148ava.<\/p>\n<h2 dir=\"auto\"><span style=\"color: #800000;\">Ak\u00e1 je n\u00e1ro\u010dnos\u0165 a charakter trasy <strong>N\u00e1u\u010dn\u00e9ho chodn\u00edka Domica<\/strong>?<\/span><\/h2>\n<p dir=\"auto\">Trasa je n\u00e1ro\u010dnej\u0161ia iba v \u00favodnej \u010dasti, kde st\u00fapa pod k\u00f3tu <strong>\u010certova diera<\/strong> (465 m n. m.). Potom pokra\u010duje mierne zvlnenou krajinou, vedie cez ju\u017en\u00fd svah <strong>Silickej planiny<\/strong> a pon\u00faka pestr\u00e9 pr\u00edrodn\u00e9 scen\u00e9rie \u2013 od skalnat\u00fdch \u00fatvarov a\u017e po pr\u00edjemn\u00e9 lesn\u00e9 cesty. V z\u00e1vere sa vracia sp\u00e4\u0165 k <strong>jaskyni Domica<\/strong>.<\/p>\n<h2 dir=\"auto\"><span style=\"color: #800000;\">Ak\u00fdmi chr\u00e1nen\u00fdmi \u00fazemiami prech\u00e1dza <strong>N\u00e1u\u010dn\u00fd chodn\u00edk Domica<\/strong>?<\/span><\/h2>\n<p dir=\"auto\">Chodn\u00edk prech\u00e1dza cez \u00fazemie <strong>N\u00e1rodn\u00e9ho parku Slovensk\u00fd kras<\/strong>, n\u00e1rodn\u00fa pr\u00edrodn\u00fa rezerv\u00e1ciu <strong>Domick\u00e9 \u0161krapy<\/strong> (24,44 ha) a n\u00e1rodn\u00fa pr\u00edrodn\u00fa pamiatku <strong>Domica<\/strong>. K najv\u00e4\u010d\u0161\u00edm zauj\u00edmavostiam patria <strong>\u0161krapy<\/strong>, <strong>krasov\u00e9 jamy<\/strong>, <strong>priepasti<\/strong>, <strong>jaskyne<\/strong>, jedine\u010dn\u00e9 jaskynn\u00e9 v\u00fdplne a podzemn\u00e9 vody.<\/p>\n<h2 dir=\"auto\"><span style=\"color: #800000;\">\u010co v\u0161etko sa dozviete na piatich zast\u00e1vkach <strong>N\u00e1u\u010dn\u00e9ho chodn\u00edka Domica<\/strong>?<\/span><\/h2>\n<p dir=\"auto\"><strong>Na trase je 5 zast\u00e1vok s informa\u010dn\u00fdmi panelmi, ktor\u00e9 poskytuj\u00fa podrobn\u00e9 inform\u00e1cie o:<\/strong><\/p>\n<ul dir=\"auto\">\n<li><strong>N\u00e1rodnom parku Slovensk\u00fd kras<\/strong><\/li>\n<li>samotnom <strong>n\u00e1u\u010dnom chodn\u00edku<\/strong><\/li>\n<li><strong>faune<\/strong> (vr\u00e1tane bohatstva druhov <strong>netopierov<\/strong>)<\/li>\n<li><strong>geol\u00f3gii<\/strong>, <strong>geomorfol\u00f3gii<\/strong> a <strong>krasov\u00fdch javoch<\/strong><\/li>\n<li><strong>fl\u00f3re<\/strong> a ochrane pr\u00edrody<\/li>\n<li><strong>archeologick\u00fdch n\u00e1lezoch<\/strong> spojen\u00fdch s <strong>jasky\u0148ou Domica<\/strong><\/li>\n<\/ul>\n<p dir=\"auto\">Vstup a orient\u00e1cia s\u00fa jednoduch\u00e9 v\u010faka jasn\u00fdm informa\u010dn\u00fdm panelom pri ka\u017edej zast\u00e1vke.<\/p>\n<h2 dir=\"auto\"><span style=\"color: #800000;\">Ako je <strong>N\u00e1u\u010dn\u00fd chodn\u00edk Domica<\/strong> zna\u010den\u00fd v ter\u00e9ne?<\/span><\/h2>\n<p dir=\"auto\"><strong>N\u00e1u\u010dn\u00fd chodn\u00edk Domica<\/strong> je v ter\u00e9ne aj na tabuliach ozna\u010den\u00fd prie\u010dnym <strong>zelen\u00fdm p\u00e1som v bielom \u0161tvorcovom poli<\/strong> a tvor\u00ed uzavret\u00fd okruh \u2013 nemo\u017eno zabl\u00fadi\u0165.<\/p>\n<h2 dir=\"auto\"><span style=\"color: #800000;\">Pre koho je <strong>N\u00e1u\u010dn\u00fd chodn\u00edk Domica<\/strong> ide\u00e1lny?<\/span><\/h2>\n<p dir=\"auto\">Chodn\u00edk je v\u00fdznamn\u00fd pre v\u0161etk\u00fdch <strong>turistov<\/strong>, <strong>\u0161kolsk\u00e9 skupiny<\/strong>, rodiny aj z\u00e1ujemcov o pr\u00edrodu, <strong>archeol\u00f3giu<\/strong> a kult\u00farne bohatstvo <strong>Slovensk\u00e9ho krasu<\/strong>. Spolu s expoz\u00edciou archeologick\u00fdch a pr\u00edrodovedn\u00fdch expon\u00e1tov v are\u00e1li <strong>jaskyne Domica<\/strong> tvor\u00ed komplexn\u00e9 vzdel\u00e1vacie centrum, ktor\u00e9 nadchne mal\u00fdch aj ve\u013ek\u00fdch n\u00e1v\u0161tevn\u00edkov.<\/p>\n<h3><span style=\"color: #808000;\">Bl\u00edzke stredisko, turistick\u00e9 centrum, obec alebo mesto:<\/span><\/h3>\n<ul>\n<li><a href=\"http:\/\/www.slovensky-kras.eu\/info\/strediska-a-centra\/domica\/\">Rekrea\u010dn\u00e9 stredisko Domica (\u010d\u00edtaj viac&#8230;)<\/a><\/li>\n<\/ul>\n<h2><span style=\"color: #800000;\">Mapy<\/span><\/h2>\n<p><strong>Vrstvy: <\/strong>Turistick\u00e1 mapa, Automapa, Cyklomapa, Ly\u017eiarska mapa, Satelitn\u00e1 mapa a OpenStreetMap.<\/p>\n<p><strong>Kliknut\u00edm na logo &#8222;Freemap.sk&#8220; sa V\u00e1m mapa zobraz\u00ed na celej ploche obrazovky.<\/strong><\/p>\n<p><iframe style=\"width: 900px; height: 600px; border: 0;\" src=\"https:\/\/www.freemap.sk\/?map=15\/48.477601\/20.468709&amp;info-point=48.477601\/20.468709,Stredisko Domica&amp;layers=T&amp;embed=search\" allowfullscreen=\"allowfullscreen\"><\/iframe><\/p>\n<h2><span style=\"color: #800000;\">Po\u010dasie<\/span><\/h2>\n<p><iframe style=\"width: 900px; height: 607px;\" src=\"https:\/\/www.meteoblue.com\/sk\/po%C4%8Dasie\/widget\/three\/dlh%c3%a1-ves_slovensk%c3%a1-republika_724904?geoloc=fixed&amp;nocurrent=0&amp;noforecast=0&amp;days=6&amp;tempunit=CELSIUS&amp;windunit=KILOMETER_PER_HOUR&amp;layout=image\" frameborder=\"0\" scrolling=\"NO\" sandbox=\"allow-same-origin allow-scripts allow-popups allow-popups-to-escape-sandbox\"><span data-mce-type=\"bookmark\" style=\"display: inline-block; width: 0px; overflow: hidden; line-height: 0;\" class=\"mce_SELRES_start\">\ufeff<\/span><span data-mce-type=\"bookmark\" style=\"display: inline-block; width: 0px; overflow: hidden; line-height: 0;\" class=\"mce_SELRES_start\">\ufeff<\/span><\/iframe><\/p>\n<div><!-- DO NOT REMOVE THIS LINK --><a href=\"https:\/\/www.meteoblue.com\/sk\/po%C4%8Dasie\/predpove%C4%8F\/t%C3%BD%C5%BEde%C5%88\/dlh%c3%a1-ves_slovensk%c3%a1-republika_724904?utm_source=weather_widget&amp;utm_medium=linkus&amp;utm_content=three&amp;utm_campaign=Weather%2BWidget\" target=\"_blank\" rel=\"noopener noreferrer\">meteoblue<\/a><\/div>\n<p><strong>Zdroj inform\u00e1ci\u00ed :<\/strong> <a href=\"http:\/\/www.sopsr.sk\/slovkras\/\" target=\"_blank\" rel=\"noopener noreferrer\">NP Slovensk\u00fd kras<\/a><\/p>\n","protected":false},"excerpt":{"rendered":"<p>Menu: N\u00e1u\u010dn\u00e9 chodn\u00edky N\u00e1u\u010dn\u00fd chodn\u00edk Domica je pr\u00edrodovedn\u00fd a ochran\u00e1rsky okru\u017en\u00fd chodn\u00edk, ktor\u00fd za\u010d\u00edna a kon\u010d\u00ed pri vstupnom are\u00e1li jaskyne Domica v N\u00e1rodnom parku Slovensk\u00fd kras. Ide o jednu z [&hellip;]<\/p>\n","protected":false},"author":1,"featured_media":21345,"parent":11,"menu_order":0,"comment_status":"closed","ping_status":"open","template":"","meta":{"_uag_custom_page_level_css":"","footnotes":""},"class_list":["post-815","page","type-page","status-publish","has-post-thumbnail","hentry"],"featured_image_src":"https:\/\/www.slovensky-kras.eu\/info\/wp-content\/uploads\/2021\/12\/domica-naucny-chodnik.jpg","featured_image_src_square":"https:\/\/www.slovensky-kras.eu\/info\/wp-content\/uploads\/2021\/12\/domica-naucny-chodnik.jpg","rbea_author_info":{"display_name":"admin","author_link":"https:\/\/www.slovensky-kras.eu\/info\/author\/admin\/"},"rbea_excerpt_info":"Menu: N\u00e1u\u010dn\u00e9 chodn\u00edky N\u00e1u\u010dn\u00fd chodn\u00edk Domica je pr\u00edrodovedn\u00fd a ochran\u00e1rsky okru\u017en\u00fd chodn\u00edk, ktor\u00fd za\u010d\u00edna a kon\u010d\u00ed pri vstupnom are\u00e1li jaskyne Domica v N\u00e1rodnom parku Slovensk\u00fd kras. Ide o jednu z [&hellip;]","uagb_featured_image_src":{"full":["https:\/\/www.slovensky-kras.eu\/info\/wp-content\/uploads\/2021\/12\/domica-naucny-chodnik.jpg",800,533,false],"thumbnail":["https:\/\/www.slovensky-kras.eu\/info\/wp-content\/uploads\/2021\/12\/domica-naucny-chodnik-150x150.jpg",150,150,true],"medium":["https:\/\/www.slovensky-kras.eu\/info\/wp-content\/uploads\/2021\/12\/domica-naucny-chodnik.jpg",800,533,false],"medium_large":["https:\/\/www.slovensky-kras.eu\/info\/wp-content\/uploads\/2021\/12\/domica-naucny-chodnik-768x512.jpg",768,512,true],"large":["https:\/\/www.slovensky-kras.eu\/info\/wp-content\/uploads\/2021\/12\/domica-naucny-chodnik.jpg",800,533,false],"1536x1536":["https:\/\/www.slovensky-kras.eu\/info\/wp-content\/uploads\/2021\/12\/domica-naucny-chodnik.jpg",800,533,false],"2048x2048":["https:\/\/www.slovensky-kras.eu\/info\/wp-content\/uploads\/2021\/12\/domica-naucny-chodnik.jpg",800,533,false]},"uagb_author_info":{"display_name":"admin","author_link":"https:\/\/www.slovensky-kras.eu\/info\/author\/admin\/"},"uagb_comment_info":0,"uagb_excerpt":"Menu: N\u00e1u\u010dn\u00e9 chodn\u00edky N\u00e1u\u010dn\u00fd chodn\u00edk Domica je pr\u00edrodovedn\u00fd a ochran\u00e1rsky okru\u017en\u00fd chodn\u00edk, ktor\u00fd za\u010d\u00edna a kon\u010d\u00ed pri vstupnom are\u00e1li jaskyne Domica v N\u00e1rodnom parku Slovensk\u00fd kras. Ide o jednu z [&hellip;]","_links":{"self":[{"href":"https:\/\/www.slovensky-kras.eu\/info\/wp-json\/wp\/v2\/pages\/815","targetHints":{"allow":["GET"]}}],"collection":[{"href":"https:\/\/www.slovensky-kras.eu\/info\/wp-json\/wp\/v2\/pages"}],"about":[{"href":"https:\/\/www.slovensky-kras.eu\/info\/wp-json\/wp\/v2\/types\/page"}],"author":[{"embeddable":true,"href":"https:\/\/www.slovensky-kras.eu\/info\/wp-json\/wp\/v2\/users\/1"}],"replies":[{"embeddable":true,"href":"https:\/\/www.slovensky-kras.eu\/info\/wp-json\/wp\/v2\/comments?post=815"}],"version-history":[{"count":4,"href":"https:\/\/www.slovensky-kras.eu\/info\/wp-json\/wp\/v2\/pages\/815\/revisions"}],"predecessor-version":[{"id":29085,"href":"https:\/\/www.slovensky-kras.eu\/info\/wp-json\/wp\/v2\/pages\/815\/revisions\/29085"}],"up":[{"embeddable":true,"href":"https:\/\/www.slovensky-kras.eu\/info\/wp-json\/wp\/v2\/pages\/11"}],"wp:featuredmedia":[{"embeddable":true,"href":"https:\/\/www.slovensky-kras.eu\/info\/wp-json\/wp\/v2\/media\/21345"}],"wp:attachment":[{"href":"https:\/\/www.slovensky-kras.eu\/info\/wp-json\/wp\/v2\/media?parent=815"}],"curies":[{"name":"wp","href":"https:\/\/api.w.org\/{rel}","templated":true}]}}