{"id":7771,"date":"2016-02-12T09:59:38","date_gmt":"2016-02-12T08:59:38","guid":{"rendered":"http:\/\/www.slovensky-kras.eu\/info\/?page_id=7771"},"modified":"2025-11-26T08:29:40","modified_gmt":"2025-11-26T07:29:40","slug":"expozicia-vinohradnictva-na-turnianskej-vinnej-ceste","status":"publish","type":"page","link":"https:\/\/www.slovensky-kras.eu\/info\/muzea-kutlura-a-umenie\/expozicia-vinohradnictva-na-turnianskej-vinnej-ceste\/","title":{"rendered":"Expoz\u00edcia vinohradn\u00edctva na Turnianskej v\u00ednnej ceste v Gran\u00e1riu"},"content":{"rendered":"<p><strong>Menu: <\/strong><a href=\"http:\/\/www.slovensky-kras.eu\/info\/\" class=\"su-button su-button-style-default\" style=\"color:#000000;background-color:#FFCF2F;border-color:#cca626;border-radius:5px\" target=\"_self\"><span style=\"color:#000000;padding:6px 16px;font-size:13px;line-height:20px;border-color:#ffde6e;border-radius:5px;text-shadow:none\"><i class=\"sui sui-arrow-right\" style=\"font-size:13px;color:#000000\"><\/i>  \u00davod \/ Aktuality <\/span><\/a>\n<a href=\"http:\/\/www.slovensky-kras.eu\/info\/muzea-kutlura-a-umenie\/\" class=\"su-button su-button-style-default\" style=\"color:#000000;background-color:#FFCF2F;border-color:#cca626;border-radius:5px\" target=\"_self\"><span style=\"color:#000000;padding:6px 16px;font-size:13px;line-height:20px;border-color:#ffde6e;border-radius:5px;text-shadow:none\"><i class=\"sui sui-arrow-right\" style=\"font-size:13px;color:#000000\"><\/i>  M\u00faze\u00e1, kutl\u00fara a &#8230; <\/span><\/a>\n<div class=\"su-divider su-divider-style-default\" style=\"margin:15px 0;border-width:2px;border-color:#000000\"><\/div>\n<div class=\"su-divider su-divider-style-default\" style=\"margin:15px 0;border-width:2px;border-color:#000000\"><\/div>\n<strong>M\u00faze\u00e1 a obraz\u00e1rne<\/strong><br \/>\n<div class=\"su-divider su-divider-style-default\" style=\"margin:15px 0;border-width:2px;border-color:#000000\"><\/div>\n<figure id=\"attachment_21948\" aria-describedby=\"caption-attachment-21948\" style=\"width: 900px\" class=\"wp-caption aligncenter\"><a href=\"https:\/\/www.slovensky-kras.eu\/info\/wp-content\/uploads\/2021\/12\/jablonov-muzeum.jpg\"><img loading=\"lazy\" decoding=\"async\" class=\"wp-image-21948\" src=\"https:\/\/www.slovensky-kras.eu\/info\/wp-content\/uploads\/2021\/12\/jablonov-muzeum.jpg\" alt=\"Expoz\u00edcia vinohradn\u00edctva na Turnianskej v\u00ednnej ceste v Gran\u00e1riu\" width=\"900\" height=\"604\" srcset=\"https:\/\/www.slovensky-kras.eu\/info\/wp-content\/uploads\/2021\/12\/jablonov-muzeum.jpg 800w, https:\/\/www.slovensky-kras.eu\/info\/wp-content\/uploads\/2021\/12\/jablonov-muzeum-768x516.jpg 768w\" sizes=\"auto, (max-width: 900px) 100vw, 900px\" \/><\/a><figcaption id=\"caption-attachment-21948\" class=\"wp-caption-text\">Expoz\u00edcia vinohradn\u00edctva na Turnianskej v\u00ednnej ceste v Gran\u00e1riu<\/figcaption><\/figure>\n<div class=\"su-divider su-divider-style-default\" style=\"margin:15px 0;border-width:2px;border-color:#000000\"><\/div>\n<h2 dir=\"auto\"><span style=\"color: #800000;\">\u010co je expoz\u00edcia vinohradn\u00edctva na Turnianskej v\u00ednnej ceste v Gran\u00e1riu a kde sa nach\u00e1dza<\/span><\/h2>\n<p dir=\"auto\"><strong>Expoz\u00edcia vinohradn\u00edctva na Turnianskej v\u00ednnej ceste v Gran\u00e1riu<\/strong> je unik\u00e1tne mini m\u00fazeum umiestnen\u00e9 v historickej v\u00ednnej pivnici panskej s\u00fdpky zo <strong>17. storo\u010dia<\/strong>, naz\u00fdvanej <strong>Gran\u00e1rium<\/strong>, v obci Jablonov nad Tur\u0148ou. T\u00e1to expoz\u00edcia kr\u00e1sne poukazuje na bohat\u00fa <strong>hist\u00f3riu vinohradn\u00edctva<\/strong> a v\u00fdroby v\u00edna v oblasti <strong>Slovensk\u00e9ho krasu<\/strong> a konkr\u00e9tne na <strong>Turnianskej v\u00ednnej ceste<\/strong>.<\/p>\n<h2 dir=\"auto\"><span style=\"color: #800000;\"><strong>Ak\u00fa \u00falohu malo pestovanie hrozna a v\u00fdroba v\u00edna v hist\u00f3rii Slovensk\u00e9ho krasu?<\/strong> <\/span><\/h2>\n<p dir=\"auto\"><strong>Pestovanie hrozna<\/strong> a <strong>v\u00fdroba v\u00edna<\/strong> zohr\u00e1vali d\u00f4le\u017eit\u00fa \u00falohu v dejin\u00e1ch oblasti dne\u0161n\u00e9ho <strong>Slovensk\u00e9ho krasu<\/strong>. Vinohradn\u00edctvo tu m\u00e1 st\u00e1ro\u010dn\u00e9 trad\u00edcie a dodnes tvor\u00ed neodmyslite\u013en\u00fa s\u00fa\u010das\u0165 kult\u00farneho dedi\u010dstva regi\u00f3nu.<\/p>\n<h2 dir=\"auto\"><span style=\"color: #800000;\"><strong>Kde presne sa nach\u00e1dza Gran\u00e1rium a ak\u00e1 je jeho hist\u00f3ria?<\/strong> <\/span><\/h2>\n<p dir=\"auto\"><strong>Gran\u00e1rium<\/strong> v Jablonove nad Tur\u0148ou je vz\u00e1cnou historickou <strong>panskou s\u00fdpkou zo 17. storo\u010dia<\/strong> s autentickou <strong>v\u00ednnou pivnicou<\/strong>. Pr\u00e1ve v tejto stredovekej atmosf\u00e9re je umiestnen\u00e1 cel\u00e1 <strong>expoz\u00edcia vinohradn\u00edctva<\/strong>, ktor\u00e1 o\u017eivuje hist\u00f3riu <strong>Turnianskej v\u00ednnej cesty<\/strong> a sl\u00fa\u017ei aj na zachovanie trad\u00edci\u00ed a pril\u00e1kanie n\u00e1v\u0161tevn\u00edkov do regi\u00f3nu.<\/p>\n<h2 dir=\"auto\"><span style=\"color: #800000;\"><strong>\u010co v\u0161etko m\u00f4\u017eete v expoz\u00edcii v Gran\u00e1riu vidie\u0165?<\/strong> <\/span><\/h2>\n<p dir=\"auto\">Z historick\u00fdch predmetov expoz\u00edcie tu m\u00f4\u017eete obdivova\u0165 autentick\u00e9 <strong>sudy<\/strong>, <strong>lisy<\/strong> a \u010fal\u0161ie origin\u00e1lne <strong>n\u00e1radie s\u00favisiace so spracovan\u00edm hrozna<\/strong>. Ka\u017ed\u00fd expon\u00e1t rozpr\u00e1va svoj pr\u00edbeh o tradi\u010dn\u00fdch sp\u00f4soboch <strong>vinohradn\u00edctva<\/strong> a tvrdej pr\u00e1ci vinohradn\u00edkov na <strong>Turnianskej v\u00ednnej ceste<\/strong>.<\/p>\n<h2 dir=\"auto\"><span style=\"color: #800000;\"><strong>\u010co je to Turnianska v\u00ednna cesta a \u010do v\u0161etko pon\u00faka?<\/strong> <\/span><\/h2>\n<p dir=\"auto\"><strong>Turnianska v\u00ednna cesta<\/strong> je malebn\u00e1 vinohradn\u00edcka oblas\u0165, ktor\u00e1 zah\u0155\u0148a viacer\u00e9 obce v regi\u00f3ne <strong>Slovensk\u00e9ho krasu<\/strong>. Okrem pestovania kvalitn\u00e9ho hrozna tu akt\u00edvne podporuj\u00fa <strong>tradi\u010dn\u00fa gastron\u00f3miu<\/strong>, lok\u00e1lne <strong>remesl\u00e1<\/strong> a rozvoj <strong>cestovn\u00e9ho ruchu<\/strong>.<\/p>\n<h2 dir=\"auto\"><span style=\"color: #800000;\"><strong>D\u00e1 sa v Gran\u00e1riu ochutna\u0165 miestne v\u00edno a kde presne?<\/strong> <\/span><\/h2>\n<p dir=\"auto\">\u00c1no! Priamo v historickej <strong>v\u00ednnej pivnici Gran\u00e1ria<\/strong> pre v\u00e1s pripravuj\u00fa exkluz\u00edvnu <strong>degust\u00e1ciu miestnych v\u00edn<\/strong> z oblasti <strong>Turnianskej v\u00ednnej cesty<\/strong> s mal\u00fdm ob\u010derstven\u00edm a odborn\u00fdm v\u00fdkladom vlastn\u00e9ho <strong>someli\u00e9ra<\/strong>. Ochutn\u00e1te prav\u00e9 <strong>krasov\u00e9 v\u00edna<\/strong> a z\u00e1rove\u0148 si prehliadnete historick\u00e9 predmety, ktor\u00e9 ilustruj\u00fa tradi\u010dn\u00e9 postupy vinohradn\u00edctva.<\/p>\n<h2 dir=\"auto\"><span style=\"color: #800000;\"><strong>D\u00e1 sa v Gran\u00e1riu aj prespa\u0165?<\/strong> <\/span><\/h2>\n<p dir=\"auto\">\u00c1no, <strong>Gran\u00e1rium<\/strong> pon\u00faka okrem expoz\u00edcie a degust\u00e1cie aj pr\u00edjemn\u00e9 <strong>ubytovanie<\/strong> priamo v historickom objekte \u2013 ide\u00e1lna vo\u013eba pre t\u00fdch, ktor\u00ed chc\u00fa za\u017ei\u0165 atmosf\u00e9ru <strong>Turnianskej v\u00ednnej cesty<\/strong> naplno.<\/p>\n<p dir=\"auto\"><strong>Expoz\u00edcia vinohradn\u00edctva na Turnianskej v\u00ednnej ceste v Gran\u00e1riu<\/strong> v Jablonove nad Tur\u0148ou je ide\u00e1lnym miestom pre milovn\u00edkov v\u00edna, hist\u00f3rie a autentick\u00fdch z\u00e1\u017eitkov.<\/p>\n<p dir=\"auto\">Objavte \u010daro <strong>vinohradn\u00edctva v Slovenskom krase<\/strong> v panskej s\u00fdpke zo 17. storo\u010dia prostredn\u00edctvom historick\u00fdch expon\u00e1tov, profesion\u00e1lnej degust\u00e1cie, ubytovania a pr\u00edbehov <strong>Turnianskej v\u00ednnej cesty<\/strong> v magickej atmosf\u00e9re stredovek\u00e9ho <strong>Gran\u00e1ria<\/strong>. Nezabudnute\u013en\u00fd z\u00e1\u017eitok pre ka\u017ed\u00e9ho cestovate\u013ea!<\/p>\n<h2><span style=\"color: #800000;\">Kontakt<\/span><\/h2>\n<p><strong>Gran\u00e1rium<\/strong><br \/>\nJablonov nad Tur\u0148ou 137<br \/>\n049 43 Jablonov nad Tur\u0148ou<br \/>\n<strong>E-mail:<\/strong> info@granarium.sk<br \/>\n<strong>Web:<\/strong> <a href=\"https:\/\/www.granarium.sk\/\" target=\"_blank\" rel=\"noopener\">https:\/\/www.granarium.sk\/<\/a><\/p>\n<div id=\"odkazy\" style=\"position: relative; top: -100px;\"><\/div>\n<h2><span style=\"color: #800000;\">Zauj\u00edmav\u00e9 odkazy<\/span><\/h2>\n<h3><span style=\"color: #808000;\">Zauj\u00edmavosti<\/span><\/h3>\n<ul>\n<li><a href=\"https:\/\/www.slovensky-kras.eu\/info\/kam-za-pamiatkami\/granarium-v-jablonove-nad-turnou\/\" target=\"_blank\" rel=\"nofollow noopener\">Gran\u00e1rium pansk\u00e1 s\u00fdpka<\/a><\/li>\n<\/ul>\n<h3><span style=\"color: #808000;\">Bl\u00edzke stredisko, turistick\u00e9 centrum, obec alebo mesto:<\/span><\/h3>\n<ul>\n<li><a href=\"http:\/\/www.slovensky-kras.eu\/info\/strediska-a-centra\/obec-jablonov-nad-turnou\/\">Obec Jablonov nad Tur\u0148ou (\u010d\u00edtaj viac&#8230;)<\/a><\/li>\n<\/ul>\n<h2><span style=\"color: #800000;\">Fotogal\u00e9ria<\/span><\/h2>\n<style type=\"text\/css\">\n#foogallery-gallery-28901 .fg-image { width: 200px; }<\/style>\n\t\t\t<div class=\"foogallery foogallery-container foogallery-carousel foogallery-lightbox-foogallery fg-carousel fg-ready fg-light fg-border-medium fg-round-small fg-shadow-medium fg-loading-default fg-loaded-fade-in fg-hover-semi-zoomed fg-hover-fade fg-hover-circle-plus2\" id=\"foogallery-gallery-28901\" data-foogallery=\"{&quot;item&quot;:{&quot;showCaptionTitle&quot;:true,&quot;showCaptionDescription&quot;:true},&quot;lazy&quot;:true,&quot;template&quot;:{&quot;maxItems&quot;:5,&quot;scale&quot;:0.11999999999999999555910790149937383830547332763671875,&quot;gutter&quot;:{&quot;min&quot;:-40,&quot;max&quot;:-20,&quot;unit&quot;:&quot;%&quot;},&quot;autoplay&quot;:{&quot;time&quot;:0,&quot;interaction&quot;:&quot;pause&quot;},&quot;centerOnClick&quot;:true,&quot;align&quot;:&quot;center&quot;,&quot;activePosition&quot;:&quot;center&quot;}}\" data-foogallery-lightbox=\"{&quot;thumbs&quot;:&quot;bottom&quot;,&quot;thumbsCaptions&quot;:false,&quot;thumbsBestFit&quot;:false,&quot;thumbsSmall&quot;:false,&quot;thumbsCaptionsAlign&quot;:&quot;default&quot;,&quot;info&quot;:&quot;bottom&quot;,&quot;infoVisible&quot;:true,&quot;infoOverlay&quot;:true,&quot;infoAlign&quot;:&quot;default&quot;,&quot;transition&quot;:&quot;fade&quot;,&quot;hoverButtons&quot;:false,&quot;fitMedia&quot;:false,&quot;noScrollbars&quot;:true,&quot;preserveButtonSpace&quot;:true,&quot;buttons&quot;:{&quot;fullscreen&quot;:true,&quot;info&quot;:true,&quot;thumbs&quot;:false},&quot;video&quot;:{&quot;autoPlay&quot;:true}}\" style=\"--fg-title-line-clamp: 1; --fg-description-line-clamp: 2;\" >\n\t<button type=\"button\" class=\"fg-carousel-prev\" title=\"Previous\"><\/button>\n\t<div class=\"fg-carousel-inner\">\n\t\t<div class=\"fg-carousel-center\"><\/div>\n\t\t<div class=\"fg-item fg-type-image fg-idle\"><figure class=\"fg-item-inner\"><a href=\"https:\/\/www.slovensky-kras.eu\/info\/wp-content\/uploads\/2023\/06\/granarium-minigolf.jpg\" data-attachment-id=\"24908\" data-type=\"image\" class=\"fg-thumb\"><span class=\"fg-image-wrap\"><img decoding=\"async\" width=\"200\" height=\"200\" class=\"skip-lazy fg-image\" data-src-fg=\"https:\/\/www.slovensky-kras.eu\/info\/wp-content\/uploads\/cache\/2023\/06\/granarium-minigolf\/3151667671.jpg\" src=\"data:image\/svg+xml,%3Csvg%20xmlns%3D%22http%3A%2F%2Fwww.w3.org%2F2000%2Fsvg%22%20width%3D%22200%22%20height%3D%22200%22%20viewBox%3D%220%200%20200%20200%22%3E%3C%2Fsvg%3E\" loading=\"eager\"><\/span><span class=\"fg-image-overlay\"><\/span><\/a><\/figure><div class=\"fg-loader\"><\/div><\/div><div class=\"fg-item fg-type-image fg-idle\"><figure class=\"fg-item-inner\"><a href=\"https:\/\/www.slovensky-kras.eu\/info\/wp-content\/uploads\/2023\/06\/bike-granarium.jpg\" data-attachment-id=\"24916\" data-type=\"image\" class=\"fg-thumb\"><span class=\"fg-image-wrap\"><img decoding=\"async\" width=\"200\" height=\"200\" class=\"skip-lazy fg-image\" data-src-fg=\"https:\/\/www.slovensky-kras.eu\/info\/wp-content\/uploads\/cache\/2023\/06\/bike-granarium\/448903869.jpg\" src=\"data:image\/svg+xml,%3Csvg%20xmlns%3D%22http%3A%2F%2Fwww.w3.org%2F2000%2Fsvg%22%20width%3D%22200%22%20height%3D%22200%22%20viewBox%3D%220%200%20200%20200%22%3E%3C%2Fsvg%3E\" loading=\"eager\"><\/span><span class=\"fg-image-overlay\"><\/span><\/a><\/figure><div class=\"fg-loader\"><\/div><\/div><div class=\"fg-item fg-type-image fg-idle\"><figure class=\"fg-item-inner\"><a href=\"https:\/\/www.slovensky-kras.eu\/info\/wp-content\/uploads\/2021\/12\/granarium6.jpg\" data-attachment-id=\"21835\" data-type=\"image\" class=\"fg-thumb\"><span class=\"fg-image-wrap\"><img decoding=\"async\" width=\"200\" height=\"200\" class=\"skip-lazy fg-image\" data-src-fg=\"https:\/\/www.slovensky-kras.eu\/info\/wp-content\/uploads\/cache\/2021\/12\/granarium6\/2956217655.jpg\" src=\"data:image\/svg+xml,%3Csvg%20xmlns%3D%22http%3A%2F%2Fwww.w3.org%2F2000%2Fsvg%22%20width%3D%22200%22%20height%3D%22200%22%20viewBox%3D%220%200%20200%20200%22%3E%3C%2Fsvg%3E\" loading=\"eager\"><\/span><span class=\"fg-image-overlay\"><\/span><\/a><\/figure><div class=\"fg-loader\"><\/div><\/div><div class=\"fg-item fg-type-image fg-idle\"><figure class=\"fg-item-inner\"><a href=\"https:\/\/www.slovensky-kras.eu\/info\/wp-content\/uploads\/2021\/12\/granarium5.jpg\" data-attachment-id=\"21834\" data-type=\"image\" class=\"fg-thumb\"><span class=\"fg-image-wrap\"><img decoding=\"async\" width=\"200\" height=\"200\" class=\"skip-lazy fg-image\" data-src-fg=\"https:\/\/www.slovensky-kras.eu\/info\/wp-content\/uploads\/cache\/2021\/12\/granarium5\/3381058773.jpg\" src=\"data:image\/svg+xml,%3Csvg%20xmlns%3D%22http%3A%2F%2Fwww.w3.org%2F2000%2Fsvg%22%20width%3D%22200%22%20height%3D%22200%22%20viewBox%3D%220%200%20200%20200%22%3E%3C%2Fsvg%3E\" loading=\"eager\"><\/span><span class=\"fg-image-overlay\"><\/span><\/a><\/figure><div class=\"fg-loader\"><\/div><\/div><div class=\"fg-item fg-type-image fg-idle\"><figure class=\"fg-item-inner\"><a href=\"https:\/\/www.slovensky-kras.eu\/info\/wp-content\/uploads\/2021\/12\/granarium4.jpg\" data-attachment-id=\"21833\" data-type=\"image\" class=\"fg-thumb\"><span class=\"fg-image-wrap\"><img decoding=\"async\" width=\"200\" height=\"200\" class=\"skip-lazy fg-image\" data-src-fg=\"https:\/\/www.slovensky-kras.eu\/info\/wp-content\/uploads\/cache\/2021\/12\/granarium4\/2903454863.jpg\" src=\"data:image\/svg+xml,%3Csvg%20xmlns%3D%22http%3A%2F%2Fwww.w3.org%2F2000%2Fsvg%22%20width%3D%22200%22%20height%3D%22200%22%20viewBox%3D%220%200%20200%20200%22%3E%3C%2Fsvg%3E\" loading=\"eager\"><\/span><span class=\"fg-image-overlay\"><\/span><\/a><\/figure><div class=\"fg-loader\"><\/div><\/div><div class=\"fg-item fg-type-image fg-idle\"><figure class=\"fg-item-inner\"><a href=\"https:\/\/www.slovensky-kras.eu\/info\/wp-content\/uploads\/2021\/12\/granarium3.jpg\" data-attachment-id=\"21832\" data-type=\"image\" class=\"fg-thumb\"><span class=\"fg-image-wrap\"><img decoding=\"async\" width=\"200\" height=\"200\" class=\"skip-lazy fg-image\" data-src-fg=\"https:\/\/www.slovensky-kras.eu\/info\/wp-content\/uploads\/cache\/2021\/12\/granarium3\/1358408599.jpg\" src=\"data:image\/svg+xml,%3Csvg%20xmlns%3D%22http%3A%2F%2Fwww.w3.org%2F2000%2Fsvg%22%20width%3D%22200%22%20height%3D%22200%22%20viewBox%3D%220%200%20200%20200%22%3E%3C%2Fsvg%3E\" loading=\"eager\"><\/span><span class=\"fg-image-overlay\"><\/span><\/a><\/figure><div class=\"fg-loader\"><\/div><\/div><div class=\"fg-item fg-type-image fg-idle\"><figure class=\"fg-item-inner\"><a href=\"https:\/\/www.slovensky-kras.eu\/info\/wp-content\/uploads\/2021\/12\/granarium2.jpg\" data-attachment-id=\"21831\" data-type=\"image\" class=\"fg-thumb\"><span class=\"fg-image-wrap\"><img decoding=\"async\" width=\"200\" height=\"200\" class=\"skip-lazy fg-image\" data-src-fg=\"https:\/\/www.slovensky-kras.eu\/info\/wp-content\/uploads\/cache\/2021\/12\/granarium2\/1584011083.jpg\" src=\"data:image\/svg+xml,%3Csvg%20xmlns%3D%22http%3A%2F%2Fwww.w3.org%2F2000%2Fsvg%22%20width%3D%22200%22%20height%3D%22200%22%20viewBox%3D%220%200%20200%20200%22%3E%3C%2Fsvg%3E\" loading=\"eager\"><\/span><span class=\"fg-image-overlay\"><\/span><\/a><\/figure><div class=\"fg-loader\"><\/div><\/div><div class=\"fg-item fg-type-image fg-idle\"><figure class=\"fg-item-inner\"><a href=\"https:\/\/www.slovensky-kras.eu\/info\/wp-content\/uploads\/2021\/12\/granarium1.jpg\" data-attachment-id=\"21830\" data-type=\"image\" class=\"fg-thumb\"><span class=\"fg-image-wrap\"><img decoding=\"async\" width=\"200\" height=\"200\" class=\"skip-lazy fg-image\" data-src-fg=\"https:\/\/www.slovensky-kras.eu\/info\/wp-content\/uploads\/cache\/2021\/12\/granarium1\/668501673.jpg\" src=\"data:image\/svg+xml,%3Csvg%20xmlns%3D%22http%3A%2F%2Fwww.w3.org%2F2000%2Fsvg%22%20width%3D%22200%22%20height%3D%22200%22%20viewBox%3D%220%200%20200%20200%22%3E%3C%2Fsvg%3E\" loading=\"eager\"><\/span><span class=\"fg-image-overlay\"><\/span><\/a><\/figure><div class=\"fg-loader\"><\/div><\/div><div class=\"fg-item fg-type-image fg-idle\"><figure class=\"fg-item-inner\"><a href=\"https:\/\/www.slovensky-kras.eu\/info\/wp-content\/uploads\/2021\/12\/granarium.jpg\" data-attachment-id=\"21838\" data-type=\"image\" class=\"fg-thumb\"><span class=\"fg-image-wrap\"><img decoding=\"async\" alt=\"Gran\u00e1rium pansk\u00e1 s\u00fdpka\" width=\"200\" height=\"200\" class=\"skip-lazy fg-image\" data-src-fg=\"https:\/\/www.slovensky-kras.eu\/info\/wp-content\/uploads\/cache\/2021\/12\/granarium\/1192572230.jpg\" src=\"data:image\/svg+xml,%3Csvg%20xmlns%3D%22http%3A%2F%2Fwww.w3.org%2F2000%2Fsvg%22%20width%3D%22200%22%20height%3D%22200%22%20viewBox%3D%220%200%20200%20200%22%3E%3C%2Fsvg%3E\" loading=\"eager\"><\/span><span class=\"fg-image-overlay\"><\/span><\/a><\/figure><div class=\"fg-loader\"><\/div><\/div>\t<\/div>\n\t<div class=\"fg-carousel-bottom\"><\/div>\n\t<div class=\"fg-carousel-progress\"><\/div>\n\t<button type=\"button\" class=\"fg-carousel-next\" title=\"Next\"><\/button>\n<\/div>\n<h2><span style=\"color: #800000;\">Mapy<\/span><\/h2>\n<p><strong>Vrstvy: <\/strong>Turistick\u00e1 mapa, Automapa, Cyklomapa, Ly\u017eiarska mapa, Satelitn\u00e1 mapa a OpenStreetMap.<\/p>\n<p><strong>Kliknut\u00edm na logo &#8222;Freemap.sk&#8220; sa V\u00e1m mapa zobraz\u00ed na celej ploche obrazovky.<\/strong><\/p>\n<p><iframe style=\"width: 900px; height: 600px; border: 0;\" src=\"https:\/\/www.freemap.sk\/?map=14\/48.594946\/20.673652&amp;info-point=48.594946\/20.673652,Obec Jablonov nad Tur\u0148ou&amp;layers=X&amp;embed=search\" allowfullscreen=\"allowfullscreen\"><span data-mce-type=\"bookmark\" style=\"display: inline-block; width: 0px; overflow: hidden; line-height: 0;\" class=\"mce_SELRES_start\">\ufeff<\/span><\/iframe><\/p>\n<h2><span style=\"color: #800000;\">Po\u010dasie<\/span><\/h2>\n<p><iframe style=\"width: 900px; height: 600px;\" src=\"https:\/\/www.meteoblue.com\/sk\/po%C4%8Dasie\/widget\/three\/jablonov-nad-turnou_slovensk%c3%a1-republika_724599?geoloc=fixed&amp;nocurrent=0&amp;noforecast=0&amp;days=6&amp;tempunit=CELSIUS&amp;windunit=KILOMETER_PER_HOUR&amp;layout=image\" frameborder=\"0\" scrolling=\"NO\" sandbox=\"allow-same-origin allow-scripts allow-popups allow-popups-to-escape-sandbox\"><span data-mce-type=\"bookmark\" style=\"display: inline-block; width: 0px; overflow: hidden; line-height: 0;\" class=\"mce_SELRES_start\">\ufeff<\/span><\/iframe><\/p>\n<div><!-- DO NOT REMOVE THIS LINK --><a href=\"https:\/\/www.meteoblue.com\/sk\/po%C4%8Dasie\/predpove%C4%8F\/t%C3%BD%C5%BEde%C5%88\/jablonov-nad-turnou_slovensk%c3%a1-republika_724599?utm_source=weather_widget&amp;utm_medium=linkus&amp;utm_content=three&amp;utm_campaign=Weather%2BWidget\" target=\"_blank\" rel=\"noopener noreferrer\">meteoblue<\/a><\/div>\n<p><strong>Foto:<\/strong> <a href=\"http:\/\/www.granarium.sk\/\" target=\"_blank\" rel=\"noopener noreferrer\">www.granarium.sk<\/a><\/p>\n","protected":false},"excerpt":{"rendered":"<p>Menu: M\u00faze\u00e1 a obraz\u00e1rne \u010co je expoz\u00edcia vinohradn\u00edctva na Turnianskej v\u00ednnej ceste v Gran\u00e1riu a kde sa nach\u00e1dza Expoz\u00edcia vinohradn\u00edctva na Turnianskej v\u00ednnej ceste v Gran\u00e1riu je unik\u00e1tne mini m\u00fazeum [&hellip;]<\/p>\n","protected":false},"author":1,"featured_media":21948,"parent":30,"menu_order":0,"comment_status":"closed","ping_status":"closed","template":"","meta":{"_uag_custom_page_level_css":"","footnotes":""},"class_list":["post-7771","page","type-page","status-publish","has-post-thumbnail","hentry"],"featured_image_src":"https:\/\/www.slovensky-kras.eu\/info\/wp-content\/uploads\/2021\/12\/jablonov-muzeum.jpg","featured_image_src_square":"https:\/\/www.slovensky-kras.eu\/info\/wp-content\/uploads\/2021\/12\/jablonov-muzeum.jpg","rbea_author_info":{"display_name":"admin","author_link":"https:\/\/www.slovensky-kras.eu\/info\/author\/admin\/"},"rbea_excerpt_info":"Menu: M\u00faze\u00e1 a obraz\u00e1rne \u010co je expoz\u00edcia vinohradn\u00edctva na Turnianskej v\u00ednnej ceste v Gran\u00e1riu a kde sa nach\u00e1dza Expoz\u00edcia vinohradn\u00edctva na Turnianskej v\u00ednnej ceste v Gran\u00e1riu je unik\u00e1tne mini m\u00fazeum [&hellip;]","uagb_featured_image_src":{"full":["https:\/\/www.slovensky-kras.eu\/info\/wp-content\/uploads\/2021\/12\/jablonov-muzeum.jpg",800,537,false],"thumbnail":["https:\/\/www.slovensky-kras.eu\/info\/wp-content\/uploads\/2021\/12\/jablonov-muzeum-150x150.jpg",150,150,true],"medium":["https:\/\/www.slovensky-kras.eu\/info\/wp-content\/uploads\/2021\/12\/jablonov-muzeum.jpg",800,537,false],"medium_large":["https:\/\/www.slovensky-kras.eu\/info\/wp-content\/uploads\/2021\/12\/jablonov-muzeum-768x516.jpg",768,516,true],"large":["https:\/\/www.slovensky-kras.eu\/info\/wp-content\/uploads\/2021\/12\/jablonov-muzeum.jpg",800,537,false],"1536x1536":["https:\/\/www.slovensky-kras.eu\/info\/wp-content\/uploads\/2021\/12\/jablonov-muzeum.jpg",800,537,false],"2048x2048":["https:\/\/www.slovensky-kras.eu\/info\/wp-content\/uploads\/2021\/12\/jablonov-muzeum.jpg",800,537,false]},"uagb_author_info":{"display_name":"admin","author_link":"https:\/\/www.slovensky-kras.eu\/info\/author\/admin\/"},"uagb_comment_info":0,"uagb_excerpt":"Menu: M\u00faze\u00e1 a obraz\u00e1rne \u010co je expoz\u00edcia vinohradn\u00edctva na Turnianskej v\u00ednnej ceste v Gran\u00e1riu a kde sa nach\u00e1dza Expoz\u00edcia vinohradn\u00edctva na Turnianskej v\u00ednnej ceste v Gran\u00e1riu je unik\u00e1tne mini m\u00fazeum [&hellip;]","_links":{"self":[{"href":"https:\/\/www.slovensky-kras.eu\/info\/wp-json\/wp\/v2\/pages\/7771","targetHints":{"allow":["GET"]}}],"collection":[{"href":"https:\/\/www.slovensky-kras.eu\/info\/wp-json\/wp\/v2\/pages"}],"about":[{"href":"https:\/\/www.slovensky-kras.eu\/info\/wp-json\/wp\/v2\/types\/page"}],"author":[{"embeddable":true,"href":"https:\/\/www.slovensky-kras.eu\/info\/wp-json\/wp\/v2\/users\/1"}],"replies":[{"embeddable":true,"href":"https:\/\/www.slovensky-kras.eu\/info\/wp-json\/wp\/v2\/comments?post=7771"}],"version-history":[{"count":7,"href":"https:\/\/www.slovensky-kras.eu\/info\/wp-json\/wp\/v2\/pages\/7771\/revisions"}],"predecessor-version":[{"id":29054,"href":"https:\/\/www.slovensky-kras.eu\/info\/wp-json\/wp\/v2\/pages\/7771\/revisions\/29054"}],"up":[{"embeddable":true,"href":"https:\/\/www.slovensky-kras.eu\/info\/wp-json\/wp\/v2\/pages\/30"}],"wp:featuredmedia":[{"embeddable":true,"href":"https:\/\/www.slovensky-kras.eu\/info\/wp-json\/wp\/v2\/media\/21948"}],"wp:attachment":[{"href":"https:\/\/www.slovensky-kras.eu\/info\/wp-json\/wp\/v2\/media?parent=7771"}],"curies":[{"name":"wp","href":"https:\/\/api.w.org\/{rel}","templated":true}]}}