{"id":635,"date":"2013-06-29T19:28:55","date_gmt":"2013-06-29T17:28:55","guid":{"rendered":"http:\/\/www.slovensky-kras.eu\/info\/?page_id=635"},"modified":"2026-05-02T18:43:06","modified_gmt":"2026-05-02T16:43:06","slug":"kostol-neposkvrneneho-pocatia-panny-marie-v-hrusove","status":"publish","type":"page","link":"https:\/\/www.slovensky-kras.eu\/info\/kam-za-pamiatkami\/kostol-neposkvrneneho-pocatia-panny-marie-v-hrusove\/","title":{"rendered":"Kostol Nepo\u0161kvrnen\u00e9ho po\u010datia Panny M\u00e1rie v Hru\u0161ove"},"content":{"rendered":"<p><strong>Menu: <\/strong><a href=\"http:\/\/www.slovensky-kras.eu\/info\/\" class=\"su-button su-button-style-default\" style=\"color:#000000;background-color:#FFCF2F;border-color:#cca626;border-radius:5px\" target=\"_self\"><span style=\"color:#000000;padding:6px 16px;font-size:13px;line-height:20px;border-color:#ffde6e;border-radius:5px;text-shadow:none\"><i class=\"sui sui-arrow-right\" style=\"font-size:13px;color:#000000\"><\/i>  \u00davod \/ Aktuality <\/span><\/a>\n<a href=\"http:\/\/www.slovensky-kras.eu\/info\/kam-za-pamiatkami\/\" class=\"su-button su-button-style-default\" style=\"color:#000000;background-color:#FFCF2F;border-color:#cca626;border-radius:5px\" target=\"_self\"><span style=\"color:#000000;padding:6px 16px;font-size:13px;line-height:20px;border-color:#ffde6e;border-radius:5px;text-shadow:none\"><i class=\"sui sui-arrow-right\" style=\"font-size:13px;color:#000000\"><\/i>  Kam za pamiatkami <\/span><\/a>\n<div class=\"su-divider su-divider-style-default\" style=\"margin:15px 0;border-width:0px;border-color:#000000\"><\/div>\n<strong>Podkateg\u00f3ria: <\/strong> <a href=\"http:\/\/www.slovensky-kras.eu\/info\/kam-za-pamiatkami\/nabozenske-pamiatky\/\" class=\"su-button su-button-style-default\" style=\"color:#000000;background-color:#afd144;border-color:#8ca837;border-radius:5px\" target=\"_self\"><span style=\"color:#000000;padding:6px 16px;font-size:13px;line-height:20px;border-color:#c7df7d;border-radius:5px;text-shadow:none\"><i class=\"sui sui-arrow-right\" style=\"font-size:13px;color:#000000\"><\/i>  N\u00e1bo\u017eensk\u00e9 pamiatky <\/span><\/a>\n<div class=\"su-divider su-divider-style-default\" style=\"margin:15px 0;border-width:2px;border-color:#000000\"><\/div>\n<figure id=\"attachment_30417\" aria-describedby=\"caption-attachment-30417\" style=\"width: 900px\" class=\"wp-caption aligncenter\"><a href=\"https:\/\/www.slovensky-kras.eu\/info\/wp-content\/uploads\/2026\/05\/hrusov-kostol-burka.jpeg\"><img loading=\"lazy\" decoding=\"async\" class=\"wp-image-30417\" src=\"https:\/\/www.slovensky-kras.eu\/info\/wp-content\/uploads\/2026\/05\/hrusov-kostol-burka.jpeg\" alt=\"Kostol Nepo\u0161kvrnen\u00e9ho po\u010datia Panny M\u00e1rie v Hru\u0161ove\" width=\"900\" height=\"502\" srcset=\"https:\/\/www.slovensky-kras.eu\/info\/wp-content\/uploads\/2026\/05\/hrusov-kostol-burka.jpeg 1376w, https:\/\/www.slovensky-kras.eu\/info\/wp-content\/uploads\/2026\/05\/hrusov-kostol-burka-800x447.jpeg 800w, https:\/\/www.slovensky-kras.eu\/info\/wp-content\/uploads\/2026\/05\/hrusov-kostol-burka-1024x572.jpeg 1024w, https:\/\/www.slovensky-kras.eu\/info\/wp-content\/uploads\/2026\/05\/hrusov-kostol-burka-768x429.jpeg 768w\" sizes=\"auto, (max-width: 900px) 100vw, 900px\" \/><\/a><figcaption id=\"caption-attachment-30417\" class=\"wp-caption-text\">Kostol Nepo\u0161kvrnen\u00e9ho po\u010datia Panny M\u00e1rie v Hru\u0161ove<\/figcaption><\/figure>\n<div class=\"su-divider su-divider-style-default\" style=\"margin:15px 0;border-width:2px;border-color:#000000\"><\/div>\n<h2><span style=\"color: #800000;\">Pre\u010do nav\u0161t\u00edvi\u0165 Kostol Nepo\u0161kvrnen\u00e9ho po\u010datia Panny M\u00e1rie v Hru\u0161ove a ak\u00e9 tajomstv\u00e1 ukr\u00fdva t\u00e1to gotick\u00e1 pamiatka?<\/span><\/h2>\n<p data-path-to-node=\"0\">H\u013ead\u00e1te skryt\u00fd klenot Gemera, kde sa zastavil \u010das a gotick\u00e9 m\u00fary rozpr\u00e1vaj\u00fa pr\u00edbehy st\u00e1ro\u010d\u00ed? <b data-path-to-node=\"0\" data-index-in-node=\"93\">Kostol Nepo\u0161kvrnen\u00e9ho po\u010datia Panny M\u00e1rie v Hru\u0161ove<\/b> v\u00e1s o\u010dar\u00ed svojou autentickou atmosf\u00e9rou, unik\u00e1tnou drevenou zvonicou a vz\u00e1cnymi detailmi, ktor\u00e9 pre\u017eili b\u00farliv\u00e9 obdobia reform\u00e1cie aj barokov\u00e9 prestavby.<\/p>\n<h2 data-path-to-node=\"1\"><span style=\"color: #800000;\">Kde sa nach\u00e1dza Kostol Nepo\u0161kvrnen\u00e9ho po\u010datia Panny M\u00e1rie v Hru\u0161ove a \u010d\u00edm je v\u00fdnimo\u010dn\u00fd?<\/span><\/h2>\n<p data-path-to-node=\"2\">Tento <b data-path-to-node=\"2\" data-index-in-node=\"6\">r\u00edmskokatol\u00edcky chr\u00e1m<\/b> v malebnej obci <a href=\"https:\/\/www.slovensky-kras.eu\/info\/strediska-a-centra\/obec-hrusov\/\"><b data-path-to-node=\"2\" data-index-in-node=\"44\">Hru\u0161ov<\/b><\/a> predstavuje typick\u00fa <b data-path-to-node=\"2\" data-index-in-node=\"71\">jednolo\u010fov\u00fa sakr\u00e1lnu stavbu<\/b>, ktor\u00fa v z\u00e1vere zdob\u00ed <b data-path-to-node=\"2\" data-index-in-node=\"121\">polygon\u00e1lne ukon\u010den\u00e9 presbyt\u00e9rium<\/b>. Ako <b data-path-to-node=\"2\" data-index-in-node=\"160\">n\u00e1rodn\u00e1 kult\u00farna pamiatka Slovenska<\/b> je tento <b data-path-to-node=\"2\" data-index-in-node=\"205\">\u010diasto\u010dne gotick\u00fd kostol<\/b> hrd\u00fdm nosite\u013eom historick\u00e9ho dedi\u010dstva regi\u00f3nu. Jeho z\u00e1klady siahaj\u00fa do <b data-path-to-node=\"2\" data-index-in-node=\"302\">2. polovice 14. storo\u010dia<\/b>, kedy vznikol ako <b data-path-to-node=\"2\" data-index-in-node=\"345\">p\u00f4vodne gotick\u00fd kostol Panny M\u00e1rie<\/b>, no za\u010diatkom 18. storo\u010dia pre\u0161iel procesom <b data-path-to-node=\"2\" data-index-in-node=\"424\">\u010diasto\u010dnej barokiz\u00e1cie<\/b>.<\/p>\n<h2 data-path-to-node=\"3\"><span style=\"color: #800000;\">Ak\u00e9 architektonick\u00e9 skvosty a stopy hist\u00f3rie m\u00f4\u017eete v kostole vidie\u0165?<\/span><\/h2>\n<p data-path-to-node=\"4\">O historickom v\u00fdvoji a \u00faprav\u00e1ch interi\u00e9ru jasne sved\u010d\u00ed <b data-path-to-node=\"4\" data-index-in-node=\"55\">drobn\u00e1 zachovan\u00e1 ma\u013eba z roku 1763<\/b>. Hoci neskor\u0161ia <b data-path-to-node=\"4\" data-index-in-node=\"106\">prestavba<\/b> v\u00fdrazne ovplyvnila <b data-path-to-node=\"4\" data-index-in-node=\"135\">podobu okien<\/b>, ktor\u00e9 n\u00e1sledne <b data-path-to-node=\"4\" data-index-in-node=\"164\">stratili svoju p\u00f4vodn\u00fa gotick\u00fa formu<\/b>, st\u00e1le tu n\u00e1jdete fascinuj\u00face stredovek\u00e9 prvky. <b data-path-to-node=\"4\" data-index-in-node=\"249\">P\u00f4vodn\u00e9 presbyt\u00e9rium<\/b> bolo v minulosti nahraden\u00e9 s\u00fa\u010dasnou kon\u0161trukciou, ktor\u00fa dnes hrdo zdob\u00ed a nesie <b data-path-to-node=\"4\" data-index-in-node=\"350\">rebrov\u00e1 kr\u00ed\u017eov\u00e1 klenba<\/b>.<\/p>\n<h2 data-path-to-node=\"5\"><span style=\"color: #800000;\">Ktor\u00e9 gotick\u00e9 detaily sa v chr\u00e1me zachovali v p\u00f4vodnom stave?<\/span><\/h2>\n<p data-path-to-node=\"6\">Ak p\u00e1trate po \u010distom gotickom slohu, va\u0161u pozornos\u0165 up\u00fata <b data-path-to-node=\"6\" data-index-in-node=\"58\">jedin\u00e9 okno<\/b>, ktor\u00e9 si plne <b data-path-to-node=\"6\" data-index-in-node=\"85\">zachovalo svoj autentick\u00fd gotick\u00fd vzh\u013ead<\/b> \u2013 n\u00e1jdete ho umiestnen\u00e9 priamo <b data-path-to-node=\"6\" data-index-in-node=\"157\">za hlavn\u00fdm olt\u00e1rom<\/b>. Celkov\u00e1 <b data-path-to-node=\"6\" data-index-in-node=\"185\">lo\u010f kostola<\/b> nesie preva\u017ene <b data-path-to-node=\"6\" data-index-in-node=\"212\">gotick\u00e9 \u010drty<\/b>, pri\u010dom <b data-path-to-node=\"6\" data-index-in-node=\"233\">typick\u00e9 lomen\u00e9 obl\u00faky<\/b> m\u00f4\u017eete obdivova\u0165 na <b data-path-to-node=\"6\" data-index-in-node=\"275\">strope v polygon\u00e1lne uzatvorenom presbyt\u00e9riu<\/b>.<\/p>\n<h2 data-path-to-node=\"7\"><span style=\"color: #800000;\">Ako ovplyvnila n\u00e1bo\u017eensk\u00e1 hist\u00f3ria obce Hru\u0161ov t\u00fato pamiatku?<\/span><\/h2>\n<p data-path-to-node=\"8\">Dejiny objektu s\u00fa \u00fazko sp\u00e4t\u00e9 s vierou miestnych obyvate\u013eov. <b data-path-to-node=\"8\" data-index-in-node=\"60\">Po\u010das reform\u00e1cie<\/b> sa toti\u017e <b data-path-to-node=\"8\" data-index-in-node=\"86\">v\u00e4\u010d\u0161ina obyvate\u013eov obce Hru\u0161ov<\/b> rozhodla prida\u0165 k <b data-path-to-node=\"8\" data-index-in-node=\"135\">protestantskej cirkvi<\/b>. Z tohto d\u00f4vodu sa aj samotn\u00fd <b data-path-to-node=\"8\" data-index-in-node=\"187\">kostol stal protestantsk\u00fdm<\/b>, a to a\u017e do obdobia <b data-path-to-node=\"8\" data-index-in-node=\"234\">druhej polovice 18. storo\u010dia<\/b>. V s\u00fa\u010dasnosti v\u0161ak t\u00e1to pamiatka op\u00e4\u0165 <b data-path-to-node=\"8\" data-index-in-node=\"301\">patr\u00ed r\u00edmskokatol\u00edckej cirkvi<\/b>.<\/p>\n<h2 data-path-to-node=\"9\"><span style=\"color: #800000;\">\u010c\u00edm je exteri\u00e9r kostola netradi\u010dn\u00fd a \u010do ukr\u00fdva interi\u00e9r?<\/span><\/h2>\n<p data-path-to-node=\"10\">Na prv\u00fd poh\u013ead v\u00e1s zaujme, \u017ee <b data-path-to-node=\"10\" data-index-in-node=\"30\">kostol nem\u00e1 ve\u017eu<\/b>. Vern\u00fd trad\u00edcii stredovekej architekt\u00fary v\u0161ak disponuje in\u00fdm unik\u00e1tom \u2013 m\u00e1 <b data-path-to-node=\"10\" data-index-in-node=\"122\">samostatn\u00fa dreven\u00fa zvonicu<\/b>, ktor\u00e1 je situovan\u00e1 priamo na <b data-path-to-node=\"10\" data-index-in-node=\"179\">n\u00e1dvor\u00ed kostola<\/b>. V srdci chr\u00e1mu, v jeho <b data-path-to-node=\"10\" data-index-in-node=\"219\">interi\u00e9ri<\/b>, m\u00f4\u017eete objavi\u0165 vz\u00e1cny <b data-path-to-node=\"10\" data-index-in-node=\"252\">obraz sv. Anny<\/b>. Zauj\u00edmavos\u0165ou je, \u017ee toto dielo bolo <b data-path-to-node=\"10\" data-index-in-node=\"305\">p\u00f4vodne umiestnen\u00e9 v <a href=\"https:\/\/www.slovensky-kras.eu\/info\/kam-za-pamiatkami\/kaplnka-sv-anny-v-hrusove\/\">kaplnke sv. Anny<\/a><\/b>, ktor\u00e1 sa nach\u00e1dzala <b data-path-to-node=\"10\" data-index-in-node=\"364\">za obcou<\/b>.<\/p>\n<h2 data-path-to-node=\"11\"><span style=\"color: #800000;\">Ako si napl\u00e1nova\u0165 n\u00e1v\u0161tevu a vstup do kostola v Hru\u0161ove?<\/span><\/h2>\n<p data-path-to-node=\"12\">Ke\u010f\u017ee ide o \u017eiv\u00fd liturgick\u00fd priestor, <b data-path-to-node=\"12\" data-index-in-node=\"38\">kostol je otvoren\u00fd len po\u010das n\u00e1bo\u017eensk\u00fdch obradov<\/b>. Ak si chcete t\u00fato pamiatku pozrie\u0165 detailnej\u0161ie mimo sv\u00e4t\u00fdch om\u0161\u00ed, <b data-path-to-node=\"12\" data-index-in-node=\"156\">prehliadku kostola je potrebn\u00e9 dohodn\u00fa\u0165 vopred<\/b> prostredn\u00edctvom pracovn\u00edkov na <b data-path-to-node=\"12\" data-index-in-node=\"234\">obecnom \u00farade<\/b>.<\/p>\n<h2 data-path-to-node=\"13\"><span style=\"color: #800000;\">Dotyk stredoveku v srdci hru\u0161ovsk\u00fdch sadov<\/span><\/h2>\n<p data-path-to-node=\"14\"><em>N\u00e1v\u0161teva tejto pamiatky predstavuje fascinuj\u00facu cestu \u010dasom, kde sa gotick\u00e1 strohos\u0165 sn\u00fabi s barokovou jemnos\u0165ou. Okrem duchovn\u00e9ho z\u00e1\u017eitku v\u00e1m lokalita pon\u00fakne poh\u013ead na majstrovsk\u00fa pr\u00e1cu star\u00fdch tes\u00e1rov na unik\u00e1tnej zvonici. Okolit\u00e1 pr\u00edroda Gemera dotv\u00e1ra malebn\u00fa kulisu, ktor\u00e1 je ide\u00e1lna pre milovn\u00edkov hist\u00f3rie i ticha. Objavte pr\u00edbehy vp\u00edsan\u00e9 do rebrov\u00fdch klenieb a poc\u00ed\u0165te silu trad\u00edcie, ktor\u00e1 pretrvala st\u00e1ro\u010dia. Hru\u0161ovsk\u00fd kostol je d\u00f4kazom, \u017ee tie najv\u00e4\u010d\u0161ie poklady sa \u010dasto ukr\u00fdvaj\u00fa v nen\u00e1padn\u00fdch dedink\u00e1ch mimo hlavn\u00fdch turistick\u00fdch tr\u00e1s.<\/em><\/p>\n<h2><span style=\"color: #800000;\">Ako sa dosta\u0165 ku kostolu Nepo\u0161kvrnen\u00e9ho po\u010datia Panny M\u00e1rie v Hru\u0161ove?<\/span><\/h2>\n<p>Kostol\u00edk sa nach\u00e1dza na za\u010diatku obce hne\u010f na \u013eavej strane hlavnej cesty ved\u00facej z obce <a href=\"http:\/\/www.slovensky-kras.eu\/info\/strediska-a-centra\/obec-jablonov-nad-turnou\/\">Jablonov nad Tur\u0148ou<\/a>.<\/p>\n<p>Popri kostole prech\u00e1dzaj\u00fa <a href=\"https:\/\/www.slovensky-kras.eu\/info\/wp-content\/uploads\/2013\/07\/zelena.png\"><img loading=\"lazy\" decoding=\"async\" class=\"size-full wp-image-10334 alignnone\" src=\"https:\/\/www.slovensky-kras.eu\/info\/wp-content\/uploads\/2013\/07\/zelena.png\" alt=\"\" width=\"20\" height=\"21\" \/><\/a> zelen\u00e1 turistick\u00e1 trasa a <a href=\"https:\/\/www.slovensky-kras.eu\/info\/wp-content\/uploads\/2013\/06\/zlta.png\"><img loading=\"lazy\" decoding=\"async\" class=\"size-full wp-image-10332 alignnone\" src=\"https:\/\/www.slovensky-kras.eu\/info\/wp-content\/uploads\/2013\/06\/zlta.png\" alt=\"\" width=\"20\" height=\"21\" \/><\/a> \u017elt\u00e1 turistick\u00e1 trasa.<\/p>\n<h2><span style=\"color: #800000;\">Fotogal\u00e9ria<\/span><\/h2>\n<style type=\"text\/css\">\n#foogallery-gallery-30412 .fg-image { width: 200px; }<\/style>\n\t\t\t<div class=\"foogallery foogallery-container foogallery-carousel foogallery-lightbox-foogallery fg-carousel fg-ready fg-light fg-border-medium fg-round-small fg-shadow-medium fg-loading-default fg-loaded-fade-in fg-hover-semi-zoomed fg-hover-fade fg-hover-circle-plus2\" id=\"foogallery-gallery-30412\" data-foogallery=\"{&quot;panel&quot;:{&quot;buttons&quot;:{&quot;download&quot;:false}},&quot;item&quot;:{&quot;showCaptionTitle&quot;:true,&quot;showCaptionDescription&quot;:true},&quot;lazy&quot;:true,&quot;template&quot;:{&quot;maxItems&quot;:5,&quot;scale&quot;:0.11999999999999999555910790149937383830547332763671875,&quot;gutter&quot;:{&quot;min&quot;:-40,&quot;max&quot;:-20,&quot;unit&quot;:&quot;%&quot;},&quot;autoplay&quot;:{&quot;time&quot;:0,&quot;interaction&quot;:&quot;pause&quot;},&quot;centerOnClick&quot;:true,&quot;align&quot;:&quot;center&quot;,&quot;activePosition&quot;:&quot;center&quot;}}\" data-foogallery-lightbox=\"{&quot;thumbs&quot;:&quot;bottom&quot;,&quot;thumbsCaptions&quot;:false,&quot;thumbsBestFit&quot;:false,&quot;thumbsSmall&quot;:false,&quot;thumbsCaptionsAlign&quot;:&quot;default&quot;,&quot;info&quot;:&quot;bottom&quot;,&quot;infoVisible&quot;:true,&quot;infoOverlay&quot;:true,&quot;infoAlign&quot;:&quot;default&quot;,&quot;transition&quot;:&quot;fade&quot;,&quot;hoverButtons&quot;:false,&quot;fitMedia&quot;:false,&quot;noScrollbars&quot;:true,&quot;preserveButtonSpace&quot;:true,&quot;buttons&quot;:{&quot;fullscreen&quot;:true,&quot;info&quot;:true,&quot;thumbs&quot;:false,&quot;download&quot;:false},&quot;video&quot;:{&quot;autoPlay&quot;:true}}\" style=\"--fg-title-line-clamp: 1; --fg-description-line-clamp: 2;\" >\n\t<button type=\"button\" class=\"fg-carousel-prev\" title=\"Previous\"><\/button>\n\t<div class=\"fg-carousel-inner\">\n\t\t<div class=\"fg-carousel-center\"><\/div>\n\t\t<div class=\"fg-item fg-type-image fg-idle\"><figure class=\"fg-item-inner\"><a href=\"https:\/\/www.slovensky-kras.eu\/info\/wp-content\/uploads\/2026\/05\/kostol-hrusov-3.jpeg\" data-caption-title=\"Kostol Nepo\u0161kvrnen\u00e9ho po\u010datia Panny M\u00e1rie v Hru\u0161ove\" data-attachment-id=\"30413\" data-type=\"image\" class=\"fg-thumb\"><span class=\"fg-image-wrap\"><img decoding=\"async\" alt=\"Kostol Nepo\u0161kvrnen\u00e9ho po\u010datia Panny M\u00e1rie v Hru\u0161ove\" title=\"Kostol Nepo\u0161kvrnen\u00e9ho po\u010datia Panny M\u00e1rie v Hru\u0161ove\" width=\"200\" height=\"200\" class=\"skip-lazy fg-image\" data-src-fg=\"https:\/\/www.slovensky-kras.eu\/info\/wp-content\/uploads\/cache\/2026\/05\/kostol-hrusov-3\/3205947333.jpeg\" src=\"data:image\/svg+xml,%3Csvg%20xmlns%3D%22http%3A%2F%2Fwww.w3.org%2F2000%2Fsvg%22%20width%3D%22200%22%20height%3D%22200%22%20viewBox%3D%220%200%20200%20200%22%3E%3C%2Fsvg%3E\" loading=\"eager\"><\/span><span class=\"fg-image-overlay\"><\/span><\/a><figcaption class=\"fg-caption\"><div class=\"fg-caption-inner\"><div class=\"fg-caption-title\">Kostol Nepo\u0161kvrnen\u00e9ho po\u010datia Panny M\u00e1rie v Hru\u0161ove<\/div><\/div><\/figcaption><\/figure><div class=\"fg-loader\"><\/div><\/div><div class=\"fg-item fg-type-image fg-idle\"><figure class=\"fg-item-inner\"><a href=\"https:\/\/www.slovensky-kras.eu\/info\/wp-content\/uploads\/2026\/05\/hrusov-kostol-zvonica.jpeg\" data-caption-title=\"Kostol Nepo\u0161kvrnen\u00e9ho po\u010datia Panny M\u00e1rie v Hru\u0161ove\" data-attachment-id=\"30414\" data-type=\"image\" class=\"fg-thumb\"><span class=\"fg-image-wrap\"><img decoding=\"async\" alt=\"Kostol Nepo\u0161kvrnen\u00e9ho po\u010datia Panny M\u00e1rie v Hru\u0161ove\" title=\"Kostol Nepo\u0161kvrnen\u00e9ho po\u010datia Panny M\u00e1rie v Hru\u0161ove\" width=\"200\" height=\"200\" class=\"skip-lazy fg-image\" data-src-fg=\"https:\/\/www.slovensky-kras.eu\/info\/wp-content\/uploads\/cache\/2026\/05\/hrusov-kostol-zvonica\/3061650072.jpeg\" src=\"data:image\/svg+xml,%3Csvg%20xmlns%3D%22http%3A%2F%2Fwww.w3.org%2F2000%2Fsvg%22%20width%3D%22200%22%20height%3D%22200%22%20viewBox%3D%220%200%20200%20200%22%3E%3C%2Fsvg%3E\" loading=\"eager\"><\/span><span class=\"fg-image-overlay\"><\/span><\/a><figcaption class=\"fg-caption\"><div class=\"fg-caption-inner\"><div class=\"fg-caption-title\">Kostol Nepo\u0161kvrnen\u00e9ho po\u010datia Panny M\u00e1rie v Hru\u0161ove<\/div><\/div><\/figcaption><\/figure><div class=\"fg-loader\"><\/div><\/div><div class=\"fg-item fg-type-image fg-idle\"><figure class=\"fg-item-inner\"><a href=\"https:\/\/www.slovensky-kras.eu\/info\/wp-content\/uploads\/2026\/05\/hrusov-kostol-leto1.jpeg\" data-caption-title=\"Kostol Nepo\u0161kvrnen\u00e9ho po\u010datia Panny M\u00e1rie v Hru\u0161ove\" data-attachment-id=\"30416\" data-type=\"image\" class=\"fg-thumb\"><span class=\"fg-image-wrap\"><img decoding=\"async\" alt=\"Kostol Nepo\u0161kvrnen\u00e9ho po\u010datia Panny M\u00e1rie v Hru\u0161ove\" title=\"Kostol Nepo\u0161kvrnen\u00e9ho po\u010datia Panny M\u00e1rie v Hru\u0161ove\" width=\"200\" height=\"200\" class=\"skip-lazy fg-image\" data-src-fg=\"https:\/\/www.slovensky-kras.eu\/info\/wp-content\/uploads\/cache\/2026\/05\/hrusov-kostol-leto1\/43147430.jpeg\" src=\"data:image\/svg+xml,%3Csvg%20xmlns%3D%22http%3A%2F%2Fwww.w3.org%2F2000%2Fsvg%22%20width%3D%22200%22%20height%3D%22200%22%20viewBox%3D%220%200%20200%20200%22%3E%3C%2Fsvg%3E\" loading=\"eager\"><\/span><span class=\"fg-image-overlay\"><\/span><\/a><figcaption class=\"fg-caption\"><div class=\"fg-caption-inner\"><div class=\"fg-caption-title\">Kostol Nepo\u0161kvrnen\u00e9ho po\u010datia Panny M\u00e1rie v Hru\u0161ove<\/div><\/div><\/figcaption><\/figure><div class=\"fg-loader\"><\/div><\/div><div class=\"fg-item fg-type-image fg-idle\"><figure class=\"fg-item-inner\"><a href=\"https:\/\/www.slovensky-kras.eu\/info\/wp-content\/uploads\/2026\/05\/hrusov-kostol-burka.jpeg\" data-caption-title=\"Kostol Nepo\u0161kvrnen\u00e9ho po\u010datia Panny M\u00e1rie v Hru\u0161ove\" data-attachment-id=\"30417\" data-type=\"image\" class=\"fg-thumb\"><span class=\"fg-image-wrap\"><img decoding=\"async\" alt=\"Kostol Nepo\u0161kvrnen\u00e9ho po\u010datia Panny M\u00e1rie v Hru\u0161ove\" title=\"Kostol Nepo\u0161kvrnen\u00e9ho po\u010datia Panny M\u00e1rie v Hru\u0161ove\" width=\"200\" height=\"200\" class=\"skip-lazy fg-image\" data-src-fg=\"https:\/\/www.slovensky-kras.eu\/info\/wp-content\/uploads\/cache\/2026\/05\/hrusov-kostol-burka\/2386344148.jpeg\" src=\"data:image\/svg+xml,%3Csvg%20xmlns%3D%22http%3A%2F%2Fwww.w3.org%2F2000%2Fsvg%22%20width%3D%22200%22%20height%3D%22200%22%20viewBox%3D%220%200%20200%20200%22%3E%3C%2Fsvg%3E\" loading=\"eager\"><\/span><span class=\"fg-image-overlay\"><\/span><\/a><figcaption class=\"fg-caption\"><div class=\"fg-caption-inner\"><div class=\"fg-caption-title\">Kostol Nepo\u0161kvrnen\u00e9ho po\u010datia Panny M\u00e1rie v Hru\u0161ove<\/div><\/div><\/figcaption><\/figure><div class=\"fg-loader\"><\/div><\/div>\t<\/div>\n\t<div class=\"fg-carousel-bottom\"><\/div>\n\t<div class=\"fg-carousel-progress\"><\/div>\n\t<button type=\"button\" class=\"fg-carousel-next\" title=\"Next\"><\/button>\n<\/div>\n<h2><span style=\"color: #800000;\">Zauj\u00edmav\u00e9 odkazy<\/span><\/h2>\n<h3><span style=\"color: #808000;\">Bl\u00edzke stredisko, turistick\u00e9 centrum, obec alebo mesto:<\/span><\/h3>\n<ul>\n<li><a href=\"http:\/\/www.slovensky-kras.eu\/info\/strediska-a-centra\/obec-hrusov\/\">Obec Hru\u0161ov (\u010d\u00edtaj viac&#8230;)<\/a><\/li>\n<\/ul>\n<h2><span style=\"color: #800000;\">Mapy<\/span><\/h2>\n<p><strong>Vrstvy: <\/strong>Turistick\u00e1 mapa, Automapa, Cyklomapa, Ly\u017eiarska mapa, Satelitn\u00e1 mapa a OpenStreetMap.<\/p>\n<p><strong>Kliknut\u00edm na logo &#8222;Freemap.sk&#8220; sa V\u00e1m mapa zobraz\u00ed na celej ploche obrazovky.<\/strong><\/p>\n<p><iframe style=\"width: 900px; height: 600px; border: 0;\" src=\"https:\/\/www.freemap.sk\/?map=15\/48.581370\/20.637120&amp;info-point=48.581370\/20.637120,Kostol Nepo\u0161kvrnen\u00e9ho po\u010datia Panny M\u00e1rie v Hru\u0161ove&amp;layers=X&amp;embed=search\" allowfullscreen=\"allowfullscreen\"><\/iframe><\/p>\n<h2><span style=\"color: #800000;\">Po\u010dasie<\/span><strong><br \/>\n<\/strong><br \/>\n<iframe style=\"width: 900px; height: 609px;\" src=\"https:\/\/www.meteoblue.com\/sk\/po%C4%8Dasie\/widget\/three\/hru%c5%a1ov_slovensk%c3%a1-republika_724635?geoloc=fixed&amp;nocurrent=0&amp;noforecast=0&amp;days=6&amp;tempunit=CELSIUS&amp;windunit=KILOMETER_PER_HOUR&amp;layout=image\" frameborder=\"0\" scrolling=\"NO\" sandbox=\"allow-same-origin allow-scripts allow-popups allow-popups-to-escape-sandbox\"><span data-mce-type=\"bookmark\" style=\"display: inline-block; width: 0px; overflow: hidden; line-height: 0;\" class=\"mce_SELRES_start\">\ufeff<\/span><\/iframe><\/h2>\n<div><!-- DO NOT REMOVE THIS LINK --><a href=\"https:\/\/www.meteoblue.com\/sk\/po%C4%8Dasie\/predpove%C4%8F\/t%C3%BD%C5%BEde%C5%88\/hru%c5%a1ov_slovensk%c3%a1-republika_724635?utm_source=weather_widget&amp;utm_medium=linkus&amp;utm_content=three&amp;utm_campaign=Weather%2BWidget\" target=\"_blank\" rel=\"noopener noreferrer\">meteoblue<\/a><\/div>\n","protected":false},"excerpt":{"rendered":"<p>Menu: Podkateg\u00f3ria: Pre\u010do nav\u0161t\u00edvi\u0165 Kostol Nepo\u0161kvrnen\u00e9ho po\u010datia Panny M\u00e1rie v Hru\u0161ove a ak\u00e9 tajomstv\u00e1 ukr\u00fdva t\u00e1to gotick\u00e1 pamiatka? H\u013ead\u00e1te skryt\u00fd klenot Gemera, kde sa zastavil \u010das a gotick\u00e9 m\u00fary rozpr\u00e1vaj\u00fa [&hellip;]<\/p>\n","protected":false},"author":1,"featured_media":30417,"parent":15,"menu_order":0,"comment_status":"closed","ping_status":"open","template":"","meta":{"_uag_custom_page_level_css":"","footnotes":""},"class_list":["post-635","page","type-page","status-publish","has-post-thumbnail","hentry"],"featured_image_src":"https:\/\/www.slovensky-kras.eu\/info\/wp-content\/uploads\/2026\/05\/hrusov-kostol-burka.jpeg","featured_image_src_square":"https:\/\/www.slovensky-kras.eu\/info\/wp-content\/uploads\/2026\/05\/hrusov-kostol-burka.jpeg","rbea_author_info":{"display_name":"admin","author_link":"https:\/\/www.slovensky-kras.eu\/info\/author\/admin\/"},"rbea_excerpt_info":"Menu: Podkateg\u00f3ria: Pre\u010do nav\u0161t\u00edvi\u0165 Kostol Nepo\u0161kvrnen\u00e9ho po\u010datia Panny M\u00e1rie v Hru\u0161ove a ak\u00e9 tajomstv\u00e1 ukr\u00fdva t\u00e1to gotick\u00e1 pamiatka? H\u013ead\u00e1te skryt\u00fd klenot Gemera, kde sa zastavil \u010das a gotick\u00e9 m\u00fary rozpr\u00e1vaj\u00fa [&hellip;]","uagb_featured_image_src":{"full":["https:\/\/www.slovensky-kras.eu\/info\/wp-content\/uploads\/2026\/05\/hrusov-kostol-burka.jpeg",1376,768,false],"thumbnail":["https:\/\/www.slovensky-kras.eu\/info\/wp-content\/uploads\/2026\/05\/hrusov-kostol-burka-150x150.jpeg",150,150,true],"medium":["https:\/\/www.slovensky-kras.eu\/info\/wp-content\/uploads\/2026\/05\/hrusov-kostol-burka-800x447.jpeg",800,447,true],"medium_large":["https:\/\/www.slovensky-kras.eu\/info\/wp-content\/uploads\/2026\/05\/hrusov-kostol-burka-768x429.jpeg",768,429,true],"large":["https:\/\/www.slovensky-kras.eu\/info\/wp-content\/uploads\/2026\/05\/hrusov-kostol-burka-1024x572.jpeg",1024,572,true],"1536x1536":["https:\/\/www.slovensky-kras.eu\/info\/wp-content\/uploads\/2026\/05\/hrusov-kostol-burka.jpeg",1376,768,false],"2048x2048":["https:\/\/www.slovensky-kras.eu\/info\/wp-content\/uploads\/2026\/05\/hrusov-kostol-burka.jpeg",1376,768,false]},"uagb_author_info":{"display_name":"admin","author_link":"https:\/\/www.slovensky-kras.eu\/info\/author\/admin\/"},"uagb_comment_info":0,"uagb_excerpt":"Menu: Podkateg\u00f3ria: Pre\u010do nav\u0161t\u00edvi\u0165 Kostol Nepo\u0161kvrnen\u00e9ho po\u010datia Panny M\u00e1rie v Hru\u0161ove a ak\u00e9 tajomstv\u00e1 ukr\u00fdva t\u00e1to gotick\u00e1 pamiatka? H\u013ead\u00e1te skryt\u00fd klenot Gemera, kde sa zastavil \u010das a gotick\u00e9 m\u00fary rozpr\u00e1vaj\u00fa [&hellip;]","_links":{"self":[{"href":"https:\/\/www.slovensky-kras.eu\/info\/wp-json\/wp\/v2\/pages\/635","targetHints":{"allow":["GET"]}}],"collection":[{"href":"https:\/\/www.slovensky-kras.eu\/info\/wp-json\/wp\/v2\/pages"}],"about":[{"href":"https:\/\/www.slovensky-kras.eu\/info\/wp-json\/wp\/v2\/types\/page"}],"author":[{"embeddable":true,"href":"https:\/\/www.slovensky-kras.eu\/info\/wp-json\/wp\/v2\/users\/1"}],"replies":[{"embeddable":true,"href":"https:\/\/www.slovensky-kras.eu\/info\/wp-json\/wp\/v2\/comments?post=635"}],"version-history":[{"count":10,"href":"https:\/\/www.slovensky-kras.eu\/info\/wp-json\/wp\/v2\/pages\/635\/revisions"}],"predecessor-version":[{"id":30419,"href":"https:\/\/www.slovensky-kras.eu\/info\/wp-json\/wp\/v2\/pages\/635\/revisions\/30419"}],"up":[{"embeddable":true,"href":"https:\/\/www.slovensky-kras.eu\/info\/wp-json\/wp\/v2\/pages\/15"}],"wp:featuredmedia":[{"embeddable":true,"href":"https:\/\/www.slovensky-kras.eu\/info\/wp-json\/wp\/v2\/media\/30417"}],"wp:attachment":[{"href":"https:\/\/www.slovensky-kras.eu\/info\/wp-json\/wp\/v2\/media?parent=635"}],"curies":[{"name":"wp","href":"https:\/\/api.w.org\/{rel}","templated":true}]}}