{"id":502,"date":"2013-06-29T15:55:40","date_gmt":"2013-06-29T13:55:40","guid":{"rendered":"http:\/\/www.slovensky-kras.eu\/info\/?page_id=502"},"modified":"2025-11-16T10:13:33","modified_gmt":"2025-11-16T09:13:33","slug":"pr-pod-fabiankou","status":"publish","type":"page","link":"https:\/\/www.slovensky-kras.eu\/info\/kam-do-prirody\/pr-pod-fabiankou\/","title":{"rendered":"PR Pod Fabiankou"},"content":{"rendered":"<p><strong>Menu: <\/strong> <a href=\"http:\/\/www.slovensky-kras.eu\/info\/\" class=\"su-button su-button-style-default\" style=\"color:#000000;background-color:#FFCF2F;border-color:#cca626;border-radius:5px\" target=\"_self\"><span style=\"color:#000000;padding:6px 16px;font-size:13px;line-height:20px;border-color:#ffde6e;border-radius:5px;text-shadow:none\"><i class=\"sui sui-arrow-right\" style=\"font-size:13px;color:#000000\"><\/i>  \u00davod \/ Aktuality <\/span><\/a>\n<a href=\"http:\/\/www.slovensky-kras.eu\/info\/kam-do-prirody\/\" class=\"su-button su-button-style-default\" style=\"color:#000000;background-color:#FFCF2F;border-color:#cca626;border-radius:5px\" target=\"_self\"><span style=\"color:#000000;padding:6px 16px;font-size:13px;line-height:20px;border-color:#ffde6e;border-radius:5px;text-shadow:none\"><i class=\"sui sui-arrow-right\" style=\"font-size:13px;color:#000000\"><\/i>  Kam do pr\u00edrody <\/span><\/a>\n<p><strong>Podkateg\u00f3ria: <\/strong> <a href=\"http:\/\/www.slovensky-kras.eu\/info\/kam-do-prirody\/prirodne-rezervacie\/\" class=\"su-button su-button-style-default\" style=\"color:#000000;background-color:#C5ED2C;border-color:#9ebe24;border-radius:5px\" target=\"_self\"><span style=\"color:#000000;padding:6px 16px;font-size:13px;line-height:20px;border-color:#d7f36c;border-radius:5px;text-shadow:none\"><i class=\"sui sui-arrow-right\" style=\"font-size:13px;color:#000000\"><\/i>  Pr\u00edrodn\u00e9 rezerv\u00e1cie <\/span><\/a>\n<div class=\"su-divider su-divider-style-default\" style=\"margin:15px 0;border-width:2px;border-color:#000000\"><\/div>\n<figure id=\"attachment_28652\" aria-describedby=\"caption-attachment-28652\" style=\"width: 900px\" class=\"wp-caption aligncenter\"><a href=\"https:\/\/www.slovensky-kras.eu\/info\/wp-content\/uploads\/2025\/11\/PR-Pod-Fabiankou.jpeg\"><img loading=\"lazy\" decoding=\"async\" class=\"wp-image-28652\" src=\"https:\/\/www.slovensky-kras.eu\/info\/wp-content\/uploads\/2025\/11\/PR-Pod-Fabiankou.jpeg\" alt=\"PR Pod Fabiankou\" width=\"900\" height=\"600\" srcset=\"https:\/\/www.slovensky-kras.eu\/info\/wp-content\/uploads\/2025\/11\/PR-Pod-Fabiankou.jpeg 960w, https:\/\/www.slovensky-kras.eu\/info\/wp-content\/uploads\/2025\/11\/PR-Pod-Fabiankou-800x533.jpeg 800w, https:\/\/www.slovensky-kras.eu\/info\/wp-content\/uploads\/2025\/11\/PR-Pod-Fabiankou-768x512.jpeg 768w\" sizes=\"auto, (max-width: 900px) 100vw, 900px\" \/><\/a><figcaption id=\"caption-attachment-28652\" class=\"wp-caption-text\">PR Pod Fabiankou<\/figcaption><\/figure>\n<div class=\"su-divider su-divider-style-default\" style=\"margin:15px 0;border-width:2px;border-color:#000000\"><\/div>\n<h2 dir=\"auto\"><span style=\"color: #800000;\">Kde sa nach\u00e1dza Pr\u00edrodn\u00e1 rezerv\u00e1cia Pod Fabiankou?<\/span><\/h2>\n<p dir=\"auto\"><strong>PR Pod Fabiankou<\/strong> sa nach\u00e1dza v Slovenskom krase, konkr\u00e9tne v katastr\u00e1lnom \u00fazem\u00ed obce Silica v okrese Ro\u017e\u0148ava, Ko\u0161ick\u00fd kraj. <strong>Pod Fabiankou<\/strong> le\u017e\u00ed na Silickej planine pribli\u017ene 4 km v\u00fdchodne od obce Silica. <strong>Pod Fabiankou<\/strong> vyhl\u00e1sen\u00e1 v roku 1982 a rozlohou 1,22 ha sa rad\u00ed medzi mal\u00e9 \u00fazemia.<\/p>\n<h2 dir=\"auto\"><span style=\"color: #800000;\">Pod Fabiankou: Na \u010do bola t\u00e1to rezerv\u00e1cia vyhl\u00e1sen\u00e1?<\/span><\/h2>\n<p dir=\"auto\"><strong>Pod Fabiankou<\/strong> je vyhl\u00e1sen\u00e1 na ochranu zvy\u0161kov prirodzenej slatinnej veget\u00e1cie a ojedinel\u00fdch i chr\u00e1nen\u00fdch druhov rastl\u00edn v NP Slovensk\u00fd kras na vedeckov\u00fdskumn\u00e9, n\u00e1u\u010dn\u00e9 a kult\u00farno-v\u00fdchovn\u00e9 ciele. <strong>Pod Fabiankou<\/strong> predstavuje jedin\u00fa zn\u00e1mu lokalitu <strong>kosatca sib\u00edrskeho<\/strong> v Slovenskom krase, vz\u00e1cne fytocen\u00f3zy.<\/p>\n<h2 dir=\"auto\"><span style=\"color: #800000;\">Pod Fabiankou: \u010c\u00edm je t\u00e1to lokalita v\u00fdnimo\u010dn\u00e1 pre pr\u00edrodu?<\/span><\/h2>\n<p dir=\"auto\"><strong>Pod Fabiankou<\/strong> predstavuje al\u00favium dolnej \u010dasti Brezoblatn\u00e9ho potoka na miestach niekdaj\u0161\u00edch jel\u0161\u00edn so zachovalou pobre\u017enou veget\u00e1ciou, reprezentovanou bohat\u00fdm zast\u00fapen\u00edm vz\u00e1cnych a chr\u00e1nen\u00fdch druhov, najm\u00e4 <strong>kosatca sib\u00edrskeho<\/strong> (Iris sibirica).<\/p>\n<h2 dir=\"auto\"><span style=\"color: #800000;\">Pod Fabiankou: Ak\u00e9 pravidl\u00e1 ochrany tu platia pre turistov?<\/span><\/h2>\n<p dir=\"auto\">Ke\u010f\u017ee je tu 5. stupe\u0148 ochrany plat\u00ed tu z\u00e1kaz pohybova\u0165 sa mimo vyzna\u010den\u00e9ho turistick\u00e9ho chodn\u00edka alebo n\u00e1u\u010dn\u00e9ho chodn\u00edka za hranicami zastavan\u00e9ho \u00fazemia obce a vch\u00e1dza\u0165 s bicyklom na pozemky za hranicami zastavan\u00e9ho \u00fazemia obce mimo dia\u013enice, cesty, miestnej komunik\u00e1cie a vyzna\u010denej cyklotrasy!!!<\/p>\n<h2 dir=\"auto\"><span style=\"color: #800000;\">Pod Fabiankou: Ako z\u00edska\u0165 povolenie na vstup do rezerv\u00e1cie s 5. stup\u0148om ochrany?<\/span><\/h2>\n<p dir=\"auto\"><strong>Na vstup do pr\u00edrodnej rezerv\u00e1cie Pod Fabiankou s 5. stup\u0148om ochrany je potrebn\u00e9, aby ste postupovali nasledovne:<\/strong><\/p>\n<ol dir=\"auto\">\n<li>Poda\u0165 \u017eiados\u0165 na okresn\u00fd \u00farad v s\u00eddle kraja odbor starostlivosti o \u017eivotn\u00e9 prostredie na udelenie v\u00fdnimky z \u00fazemnej ochrany pod\u013ea \u00a7 16 ods. 1 p\u00edsm. a) z\u00e1kona \u010d. 543\/2002 Z.z. o ochrane pr\u00edrody a krajiny v znen\u00ed neskor\u0161\u00edch predpisov. Tak\u00fato \u017eiados\u0165 treba riadne od\u00f4vodni\u0165 a uvies\u0165 d\u00f4vody, pre ktor\u00e9 by mala by\u0165 v\u00fdnimka udelen\u00e1.<\/li>\n<li>Tak\u00e9to podanie sa spoplat\u0148uje pod\u013ea polo\u017eky 160 z\u00e1kona \u010d. 145\/1995 o spr\u00e1vnych poplatkoch v znen\u00ed neskor\u0161\u00edch predpisov sumou 10 Eur, ak pod\u00e1va \u017eiados\u0165 fyzick\u00e1 osoba alebo 100 Eur, ak je \u017eiados\u0165 podan\u00e1 pr\u00e1vnickou osobou.<\/li>\n<\/ol>\n<p dir=\"auto\">Objavte <strong>Pod Fabiankou<\/strong> \u2013 unik\u00e1tnu pr\u00edrodn\u00fa rezerv\u00e1ciu v Slovenskom krase s jedinou lokalitou <strong>kosatca sib\u00edrskeho<\/strong>, vz\u00e1cnou slatinnou veget\u00e1ciou a pr\u00edsnou ochranou pre zachovanie pr\u00edrodn\u00e9ho bohatstva.<\/p>\n<h3><span style=\"color: #808000;\">Bl\u00edzke stredisko, turistick\u00e9 centrum, obec alebo mesto:<\/span><\/h3>\n<ul>\n<li><a href=\"http:\/\/www.slovensky-kras.eu\/info\/strediska-a-centra\/obec-silica\/\">Obec Silica (\u010d\u00edtaj viac&#8230;<\/a>)<\/li>\n<\/ul>\n<h2><span style=\"color: #800000;\">Mapy<\/span><\/h2>\n<p><strong>Vrstvy: <\/strong>Turistick\u00e1 mapa, Automapa, Cyklomapa, Ly\u017eiarska mapa, Satelitn\u00e1 mapa a OpenStreetMap.<\/p>\n<p><strong>Kliknut\u00edm na logo &#8222;Freemap.sk&#8220; sa V\u00e1m mapa zobraz\u00ed na celej ploche obrazovky.<\/strong><\/p>\n<p><iframe style=\"width: 900px; height: 600px; border: 0;\" src=\"https:\/\/www.freemap.sk\/?map=14\/48.547957\/20.548564&amp;info-point=48.547957\/20.548564,PR Pod Fabiankou&amp;layers=X&amp;embed=search\" allowfullscreen=\"allowfullscreen\"><span data-mce-type=\"bookmark\" style=\"display: inline-block; width: 0px; overflow: hidden; line-height: 0;\" class=\"mce_SELRES_start\">\ufeff<\/span><\/iframe><\/p>\n<h2><span style=\"color: #800000;\">Po\u010dasie<\/span><strong><br \/>\n<\/strong><br \/>\n<iframe style=\"width: 900px; height: 609px;\" src=\"https:\/\/www.meteoblue.com\/sk\/po%C4%8Dasie\/widget\/three\/silica_slovensk%c3%a1-republika_723621?geoloc=fixed&amp;nocurrent=0&amp;noforecast=0&amp;days=6&amp;tempunit=CELSIUS&amp;windunit=KILOMETER_PER_HOUR&amp;layout=image\" frameborder=\"0\" scrolling=\"NO\" sandbox=\"allow-same-origin allow-scripts allow-popups allow-popups-to-escape-sandbox\"><span data-mce-type=\"bookmark\" style=\"display: inline-block; width: 0px; overflow: hidden; line-height: 0;\" class=\"mce_SELRES_start\">\ufeff<\/span><\/iframe><\/h2>\n<div><!-- DO NOT REMOVE THIS LINK --><a href=\"https:\/\/www.meteoblue.com\/sk\/po%C4%8Dasie\/predpove%C4%8F\/t%C3%BD%C5%BEde%C5%88\/silica_slovensk%c3%a1-republika_723621?utm_source=weather_widget&amp;utm_medium=linkus&amp;utm_content=three&amp;utm_campaign=Weather%2BWidget\" target=\"_blank\" rel=\"noopener noreferrer\">meteoblue<\/a><\/div>\n<p><strong>Zdroj inform\u00e1ci\u00ed :<\/strong> <a href=\"http:\/\/www.sopsr.sk\/slovkras\/\" target=\"_blank\" rel=\"noopener noreferrer\">NP Slovensk\u00fd kras<\/a><\/p>\n","protected":false},"excerpt":{"rendered":"<p>Menu: Podkateg\u00f3ria: Kde sa nach\u00e1dza Pr\u00edrodn\u00e1 rezerv\u00e1cia Pod Fabiankou? PR Pod Fabiankou sa nach\u00e1dza v Slovenskom krase, konkr\u00e9tne v katastr\u00e1lnom \u00fazem\u00ed obce Silica v okrese Ro\u017e\u0148ava, Ko\u0161ick\u00fd kraj. Pod Fabiankou [&hellip;]<\/p>\n","protected":false},"author":1,"featured_media":28652,"parent":13,"menu_order":0,"comment_status":"closed","ping_status":"open","template":"","meta":{"_uag_custom_page_level_css":"","footnotes":""},"class_list":["post-502","page","type-page","status-publish","has-post-thumbnail","hentry"],"featured_image_src":"https:\/\/www.slovensky-kras.eu\/info\/wp-content\/uploads\/2025\/11\/PR-Pod-Fabiankou.jpeg","featured_image_src_square":"https:\/\/www.slovensky-kras.eu\/info\/wp-content\/uploads\/2025\/11\/PR-Pod-Fabiankou.jpeg","rbea_author_info":{"display_name":"admin","author_link":"https:\/\/www.slovensky-kras.eu\/info\/author\/admin\/"},"rbea_excerpt_info":"Menu: Podkateg\u00f3ria: Kde sa nach\u00e1dza Pr\u00edrodn\u00e1 rezerv\u00e1cia Pod Fabiankou? PR Pod Fabiankou sa nach\u00e1dza v Slovenskom krase, konkr\u00e9tne v katastr\u00e1lnom \u00fazem\u00ed obce Silica v okrese Ro\u017e\u0148ava, Ko\u0161ick\u00fd kraj. Pod Fabiankou [&hellip;]","uagb_featured_image_src":{"full":["https:\/\/www.slovensky-kras.eu\/info\/wp-content\/uploads\/2025\/11\/PR-Pod-Fabiankou.jpeg",960,640,false],"thumbnail":["https:\/\/www.slovensky-kras.eu\/info\/wp-content\/uploads\/2025\/11\/PR-Pod-Fabiankou-150x150.jpeg",150,150,true],"medium":["https:\/\/www.slovensky-kras.eu\/info\/wp-content\/uploads\/2025\/11\/PR-Pod-Fabiankou-800x533.jpeg",800,533,true],"medium_large":["https:\/\/www.slovensky-kras.eu\/info\/wp-content\/uploads\/2025\/11\/PR-Pod-Fabiankou-768x512.jpeg",768,512,true],"large":["https:\/\/www.slovensky-kras.eu\/info\/wp-content\/uploads\/2025\/11\/PR-Pod-Fabiankou.jpeg",960,640,false],"1536x1536":["https:\/\/www.slovensky-kras.eu\/info\/wp-content\/uploads\/2025\/11\/PR-Pod-Fabiankou.jpeg",960,640,false],"2048x2048":["https:\/\/www.slovensky-kras.eu\/info\/wp-content\/uploads\/2025\/11\/PR-Pod-Fabiankou.jpeg",960,640,false]},"uagb_author_info":{"display_name":"admin","author_link":"https:\/\/www.slovensky-kras.eu\/info\/author\/admin\/"},"uagb_comment_info":0,"uagb_excerpt":"Menu: Podkateg\u00f3ria: Kde sa nach\u00e1dza Pr\u00edrodn\u00e1 rezerv\u00e1cia Pod Fabiankou? PR Pod Fabiankou sa nach\u00e1dza v Slovenskom krase, konkr\u00e9tne v katastr\u00e1lnom \u00fazem\u00ed obce Silica v okrese Ro\u017e\u0148ava, Ko\u0161ick\u00fd kraj. Pod Fabiankou [&hellip;]","_links":{"self":[{"href":"https:\/\/www.slovensky-kras.eu\/info\/wp-json\/wp\/v2\/pages\/502","targetHints":{"allow":["GET"]}}],"collection":[{"href":"https:\/\/www.slovensky-kras.eu\/info\/wp-json\/wp\/v2\/pages"}],"about":[{"href":"https:\/\/www.slovensky-kras.eu\/info\/wp-json\/wp\/v2\/types\/page"}],"author":[{"embeddable":true,"href":"https:\/\/www.slovensky-kras.eu\/info\/wp-json\/wp\/v2\/users\/1"}],"replies":[{"embeddable":true,"href":"https:\/\/www.slovensky-kras.eu\/info\/wp-json\/wp\/v2\/comments?post=502"}],"version-history":[{"count":8,"href":"https:\/\/www.slovensky-kras.eu\/info\/wp-json\/wp\/v2\/pages\/502\/revisions"}],"predecessor-version":[{"id":28653,"href":"https:\/\/www.slovensky-kras.eu\/info\/wp-json\/wp\/v2\/pages\/502\/revisions\/28653"}],"up":[{"embeddable":true,"href":"https:\/\/www.slovensky-kras.eu\/info\/wp-json\/wp\/v2\/pages\/13"}],"wp:featuredmedia":[{"embeddable":true,"href":"https:\/\/www.slovensky-kras.eu\/info\/wp-json\/wp\/v2\/media\/28652"}],"wp:attachment":[{"href":"https:\/\/www.slovensky-kras.eu\/info\/wp-json\/wp\/v2\/media?parent=502"}],"curies":[{"name":"wp","href":"https:\/\/api.w.org\/{rel}","templated":true}]}}