{"id":462,"date":"2013-06-29T14:57:07","date_gmt":"2013-06-29T12:57:07","guid":{"rendered":"http:\/\/www.slovensky-kras.eu\/info\/?page_id=462"},"modified":"2025-11-16T06:52:52","modified_gmt":"2025-11-16T05:52:52","slug":"npr-hrusovska-lesostep","status":"publish","type":"page","link":"https:\/\/www.slovensky-kras.eu\/info\/kam-do-prirody\/npr-hrusovska-lesostep\/","title":{"rendered":"NPR Hru\u0161ovsk\u00e1 lesostep"},"content":{"rendered":"<p><strong>Menu: <\/strong> <a href=\"http:\/\/www.slovensky-kras.eu\/info\/\" class=\"su-button su-button-style-default\" style=\"color:#000000;background-color:#FFCF2F;border-color:#cca626;border-radius:5px\" target=\"_self\"><span style=\"color:#000000;padding:6px 16px;font-size:13px;line-height:20px;border-color:#ffde6e;border-radius:5px;text-shadow:none\"><i class=\"sui sui-arrow-right\" style=\"font-size:13px;color:#000000\"><\/i>  \u00davod \/ Aktuality <\/span><\/a>\n<a href=\"http:\/\/www.slovensky-kras.eu\/info\/kam-do-prirody\/\" class=\"su-button su-button-style-default\" style=\"color:#000000;background-color:#FFCF2F;border-color:#cca626;border-radius:5px\" target=\"_self\"><span style=\"color:#000000;padding:6px 16px;font-size:13px;line-height:20px;border-color:#ffde6e;border-radius:5px;text-shadow:none\"><i class=\"sui sui-arrow-right\" style=\"font-size:13px;color:#000000\"><\/i>  Kam do pr\u00edrody <\/span><\/a>\n<p><strong>Podkateg\u00f3ria: <\/strong> <a href=\"http:\/\/www.slovensky-kras.eu\/info\/kam-do-prirody\/narodne-prirodne-rezervacie\/\" class=\"su-button su-button-style-default\" style=\"color:#000000;background-color:#C5ED2C;border-color:#9ebe24;border-radius:5px\" target=\"_self\"><span style=\"color:#000000;padding:6px 16px;font-size:13px;line-height:20px;border-color:#d7f36c;border-radius:5px;text-shadow:none\"><i class=\"sui sui-arrow-right\" style=\"font-size:13px;color:#000000\"><\/i>  N\u00e1rodn\u00e9 pr\u00edrodn\u00e9 rezerv\u00e1cie <\/span><\/a>\n<div class=\"su-divider su-divider-style-default\" style=\"margin:15px 0;border-width:2px;border-color:#000000\"><\/div>\n<figure id=\"attachment_18771\" aria-describedby=\"caption-attachment-18771\" style=\"width: 900px\" class=\"wp-caption aligncenter\"><a href=\"https:\/\/www.slovensky-kras.eu\/info\/wp-content\/uploads\/2020\/12\/Hrusovska-lesostep-a-vinice-pod-nou.jpg\"><img loading=\"lazy\" decoding=\"async\" class=\"wp-image-18771\" src=\"http:\/\/www.slovensky-kras.eu\/info\/wp-content\/uploads\/2020\/12\/Hrusovska-lesostep-a-vinice-pod-nou.jpg\" alt=\"NPR Hru\u0161ovsk\u00e1 lesostep\" width=\"900\" height=\"507\" srcset=\"https:\/\/www.slovensky-kras.eu\/info\/wp-content\/uploads\/2020\/12\/Hrusovska-lesostep-a-vinice-pod-nou.jpg 800w, https:\/\/www.slovensky-kras.eu\/info\/wp-content\/uploads\/2020\/12\/Hrusovska-lesostep-a-vinice-pod-nou-768x433.jpg 768w\" sizes=\"auto, (max-width: 900px) 100vw, 900px\" \/><\/a><figcaption id=\"caption-attachment-18771\" class=\"wp-caption-text\">NPR Hru\u0161ovsk\u00e1 lesostep, zdroj foto: http:\/\/npslovenskykras.sopsr.sk\/<\/figcaption><\/figure>\n<div class=\"su-divider su-divider-style-default\" style=\"margin:15px 0;border-width:2px;border-color:#000000\"><\/div>\n<h2 dir=\"auto\"><span style=\"color: #800000;\">Kde sa nach\u00e1dza Hru\u0161ovsk\u00e1 lesostep a ak\u00fa m\u00e1 rozlohu? <\/span><\/h2>\n<p dir=\"auto\"><strong>Hru\u0161ovsk\u00e1 lesostep<\/strong> \u2013 N\u00e1rodn\u00e1 pr\u00edrodn\u00e1 rezerv\u00e1cia (NPR) sa rozprestiera v <strong>Slovenskom krase<\/strong>, presne v katastri obce Hru\u0161ov v okrese Ro\u017e\u0148ava, Ko\u0161ick\u00fd kraj. Tvor\u00ed ju\u017en\u00fa \u010das\u0165 <strong>Silickej planiny<\/strong> a je integr\u00e1lnou s\u00fa\u010das\u0165ou N\u00e1rodn\u00e9ho parku <strong>Slovensk\u00fd kras<\/strong>. Chr\u00e1nen\u00e9 \u00fazemie zaber\u00e1 pribli\u017ene 40,85 hekt\u00e1ra. Prv\u00fdkr\u00e1t bolo vyhl\u00e1sen\u00e9 za chr\u00e1nen\u00e9 v roku 1954 a novelizovan\u00e9 v roku 1984.<\/p>\n<h2 dir=\"auto\"><span style=\"color: #800000;\">\u010co chr\u00e1ni Hru\u0161ovsk\u00e1 lesostep a pre\u010do je v\u00fdnimo\u010dn\u00e1? <\/span><\/h2>\n<p dir=\"auto\">Rezerv\u00e1cia severne od obce Hru\u0161ov, na strm\u00fdch v\u00e1pencov\u00fdch str\u00e1\u0148ach <strong>Silickej planiny<\/strong>, je uk\u00e1\u017ekou pestrej <strong>teplomilnej<\/strong> a <strong>suchomilnej fl\u00f3ry<\/strong> v <strong>lesostepn\u00fdch spolo\u010denstv\u00e1ch<\/strong> <strong>duba plstnat\u00e9ho<\/strong> a <strong>jase\u0148a mannov\u00e9ho<\/strong>. Chr\u00e1nia sa tu aj vz\u00e1cne spolo\u010denstv\u00e1 \u017eivo\u010d\u00edchov, ktor\u00e9 s\u00fa typick\u00e9 pre najteplej\u0161ie <strong>v\u00e1pencov\u00e9 krasov\u00e9 \u00fazemia<\/strong>. NPR je vyhl\u00e1sen\u00e1 na ochranu zachovan\u00fdch <strong>lesostepn\u00fdch spolo\u010denstiev<\/strong> s <strong>dubom plstnat\u00fdm<\/strong>, <strong>jase\u0148om mannov\u00fdm<\/strong> a druhovo bohat\u00fdm krovinn\u00fdm a bylinn\u00fdm podrastom na vedeckov\u00fdskumn\u00e9, n\u00e1u\u010dn\u00e9 a kult\u00farno-v\u00fdchovn\u00e9 ciele.<\/p>\n<h2 dir=\"auto\"><span style=\"color: #800000;\">Ak\u00fa jedine\u010dn\u00fa atrakciu skr\u00fdva Hru\u0161ovsk\u00e1 lesostep? <\/span><\/h2>\n<p dir=\"auto\">Na jej \u00fazem\u00ed sa nach\u00e1dza <strong>Hru\u0161ovsk\u00e1 jasky\u0148a<\/strong>, ktor\u00e1 je v\u00fdverovou jasky\u0148ou podzemn\u00e9ho toku Evete\u0161 na antiklin\u00e1lnej elev\u00e1cii verf\u00e9nskych bridl\u00edc. <strong>Hru\u0161ovsk\u00e1 jasky\u0148a<\/strong> m\u00e1 jedine\u010dn\u00fa <strong>kvap\u013eov\u00fa v\u00fdzdobu<\/strong>, ktor\u00e1 patr\u00ed medzi najkraj\u0161ie v celej Eur\u00f3pe. Jasky\u0148a je pre verejnos\u0165 nespr\u00edstupnen\u00e1.<\/p>\n<h2 dir=\"auto\"><span style=\"color: #800000;\">Ak\u00fd stupe\u0148 ochrany plat\u00ed v Hru\u0161ovskej lesostepi? <\/span><\/h2>\n<p dir=\"auto\">Na \u00fazem\u00ed NPR plat\u00ed <strong>5. stupe\u0148 ochrany<\/strong>.<\/p>\n<h2 dir=\"auto\"><span style=\"color: #800000;\">Ako sa dosta\u0165 do Hru\u0161ovskej lesostepi a ak\u00e9 s\u00fa pravidl\u00e1 pohybu? <\/span><\/h2>\n<p dir=\"auto\">Prech\u00e1dza tadia\u013e \u017elt\u00e1 turistick\u00e1 trasa z obce Hru\u0161ov do strediska Soro\u0161ka \u2013 Jablonovsk\u00e9 sedlo. Ke\u010f\u017ee je tu <strong>5. stupe\u0148 ochrany<\/strong>, plat\u00ed tu z\u00e1kaz pohybova\u0165 sa mimo vyzna\u010den\u00e9ho turistick\u00e9ho chodn\u00edka alebo n\u00e1u\u010dn\u00e9ho chodn\u00edka za hranicami zastavan\u00e9ho \u00fazemia obce a vch\u00e1dza\u0165 s bicyklom na pozemky za hranicami zastavan\u00e9ho \u00fazemia obce mimo dia\u013enice, cesty, miestnej komunik\u00e1cie a vyzna\u010denej cyklotrasy!!!<\/p>\n<h2 dir=\"auto\"><span style=\"color: #800000;\">Ako z\u00edska\u0165 povolenie na vstup do Hru\u0161ovskej lesostepi s 5. stup\u0148om ochrany?<\/span><\/h2>\n<p dir=\"auto\"><strong>Na vstup do pr\u00edrodnej rezerv\u00e1cie s 5. stup\u0148om ochrany je potrebn\u00e9, aby ste postupovali nasledovne:<\/strong><\/p>\n<ol dir=\"auto\">\n<li>Poda\u0165 \u017eiados\u0165 na okresn\u00fd \u00farad v s\u00eddle kraja odbor starostlivosti o \u017eivotn\u00e9 prostredie na udelenie v\u00fdnimky z \u00fazemnej ochrany pod\u013ea \u00a7 16 ods. 1 p\u00edsm. a) z\u00e1kona \u010d. 543\/2002 Z.z. o ochrane pr\u00edrody a krajiny v znen\u00ed neskor\u0161\u00edch predpisov. Tak\u00fato \u017eiados\u0165 treba riadne od\u00f4vodni\u0165 a uvies\u0165 d\u00f4vody, pre ktor\u00e9 by mala by\u0165 v\u00fdnimka udelen\u00e1.<\/li>\n<li>Tak\u00e9to podanie sa spoplat\u0148uje pod\u013ea polo\u017eky 160 z\u00e1kona \u010d. 145\/1995 o spr\u00e1vnych poplatkoch v znen\u00ed neskor\u0161\u00edch predpisov sumou 10 Eur, ak pod\u00e1va \u017eiados\u0165 fyzick\u00e1 osoba alebo 100 Eur, ak je \u017eiados\u0165 podan\u00e1 pr\u00e1vnickou osobou.<\/li>\n<\/ol>\n<h2><span style=\"color: #800000;\">Fotogal\u00e9ria<\/span><\/h2>\n<style type=\"text\/css\">\n#foogallery-gallery-28632 .fg-image { width: 200px; }<\/style>\n\t\t\t<div class=\"foogallery foogallery-container foogallery-carousel foogallery-lightbox-foogallery fg-carousel fg-ready fg-light fg-border-medium fg-round-small fg-shadow-medium fg-loading-default fg-loaded-fade-in fg-hover-semi-zoomed fg-hover-fade fg-hover-circle-plus2\" id=\"foogallery-gallery-28632\" data-foogallery=\"{&quot;item&quot;:{&quot;showCaptionTitle&quot;:true,&quot;showCaptionDescription&quot;:true},&quot;lazy&quot;:true,&quot;template&quot;:{&quot;maxItems&quot;:5,&quot;scale&quot;:0.11999999999999999555910790149937383830547332763671875,&quot;gutter&quot;:{&quot;min&quot;:-40,&quot;max&quot;:-20,&quot;unit&quot;:&quot;%&quot;},&quot;autoplay&quot;:{&quot;time&quot;:0,&quot;interaction&quot;:&quot;pause&quot;},&quot;centerOnClick&quot;:true,&quot;align&quot;:&quot;center&quot;,&quot;activePosition&quot;:&quot;center&quot;}}\" data-foogallery-lightbox=\"{&quot;thumbs&quot;:&quot;bottom&quot;,&quot;thumbsCaptions&quot;:false,&quot;thumbsBestFit&quot;:false,&quot;thumbsSmall&quot;:false,&quot;thumbsCaptionsAlign&quot;:&quot;default&quot;,&quot;info&quot;:&quot;bottom&quot;,&quot;infoVisible&quot;:true,&quot;infoOverlay&quot;:true,&quot;infoAlign&quot;:&quot;default&quot;,&quot;transition&quot;:&quot;fade&quot;,&quot;hoverButtons&quot;:false,&quot;fitMedia&quot;:false,&quot;noScrollbars&quot;:true,&quot;preserveButtonSpace&quot;:true,&quot;buttons&quot;:{&quot;fullscreen&quot;:true,&quot;info&quot;:true,&quot;thumbs&quot;:false},&quot;video&quot;:{&quot;autoPlay&quot;:true}}\" style=\"--fg-title-line-clamp: 0; --fg-description-line-clamp: 0;\" >\n\t<button type=\"button\" class=\"fg-carousel-prev\" title=\"Previous\"><\/button>\n\t<div class=\"fg-carousel-inner\">\n\t\t<div class=\"fg-carousel-center\"><\/div>\n\t\t<div class=\"fg-item fg-type-image fg-idle\"><figure class=\"fg-item-inner\"><a href=\"https:\/\/www.slovensky-kras.eu\/info\/wp-content\/uploads\/2020\/12\/Hrusovska-lesostep-a-vinice-pod-nou.jpg\" data-attachment-id=\"18771\" data-type=\"image\" class=\"fg-thumb\"><span class=\"fg-image-wrap\"><img decoding=\"async\" alt=\"Hru\u0161ovsk\u00e1 lesostep\" width=\"200\" height=\"200\" class=\"skip-lazy fg-image\" data-src-fg=\"https:\/\/www.slovensky-kras.eu\/info\/wp-content\/uploads\/cache\/2020\/12\/Hrusovska-lesostep-a-vinice-pod-nou\/4042915584.jpg\" src=\"data:image\/svg+xml,%3Csvg%20xmlns%3D%22http%3A%2F%2Fwww.w3.org%2F2000%2Fsvg%22%20width%3D%22200%22%20height%3D%22200%22%20viewBox%3D%220%200%20200%20200%22%3E%3C%2Fsvg%3E\" loading=\"eager\"><\/span><span class=\"fg-image-overlay\"><\/span><\/a><\/figure><div class=\"fg-loader\"><\/div><\/div><div class=\"fg-item fg-type-image fg-idle\"><figure class=\"fg-item-inner\"><a href=\"https:\/\/www.slovensky-kras.eu\/info\/wp-content\/uploads\/2021\/12\/turnianska-kotlina-na-Hrusov.png\" data-attachment-id=\"21288\" data-type=\"image\" class=\"fg-thumb\"><span class=\"fg-image-wrap\"><img decoding=\"async\" width=\"200\" height=\"200\" class=\"skip-lazy fg-image\" data-src-fg=\"https:\/\/www.slovensky-kras.eu\/info\/wp-content\/uploads\/cache\/2021\/12\/turnianska-kotlina-na-Hrusov\/4247646951.png\" src=\"data:image\/svg+xml,%3Csvg%20xmlns%3D%22http%3A%2F%2Fwww.w3.org%2F2000%2Fsvg%22%20width%3D%22200%22%20height%3D%22200%22%20viewBox%3D%220%200%20200%20200%22%3E%3C%2Fsvg%3E\" loading=\"eager\"><\/span><span class=\"fg-image-overlay\"><\/span><\/a><\/figure><div class=\"fg-loader\"><\/div><\/div><div class=\"fg-item fg-type-image fg-idle\"><figure class=\"fg-item-inner\"><a href=\"https:\/\/www.slovensky-kras.eu\/info\/wp-content\/uploads\/2021\/04\/soroska-vyhliadka2.jpeg\" data-caption-title=\"Soro\u0161ka oporn\u00fd m\u00far (570 m n.m.) vyhliadka\" data-caption-desc=\"Vyhliadka je magnetom pre turistov, preto\u017ee pon\u00faka nezabudnute\u013en\u00e9 panoramatick\u00e9 v\u00fdh\u013eady do Turnianskej kotliny, na Hru\u0161ovsk\u00e9 rybn\u00edky, na obce Hru\u0161ov, Hrhov, Jablonov nad Tur\u0148ou, ako aj na \u010das\u0165 Silickej planiny a planinu Doln\u00fd vrch.\" data-attachment-id=\"20399\" data-type=\"image\" class=\"fg-thumb\"><span class=\"fg-image-wrap\"><img decoding=\"async\" title=\"Soro\u0161ka oporn\u00fd m\u00far (570 m n.m.) vyhliadka\" width=\"200\" height=\"200\" class=\"skip-lazy fg-image\" data-src-fg=\"https:\/\/www.slovensky-kras.eu\/info\/wp-content\/uploads\/cache\/2021\/04\/soroska-vyhliadka2\/2158140088.jpeg\" src=\"data:image\/svg+xml,%3Csvg%20xmlns%3D%22http%3A%2F%2Fwww.w3.org%2F2000%2Fsvg%22%20width%3D%22200%22%20height%3D%22200%22%20viewBox%3D%220%200%20200%20200%22%3E%3C%2Fsvg%3E\" loading=\"eager\"><\/span><span class=\"fg-image-overlay\"><\/span><\/a><figcaption class=\"fg-caption\"><div class=\"fg-caption-inner\"><div class=\"fg-caption-title\">Soro\u0161ka oporn\u00fd m\u00far (570 m n.m.) vyhliadka<\/div><div class=\"fg-caption-desc\">Vyhliadka je magnetom pre turistov, preto\u017ee pon\u00faka nezabudnute\u013en\u00e9 panoramatick\u00e9 v\u00fdh\u013eady do Turnianskej kotliny, na Hru\u0161ovsk\u00e9 rybn\u00edky, na obce Hru\u0161ov, Hrhov, Jablonov nad Tur\u0148ou, ako aj na \u010das\u0165 Silickej planiny a planinu Doln\u00fd vrch.<\/div><\/div><\/figcaption><\/figure><div class=\"fg-loader\"><\/div><\/div><div class=\"fg-item fg-type-image fg-idle\"><figure class=\"fg-item-inner\"><a href=\"https:\/\/www.slovensky-kras.eu\/info\/wp-content\/uploads\/2021\/04\/soroska-vyhliadka.jpeg\" data-caption-title=\"Soro\u0161ka oporn\u00fd m\u00far (570 m n.m.) vyhliadka\" data-caption-desc=\"Vyhliadka je magnetom pre turistov, preto\u017ee pon\u00faka nezabudnute\u013en\u00e9 panoramatick\u00e9 v\u00fdh\u013eady do Turnianskej kotliny, na Hru\u0161ovsk\u00e9 rybn\u00edky, na obce Hru\u0161ov, Hrhov, Jablonov nad Tur\u0148ou, ako aj na \u010das\u0165 Silickej planiny a planinu Doln\u00fd vrch.\" data-attachment-id=\"20398\" data-type=\"image\" class=\"fg-thumb\"><span class=\"fg-image-wrap\"><img decoding=\"async\" title=\"Soro\u0161ka oporn\u00fd m\u00far (570 m n.m.) vyhliadka\" width=\"200\" height=\"200\" class=\"skip-lazy fg-image\" data-src-fg=\"https:\/\/www.slovensky-kras.eu\/info\/wp-content\/uploads\/cache\/2021\/04\/soroska-vyhliadka\/174557791.jpeg\" src=\"data:image\/svg+xml,%3Csvg%20xmlns%3D%22http%3A%2F%2Fwww.w3.org%2F2000%2Fsvg%22%20width%3D%22200%22%20height%3D%22200%22%20viewBox%3D%220%200%20200%20200%22%3E%3C%2Fsvg%3E\" loading=\"eager\"><\/span><span class=\"fg-image-overlay\"><\/span><\/a><figcaption class=\"fg-caption\"><div class=\"fg-caption-inner\"><div class=\"fg-caption-title\">Soro\u0161ka oporn\u00fd m\u00far (570 m n.m.) vyhliadka<\/div><div class=\"fg-caption-desc\">Vyhliadka je magnetom pre turistov, preto\u017ee pon\u00faka nezabudnute\u013en\u00e9 panoramatick\u00e9 v\u00fdh\u013eady do Turnianskej kotliny, na Hru\u0161ovsk\u00e9 rybn\u00edky, na obce Hru\u0161ov, Hrhov, Jablonov nad Tur\u0148ou, ako aj na \u010das\u0165 Silickej planiny a planinu Doln\u00fd vrch.<\/div><\/div><\/figcaption><\/figure><div class=\"fg-loader\"><\/div><\/div><div class=\"fg-item fg-type-image fg-idle\"><figure class=\"fg-item-inner\"><a href=\"https:\/\/www.slovensky-kras.eu\/info\/wp-content\/uploads\/2013\/07\/hrusovska_mapa-1.jpg\" data-attachment-id=\"13060\" data-type=\"image\" class=\"fg-thumb\"><span class=\"fg-image-wrap\"><img decoding=\"async\" width=\"200\" height=\"200\" class=\"skip-lazy fg-image\" data-src-fg=\"https:\/\/www.slovensky-kras.eu\/info\/wp-content\/uploads\/cache\/2013\/07\/hrusovska_mapa-1\/3061826021.jpg\" src=\"data:image\/svg+xml,%3Csvg%20xmlns%3D%22http%3A%2F%2Fwww.w3.org%2F2000%2Fsvg%22%20width%3D%22200%22%20height%3D%22200%22%20viewBox%3D%220%200%20200%20200%22%3E%3C%2Fsvg%3E\" loading=\"eager\"><\/span><span class=\"fg-image-overlay\"><\/span><\/a><\/figure><div class=\"fg-loader\"><\/div><\/div><div class=\"fg-item fg-type-image fg-idle\"><figure class=\"fg-item-inner\"><a href=\"https:\/\/www.slovensky-kras.eu\/info\/wp-content\/uploads\/2013\/07\/m_6926-1.jpg\" data-attachment-id=\"13059\" data-type=\"image\" class=\"fg-thumb\"><span class=\"fg-image-wrap\"><img decoding=\"async\" width=\"200\" height=\"200\" class=\"skip-lazy fg-image\" data-src-fg=\"https:\/\/www.slovensky-kras.eu\/info\/wp-content\/uploads\/cache\/2013\/07\/m_6926-1\/3737604867.jpg\" src=\"data:image\/svg+xml,%3Csvg%20xmlns%3D%22http%3A%2F%2Fwww.w3.org%2F2000%2Fsvg%22%20width%3D%22200%22%20height%3D%22200%22%20viewBox%3D%220%200%20200%20200%22%3E%3C%2Fsvg%3E\" loading=\"eager\"><\/span><span class=\"fg-image-overlay\"><\/span><\/a><\/figure><div class=\"fg-loader\"><\/div><\/div><div class=\"fg-item fg-type-image fg-idle\"><figure class=\"fg-item-inner\"><a href=\"https:\/\/www.slovensky-kras.eu\/info\/wp-content\/uploads\/2013\/07\/stegamit_smutna_vrba-1.jpg\" data-attachment-id=\"13058\" data-type=\"image\" class=\"fg-thumb\"><span class=\"fg-image-wrap\"><img decoding=\"async\" width=\"200\" height=\"200\" class=\"skip-lazy fg-image\" data-src-fg=\"https:\/\/www.slovensky-kras.eu\/info\/wp-content\/uploads\/cache\/2013\/07\/stegamit_smutna_vrba-1\/1554342625.jpg\" src=\"data:image\/svg+xml,%3Csvg%20xmlns%3D%22http%3A%2F%2Fwww.w3.org%2F2000%2Fsvg%22%20width%3D%22200%22%20height%3D%22200%22%20viewBox%3D%220%200%20200%20200%22%3E%3C%2Fsvg%3E\" loading=\"eager\"><\/span><span class=\"fg-image-overlay\"><\/span><\/a><\/figure><div class=\"fg-loader\"><\/div><\/div><div class=\"fg-item fg-type-image fg-idle\"><figure class=\"fg-item-inner\"><a href=\"https:\/\/www.slovensky-kras.eu\/info\/wp-content\/uploads\/2013\/07\/m_6946A-1.jpg\" data-attachment-id=\"13057\" data-type=\"image\" class=\"fg-thumb\"><span class=\"fg-image-wrap\"><img decoding=\"async\" width=\"200\" height=\"200\" class=\"skip-lazy fg-image\" data-src-fg=\"https:\/\/www.slovensky-kras.eu\/info\/wp-content\/uploads\/cache\/2013\/07\/m_6946A-1\/3197821936.jpg\" src=\"data:image\/svg+xml,%3Csvg%20xmlns%3D%22http%3A%2F%2Fwww.w3.org%2F2000%2Fsvg%22%20width%3D%22200%22%20height%3D%22200%22%20viewBox%3D%220%200%20200%20200%22%3E%3C%2Fsvg%3E\" loading=\"eager\"><\/span><span class=\"fg-image-overlay\"><\/span><\/a><\/figure><div class=\"fg-loader\"><\/div><\/div><div class=\"fg-item fg-type-image fg-idle\"><figure class=\"fg-item-inner\"><a href=\"https:\/\/www.slovensky-kras.eu\/info\/wp-content\/uploads\/2013\/07\/Horna_Chodba-1.jpg\" data-attachment-id=\"13055\" data-type=\"image\" class=\"fg-thumb\"><span class=\"fg-image-wrap\"><img decoding=\"async\" alt=\"Hru\u0161ovsk\u00e1 jasky\u0148a\" width=\"200\" height=\"200\" class=\"skip-lazy fg-image\" data-src-fg=\"https:\/\/www.slovensky-kras.eu\/info\/wp-content\/uploads\/cache\/2013\/07\/Horna_Chodba-1\/1597716284.jpg\" src=\"data:image\/svg+xml,%3Csvg%20xmlns%3D%22http%3A%2F%2Fwww.w3.org%2F2000%2Fsvg%22%20width%3D%22200%22%20height%3D%22200%22%20viewBox%3D%220%200%20200%20200%22%3E%3C%2Fsvg%3E\" loading=\"eager\"><\/span><span class=\"fg-image-overlay\"><\/span><\/a><\/figure><div class=\"fg-loader\"><\/div><\/div>\t<\/div>\n\t<div class=\"fg-carousel-bottom\"><\/div>\n\t<div class=\"fg-carousel-progress\"><\/div>\n\t<button type=\"button\" class=\"fg-carousel-next\" title=\"Next\"><\/button>\n<\/div>\n<h3><span style=\"color: #808000;\">Bl\u00edzke stredisko, turistick\u00e9 centrum, obec alebo mesto:<\/span><\/h3>\n<ul>\n<li><a href=\"http:\/\/www.slovensky-kras.eu\/info\/strediska-a-centra\/obec-hrusov\/\">Obec Hru\u0161ov (\u010d\u00edtaj viac&#8230;)<\/a><\/li>\n<\/ul>\n<ul>\n<li><a href=\"http:\/\/www.slovensky-kras.eu\/info\/strediska-a-centra\/turisticka-oblast-soroska-jablonovske-sedlo\/\">Stredisko Soro\u0161ka &#8211; Jablonovsk\u00e9 sedlo (\u010d\u00edtaj viac&#8230;)<\/a><\/li>\n<\/ul>\n<h2><span style=\"color: #800000;\">Mapy<\/span><\/h2>\n<p><strong>Vrstvy: <\/strong>Turistick\u00e1 mapa, Automapa, Cyklomapa, Ly\u017eiarska mapa, Satelitn\u00e1 mapa a OpenStreetMap.<\/p>\n<p><strong>Kliknut\u00edm na logo &#8222;Freemap.sk&#8220; sa V\u00e1m mapa zobraz\u00ed na celej ploche obrazovky.<\/strong><\/p>\n<p><iframe style=\"width: 900px; height: 600px; border: 0;\" src=\"https:\/\/www.freemap.sk\/?map=14\/48.597869\/20.633826&amp;info-point=48.597869\/20.633826,NPR Hru\u0161ovsk\u00e1 lesostep&amp;layers=X&amp;embed=search\" allowfullscreen=\"allowfullscreen\"><\/iframe><\/p>\n<h2><span style=\"color: #800000;\">Po\u010dasie<\/span><strong><br \/>\n<\/strong><br \/>\n<iframe style=\"width: 900px; height: 609px;\" src=\"https:\/\/www.meteoblue.com\/sk\/po%C4%8Dasie\/widget\/three\/hru%c5%a1ov_slovensk%c3%a1-republika_724635?geoloc=fixed&amp;nocurrent=0&amp;noforecast=0&amp;days=6&amp;tempunit=CELSIUS&amp;windunit=KILOMETER_PER_HOUR&amp;layout=image\" frameborder=\"0\" scrolling=\"NO\" sandbox=\"allow-same-origin allow-scripts allow-popups allow-popups-to-escape-sandbox\"><\/iframe><\/h2>\n<div><!-- DO NOT REMOVE THIS LINK --><a href=\"https:\/\/www.meteoblue.com\/sk\/po%C4%8Dasie\/predpove%C4%8F\/t%C3%BD%C5%BEde%C5%88\/hru%c5%a1ov_slovensk%c3%a1-republika_724635?utm_source=weather_widget&amp;utm_medium=linkus&amp;utm_content=three&amp;utm_campaign=Weather%2BWidget\" target=\"_blank\" rel=\"noopener noreferrer\">meteoblue<\/a><\/div>\n<p><strong>Zdroj inform\u00e1ci\u00ed :<\/strong> <a href=\"http:\/\/www.sopsr.sk\/slovkras\/\" target=\"_blank\" rel=\"noopener noreferrer\">NP Slovensk\u00fd kras<\/a><\/p>\n","protected":false},"excerpt":{"rendered":"<p>Menu: Podkateg\u00f3ria: Kde sa nach\u00e1dza Hru\u0161ovsk\u00e1 lesostep a ak\u00fa m\u00e1 rozlohu? Hru\u0161ovsk\u00e1 lesostep \u2013 N\u00e1rodn\u00e1 pr\u00edrodn\u00e1 rezerv\u00e1cia (NPR) sa rozprestiera v Slovenskom krase, presne v katastri obce Hru\u0161ov v okrese [&hellip;]<\/p>\n","protected":false},"author":1,"featured_media":18771,"parent":13,"menu_order":0,"comment_status":"closed","ping_status":"open","template":"","meta":{"_uag_custom_page_level_css":"","footnotes":""},"class_list":["post-462","page","type-page","status-publish","has-post-thumbnail","hentry"],"featured_image_src":"https:\/\/www.slovensky-kras.eu\/info\/wp-content\/uploads\/2020\/12\/Hrusovska-lesostep-a-vinice-pod-nou.jpg","featured_image_src_square":"https:\/\/www.slovensky-kras.eu\/info\/wp-content\/uploads\/2020\/12\/Hrusovska-lesostep-a-vinice-pod-nou.jpg","rbea_author_info":{"display_name":"admin","author_link":"https:\/\/www.slovensky-kras.eu\/info\/author\/admin\/"},"rbea_excerpt_info":"Menu: Podkateg\u00f3ria: Kde sa nach\u00e1dza Hru\u0161ovsk\u00e1 lesostep a ak\u00fa m\u00e1 rozlohu? Hru\u0161ovsk\u00e1 lesostep \u2013 N\u00e1rodn\u00e1 pr\u00edrodn\u00e1 rezerv\u00e1cia (NPR) sa rozprestiera v Slovenskom krase, presne v katastri obce Hru\u0161ov v okrese [&hellip;]","uagb_featured_image_src":{"full":["https:\/\/www.slovensky-kras.eu\/info\/wp-content\/uploads\/2020\/12\/Hrusovska-lesostep-a-vinice-pod-nou.jpg",800,451,false],"thumbnail":["https:\/\/www.slovensky-kras.eu\/info\/wp-content\/uploads\/2020\/12\/Hrusovska-lesostep-a-vinice-pod-nou-150x150.jpg",150,150,true],"medium":["https:\/\/www.slovensky-kras.eu\/info\/wp-content\/uploads\/2020\/12\/Hrusovska-lesostep-a-vinice-pod-nou.jpg",800,451,false],"medium_large":["https:\/\/www.slovensky-kras.eu\/info\/wp-content\/uploads\/2020\/12\/Hrusovska-lesostep-a-vinice-pod-nou-768x433.jpg",768,433,true],"large":["https:\/\/www.slovensky-kras.eu\/info\/wp-content\/uploads\/2020\/12\/Hrusovska-lesostep-a-vinice-pod-nou.jpg",800,451,false],"1536x1536":["https:\/\/www.slovensky-kras.eu\/info\/wp-content\/uploads\/2020\/12\/Hrusovska-lesostep-a-vinice-pod-nou.jpg",800,451,false],"2048x2048":["https:\/\/www.slovensky-kras.eu\/info\/wp-content\/uploads\/2020\/12\/Hrusovska-lesostep-a-vinice-pod-nou.jpg",800,451,false]},"uagb_author_info":{"display_name":"admin","author_link":"https:\/\/www.slovensky-kras.eu\/info\/author\/admin\/"},"uagb_comment_info":0,"uagb_excerpt":"Menu: Podkateg\u00f3ria: Kde sa nach\u00e1dza Hru\u0161ovsk\u00e1 lesostep a ak\u00fa m\u00e1 rozlohu? Hru\u0161ovsk\u00e1 lesostep \u2013 N\u00e1rodn\u00e1 pr\u00edrodn\u00e1 rezerv\u00e1cia (NPR) sa rozprestiera v Slovenskom krase, presne v katastri obce Hru\u0161ov v okrese [&hellip;]","_links":{"self":[{"href":"https:\/\/www.slovensky-kras.eu\/info\/wp-json\/wp\/v2\/pages\/462","targetHints":{"allow":["GET"]}}],"collection":[{"href":"https:\/\/www.slovensky-kras.eu\/info\/wp-json\/wp\/v2\/pages"}],"about":[{"href":"https:\/\/www.slovensky-kras.eu\/info\/wp-json\/wp\/v2\/types\/page"}],"author":[{"embeddable":true,"href":"https:\/\/www.slovensky-kras.eu\/info\/wp-json\/wp\/v2\/users\/1"}],"replies":[{"embeddable":true,"href":"https:\/\/www.slovensky-kras.eu\/info\/wp-json\/wp\/v2\/comments?post=462"}],"version-history":[{"count":9,"href":"https:\/\/www.slovensky-kras.eu\/info\/wp-json\/wp\/v2\/pages\/462\/revisions"}],"predecessor-version":[{"id":28634,"href":"https:\/\/www.slovensky-kras.eu\/info\/wp-json\/wp\/v2\/pages\/462\/revisions\/28634"}],"up":[{"embeddable":true,"href":"https:\/\/www.slovensky-kras.eu\/info\/wp-json\/wp\/v2\/pages\/13"}],"wp:featuredmedia":[{"embeddable":true,"href":"https:\/\/www.slovensky-kras.eu\/info\/wp-json\/wp\/v2\/media\/18771"}],"wp:attachment":[{"href":"https:\/\/www.slovensky-kras.eu\/info\/wp-json\/wp\/v2\/media?parent=462"}],"curies":[{"name":"wp","href":"https:\/\/api.w.org\/{rel}","templated":true}]}}