{"id":28,"date":"2013-06-22T10:44:37","date_gmt":"2013-06-22T08:44:37","guid":{"rendered":"http:\/\/www.slovensky-kras.eu\/info\/?page_id=28"},"modified":"2026-04-16T06:57:40","modified_gmt":"2026-04-16T04:57:40","slug":"turnianska-vinna-cesta","status":"publish","type":"page","link":"https:\/\/www.slovensky-kras.eu\/info\/zaujimavosti\/turnianska-vinna-cesta\/","title":{"rendered":"Turnianska v\u00ednna cesta"},"content":{"rendered":"<p><strong>Menu: <\/strong><a href=\"http:\/\/www.slovensky-kras.eu\/info\/\" class=\"su-button su-button-style-default\" style=\"color:#000000;background-color:#FFCF2F;border-color:#cca626;border-radius:5px\" target=\"_self\"><span style=\"color:#000000;padding:6px 16px;font-size:13px;line-height:20px;border-color:#ffde6e;border-radius:5px;text-shadow:none\"><i class=\"sui sui-arrow-right\" style=\"font-size:13px;color:#000000\"><\/i>  \u00davod \/ Aktuality <\/span><\/a>\n<a href=\"http:\/\/www.slovensky-kras.eu\/info\/zaujimavosti\/\" class=\"su-button su-button-style-default\" style=\"color:#000000;background-color:#FFCF2F;border-color:#cca626;border-radius:5px\" target=\"_self\"><span style=\"color:#000000;padding:6px 16px;font-size:13px;line-height:20px;border-color:#ffde6e;border-radius:5px;text-shadow:none\"><i class=\"sui sui-arrow-right\" style=\"font-size:13px;color:#000000\"><\/i>  Zauj\u00edmavosti <\/span><\/a>\n<div class=\"su-divider su-divider-style-default\" style=\"margin:15px 0;border-width:2px;border-color:#000000\"><\/div>\n<figure id=\"attachment_18826\" aria-describedby=\"caption-attachment-18826\" style=\"width: 900px\" class=\"wp-caption aligncenter\"><a href=\"https:\/\/www.slovensky-kras.eu\/info\/wp-content\/uploads\/2020\/12\/vino.jpg\"><img loading=\"lazy\" decoding=\"async\" class=\"wp-image-18826\" src=\"http:\/\/www.slovensky-kras.eu\/info\/wp-content\/uploads\/2020\/12\/vino-800x533.jpg\" alt=\"\" width=\"900\" height=\"600\" srcset=\"https:\/\/www.slovensky-kras.eu\/info\/wp-content\/uploads\/2020\/12\/vino-800x533.jpg 800w, https:\/\/www.slovensky-kras.eu\/info\/wp-content\/uploads\/2020\/12\/vino-1024x682.jpg 1024w, https:\/\/www.slovensky-kras.eu\/info\/wp-content\/uploads\/2020\/12\/vino-768x512.jpg 768w, https:\/\/www.slovensky-kras.eu\/info\/wp-content\/uploads\/2020\/12\/vino-1200x800.jpg 1200w, https:\/\/www.slovensky-kras.eu\/info\/wp-content\/uploads\/2020\/12\/vino.jpg 1280w\" sizes=\"auto, (max-width: 900px) 100vw, 900px\" \/><\/a><figcaption id=\"caption-attachment-18826\" class=\"wp-caption-text\">Turnianska v\u00ednna cesta<\/figcaption><\/figure>\n<div class=\"su-divider su-divider-style-default\" style=\"margin:15px 0;border-width:2px;border-color:#000000\"><\/div>\n<h2><span style=\"color: #800000;\">\u010co je Turnianska v\u00ednna cesta?<\/span><\/h2>\n<p class=\"ds-markdown-paragraph\"><strong>Turnianska v\u00ednna cesta je s\u00fa\u010das\u0165ou <a href=\"https:\/\/www.slovensky-kras.eu\/info\/zaujimavosti\/moldavsky-vinohradnicky-rajon\/\">Moldavsk\u00e9ho vinohradn\u00edckeho raj\u00f3nu<\/a><\/strong>. Ide o vin\u00e1rsku trasu vo v\u00fdchodoslovenskej vinohradn\u00edckej oblasti, ktor\u00e1 prep\u00e1ja obce v regi\u00f3ne Turne a pon\u00faka ochutn\u00e1vku miestnych v\u00edn spojen\u00fa s pozn\u00e1van\u00edm pr\u00edrodn\u00fdch a kult\u00farnych pamiatok. Svoj\u00edm n\u00e1v\u0161tevn\u00edkom tak prin\u00e1\u0161a z\u00e1\u017eitok, ktor\u00fd sp\u00e1ja gastron\u00f3miu, hist\u00f3riu a turistiku.<\/p>\n<h2><span style=\"color: #800000;\">Kde sa nach\u00e1dza Turnianska v\u00ednna cesta?<\/span><\/h2>\n<p class=\"ds-markdown-paragraph\"><strong>Trasa v\u00ednnej cesty vedie z obce Silick\u00e1 Jablonica<\/strong>\u00a0cez Hru\u0161ov, Jablonov nad Tur\u0148ou, Hrhov, Dvorn\u00edky-V\u010del\u00e1re, Tur\u0148u nad Bodvou a\u017e po Moldavu nad Bodvou. Cel\u00e1 oblas\u0165 sa nach\u00e1dza v bl\u00edzkosti Slovensk\u00e9ho krasu, <span style=\"color: #800000;\">\u010do umo\u017e\u0148uje kombinova\u0165 vin\u00e1rsky z\u00e1\u017eitok s pozn\u00e1van\u00edm pr\u00edrodn\u00fdch kr\u00e1s.<\/span><\/p>\n<h2><span style=\"color: #800000;\">Ak\u00e1 je hist\u00f3ria vin\u00e1rstva v tejto oblasti?<\/span><\/h2>\n<p class=\"ds-markdown-paragraph\"><strong>V Turnianskej kotline, ktor\u00e1 sa nach\u00e1dza medzi planinami <a href=\"http:\/\/www.slovensky-kras.eu\/info\/kam-do-prirody\/planina-dolny-vrch\/\">Doln\u00e9ho vrchu<\/a>, <a href=\"http:\/\/www.slovensky-kras.eu\/info\/kam-do-prirody\/planina-horny-vrch\/\">Horn\u00e9ho vrchu<\/a> a <a href=\"http:\/\/www.slovensky-kras.eu\/info\/kam-do-prirody\/silicka-planina\/\">Silickou planinou<\/a> sa u\u017e vy\u0161e tis\u00edc rokov pestuje vini\u010d. Hoci je Turnianska oblas\u0165 menej zn\u00e1ma, m\u00e1 v\u00fdznamn\u00fa vinohradn\u00edcku trad\u00edciu<\/strong>\u00a0siahaj\u00facu do minulosti. U\u017e v 14. storo\u010d\u00ed podporoval kr\u00e1\u013e \u013dudov\u00edt Ve\u013ek\u00fd rozvoj vin\u00e1rstva v regi\u00f3ne. Ob\u010dianske zdru\u017eenie Krasturist zalo\u017eilo t\u00fato v\u00ednnu cestu v roku 2009. U\u017e v minulosti t\u00e1to oblas\u0165 patrila medzi v\u00fdznamn\u00fdch producentov v\u00edna na \u00fazem\u00ed Uhorska a mala tu ve\u013emi siln\u00fa trad\u00edciu.<\/p>\n<h2><span style=\"color: #800000;\">\u010co m\u00f4\u017eete na Turnianskej v\u00ednnej ceste za\u017ei\u0165?<\/span><\/h2>\n<h3><span style=\"color: #808000;\">Ochutn\u00e1vka v\u00edna<\/span><\/h3>\n<p class=\"ds-markdown-paragraph\"><strong>Po\u010das putovania po trase m\u00f4\u017eete nav\u0161t\u00edvi\u0165 lok\u00e1lnych malopestovate\u013eov<\/strong>\u00a0a vin\u00e1rov a ochutna\u0165 miestne odrody v\u00edna. V\u00ednna r\u00e9va sa pestovala v\u00fdlu\u010dne na severn\u00fdch str\u00e1\u0148ach okolit\u00fdch plan\u00edn (Z\u00e1dielska planina, Horn\u00fd vrch a Silick\u00e1 planina). Podnebie a p\u00f4da, ktor\u00e1 sa tu nach\u00e1dzaj\u00fa, robia tunaj\u0161ie v\u00edna jedine\u010dn\u00e9 a \u0161pecifick\u00e9 bez chemick\u00fdch pr\u00edsad.<\/p>\n<h3><span style=\"color: #808000;\">Pr\u00edrodn\u00e9 kr\u00e1sy<\/span><\/h3>\n<p class=\"ds-markdown-paragraph\"><strong>Cesta sa nach\u00e1dza v bl\u00edzkosti plan\u00edn Slovensk\u00e9ho krasu<\/strong>, tak\u017ee ju mo\u017eno spoji\u0165 s n\u00e1v\u0161tevou unik\u00e1tnych jask\u00fd\u0148, ako je napr\u00edklad Silick\u00e1 \u013eadnica, \u010di s turistikou v Z\u00e1dielskej doline.<\/p>\n<h3><span style=\"color: #808000;\">Historick\u00e9 pamiatky<\/span><\/h3>\n<p class=\"ds-markdown-paragraph\"><strong>Okrem v\u00edna m\u00f4\u017eete obdivova\u0165 aj historick\u00e9 pamiatky<\/strong>, ako s\u00fa ruiny Turnianskeho hradu nad obcou Tur\u0148a nad Bodvou alebo premon\u0161tr\u00e1tsky kl\u00e1\u0161tor v Jasove.<\/p>\n<h2><span style=\"color: #800000;\">Ak\u00e9 odrody v\u00edna sa tu pestuj\u00fa?<\/span><\/h2>\n<p class=\"ds-markdown-paragraph\"><strong>V minulosti sa tu vyr\u00e1bali len v\u00fdlu\u010dne biele v\u00edna<\/strong>. Najroz\u0161\u00edrenej\u0161ie pestovan\u00e9 biele sorty vini\u010da s\u00fa Rizling vla\u0161sk\u00fd, Rizling r\u00fdnsk\u00fd, Rulandsk\u00e9 biele, Rulandsk\u00e9 siv\u00e9, Veltl\u00ednske \u010derven\u00e9, Veltl\u00ednske zelen\u00e9, z mu\u0161k\u00e1tov M\u00fcller Thurgau. V posledn\u00fdch desa\u0165ro\u010diach sa tu za\u010dali pestova\u0165 aj modr\u00e9 odrody, z ktor\u00fdch sa tu vyr\u00e1baj\u00fa kvalitn\u00e9 a chu\u0165ovo jedine\u010dn\u00e9 \u010derven\u00e9 v\u00edna a to hlavne z Modrej Frankovky, Sv\u00e4tovavrineck\u00e9 a Cabernet Sauvignon.<\/p>\n<h2><span style=\"color: #800000;\">Je Turnianska v\u00ednna cesta n\u00e1u\u010dn\u00fd chodn\u00edk?<\/span><\/h2>\n<p class=\"ds-markdown-paragraph\"><strong>Nie, Turnianska v\u00ednna cesta nie je ofici\u00e1lny n\u00e1u\u010dn\u00fd chodn\u00edk<\/strong>, ako ho pozn\u00e1me napr\u00edklad v pr\u00edrode. Ide sk\u00f4r o koncep\u010dne vytvoren\u00fa trasu, ktor\u00e1 sp\u00e1ja vin\u00e1rskych pestovate\u013eov a pon\u00faka kult\u00farny z\u00e1\u017eitok spojen\u00fd s pozn\u00e1van\u00edm regi\u00f3nu.<\/p>\n<h2><span style=\"color: #800000;\">Ak\u00fa m\u00e1 Turnianska v\u00ednna cesta hodnotu pre n\u00e1v\u0161tevn\u00edkov?<\/span><\/h2>\n<p class=\"ds-markdown-paragraph\"><strong>Turnianska v\u00ednna cesta predstavuje a poukazuje na v\u00fdznamn\u00fa vinohradn\u00edcku oblas\u0165<\/strong>, jej hist\u00f3riu, trad\u00edcie a zvyky, tradi\u010dn\u00fa gastron\u00f3miu a tradi\u010dn\u00e9 remesl\u00e1. V Turnianskej kotline, ktor\u00e1 sa nach\u00e1dza medzi planinami Doln\u00e9ho vrchu, Horn\u00e9ho vrchu a Silickou planinou sa u\u017e vy\u0161e tis\u00edc rokov pestuje vini\u010d.<\/p>\n<h3><span style=\"color: #808000;\">M\u00faze\u00e1 <\/span><\/h3>\n<ul>\n<li><a href=\"http:\/\/www.slovensky-kras.eu\/info\/vinna-pivnica-v-moldave-muzeum-vin\/\">V\u00ednna pivnica v Moldave &#8211; M\u00fazeum v\u00edn (\u010d\u00edtaj viac&#8230;)<\/a><\/li>\n<\/ul>\n<ul>\n<li><a href=\"http:\/\/www.slovensky-kras.eu\/info\/muzea-kutlura-a-umenie\/expozicia-vinohradnictva-na-turnianskej-vinnej-ceste\/\" target=\"_self\" rel=\"noopener noreferrer\">Expoz\u00edcia vinohradn\u00edctva na Turnianskej v\u00ednnej ceste (\u010d\u00edtaj viac&#8230;)<\/a><\/li>\n<\/ul>\n<h3><span style=\"color: #808000;\">Vin\u00e1ri<\/span><\/h3>\n<h4><span style=\"color: #993300;\">Gran\u00e1rium<\/span><\/h4>\n<p>Silvia P\u00e1paiov\u00e1<br \/>\n<strong>Mobil:<\/strong> +421 905 981 918<br \/>\n<strong>Web:<\/strong> <a href=\"https:\/\/www.granarium.sk\/\" target=\"_blank\" rel=\"noopener\">https:\/\/www.granarium.sk\/<\/a><br \/>\n<strong>E-mail:<\/strong>\u00a0<a href=\"mailto:info@granarium.sk\">info@granarium.sk<\/a><\/p>\n<h4><span style=\"color: #993300;\">\u013dubom\u00edr Sentpetery<\/span><\/h4>\n<p><span class=\"adr\"><a class=\"rcmContactAddress\" title=\"lubomir.sentpetery@post.sk\" href=\"mailto:lubomir.sentpetery@post.sk\">lubomir.sentpetery@post.sk<\/a><\/span><br \/>\n<strong>Mobil:<\/strong> +421 903 239 940<\/p>\n<p><strong>Viac info:<\/strong> <a href=\"https:\/\/www.slovensky-kras.eu\/info\/zaujimavosti\/vinarstvo-sentpetery-turnianska-vinna-cesta\/\" target=\"_blank\" rel=\"noopener\">Vin\u00e1rstvo Sentp\u00e9tery \u2013 Turnianska v\u00ednna cesta<\/a><\/p>\n<h2><span style=\"color: #800000;\">Zauj\u00edmav\u00e9 odkazy<\/span><\/h2>\n<h3><span style=\"color: #808000;\">Bl\u00edzke stredisko, turistick\u00e9 centrum, obec alebo mesto:<\/span><\/h3>\n<ul>\n<li><a href=\"http:\/\/www.slovensky-kras.eu\/info\/strediska-a-centra\/mesto-moldava-nad-bodvou\/\">Mesto Moldava nad Bodvou (\u010d\u00edtaj viac&#8230;)<\/a><\/li>\n<\/ul>\n<ul>\n<li><a href=\"http:\/\/www.slovensky-kras.eu\/info\/strediska-a-centra\/obec-hrhov\/\">Obec Hrhov (\u010d\u00edtaj viac&#8230;)<\/a><\/li>\n<\/ul>\n<ul>\n<li><a href=\"http:\/\/www.slovensky-kras.eu\/info\/strediska-a-centra\/1017-2\/\">Obec Dvorn\u00edky-V\u010del\u00e1re (\u010d\u00edtaj viac&#8230;)<\/a><\/li>\n<\/ul>\n<ul>\n<li><a href=\"http:\/\/www.slovensky-kras.eu\/info\/strediska-a-centra\/obec-turna-nad-bodvou\/\">Obec Tur\u0148a nad Bodvou (\u010d\u00edtaj viac&#8230;)<\/a><\/li>\n<\/ul>\n<ul>\n<li><a href=\"http:\/\/www.slovensky-kras.eu\/info\/strediska-a-centra\/obec-hrusov\/\">Obec Hru\u0161ov (\u010d\u00edtaj viac&#8230;)<\/a><\/li>\n<\/ul>\n<ul>\n<li><a href=\"http:\/\/www.slovensky-kras.eu\/info\/strediska-a-centra\/obec-silicka-jablonica\/\">Obec Silick\u00e1 Jablonica (\u010d\u00edtaj viac&#8230;)<\/a><\/li>\n<\/ul>\n<ul>\n<li><a href=\"http:\/\/www.slovensky-kras.eu\/info\/strediska-a-centra\/obec-jablonov-nad-turnou\/\">Obec Jablonov nad Tur\u0148ou (\u010d\u00edtaj viac&#8230;)<\/a><\/li>\n<\/ul>\n<h2><span style=\"color: #800000;\">Mapa<\/span><\/h2>\n<p>klikni na mapu<\/p>\n<p><a href=\"https:\/\/www.slovensky-kras.eu\/info\/wp-content\/uploads\/2013\/06\/mapa.png\"><img loading=\"lazy\" decoding=\"async\" class=\"aligncenter wp-image-808\" style=\"border: 2px solid black;\" src=\"http:\/\/www.slovensky-kras.eu\/info\/wp-content\/uploads\/2013\/06\/mapa.png\" alt=\"mapa\" width=\"900\" height=\"635\" srcset=\"https:\/\/www.slovensky-kras.eu\/info\/wp-content\/uploads\/2013\/06\/mapa.png 1279w, https:\/\/www.slovensky-kras.eu\/info\/wp-content\/uploads\/2013\/06\/mapa-800x564.png 800w, https:\/\/www.slovensky-kras.eu\/info\/wp-content\/uploads\/2013\/06\/mapa-1024x722.png 1024w, https:\/\/www.slovensky-kras.eu\/info\/wp-content\/uploads\/2013\/06\/mapa-768x542.png 768w, https:\/\/www.slovensky-kras.eu\/info\/wp-content\/uploads\/2013\/06\/mapa-1200x846.png 1200w\" sizes=\"auto, (max-width: 900px) 100vw, 900px\" \/><\/a><\/p>\n<p>&nbsp;<\/p>\n","protected":false},"excerpt":{"rendered":"<p>Menu: \u010co je Turnianska v\u00ednna cesta? Turnianska v\u00ednna cesta je s\u00fa\u010das\u0165ou Moldavsk\u00e9ho vinohradn\u00edckeho raj\u00f3nu. Ide o vin\u00e1rsku trasu vo v\u00fdchodoslovenskej vinohradn\u00edckej oblasti, ktor\u00e1 prep\u00e1ja obce v regi\u00f3ne Turne a pon\u00faka [&hellip;]<\/p>\n","protected":false},"author":1,"featured_media":18826,"parent":19,"menu_order":13,"comment_status":"closed","ping_status":"open","template":"","meta":{"_uag_custom_page_level_css":"","footnotes":""},"class_list":["post-28","page","type-page","status-publish","has-post-thumbnail","hentry"],"featured_image_src":"https:\/\/www.slovensky-kras.eu\/info\/wp-content\/uploads\/2020\/12\/vino.jpg","featured_image_src_square":"https:\/\/www.slovensky-kras.eu\/info\/wp-content\/uploads\/2020\/12\/vino.jpg","rbea_author_info":{"display_name":"admin","author_link":"https:\/\/www.slovensky-kras.eu\/info\/author\/admin\/"},"rbea_excerpt_info":"Menu: \u010co je Turnianska v\u00ednna cesta? Turnianska v\u00ednna cesta je s\u00fa\u010das\u0165ou Moldavsk\u00e9ho vinohradn\u00edckeho raj\u00f3nu. Ide o vin\u00e1rsku trasu vo v\u00fdchodoslovenskej vinohradn\u00edckej oblasti, ktor\u00e1 prep\u00e1ja obce v regi\u00f3ne Turne a pon\u00faka [&hellip;]","uagb_featured_image_src":{"full":["https:\/\/www.slovensky-kras.eu\/info\/wp-content\/uploads\/2020\/12\/vino.jpg",1280,853,false],"thumbnail":["https:\/\/www.slovensky-kras.eu\/info\/wp-content\/uploads\/2020\/12\/vino-150x150.jpg",150,150,true],"medium":["https:\/\/www.slovensky-kras.eu\/info\/wp-content\/uploads\/2020\/12\/vino-800x533.jpg",800,533,true],"medium_large":["https:\/\/www.slovensky-kras.eu\/info\/wp-content\/uploads\/2020\/12\/vino-768x512.jpg",768,512,true],"large":["https:\/\/www.slovensky-kras.eu\/info\/wp-content\/uploads\/2020\/12\/vino-1024x682.jpg",1024,682,true],"1536x1536":["https:\/\/www.slovensky-kras.eu\/info\/wp-content\/uploads\/2020\/12\/vino.jpg",1280,853,false],"2048x2048":["https:\/\/www.slovensky-kras.eu\/info\/wp-content\/uploads\/2020\/12\/vino.jpg",1280,853,false]},"uagb_author_info":{"display_name":"admin","author_link":"https:\/\/www.slovensky-kras.eu\/info\/author\/admin\/"},"uagb_comment_info":0,"uagb_excerpt":"Menu: \u010co je Turnianska v\u00ednna cesta? Turnianska v\u00ednna cesta je s\u00fa\u010das\u0165ou Moldavsk\u00e9ho vinohradn\u00edckeho raj\u00f3nu. Ide o vin\u00e1rsku trasu vo v\u00fdchodoslovenskej vinohradn\u00edckej oblasti, ktor\u00e1 prep\u00e1ja obce v regi\u00f3ne Turne a pon\u00faka [&hellip;]","_links":{"self":[{"href":"https:\/\/www.slovensky-kras.eu\/info\/wp-json\/wp\/v2\/pages\/28","targetHints":{"allow":["GET"]}}],"collection":[{"href":"https:\/\/www.slovensky-kras.eu\/info\/wp-json\/wp\/v2\/pages"}],"about":[{"href":"https:\/\/www.slovensky-kras.eu\/info\/wp-json\/wp\/v2\/types\/page"}],"author":[{"embeddable":true,"href":"https:\/\/www.slovensky-kras.eu\/info\/wp-json\/wp\/v2\/users\/1"}],"replies":[{"embeddable":true,"href":"https:\/\/www.slovensky-kras.eu\/info\/wp-json\/wp\/v2\/comments?post=28"}],"version-history":[{"count":15,"href":"https:\/\/www.slovensky-kras.eu\/info\/wp-json\/wp\/v2\/pages\/28\/revisions"}],"predecessor-version":[{"id":30217,"href":"https:\/\/www.slovensky-kras.eu\/info\/wp-json\/wp\/v2\/pages\/28\/revisions\/30217"}],"up":[{"embeddable":true,"href":"https:\/\/www.slovensky-kras.eu\/info\/wp-json\/wp\/v2\/pages\/19"}],"wp:featuredmedia":[{"embeddable":true,"href":"https:\/\/www.slovensky-kras.eu\/info\/wp-json\/wp\/v2\/media\/18826"}],"wp:attachment":[{"href":"https:\/\/www.slovensky-kras.eu\/info\/wp-json\/wp\/v2\/media?parent=28"}],"curies":[{"name":"wp","href":"https:\/\/api.w.org\/{rel}","templated":true}]}}