{"id":25121,"date":"2023-08-02T08:11:51","date_gmt":"2023-08-02T06:11:51","guid":{"rendered":"https:\/\/www.slovensky-kras.eu\/info\/?page_id=25121"},"modified":"2025-11-22T07:41:22","modified_gmt":"2025-11-22T06:41:22","slug":"tulipan-sedliacky-dvor-v-obci-drnava","status":"publish","type":"page","link":"https:\/\/www.slovensky-kras.eu\/info\/kam-za-pamiatkami\/tulipan-sedliacky-dvor-v-obci-drnava\/","title":{"rendered":"Tulip\u00e1n \u2013 Sedliacky dvor v obci Drnava"},"content":{"rendered":"<p><strong>Menu: <\/strong><a href=\"http:\/\/www.slovensky-kras.eu\/info\/\" class=\"su-button su-button-style-default\" style=\"color:#000000;background-color:#FFCF2F;border-color:#cca626;border-radius:5px\" target=\"_self\"><span style=\"color:#000000;padding:6px 16px;font-size:13px;line-height:20px;border-color:#ffde6e;border-radius:5px;text-shadow:none\"><i class=\"sui sui-arrow-right\" style=\"font-size:13px;color:#000000\"><\/i>  \u00davod \/ Aktuality <\/span><\/a>\n<a href=\"http:\/\/www.slovensky-kras.eu\/info\/kam-za-pamiatkami\/\" class=\"su-button su-button-style-default\" style=\"color:#000000;background-color:#FFCF2F;border-color:#cca626;border-radius:5px\" target=\"_self\"><span style=\"color:#000000;padding:6px 16px;font-size:13px;line-height:20px;border-color:#ffde6e;border-radius:5px;text-shadow:none\"><i class=\"sui sui-arrow-right\" style=\"font-size:13px;color:#000000\"><\/i>  Kam za pamiatkami <\/span><\/a>\n<div class=\"su-divider su-divider-style-default\" style=\"margin:15px 0;border-width:0px;border-color:#000000\"><\/div>\n<strong>Podkateg\u00f3ria: <\/strong> <a href=\"http:\/\/www.slovensky-kras.eu\/info\/kam-za-pamiatkami\/ludova-architektura-a-vidiecke-muzea\/\" class=\"su-button su-button-style-default\" style=\"color:#000000;background-color:#afd144;border-color:#8ca837;border-radius:5px\" target=\"_self\"><span style=\"color:#000000;padding:6px 16px;font-size:13px;line-height:20px;border-color:#c7df7d;border-radius:5px;text-shadow:none\"><i class=\"sui sui-arrow-right\" style=\"font-size:13px;color:#000000\"><\/i>  \u013dudov\u00e1 architekt\u00fara a vidieck\u00e9 m\u00faze\u00e1 <\/span><\/a>\n<div class=\"su-divider su-divider-style-default\" style=\"margin:15px 0;border-width:2px;border-color:#000000\"><\/div>\n<figure id=\"attachment_25142\" aria-describedby=\"caption-attachment-25142\" style=\"width: 900px\" class=\"wp-caption aligncenter\"><a href=\"https:\/\/www.slovensky-kras.eu\/info\/wp-content\/uploads\/2023\/08\/tulipan.jpg\"><img loading=\"lazy\" decoding=\"async\" class=\"wp-image-25142\" src=\"https:\/\/www.slovensky-kras.eu\/info\/wp-content\/uploads\/2023\/08\/tulipan-800x530.jpg\" alt=\"Tulip\u00e1n \u2013 Sedliacky dvor v obci Drnava\" width=\"900\" height=\"596\" srcset=\"https:\/\/www.slovensky-kras.eu\/info\/wp-content\/uploads\/2023\/08\/tulipan-800x530.jpg 800w, https:\/\/www.slovensky-kras.eu\/info\/wp-content\/uploads\/2023\/08\/tulipan-768x508.jpg 768w, https:\/\/www.slovensky-kras.eu\/info\/wp-content\/uploads\/2023\/08\/tulipan.jpg 1000w\" sizes=\"auto, (max-width: 900px) 100vw, 900px\" \/><\/a><figcaption id=\"caption-attachment-25142\" class=\"wp-caption-text\">Tulip\u00e1n \u2013 Sedliacky dvor<\/figcaption><\/figure>\n<div class=\"su-divider su-divider-style-default\" style=\"margin:15px 0;border-width:2px;border-color:#000000\"><\/div>\n<h2 class=\"ds-markdown-paragraph\"><span style=\"color: #800000;\">\u010co je to Tulip\u00e1n \u2013 Sedliacky dvor v obci Drnava a ak\u00fa m\u00e1 hist\u00f3riu?<\/span><\/h2>\n<p class=\"ds-markdown-paragraph\"><strong>Tulip\u00e1n \u2013 Sedliacky dvor v obci Drnava<\/strong>\u00a0je unik\u00e1tny dom s popisn\u00fdm \u010d\u00edslom 31, ktor\u00fd reprezentuje\u00a0<strong>\u013eudov\u00fa architekt\u00faru<\/strong>\u00a0zalo\u017een\u00fa na tradi\u010dnej kult\u00fare ma\u010farsk\u00e9ho \u013eudu na pomedz\u00ed dne\u0161n\u00e9ho Ma\u010farska a Slovenska, naz\u00fdvanou\u00a0<strong>Pal\u00f3c<\/strong>.<\/p>\n<h2 class=\"ds-markdown-paragraph\"><span style=\"color: #800000;\">\u010co je to Pal\u00f3c a ak\u00fd je jeho v\u00fdznam?<\/span><\/h2>\n<p class=\"ds-markdown-paragraph\"><strong>Pal\u00f3c<\/strong>\u00a0(ma\u010f. Pal\u00f3cok) predstavuje n\u00e1re\u010dov\u00fa oblas\u0165 so svojou vlastnou architekt\u00farou a zvykmi, ktor\u00e1 sa nach\u00e1dza na severe Ma\u010farska a juhu Slovenska, konkr\u00e9tne na \u00fazem\u00ed Heve\u0161skej, Bor\u0161odskej, Gemerskej, Novohradskej \u017eupy a z\u00e1padnej \u010dasti Abova, a ktor\u00fa vymedzuj\u00fa rieky V\u00e1h, Dunaj a Bodva.<\/p>\n<h2 class=\"ds-markdown-paragraph\"><span style=\"color: #800000;\">Kedy bol dom postaven\u00fd a ak\u00e1 je jeho kon\u0161trukcia?<\/span><\/h2>\n<p class=\"ds-markdown-paragraph\">Tento\u00a0<strong>murovan\u00fd dom z hlinen\u00fdch v\u00e1\u013ekov<\/strong>\u00a0s kamennou podmurovkou bol postaven\u00fd v roku 1920. Dodr\u017eiava tradi\u010dn\u00fa\u00a0<strong>\u0161tvorpriestorov\u00fa sch\u00e9mu<\/strong>\u00a0zo za\u010diatku 20. storo\u010dia, ktor\u00e1 pozost\u00e1va z radenia do h\u013abky pozemku: predn\u00e1 izba, kuchy\u0148a, zadn\u00e1 izba a komora.<\/p>\n<h2 class=\"ds-markdown-paragraph\"><span style=\"color: #800000;\">Ak\u00fd \u0161t\u00fdl dom in\u0161piruje a \u010d\u00edm je v\u00fdnimo\u010dn\u00fd zvonku?<\/span><\/h2>\n<p class=\"ds-markdown-paragraph\">Budova je in\u0161pirovan\u00e1\u00a0<strong>\u013eudov\u00fdm klasicizmom a secesiou<\/strong>, \u010do sa prejavuje na plastick\u00fdch ornamentoch na r\u00e1movom \u0161t\u00edte a na ornament\u00e1lnej v\u00fdzdobe prie\u010delia. Dom m\u00e1\u00a0<strong>sedlov\u00fa strechu<\/strong>\u00a0s\u00a0<strong>murovan\u00fdm \u0161t\u00edtom<\/strong>, ktor\u00fd disponuje bohatou ornament\u00e1lnou v\u00fdzdobou. Na prie\u010del\u00ed domu sa nach\u00e1dzaj\u00fa\u00a0<strong>liz\u00e9nov\u00e9 r\u00e1my<\/strong>.<\/p>\n<h2 class=\"ds-markdown-paragraph\"><span style=\"color: #800000;\">\u010co je charakteristick\u00e9 pre okn\u00e1 tohto pal\u00f3ckeho domu?<\/span><\/h2>\n<p class=\"ds-markdown-paragraph\">Okn\u00e1 v \u0161t\u00edte, ktor\u00e9 sl\u00fa\u017eia ako vetracie otvory, s\u00fa or\u00e1movan\u00e9 mas\u00edvnymi a plastick\u00fdmi (vystupuj\u00face pred plochu steny) \u0161ambr\u00e1nami (or\u00e1movan\u00edm) a maj\u00fa polkruhov\u00fd z\u00e1ver. Pod nimi je vo fas\u00e1dnom profile vyzna\u010den\u00fd letopo\u010det 1920.<\/p>\n<h2 class=\"ds-markdown-paragraph\"><span style=\"color: #800000;\">Ak\u00fd bol p\u00f4vodn\u00fd typ okien a ak\u00fa maj\u00fa v\u00fdhodu?<\/span><\/h2>\n<p class=\"ds-markdown-paragraph\">P\u00f4vodn\u00e9 okn\u00e1 na dome boli v minulosti vyrez\u00e1van\u00e9 <strong>\u0161paletov\u00e9 okn\u00e1<\/strong>.\u00a0<strong>\u0160paletov\u00e9 okn\u00e1<\/strong>\u00a0s\u00fa dvojdielne okn\u00e1, ktor\u00e9 maj\u00fa vonkaj\u0161ie aj vn\u00fatorn\u00e9 kr\u00eddla a medzi nimi je \u010das\u0165 okenn\u00e9ho v\u00fdklenku (\u0161paleta).\u00a0<strong>\u0160paletov\u00e9 (skrinkov\u00e9) okn\u00e1<\/strong>\u00a0maj\u00fa z\u00e1sadn\u00fa v\u00fdhodu vo vyu\u017eite\u013enosti medziokenn\u00e9ho priestoru, napr\u00edklad na umiestnenie kvetov. Replikovan\u00e9 okn\u00e1 maj\u00fa p\u00f4vodn\u00e9 plastick\u00e9 \u0161ambr\u00e1ny.<\/p>\n<h3><span style=\"color: #808000;\">Bl\u00edzke stredisko, turistick\u00e9 centrum, obec alebo mesto:<\/span><\/h3>\n<ul>\n<li><a href=\"http:\/\/www.slovensky-kras.eu\/info\/strediska-a-centra\/obec-drnava\/\">Obec Drnava (\u010d\u00edtaj viac&#8230;)<\/a><\/li>\n<\/ul>\n<h2><span style=\"color: #800000;\">Mapy<\/span><\/h2>\n<p><strong>Vrstvy: <\/strong>Turistick\u00e1 mapa, Automapa, Cyklomapa, Ly\u017eiarska mapa, Satelitn\u00e1 mapa a OpenStreetMap.<\/p>\n<p><strong>Kliknut\u00edm na logo &#8222;Freemap.sk&#8220; sa V\u00e1m mapa zobraz\u00ed na celej ploche obrazovky.<\/strong><\/p>\n<p><iframe style=\"width: 900px; height: 600px; border: 0;\" src=\"https:\/\/www.freemap.sk\/?map=14\/48.640651\/20.658975&amp;info-point=48.640651\/20.658975,Obec Drnava&amp;layers=X&amp;embed=search\" allowfullscreen=\"allowfullscreen\"><span data-mce-type=\"bookmark\" style=\"display: inline-block; width: 0px; overflow: hidden; line-height: 0;\" class=\"mce_SELRES_start\">\ufeff<\/span><\/iframe><\/p>\n<h2><span style=\"color: #800000;\">Po\u010dasie<\/span><\/h2>\n<p><iframe style=\"width: 900px; height: 600px;\" src=\"https:\/\/www.meteoblue.com\/sk\/po%C4%8Dasie\/widget\/three\/drnava_slovensk%c3%a1-republika_724863?geoloc=fixed&amp;nocurrent=0&amp;noforecast=0&amp;days=6&amp;tempunit=CELSIUS&amp;windunit=KILOMETER_PER_HOUR&amp;layout=image\" frameborder=\"0\" scrolling=\"NO\" sandbox=\"allow-same-origin allow-scripts allow-popups allow-popups-to-escape-sandbox\"><span data-mce-type=\"bookmark\" style=\"display: inline-block; width: 0px; overflow: hidden; line-height: 0;\" class=\"mce_SELRES_start\">\ufeff<\/span><\/iframe><\/p>\n<div><!-- DO NOT REMOVE THIS LINK --><a href=\"https:\/\/www.meteoblue.com\/sk\/po%C4%8Dasie\/predpove%C4%8F\/t%C3%BD%C5%BEde%C5%88\/drnava_slovensk%c3%a1-republika_724863?utm_source=weather_widget&amp;utm_medium=linkus&amp;utm_content=three&amp;utm_campaign=Weather%2BWidget\" target=\"_blank\" rel=\"noopener noreferrer\">meteoblue<\/a><\/div>\n<p><strong>Zdroj foto:<\/strong> Po\u017ei\u010dov\u0148a elektrobicyklov Ro\u017e\u0148ava<\/p>\n<figure id=\"attachment_20622\" aria-describedby=\"caption-attachment-20622\" style=\"width: 900px\" class=\"wp-caption aligncenter\"><a href=\"https:\/\/www.slovensky-kras.eu\/info\/wp-content\/uploads\/2021\/06\/drnava-bike2.jpg\"><img loading=\"lazy\" decoding=\"async\" class=\"wp-image-20622\" src=\"https:\/\/www.slovensky-kras.eu\/info\/wp-content\/uploads\/2021\/06\/drnava-bike2-800x449.jpg\" alt=\"Tulip\u00e1n \u2013 Sedliacky dvor\" width=\"900\" height=\"506\" srcset=\"https:\/\/www.slovensky-kras.eu\/info\/wp-content\/uploads\/2021\/06\/drnava-bike2-800x449.jpg 800w, https:\/\/www.slovensky-kras.eu\/info\/wp-content\/uploads\/2021\/06\/drnava-bike2-1024x575.jpg 1024w, https:\/\/www.slovensky-kras.eu\/info\/wp-content\/uploads\/2021\/06\/drnava-bike2-768x431.jpg 768w, https:\/\/www.slovensky-kras.eu\/info\/wp-content\/uploads\/2021\/06\/drnava-bike2.jpg 1200w\" sizes=\"auto, (max-width: 900px) 100vw, 900px\" \/><\/a><figcaption id=\"caption-attachment-20622\" class=\"wp-caption-text\">Tulip\u00e1n \u2013 Sedliacky dvor<\/figcaption><\/figure>\n<hr \/>\n","protected":false},"excerpt":{"rendered":"<p>Menu: Podkateg\u00f3ria: \u010co je to Tulip\u00e1n \u2013 Sedliacky dvor v obci Drnava a ak\u00fa m\u00e1 hist\u00f3riu? Tulip\u00e1n \u2013 Sedliacky dvor v obci Drnava\u00a0je unik\u00e1tny dom s popisn\u00fdm \u010d\u00edslom 31, ktor\u00fd [&hellip;]<\/p>\n","protected":false},"author":1,"featured_media":25142,"parent":15,"menu_order":0,"comment_status":"closed","ping_status":"closed","template":"","meta":{"_uag_custom_page_level_css":"","footnotes":""},"class_list":["post-25121","page","type-page","status-publish","has-post-thumbnail","hentry"],"featured_image_src":"https:\/\/www.slovensky-kras.eu\/info\/wp-content\/uploads\/2023\/08\/tulipan.jpg","featured_image_src_square":"https:\/\/www.slovensky-kras.eu\/info\/wp-content\/uploads\/2023\/08\/tulipan.jpg","rbea_author_info":{"display_name":"admin","author_link":"https:\/\/www.slovensky-kras.eu\/info\/author\/admin\/"},"rbea_excerpt_info":"Menu: Podkateg\u00f3ria: \u010co je to Tulip\u00e1n \u2013 Sedliacky dvor v obci Drnava a ak\u00fa m\u00e1 hist\u00f3riu? Tulip\u00e1n \u2013 Sedliacky dvor v obci Drnava\u00a0je unik\u00e1tny dom s popisn\u00fdm \u010d\u00edslom 31, ktor\u00fd [&hellip;]","uagb_featured_image_src":{"full":["https:\/\/www.slovensky-kras.eu\/info\/wp-content\/uploads\/2023\/08\/tulipan.jpg",1000,662,false],"thumbnail":["https:\/\/www.slovensky-kras.eu\/info\/wp-content\/uploads\/2023\/08\/tulipan-150x150.jpg",150,150,true],"medium":["https:\/\/www.slovensky-kras.eu\/info\/wp-content\/uploads\/2023\/08\/tulipan-800x530.jpg",800,530,true],"medium_large":["https:\/\/www.slovensky-kras.eu\/info\/wp-content\/uploads\/2023\/08\/tulipan-768x508.jpg",768,508,true],"large":["https:\/\/www.slovensky-kras.eu\/info\/wp-content\/uploads\/2023\/08\/tulipan.jpg",1000,662,false],"1536x1536":["https:\/\/www.slovensky-kras.eu\/info\/wp-content\/uploads\/2023\/08\/tulipan.jpg",1000,662,false],"2048x2048":["https:\/\/www.slovensky-kras.eu\/info\/wp-content\/uploads\/2023\/08\/tulipan.jpg",1000,662,false]},"uagb_author_info":{"display_name":"admin","author_link":"https:\/\/www.slovensky-kras.eu\/info\/author\/admin\/"},"uagb_comment_info":0,"uagb_excerpt":"Menu: Podkateg\u00f3ria: \u010co je to Tulip\u00e1n \u2013 Sedliacky dvor v obci Drnava a ak\u00fa m\u00e1 hist\u00f3riu? Tulip\u00e1n \u2013 Sedliacky dvor v obci Drnava\u00a0je unik\u00e1tny dom s popisn\u00fdm \u010d\u00edslom 31, ktor\u00fd [&hellip;]","_links":{"self":[{"href":"https:\/\/www.slovensky-kras.eu\/info\/wp-json\/wp\/v2\/pages\/25121","targetHints":{"allow":["GET"]}}],"collection":[{"href":"https:\/\/www.slovensky-kras.eu\/info\/wp-json\/wp\/v2\/pages"}],"about":[{"href":"https:\/\/www.slovensky-kras.eu\/info\/wp-json\/wp\/v2\/types\/page"}],"author":[{"embeddable":true,"href":"https:\/\/www.slovensky-kras.eu\/info\/wp-json\/wp\/v2\/users\/1"}],"replies":[{"embeddable":true,"href":"https:\/\/www.slovensky-kras.eu\/info\/wp-json\/wp\/v2\/comments?post=25121"}],"version-history":[{"count":46,"href":"https:\/\/www.slovensky-kras.eu\/info\/wp-json\/wp\/v2\/pages\/25121\/revisions"}],"predecessor-version":[{"id":28882,"href":"https:\/\/www.slovensky-kras.eu\/info\/wp-json\/wp\/v2\/pages\/25121\/revisions\/28882"}],"up":[{"embeddable":true,"href":"https:\/\/www.slovensky-kras.eu\/info\/wp-json\/wp\/v2\/pages\/15"}],"wp:featuredmedia":[{"embeddable":true,"href":"https:\/\/www.slovensky-kras.eu\/info\/wp-json\/wp\/v2\/media\/25142"}],"wp:attachment":[{"href":"https:\/\/www.slovensky-kras.eu\/info\/wp-json\/wp\/v2\/media?parent=25121"}],"curies":[{"name":"wp","href":"https:\/\/api.w.org\/{rel}","templated":true}]}}