{"id":23,"date":"2013-06-22T10:43:24","date_gmt":"2013-06-22T08:43:24","guid":{"rendered":"http:\/\/www.slovensky-kras.eu\/info\/?page_id=23"},"modified":"2025-11-24T14:05:34","modified_gmt":"2025-11-24T13:05:34","slug":"vidiecka-turistika","status":"publish","type":"page","link":"https:\/\/www.slovensky-kras.eu\/info\/zaujimavosti\/vidiecka-turistika\/","title":{"rendered":"Vidiecka turistika v Slovenskom krase"},"content":{"rendered":"<p><strong>Menu: <\/strong><a href=\"http:\/\/www.slovensky-kras.eu\/info\/\" class=\"su-button su-button-style-default\" style=\"color:#000000;background-color:#FFCF2F;border-color:#cca626;border-radius:5px\" target=\"_self\"><span style=\"color:#000000;padding:6px 16px;font-size:13px;line-height:20px;border-color:#ffde6e;border-radius:5px;text-shadow:none\"><i class=\"sui sui-arrow-right\" style=\"font-size:13px;color:#000000\"><\/i>  \u00davod \/ Aktuality <\/span><\/a>\n<a href=\"http:\/\/www.slovensky-kras.eu\/info\/zaujimavosti\/\" class=\"su-button su-button-style-default\" style=\"color:#000000;background-color:#FFCF2F;border-color:#cca626;border-radius:5px\" target=\"_self\"><span style=\"color:#000000;padding:6px 16px;font-size:13px;line-height:20px;border-color:#ffde6e;border-radius:5px;text-shadow:none\"><i class=\"sui sui-arrow-right\" style=\"font-size:13px;color:#000000\"><\/i>  Zauj\u00edmavosti <\/span><\/a>\n<div class=\"su-divider su-divider-style-default\" style=\"margin:15px 0;border-width:2px;border-color:#000000\"><\/div>\n<figure id=\"attachment_19692\" aria-describedby=\"caption-attachment-19692\" style=\"width: 900px\" class=\"wp-caption aligncenter\"><a href=\"https:\/\/www.slovensky-kras.eu\/info\/wp-content\/uploads\/2021\/01\/lucka-kostol.jpg\"><img loading=\"lazy\" decoding=\"async\" class=\"wp-image-19692\" src=\"http:\/\/www.slovensky-kras.eu\/info\/wp-content\/uploads\/2021\/01\/lucka-kostol.jpg\" alt=\"Vidiecka turistika v Slovenskom krase\" width=\"900\" height=\"600\" srcset=\"https:\/\/www.slovensky-kras.eu\/info\/wp-content\/uploads\/2021\/01\/lucka-kostol.jpg 800w, https:\/\/www.slovensky-kras.eu\/info\/wp-content\/uploads\/2021\/01\/lucka-kostol-768x512.jpg 768w\" sizes=\"auto, (max-width: 900px) 100vw, 900px\" \/><\/a><figcaption id=\"caption-attachment-19692\" class=\"wp-caption-text\">Husitsk\u00fd kostol v L\u00fa\u010dke \u2013 Okolie je udr\u017eiavan\u00e9 pasen\u00edm oviec, bez nutnosti celoplo\u0161n\u00e9ho kosenia<\/figcaption><\/figure>\n<div class=\"su-divider su-divider-style-default\" style=\"margin:15px 0;border-width:2px;border-color:#000000\"><\/div>\n<h2 data-start=\"0\" data-end=\"129\"><span style=\"color: #800000;\">Pre\u010do je <strong data-start=\"11\" data-end=\"52\">Vidiecka turistika v Slovenskom krase<\/strong> ide\u00e1lnou vo\u013ebou pre t\u00fdch, ktor\u00ed h\u013eadaj\u00fa pokoj, pr\u00edrodu a autentick\u00e9 z\u00e1\u017eitky?<\/span><\/h2>\n<p data-start=\"193\" data-end=\"704\"><strong data-start=\"193\" data-end=\"234\">Vidiecka turistika v Slovenskom krase<\/strong> m\u00e1 dlhodob\u00fa trad\u00edciu a u\u017e od \u010dias Rak\u00fasko-Uhorska patrila k ob\u013e\u00faben\u00fdm form\u00e1m oddychu. Ide o s\u00fabor rekrea\u010dn\u00fdch aktiv\u00edt vo\u013en\u00e9ho \u010dasu sp\u00e4t\u00fdch s vidieckym prostred\u00edm, ktor\u00e9 sa prirodzene odli\u0161uje od mestsk\u00e9ho sp\u00f4sobu \u017eivota.<\/p>\n<p data-start=\"193\" data-end=\"704\">Predstavuje n\u00e1vrat k pr\u00edrode, trad\u00edci\u00e1m a p\u00f4vodn\u00e9mu rytmu dediny \u2013 k pohostinnosti, jednoduchej harm\u00f3nii a skuto\u010dn\u00e9mu odpo\u010dinku. Pobyt zah\u0155\u0148a ubytovanie v rodin\u00e1ch, vidieckych domoch \u010di \u00fa\u010delov\u00fdch zariadeniach, \u010do zvy\u0161uje autenticitu cel\u00e9ho z\u00e1\u017eitku.<\/p>\n<h2 data-start=\"711\" data-end=\"809\"><span style=\"color: #800000;\">\u010co m\u00f4\u017eem za\u017ei\u0165, ke\u010f sa rozhodnem objavova\u0165 vidiecku turistiku priamo v srdci Slovensk\u00e9ho krasu?<\/span><\/h2>\n<p data-start=\"873\" data-end=\"1319\">\u010cak\u00e1 v\u00e1s origin\u00e1lne vidiecke prostredie, kde stretnete slovensk\u00e9, ma\u010farsk\u00e9, r\u00f3mske aj mantack\u00e9 obyvate\u013estvo, pri\u010dom ka\u017ed\u00e1 komunita prispieva k pestr\u00e9mu kult\u00farnemu dedi\u010dstvu regi\u00f3nu. Okrem tradi\u010dn\u00fdch zvykov, \u013eudov\u00fdch piesn\u00ed, hudby \u010di architekt\u00fary m\u00f4\u017eete za\u017ei\u0165 aj aktivity typick\u00e9 pre vidiecky \u017eivot \u2013 zber ovocia a zeleniny, starostlivos\u0165 o dom\u00e1ce zvierat\u00e1, drobn\u00e9 hospod\u00e1rske pr\u00e1ce \u010di be\u017en\u00e9 sez\u00f3nne \u010dinnosti, ktor\u00e9 s\u00fa pre tento regi\u00f3n prirodzen\u00e9.<\/p>\n<h2 data-start=\"1326\" data-end=\"1427\"><span style=\"color: #800000;\">Ak\u00e9 pr\u00edrodn\u00e9 a kult\u00farne bohatstvo rob\u00ed Slovensk\u00fd kras tak\u00fdm v\u00fdnimo\u010dn\u00fdm miestom pre vidiecky pobyt?<\/span><\/h2>\n<p data-start=\"1491\" data-end=\"1859\">Slovensk\u00fd kras pon\u00faka rozsiahle planiny, hlbok\u00e9 ties\u0148avy, UNESCO jaskyne, malebn\u00e9 dediny a v\u00fdnimo\u010dn\u00e9 pr\u00edrodn\u00e9 dedi\u010dstvo. Medzi najatrakt\u00edvnej\u0161ie v\u00fdletn\u00e9 lokality patria Z\u00e1dielska ties\u0148ava, Jasovsk\u00e1 skala \u010di Hrhovsk\u00e9 rybn\u00edky. Tieto miesta s\u00fa ide\u00e1lne na pokojn\u00e9 prech\u00e1dzky, pozorovanie pr\u00edrody, objavovanie kult\u00farnych pamiatok a spozn\u00e1vanie tradi\u010dn\u00e9ho \u017eivota na vidieku.<\/p>\n<h2 data-start=\"1866\" data-end=\"1952\"><span style=\"color: #800000;\">Pre\u010do je Slovensk\u00fd kras vhodn\u00fd pre pomal\u00e9 cestovanie, folkl\u00f3r a autentick\u00e9 z\u00e1\u017eitky?<\/span><\/h2>\n<p data-start=\"2016\" data-end=\"2416\">Pomal\u00fd, prirodzen\u00fd rytmus vidieka umo\u017e\u0148uje naplno vn\u00edma\u0165 miestne zvyky, folkl\u00f3r a tradi\u010dn\u00e9 remesl\u00e1. Vidiecka turistika zah\u0155\u0148a aj vinohradn\u00edctvo, napr\u00edklad prech\u00e1dzky vo vinohradoch na Turnianskej v\u00ednnej ceste s ochutn\u00e1vkou lok\u00e1lnych v\u00edn. Dom\u00e1ci pon\u00fakaj\u00fa mo\u017enos\u0165 zapoji\u0165 sa do remeselnej pr\u00e1ce, obozn\u00e1mi\u0165 sa s kult\u00farnymi zvyklos\u0165ami a za\u017ei\u0165 atmosf\u00e9ru, ktor\u00e1 sa v mestskom prostred\u00ed jednoducho vytr\u00e1ca.<\/p>\n<h2 data-start=\"2423\" data-end=\"2481\"><span style=\"color: #800000;\">Ak\u00e9 aktivity pon\u00faka vidiecka turistika v tejto oblasti?<\/span><\/h2>\n<p data-start=\"2545\" data-end=\"2959\">Ponuka je mimoriadne bohat\u00e1 \u2013 jazda na koni, po\u013eovn\u00edctvo, cykloturistika, rybolov na rybn\u00edkoch Hrhov, Hru\u0161ov, Jasov, Brzot\u00edn \u010di na Turnianskom rybn\u00edku. K tomu plavba po rieke Slan\u00e1, pe\u0161ia turistika nedotknutou krajinou, zber lesn\u00fdch plodov a byl\u00edn (len pre vlastn\u00fa spotrebu) \u010di \u00fa\u010das\u0165 na tradi\u010dn\u00fdch podujatiach. S\u00fa\u010das\u0165ou z\u00e1\u017eitku je aj ochutn\u00e1vka lok\u00e1lnych produktov, remeseln\u00e9 dielne a objavovanie hist\u00f3rie regi\u00f3nu.<\/p>\n<h2 data-start=\"2966\" data-end=\"3035\"><span style=\"color: #800000;\">Ako m\u00f4\u017eem za\u017ei\u0165 agroturistiku a tradi\u010dn\u00fd vidiecky \u017eivot v regi\u00f3ne?<\/span><\/h2>\n<p data-start=\"3099\" data-end=\"3459\">Agroturistika v\u00e1m umo\u017en\u00ed zapoji\u0165 sa do po\u013enohospod\u00e1rskych sez\u00f3nnych pr\u00e1c, typick\u00fdch dom\u00e1cich povinnost\u00ed \u010di starostlivosti o zvierat\u00e1. Ide o formu pobytu, ktor\u00e1 n\u00e1v\u0161tevn\u00edkom ukazuje ka\u017edodenn\u00fa realitu vidieka, jeho hodnoty a ekologick\u00fa udr\u017eate\u013enos\u0165. Programy tohto typu podporuj\u00fa zachovanie tradi\u010dn\u00fdch postupov, kult\u00farnych zvykov a ekologick\u00fdch funkci\u00ed krajiny.<\/p>\n<h2 data-start=\"3466\" data-end=\"3525\"><span style=\"color: #800000;\">Pre\u010do m\u00e1 vidiecka turistika v\u00fdznam pre miestne komunity?<\/span><\/h2>\n<p data-start=\"3589\" data-end=\"3940\">Vidiecka turistika prin\u00e1\u0161a vidieckym obciam ekonomick\u00e9 aj soci\u00e1lne v\u00fdhody. Podporuje zvy\u0161ovanie \u017eivotn\u00e9ho \u0161tandardu, vytv\u00e1ra nov\u00e9 pracovn\u00e9 pr\u00edle\u017eitosti, revitalizuje vidiecke prostredie a prispieva k rozvoju kult\u00farnej identity regi\u00f3nu. Z\u00e1rove\u0148 motivuje miestnych obyvate\u013eov k zachovaniu tradi\u010dn\u00e9ho os\u00eddlenia, remesiel, folkl\u00f3ru a pr\u00edrodn\u00e9ho dedi\u010dstva.<\/p>\n<h2 data-start=\"3947\" data-end=\"4014\"><span style=\"color: #800000;\">Pre koho je vidiecka turistika v Slovenskom krase najvhodnej\u0161ia?<\/span><\/h2>\n<p data-start=\"4078\" data-end=\"4407\">Tento typ cestovania je ide\u00e1lny pre rodiny, p\u00e1ry, seniorov, s\u00f3lo cestovate\u013eov aj milovn\u00edkov pr\u00edrody. <strong data-start=\"4179\" data-end=\"4201\">Vidiecka turistika<\/strong> v regi\u00f3ne pon\u00faka rovnov\u00e1hu medzi akt\u00edvnym pohybom a tich\u00fdm oddychom, pri\u010dom ka\u017ed\u00fd n\u00e1v\u0161tevn\u00edk m\u00f4\u017ee objavi\u0165 presne to, \u010do v danej chv\u00edli h\u013ead\u00e1 \u2013 pokoj, chu\u0165 trad\u00edcie \u010di mo\u017enos\u0165 akt\u00edvne str\u00e1vi\u0165 \u010das v pr\u00edrode.<\/p>\n","protected":false},"excerpt":{"rendered":"<p>Menu: Pre\u010do je Vidiecka turistika v Slovenskom krase ide\u00e1lnou vo\u013ebou pre t\u00fdch, ktor\u00ed h\u013eadaj\u00fa pokoj, pr\u00edrodu a autentick\u00e9 z\u00e1\u017eitky? Vidiecka turistika v Slovenskom krase m\u00e1 dlhodob\u00fa trad\u00edciu a u\u017e od [&hellip;]<\/p>\n","protected":false},"author":1,"featured_media":19692,"parent":19,"menu_order":10,"comment_status":"closed","ping_status":"open","template":"","meta":{"_uag_custom_page_level_css":"","footnotes":""},"class_list":["post-23","page","type-page","status-publish","has-post-thumbnail","hentry"],"featured_image_src":"https:\/\/www.slovensky-kras.eu\/info\/wp-content\/uploads\/2021\/01\/lucka-kostol.jpg","featured_image_src_square":"https:\/\/www.slovensky-kras.eu\/info\/wp-content\/uploads\/2021\/01\/lucka-kostol.jpg","rbea_author_info":{"display_name":"admin","author_link":"https:\/\/www.slovensky-kras.eu\/info\/author\/admin\/"},"rbea_excerpt_info":"Menu: Pre\u010do je Vidiecka turistika v Slovenskom krase ide\u00e1lnou vo\u013ebou pre t\u00fdch, ktor\u00ed h\u013eadaj\u00fa pokoj, pr\u00edrodu a autentick\u00e9 z\u00e1\u017eitky? Vidiecka turistika v Slovenskom krase m\u00e1 dlhodob\u00fa trad\u00edciu a u\u017e od [&hellip;]","uagb_featured_image_src":{"full":["https:\/\/www.slovensky-kras.eu\/info\/wp-content\/uploads\/2021\/01\/lucka-kostol.jpg",800,533,false],"thumbnail":["https:\/\/www.slovensky-kras.eu\/info\/wp-content\/uploads\/2021\/01\/lucka-kostol-150x150.jpg",150,150,true],"medium":["https:\/\/www.slovensky-kras.eu\/info\/wp-content\/uploads\/2021\/01\/lucka-kostol.jpg",800,533,false],"medium_large":["https:\/\/www.slovensky-kras.eu\/info\/wp-content\/uploads\/2021\/01\/lucka-kostol-768x512.jpg",768,512,true],"large":["https:\/\/www.slovensky-kras.eu\/info\/wp-content\/uploads\/2021\/01\/lucka-kostol.jpg",800,533,false],"1536x1536":["https:\/\/www.slovensky-kras.eu\/info\/wp-content\/uploads\/2021\/01\/lucka-kostol.jpg",800,533,false],"2048x2048":["https:\/\/www.slovensky-kras.eu\/info\/wp-content\/uploads\/2021\/01\/lucka-kostol.jpg",800,533,false]},"uagb_author_info":{"display_name":"admin","author_link":"https:\/\/www.slovensky-kras.eu\/info\/author\/admin\/"},"uagb_comment_info":0,"uagb_excerpt":"Menu: Pre\u010do je Vidiecka turistika v Slovenskom krase ide\u00e1lnou vo\u013ebou pre t\u00fdch, ktor\u00ed h\u013eadaj\u00fa pokoj, pr\u00edrodu a autentick\u00e9 z\u00e1\u017eitky? Vidiecka turistika v Slovenskom krase m\u00e1 dlhodob\u00fa trad\u00edciu a u\u017e od [&hellip;]","_links":{"self":[{"href":"https:\/\/www.slovensky-kras.eu\/info\/wp-json\/wp\/v2\/pages\/23","targetHints":{"allow":["GET"]}}],"collection":[{"href":"https:\/\/www.slovensky-kras.eu\/info\/wp-json\/wp\/v2\/pages"}],"about":[{"href":"https:\/\/www.slovensky-kras.eu\/info\/wp-json\/wp\/v2\/types\/page"}],"author":[{"embeddable":true,"href":"https:\/\/www.slovensky-kras.eu\/info\/wp-json\/wp\/v2\/users\/1"}],"replies":[{"embeddable":true,"href":"https:\/\/www.slovensky-kras.eu\/info\/wp-json\/wp\/v2\/comments?post=23"}],"version-history":[{"count":7,"href":"https:\/\/www.slovensky-kras.eu\/info\/wp-json\/wp\/v2\/pages\/23\/revisions"}],"predecessor-version":[{"id":28989,"href":"https:\/\/www.slovensky-kras.eu\/info\/wp-json\/wp\/v2\/pages\/23\/revisions\/28989"}],"up":[{"embeddable":true,"href":"https:\/\/www.slovensky-kras.eu\/info\/wp-json\/wp\/v2\/pages\/19"}],"wp:featuredmedia":[{"embeddable":true,"href":"https:\/\/www.slovensky-kras.eu\/info\/wp-json\/wp\/v2\/media\/19692"}],"wp:attachment":[{"href":"https:\/\/www.slovensky-kras.eu\/info\/wp-json\/wp\/v2\/media?parent=23"}],"curies":[{"name":"wp","href":"https:\/\/api.w.org\/{rel}","templated":true}]}}