{"id":22852,"date":"2022-03-09T15:52:26","date_gmt":"2022-03-09T14:52:26","guid":{"rendered":"https:\/\/www.slovensky-kras.eu\/info\/?page_id=22852"},"modified":"2025-11-25T05:12:19","modified_gmt":"2025-11-25T04:12:19","slug":"22852-2","status":"publish","type":"page","link":"https:\/\/www.slovensky-kras.eu\/info\/zaujimavosti\/22852-2\/","title":{"rendered":"Happy Tree House Betliar"},"content":{"rendered":"<p><strong>Menu: <\/strong><a href=\"http:\/\/www.slovensky-kras.eu\/info\/\" class=\"su-button su-button-style-default\" style=\"color:#000000;background-color:#FFCF2F;border-color:#cca626;border-radius:5px\" target=\"_self\"><span style=\"color:#000000;padding:6px 16px;font-size:13px;line-height:20px;border-color:#ffde6e;border-radius:5px;text-shadow:none\"><i class=\"sui sui-arrow-right\" style=\"font-size:13px;color:#000000\"><\/i>  \u00davod \/ Aktuality <\/span><\/a>\n<a href=\"http:\/\/www.slovensky-kras.eu\/info\/zaujimavosti\/\" class=\"su-button su-button-style-default\" style=\"color:#000000;background-color:#FFCF2F;border-color:#cca626;border-radius:5px\" target=\"_self\"><span style=\"color:#000000;padding:6px 16px;font-size:13px;line-height:20px;border-color:#ffde6e;border-radius:5px;text-shadow:none\"><i class=\"sui sui-arrow-right\" style=\"font-size:13px;color:#000000\"><\/i>  Zauj\u00edmavosti <\/span><\/a>\n<div class=\"su-divider su-divider-style-default\" style=\"margin:15px 0;border-width:2px;border-color:#000000\"><\/div>\n<figure id=\"attachment_24955\" aria-describedby=\"caption-attachment-24955\" style=\"width: 900px\" class=\"wp-caption aligncenter\"><a href=\"https:\/\/www.slovensky-kras.eu\/info\/wp-content\/uploads\/2023\/07\/tree-house-betliar.jpg\"><img loading=\"lazy\" decoding=\"async\" class=\"wp-image-24955\" src=\"https:\/\/www.slovensky-kras.eu\/info\/wp-content\/uploads\/2023\/07\/tree-house-betliar-800x600.jpg\" alt=\"Happy Tree House Betliar\" width=\"900\" height=\"674\" srcset=\"https:\/\/www.slovensky-kras.eu\/info\/wp-content\/uploads\/2023\/07\/tree-house-betliar-800x600.jpg 800w, https:\/\/www.slovensky-kras.eu\/info\/wp-content\/uploads\/2023\/07\/tree-house-betliar-768x575.jpg 768w, https:\/\/www.slovensky-kras.eu\/info\/wp-content\/uploads\/2023\/07\/tree-house-betliar.jpg 1000w\" sizes=\"auto, (max-width: 900px) 100vw, 900px\" \/><\/a><figcaption id=\"caption-attachment-24955\" class=\"wp-caption-text\">Happy Tree House Betliar<\/figcaption><\/figure>\n<div class=\"su-divider su-divider-style-default\" style=\"margin:15px 0;border-width:2px;border-color:#000000\"><\/div>\n<h2 dir=\"auto\"><span style=\"color: #800000;\">Kde sa nach\u00e1dza <strong>Happy Tree House Betliar<\/strong> a ako vyzer\u00e1 jeho okolie?<\/span><\/h2>\n<p dir=\"auto\"><strong>Happy Tree House Betliar<\/strong> sa nach\u00e1dza uprostred n\u00e1dhern\u00e9ho listnat\u00e9ho lesa, len p\u00e1r min\u00fat od svetozn\u00e1meho ka\u0161tie\u013ea Betliar. Je bezpe\u010dne upevnen\u00fd v korun\u00e1ch troch statn\u00fdch bukov a pon\u00faka jedine\u010dn\u00fd poh\u013ead priamo do srdca pr\u00edrody.<\/p>\n<h2 dir=\"auto\"><span style=\"color: #800000;\">Pre ko\u013eko os\u00f4b je <strong>Happy Tree House Betliar<\/strong> vhodn\u00fd a ako je vybaven\u00fd?<\/span><\/h2>\n<p dir=\"auto\">Dom\u010dek je ide\u00e1lny maxim\u00e1lne pre 5 os\u00f4b. K dispoz\u00edcii je pohodln\u00e1 man\u017eelsk\u00e1 poste\u013e, poschodov\u00e1 poste\u013e a praktick\u00e9 vys\u00favacie l\u00f4\u017eko. Samozrejmos\u0165ou je mal\u00fd st\u00f4l so stoli\u010dkami a dostatok odkladacieho priestoru.<\/p>\n<h2 dir=\"auto\"><span style=\"color: #800000;\">\u010co za\u017eijete na priestrannej terase <strong>Happy Tree House Betliar<\/strong>?<\/span><\/h2>\n<p dir=\"auto\">Pri ve\u010dernom grilovan\u00ed a poseden\u00ed na ve\u013ekej terase sa m\u00f4\u017eete \u00faplne ponori\u0165 do zvukov lesa a no\u010dnej pr\u00edrody. Pre spr\u00edjemnenie chv\u00ed\u013e tu na v\u00e1s \u010dak\u00e1 pohodln\u00e9 posedenie a kvalitn\u00fd plynov\u00fd gril, na ktorom si priprav\u00edte v\u0161etky ob\u013e\u00faben\u00e9 dobroty.<\/p>\n<h2 dir=\"auto\"><span style=\"color: #800000;\">Kde si vychutn\u00e1te najkraj\u0161ie z\u00e1pady slnka pri <strong>Happy Tree House Betliar<\/strong>?<\/span><\/h2>\n<p dir=\"auto\">Sta\u010d\u00ed prejs\u0165 len p\u00e1r metrov od dom\u010deka a medzi korunami stromov sa v\u00e1m otvoria \u00fachvatn\u00e9 v\u00fdh\u013eady na miestne kopce, l\u00faky a pasienky \u2013 ide\u00e1lne miesto pre milovn\u00edkov z\u00e1padov slnka a fotografovania.<\/p>\n<h2 dir=\"auto\"><span style=\"color: #800000;\">Ak\u00e9 vybavenie n\u00e1jdem vn\u00fatri <strong>Happy Tree House Betliar<\/strong>?<\/span><\/h2>\n<p dir=\"auto\">V\u0161etko od hrn\u010dekov a\u017e po tanieriky je pre v\u00e1s pripraven\u00e9. Ke\u010f v\u00e1s prestane bavi\u0165 len tak le\u0148o\u0161i\u0165, m\u00e1te k dispoz\u00edcii spolo\u010densk\u00e9 hry, \u0161portov\u00e9 aktivity aj pohodln\u00fa h\u00fapaceiu sie\u0165 priamo pod dom\u010dekom.<\/p>\n<h2 dir=\"auto\"><span style=\"color: #800000;\">D\u00e1 sa pri <strong>Happy Tree House Betliar<\/strong> po\u017ei\u010da\u0165 e-bike?<\/span><\/h2>\n<p dir=\"auto\">\u00c1no, v pr\u00edpade z\u00e1ujmu si jednoducho objedn\u00e1te po\u017ei\u010danie modern\u00fdch e-bikov priamo v rezerva\u010dnom syst\u00e9me.<\/p>\n<h2 dir=\"auto\"><span style=\"color: #800000;\">Ako je vyrie\u0161en\u00e1 hygiena a voda v <strong>Happy Tree House Betliar<\/strong>?<\/span><\/h2>\n<p dir=\"auto\">S\u00fa\u010das\u0165ou dom\u010deka je praktick\u00fd hygienick\u00fd k\u00fatik s um\u00fdvadlom a 8-litrovou n\u00e1dobou pitnej vody. Uter\u00e1ky aj drobn\u00e9 hygienick\u00e9 potreby s\u00fa samozrejmos\u0165ou. \u010eal\u0161ie z\u00e1soby pitnej vody na varenie \u010di um\u00fdvanie riadu n\u00e1jdete pod um\u00fdvadlom. Oddelen\u00e1 ekologick\u00e1 latr\u00ednka je hne\u010f pod schodmi a v letn\u00fdch mesiacoch m\u00f4\u017eete vyu\u017ei\u0165 osvie\u017euj\u00facu vonkaj\u0161iu sprchu v zadnej \u010dasti dom\u010deka.<\/p>\n<h2 dir=\"auto\"><span style=\"color: #800000;\">Ako sa sp\u00ed v <strong>Happy Tree House Betliar<\/strong> a \u010do si zbali\u0165?<\/span><\/h2>\n<p dir=\"auto\">O va\u0161u pohodu sa postaraj\u00fa tepl\u00e9 periny a deky. Po\u010dasie v lese b\u00fdva vrtkav\u00e9, preto si najm\u00e4 v chladnej\u0161\u00edch mesiacoch nezabudnite tepl\u00e9 oble\u010denie. Papu\u010dky pre v\u00e1s m\u00e1me pripraven\u00e9.<\/p>\n<h2 dir=\"auto\"><span style=\"color: #800000;\">Je v <strong>Happy Tree House Betliar<\/strong> elektrina?<\/span><\/h2>\n<p dir=\"auto\">Nie, pre \u010do najautentickej\u0161\u00ed z\u00e1\u017eitok tu elektriku nen\u00e1jdete. Romantick\u00fa atmosf\u00e9ru ve\u010der vytv\u00e1raj\u00fa svie\u010dky, jemn\u00e1 svetielka a lamp\u00e1\u0161e. Ak potrebujete by\u0165 st\u00e1le online, odpor\u00fa\u010dame nabit\u00fa powerbanku.<\/p>\n<h2 dir=\"auto\"><span style=\"color: #800000;\">\u010co si treba prinies\u0165 na pobyt v <strong>Happy Tree House Betliar<\/strong>?<\/span><\/h2>\n<p dir=\"auto\">Okrem tepl\u00e9ho oble\u010denia a powerbanky nezabudnite na dostatok pitnej vody a jedlo pod\u013ea va\u0161ej chuti. Presn\u00fa polohu <strong>Happy Tree House Betliar<\/strong> dostanete a\u017e po rezerv\u00e1cii \u2013 \u010dak\u00e1 na v\u00e1s skuto\u010dn\u00e9 tajomn\u00e9 dobrodru\u017estvo v korun\u00e1ch stromov.<\/p>\n<h2><span style=\"color: #800000;\">Fotogal\u00e9ria<\/span><\/h2>\n<style type=\"text\/css\">\n#foogallery-gallery-28997 .fg-image { width: 200px; }<\/style>\n\t\t\t<div class=\"foogallery foogallery-container foogallery-carousel foogallery-lightbox-foogallery fg-carousel fg-ready fg-light fg-border-medium fg-round-small fg-shadow-medium fg-loading-default fg-loaded-fade-in fg-hover-semi-zoomed fg-hover-fade fg-hover-circle-plus2\" id=\"foogallery-gallery-28997\" data-foogallery=\"{&quot;item&quot;:{&quot;showCaptionTitle&quot;:true,&quot;showCaptionDescription&quot;:true},&quot;lazy&quot;:true,&quot;template&quot;:{&quot;maxItems&quot;:5,&quot;scale&quot;:0.11999999999999999555910790149937383830547332763671875,&quot;gutter&quot;:{&quot;min&quot;:-40,&quot;max&quot;:-20,&quot;unit&quot;:&quot;%&quot;},&quot;autoplay&quot;:{&quot;time&quot;:0,&quot;interaction&quot;:&quot;pause&quot;},&quot;centerOnClick&quot;:true,&quot;align&quot;:&quot;center&quot;,&quot;activePosition&quot;:&quot;center&quot;}}\" data-foogallery-lightbox=\"{&quot;thumbs&quot;:&quot;bottom&quot;,&quot;thumbsCaptions&quot;:false,&quot;thumbsBestFit&quot;:false,&quot;thumbsSmall&quot;:false,&quot;thumbsCaptionsAlign&quot;:&quot;default&quot;,&quot;info&quot;:&quot;bottom&quot;,&quot;infoVisible&quot;:true,&quot;infoOverlay&quot;:true,&quot;infoAlign&quot;:&quot;default&quot;,&quot;transition&quot;:&quot;fade&quot;,&quot;hoverButtons&quot;:false,&quot;fitMedia&quot;:false,&quot;noScrollbars&quot;:true,&quot;preserveButtonSpace&quot;:true,&quot;buttons&quot;:{&quot;fullscreen&quot;:true,&quot;info&quot;:true,&quot;thumbs&quot;:false},&quot;video&quot;:{&quot;autoPlay&quot;:true}}\" style=\"--fg-title-line-clamp: 1; --fg-description-line-clamp: 2;\" >\n\t<button type=\"button\" class=\"fg-carousel-prev\" title=\"Previous\"><\/button>\n\t<div class=\"fg-carousel-inner\">\n\t\t<div class=\"fg-carousel-center\"><\/div>\n\t\t<div class=\"fg-item fg-type-image fg-idle\"><figure class=\"fg-item-inner\"><a href=\"https:\/\/www.slovensky-kras.eu\/info\/wp-content\/uploads\/2023\/07\/tree-house-betliar.jpg\" data-caption-title=\"Happy Tree House Betliar\" data-attachment-id=\"24955\" data-type=\"image\" class=\"fg-thumb\"><span class=\"fg-image-wrap\"><img decoding=\"async\" alt=\"Happy Tree House Betliar\" title=\"Happy Tree House Betliar\" width=\"200\" height=\"200\" class=\"skip-lazy fg-image\" data-src-fg=\"https:\/\/www.slovensky-kras.eu\/info\/wp-content\/uploads\/cache\/2023\/07\/tree-house-betliar\/2630967785.jpg\" src=\"data:image\/svg+xml,%3Csvg%20xmlns%3D%22http%3A%2F%2Fwww.w3.org%2F2000%2Fsvg%22%20width%3D%22200%22%20height%3D%22200%22%20viewBox%3D%220%200%20200%20200%22%3E%3C%2Fsvg%3E\" loading=\"eager\"><\/span><span class=\"fg-image-overlay\"><\/span><\/a><figcaption class=\"fg-caption\"><div class=\"fg-caption-inner\"><div class=\"fg-caption-title\">Happy Tree House Betliar<\/div><\/div><\/figcaption><\/figure><div class=\"fg-loader\"><\/div><\/div><div class=\"fg-item fg-type-image fg-idle\"><figure class=\"fg-item-inner\"><a href=\"https:\/\/www.slovensky-kras.eu\/info\/wp-content\/uploads\/2022\/03\/happy3.jpg\" data-attachment-id=\"22856\" data-type=\"image\" class=\"fg-thumb\"><span class=\"fg-image-wrap\"><img decoding=\"async\" width=\"200\" height=\"200\" class=\"skip-lazy fg-image\" data-src-fg=\"https:\/\/www.slovensky-kras.eu\/info\/wp-content\/uploads\/cache\/2022\/03\/happy3\/2662807469.jpg\" src=\"data:image\/svg+xml,%3Csvg%20xmlns%3D%22http%3A%2F%2Fwww.w3.org%2F2000%2Fsvg%22%20width%3D%22200%22%20height%3D%22200%22%20viewBox%3D%220%200%20200%20200%22%3E%3C%2Fsvg%3E\" loading=\"eager\"><\/span><span class=\"fg-image-overlay\"><\/span><\/a><\/figure><div class=\"fg-loader\"><\/div><\/div>\t<\/div>\n\t<div class=\"fg-carousel-bottom\"><\/div>\n\t<div class=\"fg-carousel-progress\"><\/div>\n\t<button type=\"button\" class=\"fg-carousel-next\" title=\"Next\"><\/button>\n<\/div>\n<p>Presn\u00fa polohu sa dozviete po rezerv\u00e1cii v\u00e1\u0161ho pobytu.<\/p>\n<h3><span style=\"color: #808000;\">Viac inform\u00e1cie a kontakt:<\/span><\/h3>\n<p><strong>Web:<\/strong> <a href=\"https:\/\/www.happytreehouse.sk\/\" target=\"_blank\" rel=\"noopener\">www.happytreehouse.sk<\/a><br \/>\n<strong>Mobil:<\/strong> +421 (0) 910 445 268<br \/>\n<strong>E-mail:<\/strong> <a href=\"mailto:info@happytreehouse.sk\" target=\"_blank\" rel=\"noopener\">info@happytreehouse.sk<\/a><\/p>\n<h2><span style=\"color: #800000;\">Mapy<\/span><\/h2>\n<p><strong>Vrstvy: <\/strong>Turistick\u00e1 mapa, Automapa, Cyklomapa, Ly\u017eiarska mapa, Satelitn\u00e1 mapa a OpenStreetMap.<\/p>\n<p><strong>Kliknut\u00edm na logo &#8222;Freemap.sk&#8220; sa V\u00e1m mapa zobraz\u00ed na celej ploche obrazovky.<\/strong><\/p>\n<p><iframe style=\"width: 900px; height: 600px; border: 0;\" src=\"https:\/\/www.freemap.sk\/?map=15\/48.684244\/20.507408&amp;info-point=48.684244\/20.507408,Happy Tree House Betliar&amp;layers=X&amp;embed=search\" allowfullscreen=\"allowfullscreen\"><span data-mce-type=\"bookmark\" style=\"display: inline-block; width: 0px; overflow: hidden; line-height: 0;\" class=\"mce_SELRES_start\">\ufeff<\/span><\/iframe><\/p>\n<h2><span style=\"color: #800000;\">Po\u010dasie<\/span><\/h2>\n<p><iframe style=\"width: 900px; height: 609px;\" src=\"https:\/\/www.meteoblue.com\/sk\/po%C4%8Dasie\/widget\/three\/betliar_slovensk%c3%a1-republika_725130?geoloc=fixed&amp;nocurrent=0&amp;noforecast=0&amp;days=6&amp;tempunit=CELSIUS&amp;windunit=KILOMETER_PER_HOUR&amp;layout=image\" frameborder=\"0\" scrolling=\"NO\" sandbox=\"allow-same-origin allow-scripts allow-popups allow-popups-to-escape-sandbox\"><span data-mce-type=\"bookmark\" style=\"display: inline-block; width: 0px; overflow: hidden; line-height: 0;\" class=\"mce_SELRES_start\">\ufeff<\/span><\/iframe><\/p>\n<div><!-- DO NOT REMOVE THIS LINK --><a href=\"https:\/\/www.meteoblue.com\/sk\/po%C4%8Dasie\/predpove%C4%8F\/t%C3%BD%C5%BEde%C5%88\/betliar_slovensk%c3%a1-republika_725130?utm_source=weather_widget&amp;utm_medium=linkus&amp;utm_content=three&amp;utm_campaign=Weather%2BWidget\" target=\"_blank\" rel=\"noopener noreferrer\">meteoblue<\/a><\/div>\n","protected":false},"excerpt":{"rendered":"<p>Menu: Kde sa nach\u00e1dza Happy Tree House Betliar a ako vyzer\u00e1 jeho okolie? Happy Tree House Betliar sa nach\u00e1dza uprostred n\u00e1dhern\u00e9ho listnat\u00e9ho lesa, len p\u00e1r min\u00fat od svetozn\u00e1meho ka\u0161tie\u013ea Betliar. [&hellip;]<\/p>\n","protected":false},"author":1,"featured_media":24955,"parent":19,"menu_order":0,"comment_status":"closed","ping_status":"closed","template":"","meta":{"_uag_custom_page_level_css":"","footnotes":""},"class_list":["post-22852","page","type-page","status-publish","has-post-thumbnail","hentry"],"featured_image_src":"https:\/\/www.slovensky-kras.eu\/info\/wp-content\/uploads\/2023\/07\/tree-house-betliar.jpg","featured_image_src_square":"https:\/\/www.slovensky-kras.eu\/info\/wp-content\/uploads\/2023\/07\/tree-house-betliar.jpg","rbea_author_info":{"display_name":"admin","author_link":"https:\/\/www.slovensky-kras.eu\/info\/author\/admin\/"},"rbea_excerpt_info":"Menu: Kde sa nach\u00e1dza Happy Tree House Betliar a ako vyzer\u00e1 jeho okolie? Happy Tree House Betliar sa nach\u00e1dza uprostred n\u00e1dhern\u00e9ho listnat\u00e9ho lesa, len p\u00e1r min\u00fat od svetozn\u00e1meho ka\u0161tie\u013ea Betliar. [&hellip;]","uagb_featured_image_src":{"full":["https:\/\/www.slovensky-kras.eu\/info\/wp-content\/uploads\/2023\/07\/tree-house-betliar.jpg",1000,749,false],"thumbnail":["https:\/\/www.slovensky-kras.eu\/info\/wp-content\/uploads\/2023\/07\/tree-house-betliar-150x150.jpg",150,150,true],"medium":["https:\/\/www.slovensky-kras.eu\/info\/wp-content\/uploads\/2023\/07\/tree-house-betliar-800x600.jpg",800,600,true],"medium_large":["https:\/\/www.slovensky-kras.eu\/info\/wp-content\/uploads\/2023\/07\/tree-house-betliar-768x575.jpg",768,575,true],"large":["https:\/\/www.slovensky-kras.eu\/info\/wp-content\/uploads\/2023\/07\/tree-house-betliar.jpg",1000,749,false],"1536x1536":["https:\/\/www.slovensky-kras.eu\/info\/wp-content\/uploads\/2023\/07\/tree-house-betliar.jpg",1000,749,false],"2048x2048":["https:\/\/www.slovensky-kras.eu\/info\/wp-content\/uploads\/2023\/07\/tree-house-betliar.jpg",1000,749,false]},"uagb_author_info":{"display_name":"admin","author_link":"https:\/\/www.slovensky-kras.eu\/info\/author\/admin\/"},"uagb_comment_info":0,"uagb_excerpt":"Menu: Kde sa nach\u00e1dza Happy Tree House Betliar a ako vyzer\u00e1 jeho okolie? Happy Tree House Betliar sa nach\u00e1dza uprostred n\u00e1dhern\u00e9ho listnat\u00e9ho lesa, len p\u00e1r min\u00fat od svetozn\u00e1meho ka\u0161tie\u013ea Betliar. [&hellip;]","_links":{"self":[{"href":"https:\/\/www.slovensky-kras.eu\/info\/wp-json\/wp\/v2\/pages\/22852","targetHints":{"allow":["GET"]}}],"collection":[{"href":"https:\/\/www.slovensky-kras.eu\/info\/wp-json\/wp\/v2\/pages"}],"about":[{"href":"https:\/\/www.slovensky-kras.eu\/info\/wp-json\/wp\/v2\/types\/page"}],"author":[{"embeddable":true,"href":"https:\/\/www.slovensky-kras.eu\/info\/wp-json\/wp\/v2\/users\/1"}],"replies":[{"embeddable":true,"href":"https:\/\/www.slovensky-kras.eu\/info\/wp-json\/wp\/v2\/comments?post=22852"}],"version-history":[{"count":6,"href":"https:\/\/www.slovensky-kras.eu\/info\/wp-json\/wp\/v2\/pages\/22852\/revisions"}],"predecessor-version":[{"id":28998,"href":"https:\/\/www.slovensky-kras.eu\/info\/wp-json\/wp\/v2\/pages\/22852\/revisions\/28998"}],"up":[{"embeddable":true,"href":"https:\/\/www.slovensky-kras.eu\/info\/wp-json\/wp\/v2\/pages\/19"}],"wp:featuredmedia":[{"embeddable":true,"href":"https:\/\/www.slovensky-kras.eu\/info\/wp-json\/wp\/v2\/media\/24955"}],"wp:attachment":[{"href":"https:\/\/www.slovensky-kras.eu\/info\/wp-json\/wp\/v2\/media?parent=22852"}],"curies":[{"name":"wp","href":"https:\/\/api.w.org\/{rel}","templated":true}]}}