{"id":22341,"date":"2022-01-04T14:19:51","date_gmt":"2022-01-04T13:19:51","guid":{"rendered":"https:\/\/www.slovensky-kras.eu\/info\/?page_id=22341"},"modified":"2022-01-04T15:44:06","modified_gmt":"2022-01-04T14:44:06","slug":"kostol-sv-jana-krstitela","status":"publish","type":"page","link":"https:\/\/www.slovensky-kras.eu\/info\/kam-za-pamiatkami\/kostol-sv-jana-krstitela\/","title":{"rendered":"Kostol sv. J\u00e1na Krstite\u013ea v Hrhove"},"content":{"rendered":"<p><strong>Menu: <\/strong><a href=\"http:\/\/www.slovensky-kras.eu\/info\/\" class=\"su-button su-button-style-default\" style=\"color:#000000;background-color:#FFCF2F;border-color:#cca626;border-radius:5px\" target=\"_self\"><span style=\"color:#000000;padding:6px 16px;font-size:13px;line-height:20px;border-color:#ffde6e;border-radius:5px;text-shadow:none\"><i class=\"sui sui-arrow-right\" style=\"font-size:13px;color:#000000\"><\/i>  \u00davod \/ Aktuality <\/span><\/a>\n<a href=\"http:\/\/www.slovensky-kras.eu\/info\/kam-za-pamiatkami\/\" class=\"su-button su-button-style-default\" style=\"color:#000000;background-color:#FFCF2F;border-color:#cca626;border-radius:5px\" target=\"_self\"><span style=\"color:#000000;padding:6px 16px;font-size:13px;line-height:20px;border-color:#ffde6e;border-radius:5px;text-shadow:none\"><i class=\"sui sui-arrow-right\" style=\"font-size:13px;color:#000000\"><\/i>  Kam za pamiatkami <\/span><\/a>\n<div class=\"su-divider su-divider-style-default\" style=\"margin:15px 0;border-width:0px;border-color:#000000\"><\/div>\n<p><strong>Podkateg\u00f3ria: <\/strong> <a href=\"http:\/\/www.slovensky-kras.eu\/info\/kam-za-pamiatkami\/nabozenske-pamiatky\/\" class=\"su-button su-button-style-default\" style=\"color:#000000;background-color:#afd144;border-color:#8ca837;border-radius:5px\" target=\"_self\"><span style=\"color:#000000;padding:6px 16px;font-size:13px;line-height:20px;border-color:#c7df7d;border-radius:5px;text-shadow:none\"><i class=\"sui sui-arrow-right\" style=\"font-size:13px;color:#000000\"><\/i>  N\u00e1bo\u017eensk\u00e9 pamiatky <\/span><\/a>\n<div class=\"su-divider su-divider-style-default\" style=\"margin:15px 0;border-width:2px;border-color:#000000\"><\/div>\n<h3><span style=\"color: #808000;\">V\u0161eobecn\u00e9 inform\u00e1cie<\/span><\/h3>\n<p>R\u00edmsko-katol\u00edcky kostol sv. J\u00e1na Krstite\u013ea v obci <a href=\"https:\/\/www.slovensky-kras.eu\/info\/strediska-a-centra\/obec-hrhov\/\">Hrhov<\/a> je p\u00f4vodne gotick\u00fd s obran\u00fdm m\u00farom a n\u00edzkou hranolovou ve\u017eou.<\/p>\n<figure id=\"attachment_20789\" aria-describedby=\"caption-attachment-20789\" style=\"width: 800px\" class=\"wp-caption aligncenter\"><a href=\"https:\/\/www.slovensky-kras.eu\/info\/wp-content\/uploads\/2021\/07\/hrhov-kostol1.jpg\"><img loading=\"lazy\" decoding=\"async\" class=\"wp-image-20789 size-full\" src=\"https:\/\/www.slovensky-kras.eu\/info\/wp-content\/uploads\/2021\/07\/hrhov-kostol1.jpg\" alt=\"\" width=\"800\" height=\"600\" srcset=\"https:\/\/www.slovensky-kras.eu\/info\/wp-content\/uploads\/2021\/07\/hrhov-kostol1.jpg 800w, https:\/\/www.slovensky-kras.eu\/info\/wp-content\/uploads\/2021\/07\/hrhov-kostol1-768x576.jpg 768w\" sizes=\"auto, (max-width: 800px) 100vw, 800px\" \/><\/a><figcaption id=\"caption-attachment-20789\" class=\"wp-caption-text\">katol\u00edcky kostol sv. J\u00e1na Krstite\u013ea<\/figcaption><\/figure>\n<p>Kostol je jednolo\u010fov\u00e1 p\u00f4vodne gotick\u00e1 stavba z druhej polovice 13. storo\u010dia.<\/p>\n<p>Presbyt\u00e9rium a sakristia s\u00fa zaklenut\u00e9 valenou klenbou.<\/p>\n<figure id=\"attachment_22359\" aria-describedby=\"caption-attachment-22359\" style=\"width: 350px\" class=\"wp-caption alignright\"><a href=\"https:\/\/www.slovensky-kras.eu\/info\/wp-content\/uploads\/2022\/01\/veza-v-opevneni-hrhov.jpg\"><img loading=\"lazy\" decoding=\"async\" class=\"wp-image-22359\" src=\"https:\/\/www.slovensky-kras.eu\/info\/wp-content\/uploads\/2022\/01\/veza-v-opevneni-hrhov.jpg\" alt=\"\" width=\"350\" height=\"377\" srcset=\"https:\/\/www.slovensky-kras.eu\/info\/wp-content\/uploads\/2022\/01\/veza-v-opevneni-hrhov.jpg 800w, https:\/\/www.slovensky-kras.eu\/info\/wp-content\/uploads\/2022\/01\/veza-v-opevneni-hrhov-557x600.jpg 557w, https:\/\/www.slovensky-kras.eu\/info\/wp-content\/uploads\/2022\/01\/veza-v-opevneni-hrhov-768x827.jpg 768w\" sizes=\"auto, (max-width: 350px) 100vw, 350px\" \/><\/a><figcaption id=\"caption-attachment-22359\" class=\"wp-caption-text\">ve\u017ea v opevnen\u00ed, zdroj: https:\/\/www.hrhov.sk\/<\/figcaption><\/figure>\n<p>Stavebn\u00fdm materi\u00e1lom boli opracovan\u00e9 tufov\u00e9 kv\u00e1dre z lok\u00e1lneho zdroja.<\/p>\n<p>Kostol bol prestavan\u00fd a roz\u0161\u00edren\u00fd v roku 1500, kedy do\u0161lo k roz\u0161\u00edreniu lodi.<\/p>\n<p>V 17. storo\u010d\u00ed bol kostol fortifikovan\u00fd, \u010das\u0165 opevnenia sa dochovala v podobe renesan\u010dnej hranolovej ve\u017ee.<\/p>\n<p>Z\u00e1sadn\u00e1 prestavba sa uskuto\u010dnila v rokoch 1814-1815, kedy bol kostol nanovo zaklenut\u00fd.<\/p>\n<p>Ve\u017ea kostola poch\u00e1dza z roku 1846.<\/p>\n<p>V interi\u00e9ri sa nach\u00e1dza gotick\u00fd n\u00e1hrobn\u00fd kame\u0148 Juraja Bubeka z ru\u017eov\u00e9ho mramoru, datovan\u00fd do roku 1390.<\/p>\n<p>Fas\u00e1dy kostola s\u00fa \u010dlenen\u00e9 liz\u00e9nami, pilastrami a polkruhovo ukon\u010den\u00fdmi oknami so \u0161ambr\u00e1nami.<\/p>\n<p>Ve\u017ea lemovan\u00e1 pilastrami je ukon\u010den\u00e1 korunnou r\u00edmsou s ter\u010d\u00edkom a ihlancovou helmicou.<\/p>\n<h3><span style=\"color: #808000;\">Bl\u00edzke stredisko, turistick\u00e9 centrum, obec alebo mesto<\/span><\/h3>\n<ul>\n<li><a href=\"http:\/\/www.slovensky-kras.eu\/info\/strediska-a-centra\/obec-hrhov\/\">Obec Hrhov (\u010d\u00edtaj viac&#8230;)<\/a><\/li>\n<\/ul>\n<h3><span style=\"color: #808000;\">Mapy<\/span><\/h3>\n<p><strong>Vrstvy: <\/strong>Turistick\u00e1 mapa, Automapa, Cyklomapa, Ly\u017eiarska mapa, Satelitn\u00e1 mapa a OpenStreetMap.<\/p>\n<p><strong>Kliknut\u00edm na logo &#8222;Freemap.sk&#8220; sa V\u00e1m mapa zobraz\u00ed na celej ploche obrazovky.<\/strong><\/p>\n<h3><iframe style=\"width: 800px; height: 600px; border: 0;\" src=\"https:\/\/www.freemap.sk\/?map=14\/48.607206\/20.750127&amp;info-point=48.607206\/20.750127,Obec Hrhov&amp;layers=T&amp;embed=search\" allowfullscreen=\"allowfullscreen\"><\/iframe><br \/>\n<strong><br \/>\n<\/strong><span style=\"color: #808000;\">Po\u010dasie<\/span><strong><br \/>\n<\/strong><br \/>\n<iframe style=\"width: 800px; height: 600px;\" src=\"https:\/\/www.meteoblue.com\/sk\/po%C4%8Dasie\/widget\/three\/hrhov_slovensk%c3%a1-republika_724645?geoloc=fixed&amp;nocurrent=0&amp;noforecast=0&amp;days=6&amp;tempunit=CELSIUS&amp;windunit=KILOMETER_PER_HOUR&amp;layout=image\" frameborder=\"0\" scrolling=\"NO\" sandbox=\"allow-same-origin allow-scripts allow-popups allow-popups-to-escape-sandbox\"><\/iframe><\/h3>\n<div><!-- DO NOT REMOVE THIS LINK --><a href=\"https:\/\/www.meteoblue.com\/sk\/po%C4%8Dasie\/predpove%C4%8F\/t%C3%BD%C5%BEde%C5%88\/hrhov_slovensk%c3%a1-republika_724645?utm_source=weather_widget&amp;utm_medium=linkus&amp;utm_content=three&amp;utm_campaign=Weather%2BWidget\" target=\"_blank\" rel=\"noopener noreferrer\">meteoblue<\/a><\/div>\n","protected":false},"excerpt":{"rendered":"<p>Menu: Podkateg\u00f3ria: V\u0161eobecn\u00e9 inform\u00e1cie R\u00edmsko-katol\u00edcky kostol sv. J\u00e1na Krstite\u013ea v obci Hrhov je p\u00f4vodne gotick\u00fd s obran\u00fdm m\u00farom a n\u00edzkou hranolovou ve\u017eou. Kostol je jednolo\u010fov\u00e1 p\u00f4vodne gotick\u00e1 stavba z druhej [&hellip;]<\/p>\n","protected":false},"author":1,"featured_media":0,"parent":15,"menu_order":0,"comment_status":"closed","ping_status":"closed","template":"","meta":{"_uag_custom_page_level_css":"","footnotes":""},"class_list":["post-22341","page","type-page","status-publish","hentry"],"featured_image_src":"","featured_image_src_square":false,"rbea_author_info":{"display_name":"admin","author_link":"https:\/\/www.slovensky-kras.eu\/info\/author\/admin\/"},"rbea_excerpt_info":"Menu: Podkateg\u00f3ria: V\u0161eobecn\u00e9 inform\u00e1cie R\u00edmsko-katol\u00edcky kostol sv. J\u00e1na Krstite\u013ea v obci Hrhov je p\u00f4vodne gotick\u00fd s obran\u00fdm m\u00farom a n\u00edzkou hranolovou ve\u017eou. Kostol je jednolo\u010fov\u00e1 p\u00f4vodne gotick\u00e1 stavba z druhej [&hellip;]","uagb_featured_image_src":{"full":false,"thumbnail":false,"medium":false,"medium_large":false,"large":false,"1536x1536":false,"2048x2048":false},"uagb_author_info":{"display_name":"admin","author_link":"https:\/\/www.slovensky-kras.eu\/info\/author\/admin\/"},"uagb_comment_info":0,"uagb_excerpt":"Menu: Podkateg\u00f3ria: V\u0161eobecn\u00e9 inform\u00e1cie R\u00edmsko-katol\u00edcky kostol sv. J\u00e1na Krstite\u013ea v obci Hrhov je p\u00f4vodne gotick\u00fd s obran\u00fdm m\u00farom a n\u00edzkou hranolovou ve\u017eou. Kostol je jednolo\u010fov\u00e1 p\u00f4vodne gotick\u00e1 stavba z druhej [&hellip;]","_links":{"self":[{"href":"https:\/\/www.slovensky-kras.eu\/info\/wp-json\/wp\/v2\/pages\/22341","targetHints":{"allow":["GET"]}}],"collection":[{"href":"https:\/\/www.slovensky-kras.eu\/info\/wp-json\/wp\/v2\/pages"}],"about":[{"href":"https:\/\/www.slovensky-kras.eu\/info\/wp-json\/wp\/v2\/types\/page"}],"author":[{"embeddable":true,"href":"https:\/\/www.slovensky-kras.eu\/info\/wp-json\/wp\/v2\/users\/1"}],"replies":[{"embeddable":true,"href":"https:\/\/www.slovensky-kras.eu\/info\/wp-json\/wp\/v2\/comments?post=22341"}],"version-history":[{"count":12,"href":"https:\/\/www.slovensky-kras.eu\/info\/wp-json\/wp\/v2\/pages\/22341\/revisions"}],"predecessor-version":[{"id":22378,"href":"https:\/\/www.slovensky-kras.eu\/info\/wp-json\/wp\/v2\/pages\/22341\/revisions\/22378"}],"up":[{"embeddable":true,"href":"https:\/\/www.slovensky-kras.eu\/info\/wp-json\/wp\/v2\/pages\/15"}],"wp:attachment":[{"href":"https:\/\/www.slovensky-kras.eu\/info\/wp-json\/wp\/v2\/media?parent=22341"}],"curies":[{"name":"wp","href":"https:\/\/api.w.org\/{rel}","templated":true}]}}