{"id":22338,"date":"2022-01-04T14:13:39","date_gmt":"2022-01-04T13:13:39","guid":{"rendered":"https:\/\/www.slovensky-kras.eu\/info\/?page_id=22338"},"modified":"2022-01-04T15:43:55","modified_gmt":"2022-01-04T14:43:55","slug":"kostol-reformovanej-cirkvi-v-hrhove","status":"publish","type":"page","link":"https:\/\/www.slovensky-kras.eu\/info\/kam-za-pamiatkami\/kostol-reformovanej-cirkvi-v-hrhove\/","title":{"rendered":"Kostol reformovanej cirkvi v Hrhove"},"content":{"rendered":"<p><strong>Menu: <\/strong><a href=\"http:\/\/www.slovensky-kras.eu\/info\/\" class=\"su-button su-button-style-default\" style=\"color:#000000;background-color:#FFCF2F;border-color:#cca626;border-radius:5px\" target=\"_self\"><span style=\"color:#000000;padding:6px 16px;font-size:13px;line-height:20px;border-color:#ffde6e;border-radius:5px;text-shadow:none\"><i class=\"sui sui-arrow-right\" style=\"font-size:13px;color:#000000\"><\/i>  \u00davod \/ Aktuality <\/span><\/a>\n<a href=\"http:\/\/www.slovensky-kras.eu\/info\/kam-za-pamiatkami\/\" class=\"su-button su-button-style-default\" style=\"color:#000000;background-color:#FFCF2F;border-color:#cca626;border-radius:5px\" target=\"_self\"><span style=\"color:#000000;padding:6px 16px;font-size:13px;line-height:20px;border-color:#ffde6e;border-radius:5px;text-shadow:none\"><i class=\"sui sui-arrow-right\" style=\"font-size:13px;color:#000000\"><\/i>  Kam za pamiatkami <\/span><\/a>\n<div class=\"su-divider su-divider-style-default\" style=\"margin:15px 0;border-width:0px;border-color:#000000\"><\/div>\n<p><strong>Podkateg\u00f3ria: <\/strong> <a href=\"http:\/\/www.slovensky-kras.eu\/info\/kam-za-pamiatkami\/nabozenske-pamiatky\/\" class=\"su-button su-button-style-default\" style=\"color:#000000;background-color:#afd144;border-color:#8ca837;border-radius:5px\" target=\"_self\"><span style=\"color:#000000;padding:6px 16px;font-size:13px;line-height:20px;border-color:#c7df7d;border-radius:5px;text-shadow:none\"><i class=\"sui sui-arrow-right\" style=\"font-size:13px;color:#000000\"><\/i>  N\u00e1bo\u017eensk\u00e9 pamiatky <\/span><\/a>\n<div class=\"su-divider su-divider-style-default\" style=\"margin:15px 0;border-width:2px;border-color:#000000\"><\/div>\n<h3><span style=\"color: #808000;\">V\u0161eobecn\u00e9 inform\u00e1cie<\/span><\/h3>\n<p>Reformovan\u00fd kostol v obci <a href=\"https:\/\/www.slovensky-kras.eu\/info\/strediska-a-centra\/obec-hrhov\/\">Hrhov<\/a> je jednolo\u010fov\u00e1 p\u00f4vodne toleran\u010dn\u00e1 klasicistick\u00e1 stavba.<\/p>\n<figure id=\"attachment_20790\" aria-describedby=\"caption-attachment-20790\" style=\"width: 800px\" class=\"wp-caption aligncenter\"><a href=\"https:\/\/www.slovensky-kras.eu\/info\/wp-content\/uploads\/2021\/07\/hrhov-kostol2.jpg\"><img loading=\"lazy\" decoding=\"async\" class=\"wp-image-20790 size-full\" src=\"https:\/\/www.slovensky-kras.eu\/info\/wp-content\/uploads\/2021\/07\/hrhov-kostol2.jpg\" alt=\"\" width=\"800\" height=\"600\" srcset=\"https:\/\/www.slovensky-kras.eu\/info\/wp-content\/uploads\/2021\/07\/hrhov-kostol2.jpg 800w, https:\/\/www.slovensky-kras.eu\/info\/wp-content\/uploads\/2021\/07\/hrhov-kostol2-768x576.jpg 768w\" sizes=\"auto, (max-width: 800px) 100vw, 800px\" \/><\/a><figcaption id=\"caption-attachment-20790\" class=\"wp-caption-text\">kostol klasicistick\u00fd evanjelickej reformovanej cirkvi<\/figcaption><\/figure>\n<p>Nach\u00e1dza sa na tufovom n\u00e1vr\u0161\u00ed uprostred dediny.<\/p>\n<p>Z\u00e1kladn\u00fd kame\u0148 kostola bol polo\u017een\u00fd 16. marca 1784.<\/p>\n<p>Ve\u017ea ukon\u010den\u00e1 stanovou strechou bola dostavan\u00e1 v roku 1795.<\/p>\n<p>Kostol v roku 1846, n\u00e1sledne do\u0161lo k jej kompletnej prestavbe.<\/p>\n<p>Dne\u0161n\u00e9 zariadenie kostola bolo vyroben\u00e9 v roku 1852.<\/p>\n<p>V interi\u00e9ri sa nach\u00e1dzaj\u00fa proti\u013eahl\u00e9 protestantsk\u00e9 empory, dreven\u00e9 zariadenie z polovice 19. storo\u010dia od majstra J\u00e1nosa Wandr\u00e1ka.<\/p>\n<p>Organ je z roku 1886, vyroben\u00fd bol u budape\u0161tianskeho majstra <strong>L\u00e1szl\u00f3a Orsz\u00e1gha<\/strong>.<\/p>\n<p>Fas\u00e1dy kostola s\u00fa \u010dlenen\u00e9 liz\u00e9nov\u00fdmi r\u00e1mami, ve\u017ea je \u010dlenen\u00e1 pilastrami a ukon\u010den\u00e1 ihlancovou helmicou.<\/p>\n<p>Interi\u00e9r je zaklenut\u00fd prusk\u00fdmi klenbami.<\/p>\n<h3><span style=\"color: #808000;\">Bl\u00edzke stredisko, turistick\u00e9 centrum, obec alebo mesto<\/span><\/h3>\n<ul>\n<li><a href=\"http:\/\/www.slovensky-kras.eu\/info\/strediska-a-centra\/obec-hrhov\/\">Obec Hrhov (\u010d\u00edtaj viac&#8230;)<\/a><\/li>\n<\/ul>\n<h3><span style=\"color: #808000;\">Mapy<\/span><\/h3>\n<p><strong>Vrstvy: <\/strong>Turistick\u00e1 mapa, Automapa, Cyklomapa, Ly\u017eiarska mapa, Satelitn\u00e1 mapa a OpenStreetMap.<\/p>\n<p><strong>Kliknut\u00edm na logo &#8222;Freemap.sk&#8220; sa V\u00e1m mapa zobraz\u00ed na celej ploche obrazovky.<\/strong><\/p>\n<h3><iframe style=\"width: 800px; height: 600px; border: 0;\" src=\"https:\/\/www.freemap.sk\/?map=14\/48.607206\/20.750127&amp;info-point=48.607206\/20.750127,Obec Hrhov&amp;layers=T&amp;embed=search\" allowfullscreen=\"allowfullscreen\"><\/iframe><br \/>\n<strong><br \/>\n<\/strong><span style=\"color: #808000;\">Po\u010dasie<\/span><strong><br \/>\n<\/strong><br \/>\n<iframe style=\"width: 800px; height: 600px;\" src=\"https:\/\/www.meteoblue.com\/sk\/po%C4%8Dasie\/widget\/three\/hrhov_slovensk%c3%a1-republika_724645?geoloc=fixed&amp;nocurrent=0&amp;noforecast=0&amp;days=6&amp;tempunit=CELSIUS&amp;windunit=KILOMETER_PER_HOUR&amp;layout=image\" frameborder=\"0\" scrolling=\"NO\" sandbox=\"allow-same-origin allow-scripts allow-popups allow-popups-to-escape-sandbox\"><\/iframe><\/h3>\n<div><!-- DO NOT REMOVE THIS LINK --><a href=\"https:\/\/www.meteoblue.com\/sk\/po%C4%8Dasie\/predpove%C4%8F\/t%C3%BD%C5%BEde%C5%88\/hrhov_slovensk%c3%a1-republika_724645?utm_source=weather_widget&amp;utm_medium=linkus&amp;utm_content=three&amp;utm_campaign=Weather%2BWidget\" target=\"_blank\" rel=\"noopener noreferrer\">meteoblue<\/a><\/div>\n","protected":false},"excerpt":{"rendered":"<p>Menu: Podkateg\u00f3ria: V\u0161eobecn\u00e9 inform\u00e1cie Reformovan\u00fd kostol v obci Hrhov je jednolo\u010fov\u00e1 p\u00f4vodne toleran\u010dn\u00e1 klasicistick\u00e1 stavba. Nach\u00e1dza sa na tufovom n\u00e1vr\u0161\u00ed uprostred dediny. Z\u00e1kladn\u00fd kame\u0148 kostola bol polo\u017een\u00fd 16. marca 1784. [&hellip;]<\/p>\n","protected":false},"author":1,"featured_media":0,"parent":15,"menu_order":0,"comment_status":"closed","ping_status":"closed","template":"","meta":{"_uag_custom_page_level_css":"","footnotes":""},"class_list":["post-22338","page","type-page","status-publish","hentry"],"featured_image_src":"","featured_image_src_square":false,"rbea_author_info":{"display_name":"admin","author_link":"https:\/\/www.slovensky-kras.eu\/info\/author\/admin\/"},"rbea_excerpt_info":"Menu: Podkateg\u00f3ria: V\u0161eobecn\u00e9 inform\u00e1cie Reformovan\u00fd kostol v obci Hrhov je jednolo\u010fov\u00e1 p\u00f4vodne toleran\u010dn\u00e1 klasicistick\u00e1 stavba. Nach\u00e1dza sa na tufovom n\u00e1vr\u0161\u00ed uprostred dediny. Z\u00e1kladn\u00fd kame\u0148 kostola bol polo\u017een\u00fd 16. marca 1784. [&hellip;]","uagb_featured_image_src":{"full":false,"thumbnail":false,"medium":false,"medium_large":false,"large":false,"1536x1536":false,"2048x2048":false},"uagb_author_info":{"display_name":"admin","author_link":"https:\/\/www.slovensky-kras.eu\/info\/author\/admin\/"},"uagb_comment_info":0,"uagb_excerpt":"Menu: Podkateg\u00f3ria: V\u0161eobecn\u00e9 inform\u00e1cie Reformovan\u00fd kostol v obci Hrhov je jednolo\u010fov\u00e1 p\u00f4vodne toleran\u010dn\u00e1 klasicistick\u00e1 stavba. Nach\u00e1dza sa na tufovom n\u00e1vr\u0161\u00ed uprostred dediny. Z\u00e1kladn\u00fd kame\u0148 kostola bol polo\u017een\u00fd 16. marca 1784. [&hellip;]","_links":{"self":[{"href":"https:\/\/www.slovensky-kras.eu\/info\/wp-json\/wp\/v2\/pages\/22338","targetHints":{"allow":["GET"]}}],"collection":[{"href":"https:\/\/www.slovensky-kras.eu\/info\/wp-json\/wp\/v2\/pages"}],"about":[{"href":"https:\/\/www.slovensky-kras.eu\/info\/wp-json\/wp\/v2\/types\/page"}],"author":[{"embeddable":true,"href":"https:\/\/www.slovensky-kras.eu\/info\/wp-json\/wp\/v2\/users\/1"}],"replies":[{"embeddable":true,"href":"https:\/\/www.slovensky-kras.eu\/info\/wp-json\/wp\/v2\/comments?post=22338"}],"version-history":[{"count":5,"href":"https:\/\/www.slovensky-kras.eu\/info\/wp-json\/wp\/v2\/pages\/22338\/revisions"}],"predecessor-version":[{"id":22377,"href":"https:\/\/www.slovensky-kras.eu\/info\/wp-json\/wp\/v2\/pages\/22338\/revisions\/22377"}],"up":[{"embeddable":true,"href":"https:\/\/www.slovensky-kras.eu\/info\/wp-json\/wp\/v2\/pages\/15"}],"wp:attachment":[{"href":"https:\/\/www.slovensky-kras.eu\/info\/wp-json\/wp\/v2\/media?parent=22338"}],"curies":[{"name":"wp","href":"https:\/\/api.w.org\/{rel}","templated":true}]}}