{"id":21977,"date":"2021-12-29T14:30:10","date_gmt":"2021-12-29T13:30:10","guid":{"rendered":"https:\/\/www.slovensky-kras.eu\/info\/?page_id=21977"},"modified":"2021-12-29T19:02:15","modified_gmt":"2021-12-29T18:02:15","slug":"kostol-narodenia-presvatej-bohorodicky-v-hacave","status":"publish","type":"page","link":"https:\/\/www.slovensky-kras.eu\/info\/kam-za-pamiatkami\/kostol-narodenia-presvatej-bohorodicky-v-hacave\/","title":{"rendered":"Kostol Narodenia Presv\u00e4tej Bohorodi\u010dky v Ha\u010dave"},"content":{"rendered":"<p><strong>Menu: <\/strong><a href=\"http:\/\/www.slovensky-kras.eu\/info\/\" class=\"su-button su-button-style-default\" style=\"color:#000000;background-color:#FFCF2F;border-color:#cca626;border-radius:5px\" target=\"_self\"><span style=\"color:#000000;padding:6px 16px;font-size:13px;line-height:20px;border-color:#ffde6e;border-radius:5px;text-shadow:none\"><i class=\"sui sui-arrow-right\" style=\"font-size:13px;color:#000000\"><\/i>  \u00davod \/ Aktuality <\/span><\/a>\n<a href=\"http:\/\/www.slovensky-kras.eu\/info\/kam-za-pamiatkami\/\" class=\"su-button su-button-style-default\" style=\"color:#000000;background-color:#FFCF2F;border-color:#cca626;border-radius:5px\" target=\"_self\"><span style=\"color:#000000;padding:6px 16px;font-size:13px;line-height:20px;border-color:#ffde6e;border-radius:5px;text-shadow:none\"><i class=\"sui sui-arrow-right\" style=\"font-size:13px;color:#000000\"><\/i>  Kam za pamiatkami <\/span><\/a>\n<div class=\"su-divider su-divider-style-default\" style=\"margin:15px 0;border-width:0px;border-color:#000000\"><\/div>\n<p><strong>Podkateg\u00f3ria: <\/strong> <a href=\"http:\/\/www.slovensky-kras.eu\/info\/kam-za-pamiatkami\/nabozenske-pamiatky\/\" class=\"su-button su-button-style-default\" style=\"color:#000000;background-color:#afd144;border-color:#8ca837;border-radius:5px\" target=\"_self\"><span style=\"color:#000000;padding:6px 16px;font-size:13px;line-height:20px;border-color:#c7df7d;border-radius:5px;text-shadow:none\"><i class=\"sui sui-arrow-right\" style=\"font-size:13px;color:#000000\"><\/i>  N\u00e1bo\u017eensk\u00e9 pamiatky <\/span><\/a>\n<div class=\"su-divider su-divider-style-default\" style=\"margin:15px 0;border-width:2px;border-color:#000000\"><\/div>\n<h3><span style=\"color: #808000;\">V\u0161eobecn\u00e9 inform\u00e1cie<\/span><\/h3>\n<p>Barokovo-renesan\u010dn\u00fd kostol Narodenia Presv\u00e4tej Bohorodi\u010dky z 2. polovice 18. storo\u010dia s ikonostasom z roku 1890.<\/p>\n<figure id=\"attachment_18799\" aria-describedby=\"caption-attachment-18799\" style=\"width: 800px\" class=\"wp-caption aligncenter\"><a href=\"http:\/\/www.slovensky-kras.eu\/info\/wp-content\/uploads\/2020\/12\/hacava-2.png\"><img loading=\"lazy\" decoding=\"async\" class=\"wp-image-18799 size-full\" src=\"http:\/\/www.slovensky-kras.eu\/info\/wp-content\/uploads\/2020\/12\/hacava-2.png\" alt=\"\" width=\"800\" height=\"600\" srcset=\"https:\/\/www.slovensky-kras.eu\/info\/wp-content\/uploads\/2020\/12\/hacava-2.png 800w, https:\/\/www.slovensky-kras.eu\/info\/wp-content\/uploads\/2020\/12\/hacava-2-768x576.png 768w\" sizes=\"auto, (max-width: 800px) 100vw, 800px\" \/><\/a><figcaption id=\"caption-attachment-18799\" class=\"wp-caption-text\">Barokovo-renesan\u010dn\u00fd greckokatolick\u00fd kostol Narodenia Presv\u00e4tej Bohorodi\u010dky<\/figcaption><\/figure>\n<p>Nach\u00e1dza sa hne\u010f za obcou <a href=\"https:\/\/www.slovensky-kras.eu\/info\/strediska-a-centra\/obec-hacava\/\">Ha\u010dava<\/a> na svahoch <a href=\"https:\/\/www.slovensky-kras.eu\/info\/kam-do-prirody\/zadielska-planina\/\">Z\u00e1dielskej planiny<\/a>.<\/p>\n<p>Gr\u00e9ckokatol\u00edcky kostol je jednoduch\u00e1 jednolo\u010fov\u00e1 stavba s pravouhl\u00fdm ukon\u010den\u00edm presbyt\u00e9ria a predstavanou ve\u017eou z roku 1760.<\/p>\n<figure id=\"attachment_21988\" aria-describedby=\"caption-attachment-21988\" style=\"width: 800px\" class=\"wp-caption aligncenter\"><a href=\"https:\/\/www.slovensky-kras.eu\/info\/wp-content\/uploads\/2021\/12\/kostol-hacava13.jpg\"><img loading=\"lazy\" decoding=\"async\" class=\"wp-image-21988 size-full\" src=\"https:\/\/www.slovensky-kras.eu\/info\/wp-content\/uploads\/2021\/12\/kostol-hacava13.jpg\" alt=\"\" width=\"800\" height=\"600\" srcset=\"https:\/\/www.slovensky-kras.eu\/info\/wp-content\/uploads\/2021\/12\/kostol-hacava13.jpg 800w, https:\/\/www.slovensky-kras.eu\/info\/wp-content\/uploads\/2021\/12\/kostol-hacava13-768x576.jpg 768w\" sizes=\"auto, (max-width: 800px) 100vw, 800px\" \/><\/a><figcaption id=\"caption-attachment-21988\" class=\"wp-caption-text\">Barokovo-renesan\u010dn\u00fd greckokatolick\u00fd kostol Narodenia Presv\u00e4tej Bohorodi\u010dky<\/figcaption><\/figure>\n<p>Upravovan\u00e1 bola v roku 1832 a 1890.<\/p>\n<p>Fas\u00e1dy kostola s\u00fa hladk\u00e9, ve\u017ea je ukon\u010den\u00e1 ihlancovou helmicou.<\/p>\n<h3><span style=\"color: #808000;\">Bl\u00edzke stredisko, turistick\u00e9 centrum, obec alebo mesto<\/span><\/h3>\n<ul>\n<li><a href=\"http:\/\/www.slovensky-kras.eu\/info\/strediska-a-centra\/obec-hacava\/\">Obec Ha\u010dava (\u010d\u00edtaj viac&#8230;)<\/a><\/li>\n<\/ul>\n<h3><span style=\"color: #808000;\">Mapy<\/span><\/h3>\n<p><strong>Vrstvy: <\/strong>Turistick\u00e1 mapa, Automapa, Cyklomapa, Ly\u017eiarska mapa, Satelitn\u00e1 mapa a OpenStreetMap.<\/p>\n<p><strong>Kliknut\u00edm na logo &#8222;Freemap.sk&#8220; sa V\u00e1m mapa zobraz\u00ed na celej ploche obrazovky.<\/strong><\/p>\n<p><iframe style=\"width: 800px; height: 600px; border: 0;\" src=\"https:\/\/www.freemap.sk\/?map=16\/48.666604\/20.835705&amp;info-point=48.666604\/20.835705,Kostol Narodenia Presv\u00e4tej Bohorodi\u010dky&amp;layers=T&amp;embed=search\" allowfullscreen=\"allowfullscreen\"><span data-mce-type=\"bookmark\" style=\"display: inline-block; width: 0px; overflow: hidden; line-height: 0;\" class=\"mce_SELRES_start\">\ufeff<\/span><\/iframe><\/p>\n<h3><span style=\"color: #808000;\">Po\u010dasie<\/span><\/h3>\n<p><iframe style=\"width: 800px; height: 609px;\" src=\"https:\/\/www.meteoblue.com\/sk\/po%C4%8Dasie\/widget\/three\/ha%c4%8dava_slovensk%c3%a1-republika_724758?geoloc=fixed&amp;nocurrent=0&amp;noforecast=0&amp;days=6&amp;tempunit=CELSIUS&amp;windunit=KILOMETER_PER_HOUR&amp;layout=image\" frameborder=\"0\" scrolling=\"NO\" sandbox=\"allow-same-origin allow-scripts allow-popups allow-popups-to-escape-sandbox\"><span data-mce-type=\"bookmark\" style=\"display: inline-block; width: 0px; overflow: hidden; line-height: 0;\" class=\"mce_SELRES_start\">\ufeff<\/span><\/iframe><\/p>\n<div><!-- DO NOT REMOVE THIS LINK --><a href=\"https:\/\/www.meteoblue.com\/sk\/po%C4%8Dasie\/predpove%C4%8F\/t%C3%BD%C5%BEde%C5%88\/ha%c4%8dava_slovensk%c3%a1-republika_724758?utm_source=weather_widget&amp;utm_medium=linkus&amp;utm_content=three&amp;utm_campaign=Weather%2BWidget\" target=\"_blank\" rel=\"noopener noreferrer\">meteoblue<\/a><\/div>\n<p>&nbsp;<\/p>\n","protected":false},"excerpt":{"rendered":"<p>Menu: Podkateg\u00f3ria: V\u0161eobecn\u00e9 inform\u00e1cie Barokovo-renesan\u010dn\u00fd kostol Narodenia Presv\u00e4tej Bohorodi\u010dky z 2. polovice 18. storo\u010dia s ikonostasom z roku 1890. Nach\u00e1dza sa hne\u010f za obcou Ha\u010dava na svahoch Z\u00e1dielskej planiny. Gr\u00e9ckokatol\u00edcky [&hellip;]<\/p>\n","protected":false},"author":1,"featured_media":0,"parent":15,"menu_order":0,"comment_status":"closed","ping_status":"closed","template":"","meta":{"_uag_custom_page_level_css":"","footnotes":""},"class_list":["post-21977","page","type-page","status-publish","hentry"],"featured_image_src":"","featured_image_src_square":false,"rbea_author_info":{"display_name":"admin","author_link":"https:\/\/www.slovensky-kras.eu\/info\/author\/admin\/"},"rbea_excerpt_info":"Menu: Podkateg\u00f3ria: V\u0161eobecn\u00e9 inform\u00e1cie Barokovo-renesan\u010dn\u00fd kostol Narodenia Presv\u00e4tej Bohorodi\u010dky z 2. polovice 18. storo\u010dia s ikonostasom z roku 1890. Nach\u00e1dza sa hne\u010f za obcou Ha\u010dava na svahoch Z\u00e1dielskej planiny. Gr\u00e9ckokatol\u00edcky [&hellip;]","uagb_featured_image_src":{"full":false,"thumbnail":false,"medium":false,"medium_large":false,"large":false,"1536x1536":false,"2048x2048":false},"uagb_author_info":{"display_name":"admin","author_link":"https:\/\/www.slovensky-kras.eu\/info\/author\/admin\/"},"uagb_comment_info":0,"uagb_excerpt":"Menu: Podkateg\u00f3ria: V\u0161eobecn\u00e9 inform\u00e1cie Barokovo-renesan\u010dn\u00fd kostol Narodenia Presv\u00e4tej Bohorodi\u010dky z 2. polovice 18. storo\u010dia s ikonostasom z roku 1890. Nach\u00e1dza sa hne\u010f za obcou Ha\u010dava na svahoch Z\u00e1dielskej planiny. Gr\u00e9ckokatol\u00edcky [&hellip;]","_links":{"self":[{"href":"https:\/\/www.slovensky-kras.eu\/info\/wp-json\/wp\/v2\/pages\/21977","targetHints":{"allow":["GET"]}}],"collection":[{"href":"https:\/\/www.slovensky-kras.eu\/info\/wp-json\/wp\/v2\/pages"}],"about":[{"href":"https:\/\/www.slovensky-kras.eu\/info\/wp-json\/wp\/v2\/types\/page"}],"author":[{"embeddable":true,"href":"https:\/\/www.slovensky-kras.eu\/info\/wp-json\/wp\/v2\/users\/1"}],"replies":[{"embeddable":true,"href":"https:\/\/www.slovensky-kras.eu\/info\/wp-json\/wp\/v2\/comments?post=21977"}],"version-history":[{"count":12,"href":"https:\/\/www.slovensky-kras.eu\/info\/wp-json\/wp\/v2\/pages\/21977\/revisions"}],"predecessor-version":[{"id":22049,"href":"https:\/\/www.slovensky-kras.eu\/info\/wp-json\/wp\/v2\/pages\/21977\/revisions\/22049"}],"up":[{"embeddable":true,"href":"https:\/\/www.slovensky-kras.eu\/info\/wp-json\/wp\/v2\/pages\/15"}],"wp:attachment":[{"href":"https:\/\/www.slovensky-kras.eu\/info\/wp-json\/wp\/v2\/media?parent=21977"}],"curies":[{"name":"wp","href":"https:\/\/api.w.org\/{rel}","templated":true}]}}