{"id":20611,"date":"2021-06-22T18:08:55","date_gmt":"2021-06-22T16:08:55","guid":{"rendered":"https:\/\/www.slovensky-kras.eu\/info\/?page_id=20611"},"modified":"2023-08-11T18:01:52","modified_gmt":"2023-08-11T16:01:52","slug":"pozicovna-elektrobicyklov-roznava-drnava","status":"publish","type":"page","link":"https:\/\/www.slovensky-kras.eu\/info\/aktivity-a-sport\/pozicovna-elektrobicyklov-roznava-drnava\/","title":{"rendered":"Po\u017ei\u010dov\u0148a elektrobicyklov v Drnave"},"content":{"rendered":"<p><strong>Menu: <\/strong><a href=\"http:\/\/www.slovensky-kras.eu\/info\/\" class=\"su-button su-button-style-default\" style=\"color:#000000;background-color:#FFCF2F;border-color:#cca626;border-radius:5px\" target=\"_self\"><span style=\"color:#000000;padding:6px 16px;font-size:13px;line-height:20px;border-color:#ffde6e;border-radius:5px;text-shadow:none\"><i class=\"sui sui-arrow-right\" style=\"font-size:13px;color:#000000\"><\/i>  \u00davod \/ Aktuality <\/span><\/a>\n<a href=\"http:\/\/www.slovensky-kras.eu\/info\/aktivity-a-sport\/\" class=\"su-button su-button-style-default\" style=\"color:#000000;background-color:#FFCF2F;border-color:#cca626;border-radius:5px\" target=\"_self\"><span style=\"color:#000000;padding:6px 16px;font-size:13px;line-height:20px;border-color:#ffde6e;border-radius:5px;text-shadow:none\"><i class=\"sui sui-arrow-right\" style=\"font-size:13px;color:#000000\"><\/i>  Aktivity a \u0161port <\/span><\/a>\n<div class=\"su-divider su-divider-style-default\" style=\"margin:15px 0;border-width:3px;border-color:#000000\"><\/div>\n<strong>Cykloturistika<\/strong><br \/>\n<div class=\"su-divider su-divider-style-default\" style=\"margin:15px 0;border-width:3px;border-color:#000000\"><\/div>\n<h3><strong><br \/>\n<\/strong><span style=\"color: #808000;\">V\u0161eobecn\u00e9 inform\u00e1cie<\/span><\/h3>\n<p>Spoznajte okolie Ro\u017e\u0148avy, pr\u00edrodu Slovensk\u00e9ho Krasu, \u010di hist\u00f3riu regi\u00f3nu Gemer.<\/p>\n<figure id=\"attachment_25269\" aria-describedby=\"caption-attachment-25269\" style=\"width: 800px\" class=\"wp-caption aligncenter\"><a href=\"https:\/\/www.slovensky-kras.eu\/info\/wp-content\/uploads\/2023\/08\/kispest-bike-.jpg\"><img loading=\"lazy\" decoding=\"async\" class=\"wp-image-25269 size-medium\" src=\"https:\/\/www.slovensky-kras.eu\/info\/wp-content\/uploads\/2023\/08\/kispest-bike--800x600.jpg\" alt=\"\" width=\"800\" height=\"600\" srcset=\"https:\/\/www.slovensky-kras.eu\/info\/wp-content\/uploads\/2023\/08\/kispest-bike--800x600.jpg 800w, https:\/\/www.slovensky-kras.eu\/info\/wp-content\/uploads\/2023\/08\/kispest-bike--768x576.jpg 768w, https:\/\/www.slovensky-kras.eu\/info\/wp-content\/uploads\/2023\/08\/kispest-bike-.jpg 1000w\" sizes=\"auto, (max-width: 800px) 100vw, 800px\" \/><\/a><figcaption id=\"caption-attachment-25269\" class=\"wp-caption-text\">Caf\u00e9 Kispest, AUTOR FOTOGRAFIE: Po\u017ei\u010dajsi.bike \u2013 Elektrobicykle Drnava<\/figcaption><\/figure>\n<p>Po\u017ei\u010dov\u0148a elektrobicyklov v Drnave v\u00e1m umo\u017en\u00ed spozna\u0165 srdce Gemera zo sedla bicykla!<\/p>\n<p>U\u017eite si kr\u00e1snu pr\u00edrodu a vychutnajte jedine\u010dn\u00fd z\u00e1\u017eitok po\u010das v\u00fdletu na elektrobicykloch.<\/p>\n<figure id=\"attachment_20626\" aria-describedby=\"caption-attachment-20626\" style=\"width: 800px\" class=\"wp-caption aligncenter\"><a href=\"https:\/\/www.slovensky-kras.eu\/info\/wp-content\/uploads\/2021\/06\/drnava-bike3.jpg\"><img loading=\"lazy\" decoding=\"async\" class=\"wp-image-20626\" src=\"https:\/\/www.slovensky-kras.eu\/info\/wp-content\/uploads\/2021\/06\/drnava-bike3-600x600.jpg\" alt=\"\" width=\"800\" height=\"800\" srcset=\"https:\/\/www.slovensky-kras.eu\/info\/wp-content\/uploads\/2021\/06\/drnava-bike3-600x600.jpg 600w, https:\/\/www.slovensky-kras.eu\/info\/wp-content\/uploads\/2021\/06\/drnava-bike3-1024x1024.jpg 1024w, https:\/\/www.slovensky-kras.eu\/info\/wp-content\/uploads\/2021\/06\/drnava-bike3-150x150.jpg 150w, https:\/\/www.slovensky-kras.eu\/info\/wp-content\/uploads\/2021\/06\/drnava-bike3-768x768.jpg 768w, https:\/\/www.slovensky-kras.eu\/info\/wp-content\/uploads\/2021\/06\/drnava-bike3.jpg 1080w\" sizes=\"auto, (max-width: 800px) 100vw, 800px\" \/><\/a><figcaption id=\"caption-attachment-20626\" class=\"wp-caption-text\">Po\u017ei\u010dov\u0148a elektrobicyklov Ro\u017e\u0148ava &#8211; Drnava: Tulip\u00e1n \u2013 Sedliacky dvor<\/figcaption><\/figure>\n<p>V\u010faka pomocn\u00e9mu motoru zvl\u00e1dnete aj n\u00e1ro\u010dne, kopcovit\u00e9 a\u017e 100 kilomentrov dlh\u00e9 cyklojazdy s kondi\u010dkou rekrea\u010dn\u00e9ho turistu.<\/p>\n<p>Po\u017ei\u010dov\u0148a elektrobicyklov Drnava je ide\u00e1lna pre rodinn\u00e9 v\u00fdlety, teambuildingov\u00e9 podujatia, alebo utu\u017eovanie dlhoro\u010dn\u00fdch kamar\u00e1tstiev na prekr\u00e1snych tras\u00e1ch, ktor\u00e9 obklopuj\u00fa Ro\u017e\u0148avu.<\/p>\n<p><a href=\"https:\/\/www.slovensky-kras.eu\/info\/wp-content\/uploads\/2021\/06\/drnava-bike1meta.jpg\"><img loading=\"lazy\" decoding=\"async\" class=\"aligncenter wp-image-20623 size-full\" src=\"https:\/\/www.slovensky-kras.eu\/info\/wp-content\/uploads\/2021\/06\/drnava-bike1meta.jpg\" alt=\"\" width=\"800\" height=\"304\" srcset=\"https:\/\/www.slovensky-kras.eu\/info\/wp-content\/uploads\/2021\/06\/drnava-bike1meta.jpg 800w, https:\/\/www.slovensky-kras.eu\/info\/wp-content\/uploads\/2021\/06\/drnava-bike1meta-768x292.jpg 768w\" sizes=\"auto, (max-width: 800px) 100vw, 800px\" \/><\/a><\/p>\n<p>Viac info o tras\u00e1ch, ponuka elektrick\u00fdch bicyklov a kolobe\u017ek\u00e1ch : <a href=\"https:\/\/www.e-cyklojazda.sk\/\" target=\"_blank\" rel=\"noopener\">https:\/\/www.e-cyklojazda.sk\/<\/a><\/p>\n<h3><span style=\"color: #808000;\">Kontakt<\/span><\/h3>\n<p><strong>Caf\u00e9 Kispest<\/strong><br \/>\nDrnava 247<br \/>\n049 42<br \/>\n<strong>Mobil e-bike:<\/strong> +421 907 794 813<br \/>\n<strong>Mobil Cafe:<\/strong> + 421 907 779 274<br \/>\n<strong>E-mail:<\/strong> <a href=\"mailto:ahoj@pozicajsi.bike\" target=\"_blank\" rel=\"noopener\">ahoj@pozicajsi.bike<\/a> a <a href=\"mailto:cafekispest@gmail.com\" target=\"_blank\" rel=\"noopener\">cafekispest@gmail.com<\/a><br \/>\n<strong>WEB:<\/strong> <a href=\"https:\/\/www.e-cyklojazda.sk\/\" target=\"_blank\" rel=\"noopener\">www.e-cyklojazda.sk<\/a><br \/>\n<strong>Facebook po\u017ei\u010dov\u0148a elektrobicyklov:<\/strong> <a href=\"https:\/\/www.facebook.com\/pozicajsi.bike\/\" target=\"_blank\" rel=\"noopener\">https:\/\/www.facebook.com\/pozicajsi.bike\/<\/a><\/p>\n<p><strong>Facebook Caf\u00e9 Kispest:<\/strong> <a href=\"https:\/\/www.facebook.com\/cafekispest\" target=\"_blank\" rel=\"noopener\">https:\/\/www.facebook.com\/cafekispest<\/a><\/p>\n<h3><span style=\"color: #808000;\">Otv\u00e1racie hodiny:<\/span><\/h3>\n<p><strong>Pondelok<\/strong>: 12:00 \u2013 21:00<br \/>\n<strong>Utorok:<\/strong> 12:00 \u2013 21:00<br \/>\n<strong>Streda:<\/strong> 12:00 \u2013 21:00<br \/>\n<strong>\u0160tvrtok:<\/strong> 12:00 \u2013 21:00<br \/>\n<strong>Piatok:<\/strong> 12:00 \u2013 22:00<br \/>\n<strong>Sobota:<\/strong> 10:00 \u2013 22:00<br \/>\n<strong>Nede\u013ea:<\/strong> 10:00 \u2013 20:00<\/p>\n<h3><span style=\"color: #808000;\">Bl\u00edzke stredisko, turistick\u00e9 centrum, obec alebo mesto:<\/span><\/h3>\n<ul>\n<li><a href=\"http:\/\/www.slovensky-kras.eu\/info\/strediska-a-centra\/obec-drnava\/\">Obec Drnava (\u010d\u00edtaj viac&#8230;)<\/a><\/li>\n<\/ul>\n<h3><span style=\"color: #808000;\">Mapy<\/span><\/h3>\n<p><strong>Vrstvy: <\/strong>Turistick\u00e1 mapa, Automapa, Cyklomapa, Ly\u017eiarska mapa, Satelitn\u00e1 mapa a OpenStreetMap.<\/p>\n<p><strong>Kliknut\u00edm na logo &#8222;Freemap.sk&#8220; sa V\u00e1m mapa zobraz\u00ed na celej ploche obrazovky.<\/strong><\/p>\n<p><iframe style=\"width: 800px; height: 600px; border: 0;\" src=\"https:\/\/www.freemap.sk\/?map=14\/48.640651\/20.658975&amp;info-point=48.640651\/20.658975,Obec Drnava&amp;layers=T&amp;embed=search\" allowfullscreen=\"allowfullscreen\"><\/iframe><\/p>\n<h3><span style=\"color: #808000;\">Po\u010dasie<\/span><\/h3>\n<p><iframe style=\"width: 800px; height: 600px;\" src=\"https:\/\/www.meteoblue.com\/sk\/po%C4%8Dasie\/widget\/three\/drnava_slovensk%c3%a1-republika_724863?geoloc=fixed&amp;nocurrent=0&amp;noforecast=0&amp;days=6&amp;tempunit=CELSIUS&amp;windunit=KILOMETER_PER_HOUR&amp;layout=image\" frameborder=\"0\" scrolling=\"NO\" sandbox=\"allow-same-origin allow-scripts allow-popups allow-popups-to-escape-sandbox\"><span data-mce-type=\"bookmark\" style=\"display: inline-block; width: 0px; overflow: hidden; line-height: 0;\" class=\"mce_SELRES_start\">\ufeff<\/span><\/iframe><\/p>\n<div><!-- DO NOT REMOVE THIS LINK --><a href=\"https:\/\/www.meteoblue.com\/sk\/po%C4%8Dasie\/predpove%C4%8F\/t%C3%BD%C5%BEde%C5%88\/drnava_slovensk%c3%a1-republika_724863?utm_source=weather_widget&amp;utm_medium=linkus&amp;utm_content=three&amp;utm_campaign=Weather%2BWidget\" target=\"_blank\" rel=\"noopener noreferrer\">meteoblue<\/a><\/div>\n<p><strong>Zdroj foto a text:<\/strong> Po\u017ei\u010dov\u0148a elektrobicyklov Ro\u017e\u0148ava<\/p>\n","protected":false},"excerpt":{"rendered":"<p>Menu: Cykloturistika V\u0161eobecn\u00e9 inform\u00e1cie Spoznajte okolie Ro\u017e\u0148avy, pr\u00edrodu Slovensk\u00e9ho Krasu, \u010di hist\u00f3riu regi\u00f3nu Gemer. Po\u017ei\u010dov\u0148a elektrobicyklov v Drnave v\u00e1m umo\u017en\u00ed spozna\u0165 srdce Gemera zo sedla bicykla! U\u017eite si kr\u00e1snu pr\u00edrodu [&hellip;]<\/p>\n","protected":false},"author":1,"featured_media":0,"parent":11,"menu_order":0,"comment_status":"closed","ping_status":"closed","template":"","meta":{"_uag_custom_page_level_css":"","footnotes":""},"class_list":["post-20611","page","type-page","status-publish","hentry"],"featured_image_src":"","featured_image_src_square":false,"rbea_author_info":{"display_name":"admin","author_link":"https:\/\/www.slovensky-kras.eu\/info\/author\/admin\/"},"rbea_excerpt_info":"Menu: Cykloturistika V\u0161eobecn\u00e9 inform\u00e1cie Spoznajte okolie Ro\u017e\u0148avy, pr\u00edrodu Slovensk\u00e9ho Krasu, \u010di hist\u00f3riu regi\u00f3nu Gemer. Po\u017ei\u010dov\u0148a elektrobicyklov v Drnave v\u00e1m umo\u017en\u00ed spozna\u0165 srdce Gemera zo sedla bicykla! U\u017eite si kr\u00e1snu pr\u00edrodu [&hellip;]","uagb_featured_image_src":{"full":false,"thumbnail":false,"medium":false,"medium_large":false,"large":false,"1536x1536":false,"2048x2048":false},"uagb_author_info":{"display_name":"admin","author_link":"https:\/\/www.slovensky-kras.eu\/info\/author\/admin\/"},"uagb_comment_info":0,"uagb_excerpt":"Menu: Cykloturistika V\u0161eobecn\u00e9 inform\u00e1cie Spoznajte okolie Ro\u017e\u0148avy, pr\u00edrodu Slovensk\u00e9ho Krasu, \u010di hist\u00f3riu regi\u00f3nu Gemer. Po\u017ei\u010dov\u0148a elektrobicyklov v Drnave v\u00e1m umo\u017en\u00ed spozna\u0165 srdce Gemera zo sedla bicykla! U\u017eite si kr\u00e1snu pr\u00edrodu [&hellip;]","_links":{"self":[{"href":"https:\/\/www.slovensky-kras.eu\/info\/wp-json\/wp\/v2\/pages\/20611","targetHints":{"allow":["GET"]}}],"collection":[{"href":"https:\/\/www.slovensky-kras.eu\/info\/wp-json\/wp\/v2\/pages"}],"about":[{"href":"https:\/\/www.slovensky-kras.eu\/info\/wp-json\/wp\/v2\/types\/page"}],"author":[{"embeddable":true,"href":"https:\/\/www.slovensky-kras.eu\/info\/wp-json\/wp\/v2\/users\/1"}],"replies":[{"embeddable":true,"href":"https:\/\/www.slovensky-kras.eu\/info\/wp-json\/wp\/v2\/comments?post=20611"}],"version-history":[{"count":17,"href":"https:\/\/www.slovensky-kras.eu\/info\/wp-json\/wp\/v2\/pages\/20611\/revisions"}],"predecessor-version":[{"id":25315,"href":"https:\/\/www.slovensky-kras.eu\/info\/wp-json\/wp\/v2\/pages\/20611\/revisions\/25315"}],"up":[{"embeddable":true,"href":"https:\/\/www.slovensky-kras.eu\/info\/wp-json\/wp\/v2\/pages\/11"}],"wp:attachment":[{"href":"https:\/\/www.slovensky-kras.eu\/info\/wp-json\/wp\/v2\/media?parent=20611"}],"curies":[{"name":"wp","href":"https:\/\/api.w.org\/{rel}","templated":true}]}}