{"id":17628,"date":"2020-06-26T05:24:45","date_gmt":"2020-06-26T03:24:45","guid":{"rendered":"http:\/\/www.slovensky-kras.eu\/info\/?page_id=17628"},"modified":"2025-10-27T07:19:31","modified_gmt":"2025-10-27T06:19:31","slug":"jaskyna-pivnicna-diera","status":"publish","type":"page","link":"https:\/\/www.slovensky-kras.eu\/info\/kam-do-prirody\/jaskyna-pivnicna-diera\/","title":{"rendered":"Jasky\u0148a a vyviera\u010dka Pivni\u010dn\u00e1 diera"},"content":{"rendered":"<p><strong>Menu: <\/strong> <a href=\"http:\/\/www.slovensky-kras.eu\/info\/\" class=\"su-button su-button-style-default\" style=\"color:#000000;background-color:#FFCF2F;border-color:#cca626;border-radius:5px\" target=\"_self\"><span style=\"color:#000000;padding:6px 16px;font-size:13px;line-height:20px;border-color:#ffde6e;border-radius:5px;text-shadow:none\"><i class=\"sui sui-arrow-right\" style=\"font-size:13px;color:#000000\"><\/i>  \u00davod \/ Aktuality <\/span><\/a>\n<a href=\"http:\/\/www.slovensky-kras.eu\/info\/kam-do-prirody\/\" class=\"su-button su-button-style-default\" style=\"color:#000000;background-color:#FFCF2F;border-color:#cca626;border-radius:5px\" target=\"_self\"><span style=\"color:#000000;padding:6px 16px;font-size:13px;line-height:20px;border-color:#ffde6e;border-radius:5px;text-shadow:none\"><i class=\"sui sui-arrow-right\" style=\"font-size:13px;color:#000000\"><\/i>  Kam do pr\u00edrody <\/span><\/a>\n<div class=\"su-divider su-divider-style-default\" style=\"margin:15px 0;border-width:0px;border-color:#000000\"><\/div>\n<strong>Podkateg\u00f3ria: <\/strong> <a href=\"http:\/\/www.slovensky-kras.eu\/info\/kam-do-prirody\/vodopady-jazierka-rieky\/\" class=\"su-button su-button-style-default\" style=\"color:#000000;background-color:#C5ED2C;border-color:#9ebe24;border-radius:5px\" target=\"_self\"><span style=\"color:#000000;padding:6px 16px;font-size:13px;line-height:20px;border-color:#d7f36c;border-radius:5px;text-shadow:none\"><i class=\"sui sui-arrow-right\" style=\"font-size:13px;color:#000000\"><\/i>  Vodop\u00e1dy, jazierka, rieky \u2026 <\/span><\/a>\n<div class=\"su-divider su-divider-style-default\" style=\"margin:15px 0;border-width:0px;border-color:#000000\"><\/div>\n<p><strong>Podkateg\u00f3ria: <\/strong> <a href=\"http:\/\/www.slovensky-kras.eu\/info\/jaskyne-a-priepasti\/\" class=\"su-button su-button-style-default\" style=\"color:#000000;background-color:#C5ED2C;border-color:#9ebe24;border-radius:5px\" target=\"_self\"><span style=\"color:#000000;padding:6px 16px;font-size:13px;line-height:20px;border-color:#d7f36c;border-radius:5px;text-shadow:none\"><i class=\"sui sui-arrow-right\" style=\"font-size:13px;color:#000000\"><\/i>  Jaskyne a priepasti <\/span><\/a>\n<div class=\"su-divider su-divider-style-default\" style=\"margin:15px 0;border-width:3px;border-color:#000000\"><\/div>\n<h2><span style=\"color: #800000;\">\u010co je to Pivni\u010dn\u00e1 diera a ak\u00e1 je jej charakteristika?<\/span><\/h2>\n<p class=\"ds-markdown-paragraph\"><strong>Pivni\u010dn\u00e1 diera<\/strong> je <strong>fluviokrasov\u00e1 jasky\u0148a<\/strong>, \u010do znamen\u00e1, \u017ee ju vytvorila \u010dinnos\u0165 vody. Je\u00a0<strong>horizont\u00e1lna<\/strong>\u00a0a pretek\u00e1 \u0148ou\u00a0<strong>ob\u010dasn\u00fd vodn\u00fd tok<\/strong>. Svoje meno si vysl\u00fa\u017eila, preto\u017ee funguje ako prirodzen\u00e1\u00a0<strong>vyviera\u010dka<\/strong>. Jej celkov\u00e1 d\u013a\u017eka je pribli\u017ene\u00a0<strong>40 m<\/strong>\u00a0a h\u013abka\u00a0<strong>10 m<\/strong>.\u00a0<strong>Vn\u00fatro jaskyne nie je verejnosti pr\u00edstupn\u00e9<\/strong>, preto si jej kr\u00e1su m\u00f4\u017eete vychutna\u0165 len z vonkaj\u0161ieho vchodu.<\/p>\n<figure id=\"attachment_28210\" aria-describedby=\"caption-attachment-28210\" style=\"width: 900px\" class=\"wp-caption aligncenter\"><a href=\"https:\/\/www.slovensky-kras.eu\/info\/wp-content\/uploads\/2025\/10\/pivnica-diera-1.png\"><img loading=\"lazy\" decoding=\"async\" class=\"wp-image-28210\" src=\"https:\/\/www.slovensky-kras.eu\/info\/wp-content\/uploads\/2025\/10\/pivnica-diera-1-800x470.png\" alt=\"Jasky\u0148a a vyviera\u010dka Pivni\u010dn\u00e1 diera\" width=\"900\" height=\"528\" srcset=\"https:\/\/www.slovensky-kras.eu\/info\/wp-content\/uploads\/2025\/10\/pivnica-diera-1-800x470.png 800w, https:\/\/www.slovensky-kras.eu\/info\/wp-content\/uploads\/2025\/10\/pivnica-diera-1-768x451.png 768w, https:\/\/www.slovensky-kras.eu\/info\/wp-content\/uploads\/2025\/10\/pivnica-diera-1.png 1000w\" sizes=\"auto, (max-width: 900px) 100vw, 900px\" \/><\/a><figcaption id=\"caption-attachment-28210\" class=\"wp-caption-text\">Jasky\u0148a a vyviera\u010dka Pivni\u010dn\u00e1 diera<\/figcaption><\/figure>\n<h2><span style=\"color: #800000;\">Kde sa presne Pivni\u010dn\u00e1 diera nach\u00e1dza?<\/span><\/h2>\n<p class=\"ds-markdown-paragraph\">T\u00e1to jasky\u0148a sa nach\u00e1dza\u00a0<strong>ne\u010faleko obce <a href=\"https:\/\/www.slovensky-kras.eu\/info\/strediska-a-centra\/obec-gemerska-horka\/\">Gemersk\u00e1 H\u00f4rka<\/a><\/strong>, konkr\u00e9tne nad hlavnou cestou ved\u00facou cez dedinu. Le\u017e\u00ed v\u00a0<strong>nadmorskej v\u00fd\u0161ke 220 m<\/strong>. Presn\u00fa polohu v\u00e1m u\u013eah\u010d\u00ed to, \u017ee je situovan\u00e1 pod impozantnou\u00a0<strong>skalnou stenou vysokou pribli\u017ene 5 metrov<\/strong>.<\/p>\n<h2><span style=\"color: #800000;\">Do akej oblasti patr\u00ed z h\u013eadiska pr\u00edrody?<\/span><\/h2>\n<p class=\"ds-markdown-paragraph\">Z geomorfologick\u00e9ho h\u013eadiska patr\u00ed do oblasti\u00a0<strong>Slovensk\u00e9ho rudohoria<\/strong>\u00a0a jeho horsk\u00e9ho celku\u00a0<strong>Slovensk\u00fd kras<\/strong>, konkr\u00e9tne do podcelku Planina Koniar. Toto umiestnenie ju rad\u00ed do srdca jednej z najkraj\u0161\u00edch krasov\u00fdch oblast\u00ed na Slovensku.<\/p>\n<h2><span style=\"color: #800000;\">Ak\u00fd je vstup do jaskyne?<\/span><\/h2>\n<p class=\"ds-markdown-paragraph\">Vstup do jaskyne je dostato\u010dne priestrann\u00fd. \u0160irka vchodu do jaskyne je\u00a0<strong>2 m<\/strong>\u00a0a jej v\u00fd\u0161ka\u00a0<strong>1.2m<\/strong>, \u010do umo\u017e\u0148uje dobre vidie\u0165 do jej vn\u00fatorn\u00fdch \u010dast\u00ed, hoci\u00a0<strong>vn\u00fatro jaskyne nie je verejnosti pr\u00edstupn\u00e9<\/strong>.<\/p>\n<figure id=\"attachment_28213\" aria-describedby=\"caption-attachment-28213\" style=\"width: 900px\" class=\"wp-caption aligncenter\"><a href=\"https:\/\/www.slovensky-kras.eu\/info\/wp-content\/uploads\/2025\/10\/pivnica-diera-vstupny-portal.png\"><img loading=\"lazy\" decoding=\"async\" class=\"wp-image-28213\" src=\"https:\/\/www.slovensky-kras.eu\/info\/wp-content\/uploads\/2025\/10\/pivnica-diera-vstupny-portal-800x481.png\" alt=\"Jasky\u0148a a vyviera\u010dka Pivni\u010dn\u00e1 diera\" width=\"900\" height=\"541\" srcset=\"https:\/\/www.slovensky-kras.eu\/info\/wp-content\/uploads\/2025\/10\/pivnica-diera-vstupny-portal-800x481.png 800w, https:\/\/www.slovensky-kras.eu\/info\/wp-content\/uploads\/2025\/10\/pivnica-diera-vstupny-portal-768x462.png 768w, https:\/\/www.slovensky-kras.eu\/info\/wp-content\/uploads\/2025\/10\/pivnica-diera-vstupny-portal.png 1000w\" sizes=\"auto, (max-width: 900px) 100vw, 900px\" \/><\/a><figcaption id=\"caption-attachment-28213\" class=\"wp-caption-text\">Jasky\u0148a a vyviera\u010dka Pivni\u010dn\u00e1 diera<\/figcaption><\/figure>\n<p>&nbsp;<\/p>\n<h2><span style=\"color: #800000;\">Ako je to spojen\u00e9 s okolit\u00fdmi jasky\u0148ami?<\/span><\/h2>\n<p class=\"ds-markdown-paragraph\">Je d\u00f4le\u017eit\u00e9 vedie\u0165, \u017ee jasky\u0148a je\u00a0<strong>hydrologicky prepojen\u00e1<\/strong>\u00a0s fascinuj\u00facim jaskynn\u00fdm syst\u00e9mom v okol\u00ed, konkr\u00e9tne s\u00a0<strong>ne\u010falekou Bartalovou priepas\u0165ou<\/strong>.<\/p>\n<h2><span style=\"color: #800000;\">Ako ju ako turista n\u00e1jdem? Je dobre ozna\u010den\u00e1?<\/span><\/h2>\n<p class=\"ds-markdown-paragraph\">\u00c1no, jasky\u0148a a krasov\u00e1 vyviera\u010dka je ozna\u010den\u00e1\u00a0<strong>pam\u00e4tn\u00fdm st\u013apom<\/strong>. Tento syst\u00e9m ozna\u010dovania je ve\u013emi u\u017eito\u010dn\u00fd. V obci sa nach\u00e1dza\u00a0<strong>6 pam\u00e4tn\u00fdch st\u013apov<\/strong>, ktor\u00fdmi s\u00fa ozna\u010den\u00e9 krasov\u00e9 javy na \u00fazem\u00ed obce, tak\u017ee sa nemus\u00edte b\u00e1\u0165, \u017ee by ste ju prehliadli.<\/p>\n<h2><span style=\"color: #800000;\">Je vhodn\u00e1 pre v\u00fdlet s de\u0165mi?<\/span><\/h2>\n<p class=\"ds-markdown-paragraph\">Absol\u00fatne \u00e1no!\u00a0<strong>Pivni\u010dn\u00e1 diera<\/strong>\u00a0je s\u00fa\u010das\u0165ou ve\u013emi pekn\u00e9ho a zauj\u00edmav\u00e9ho\u00a0<strong>n\u00e1u\u010dn\u00e9ho chodn\u00edka \u201e<a href=\"https:\/\/www.slovensky-kras.eu\/info\/aktivity-a-sport\/naucny-chodnik-krasove-javy-gemerskej-horky\/\">Krasov\u00e9 javy H\u00f4rky<\/a>\u201c<\/strong>. Tento chodn\u00edk je \u0161pecializovan\u00fd pr\u00e1ve na turistiku a je\u00a0<strong>vhodn\u00fd aj pre deti<\/strong>, \u010do z neho rob\u00ed ide\u00e1lny cie\u013e pre rodinn\u00fd v\u00fdlet. Aj ke\u010f\u00a0<strong>vn\u00fatro jaskyne nie je verejnosti pr\u00edstupn\u00e9<\/strong>, samotn\u00fd jav a jeho okolie je ve\u013emi p\u00fatav\u00e9.<\/p>\n<h3><span style=\"color: #808000;\">Ubytovanie v bl\u00edzkosti<\/span><\/h3>\n<p><strong>Penzi\u00f3n Skaln\u00e1 Ru\u017ea \u2013 K\u00f6vir\u00f3zsa Panzi\u00f3 **<\/strong><br \/>\nGemersk\u00e1 H\u00f4rka 104,<br \/>\n04912 Gemersk\u00e1 H\u00f4rka<br \/>\nokres Ro\u017e\u0148ava, Ko\u0161ick\u00fd kraj<br \/>\n<strong>Telef\u00f3n: <\/strong>+421 (0) 587 921 458<br \/>\n<strong>Mobil: <\/strong>+421 (0) 905 718 046<br \/>\n<strong>Web:<\/strong> <a href=\"http:\/\/penzionskalnaruza.sk\/\" target=\"_blank\" rel=\"noopener noreferrer\">http:\/\/penzionskalnaruza.sk\/<\/a><br \/>\n<strong>E-mail: <\/strong>info@penzionskalnaruza.sk<br \/>\n<strong>GPS s\u00faradnice : <\/strong> 48\u00b032&#8217;21.88&#8243;, 20\u00b022&#8217;58.01&#8243;<\/p>\n<h3><span style=\"color: #808000;\">Bl\u00edzke stredisko, turistick\u00e9 centrum, obec alebo mesto:<\/span><\/h3>\n<ul>\n<li><a href=\"http:\/\/www.slovensky-kras.eu\/info\/strediska-a-centra\/obec-gemerska-horka\/\">Obec Gemersk\u00e1 H\u00f4rka (\u010d\u00edtaj viac&#8230;)<\/a><\/li>\n<\/ul>\n<h3><span style=\"color: #808000;\">Mapy<\/span><\/h3>\n<p><strong>Vrstvy: <\/strong>Turistick\u00e1 mapa, Automapa, Cyklomapa, Ly\u017eiarska mapa, Satelitn\u00e1 mapa a OpenStreetMap.<\/p>\n<p><strong>Kliknut\u00edm na logo &#8222;Freemap.sk&#8220; sa V\u00e1m mapa zobraz\u00ed na celej ploche obrazovky.<\/strong><\/p>\n<p><iframe style=\"width: 800px; height: 600px; border: 0;\" src=\"https:\/\/www.freemap.sk\/?map=14\/48.539831\/20.384005&amp;info-point=48.539831\/20.384005,Jasky\u0148a a vyviera\u010dka Pivni\u010dn\u00e1 diera&amp;layers=T&amp;embed=search\" allowfullscreen=\"allowfullscreen\"><\/iframe><\/p>\n<h3><span style=\"color: #808000;\">Po\u010dasie<\/span><\/h3>\n<p><iframe style=\"width: 800px; height: 607px;\" src=\"https:\/\/www.meteoblue.com\/sk\/po%C4%8Dasie\/widget\/three\/gemersk%c3%a1-horka_slovensk%c3%a1-republika_724796?geoloc=fixed&amp;nocurrent=0&amp;noforecast=0&amp;days=6&amp;tempunit=CELSIUS&amp;windunit=KILOMETER_PER_HOUR&amp;layout=image\" frameborder=\"0\" scrolling=\"NO\" sandbox=\"allow-same-origin allow-scripts allow-popups allow-popups-to-escape-sandbox\"><span data-mce-type=\"bookmark\" style=\"display: inline-block; width: 0px; overflow: hidden; line-height: 0;\" class=\"mce_SELRES_start\">\ufeff<\/span><\/iframe><\/p>\n<div><!-- DO NOT REMOVE THIS LINK --><a href=\"https:\/\/www.meteoblue.com\/sk\/po%C4%8Dasie\/predpove%C4%8F\/t%C3%BD%C5%BEde%C5%88\/gemersk%c3%a1-horka_slovensk%c3%a1-republika_724796?utm_source=weather_widget&amp;utm_medium=linkus&amp;utm_content=three&amp;utm_campaign=Weather%2BWidget\" target=\"_blank\" rel=\"noopener noreferrer\">meteoblue<\/a><\/div>\n","protected":false},"excerpt":{"rendered":"<p>Menu: Podkateg\u00f3ria: Podkateg\u00f3ria: \u010co je to Pivni\u010dn\u00e1 diera a ak\u00e1 je jej charakteristika? Pivni\u010dn\u00e1 diera je fluviokrasov\u00e1 jasky\u0148a, \u010do znamen\u00e1, \u017ee ju vytvorila \u010dinnos\u0165 vody. Je\u00a0horizont\u00e1lna\u00a0a pretek\u00e1 \u0148ou\u00a0ob\u010dasn\u00fd vodn\u00fd tok. [&hellip;]<\/p>\n","protected":false},"author":1,"featured_media":28210,"parent":13,"menu_order":0,"comment_status":"closed","ping_status":"closed","template":"","meta":{"_uag_custom_page_level_css":"","footnotes":""},"class_list":["post-17628","page","type-page","status-publish","has-post-thumbnail","hentry"],"featured_image_src":"https:\/\/www.slovensky-kras.eu\/info\/wp-content\/uploads\/2025\/10\/pivnica-diera-1.png","featured_image_src_square":"https:\/\/www.slovensky-kras.eu\/info\/wp-content\/uploads\/2025\/10\/pivnica-diera-1.png","rbea_author_info":{"display_name":"admin","author_link":"https:\/\/www.slovensky-kras.eu\/info\/author\/admin\/"},"rbea_excerpt_info":"Menu: Podkateg\u00f3ria: Podkateg\u00f3ria: \u010co je to Pivni\u010dn\u00e1 diera a ak\u00e1 je jej charakteristika? Pivni\u010dn\u00e1 diera je fluviokrasov\u00e1 jasky\u0148a, \u010do znamen\u00e1, \u017ee ju vytvorila \u010dinnos\u0165 vody. Je\u00a0horizont\u00e1lna\u00a0a pretek\u00e1 \u0148ou\u00a0ob\u010dasn\u00fd vodn\u00fd tok. [&hellip;]","uagb_featured_image_src":{"full":["https:\/\/www.slovensky-kras.eu\/info\/wp-content\/uploads\/2025\/10\/pivnica-diera-1.png",1000,587,false],"thumbnail":["https:\/\/www.slovensky-kras.eu\/info\/wp-content\/uploads\/2025\/10\/pivnica-diera-1-150x150.png",150,150,true],"medium":["https:\/\/www.slovensky-kras.eu\/info\/wp-content\/uploads\/2025\/10\/pivnica-diera-1-800x470.png",800,470,true],"medium_large":["https:\/\/www.slovensky-kras.eu\/info\/wp-content\/uploads\/2025\/10\/pivnica-diera-1-768x451.png",768,451,true],"large":["https:\/\/www.slovensky-kras.eu\/info\/wp-content\/uploads\/2025\/10\/pivnica-diera-1.png",1000,587,false],"1536x1536":["https:\/\/www.slovensky-kras.eu\/info\/wp-content\/uploads\/2025\/10\/pivnica-diera-1.png",1000,587,false],"2048x2048":["https:\/\/www.slovensky-kras.eu\/info\/wp-content\/uploads\/2025\/10\/pivnica-diera-1.png",1000,587,false]},"uagb_author_info":{"display_name":"admin","author_link":"https:\/\/www.slovensky-kras.eu\/info\/author\/admin\/"},"uagb_comment_info":0,"uagb_excerpt":"Menu: Podkateg\u00f3ria: Podkateg\u00f3ria: \u010co je to Pivni\u010dn\u00e1 diera a ak\u00e1 je jej charakteristika? Pivni\u010dn\u00e1 diera je fluviokrasov\u00e1 jasky\u0148a, \u010do znamen\u00e1, \u017ee ju vytvorila \u010dinnos\u0165 vody. Je\u00a0horizont\u00e1lna\u00a0a pretek\u00e1 \u0148ou\u00a0ob\u010dasn\u00fd vodn\u00fd tok. [&hellip;]","_links":{"self":[{"href":"https:\/\/www.slovensky-kras.eu\/info\/wp-json\/wp\/v2\/pages\/17628","targetHints":{"allow":["GET"]}}],"collection":[{"href":"https:\/\/www.slovensky-kras.eu\/info\/wp-json\/wp\/v2\/pages"}],"about":[{"href":"https:\/\/www.slovensky-kras.eu\/info\/wp-json\/wp\/v2\/types\/page"}],"author":[{"embeddable":true,"href":"https:\/\/www.slovensky-kras.eu\/info\/wp-json\/wp\/v2\/users\/1"}],"replies":[{"embeddable":true,"href":"https:\/\/www.slovensky-kras.eu\/info\/wp-json\/wp\/v2\/comments?post=17628"}],"version-history":[{"count":36,"href":"https:\/\/www.slovensky-kras.eu\/info\/wp-json\/wp\/v2\/pages\/17628\/revisions"}],"predecessor-version":[{"id":28246,"href":"https:\/\/www.slovensky-kras.eu\/info\/wp-json\/wp\/v2\/pages\/17628\/revisions\/28246"}],"up":[{"embeddable":true,"href":"https:\/\/www.slovensky-kras.eu\/info\/wp-json\/wp\/v2\/pages\/13"}],"wp:featuredmedia":[{"embeddable":true,"href":"https:\/\/www.slovensky-kras.eu\/info\/wp-json\/wp\/v2\/media\/28210"}],"wp:attachment":[{"href":"https:\/\/www.slovensky-kras.eu\/info\/wp-json\/wp\/v2\/media?parent=17628"}],"curies":[{"name":"wp","href":"https:\/\/api.w.org\/{rel}","templated":true}]}}