{"id":17532,"date":"2020-06-25T14:39:17","date_gmt":"2020-06-25T12:39:17","guid":{"rendered":"http:\/\/www.slovensky-kras.eu\/info\/?page_id=17532"},"modified":"2025-11-22T08:22:59","modified_gmt":"2025-11-22T07:22:59","slug":"vojensky-bunker-vzor-37-v-obci-bretka","status":"publish","type":"page","link":"https:\/\/www.slovensky-kras.eu\/info\/kam-za-pamiatkami\/vojensky-bunker-vzor-37-v-obci-bretka\/","title":{"rendered":"Vojensk\u00fd bunker vzor 37 v obci Bretka"},"content":{"rendered":"<p><strong>Menu: <\/strong><a href=\"http:\/\/www.slovensky-kras.eu\/info\/\" class=\"su-button su-button-style-default\" style=\"color:#000000;background-color:#FFCF2F;border-color:#cca626;border-radius:5px\" target=\"_self\"><span style=\"color:#000000;padding:6px 16px;font-size:13px;line-height:20px;border-color:#ffde6e;border-radius:5px;text-shadow:none\"><i class=\"sui sui-arrow-right\" style=\"font-size:13px;color:#000000\"><\/i>  \u00davod \/ Aktuality <\/span><\/a>\n<a href=\"http:\/\/www.slovensky-kras.eu\/info\/kam-za-pamiatkami\/\" class=\"su-button su-button-style-default\" style=\"color:#000000;background-color:#FFCF2F;border-color:#cca626;border-radius:5px\" target=\"_self\"><span style=\"color:#000000;padding:6px 16px;font-size:13px;line-height:20px;border-color:#ffde6e;border-radius:5px;text-shadow:none\"><i class=\"sui sui-arrow-right\" style=\"font-size:13px;color:#000000\"><\/i>  Kam za pamiatkami <\/span><\/a>\n<div class=\"su-divider su-divider-style-default\" style=\"margin:15px 0;border-width:0px;border-color:#000000\"><\/div>\n<strong>Podkateg\u00f3ria: <\/strong> <a href=\"http:\/\/www.slovensky-kras.eu\/info\/kam-za-pamiatkami\/ostatne-pamiatky\/\" class=\"su-button su-button-style-default\" style=\"color:#000000;background-color:#afd144;border-color:#8ca837;border-radius:5px\" target=\"_self\"><span style=\"color:#000000;padding:6px 16px;font-size:13px;line-height:20px;border-color:#c7df7d;border-radius:5px;text-shadow:none\"><i class=\"sui sui-arrow-right\" style=\"font-size:13px;color:#000000\"><\/i>  Ostatn\u00e9 pamiatky <\/span><\/a>\n<div class=\"su-divider su-divider-style-default\" style=\"margin:15px 0;border-width:2px;border-color:#000000\"><\/div>\n<figure id=\"attachment_17542\" aria-describedby=\"caption-attachment-17542\" style=\"width: 900px\" class=\"wp-caption aligncenter\"><a href=\"https:\/\/www.slovensky-kras.eu\/info\/wp-content\/uploads\/2020\/06\/bunker-bretka.jpg\"><img loading=\"lazy\" decoding=\"async\" class=\"wp-image-17542\" src=\"http:\/\/www.slovensky-kras.eu\/info\/wp-content\/uploads\/2020\/06\/bunker-bretka-800x450.jpg\" alt=\"Vojensk\u00fd bunker vzor 37 v obci Bretka\" width=\"900\" height=\"507\" srcset=\"https:\/\/www.slovensky-kras.eu\/info\/wp-content\/uploads\/2020\/06\/bunker-bretka-800x450.jpg 800w, https:\/\/www.slovensky-kras.eu\/info\/wp-content\/uploads\/2020\/06\/bunker-bretka-768x432.jpg 768w, https:\/\/www.slovensky-kras.eu\/info\/wp-content\/uploads\/2020\/06\/bunker-bretka.jpg 1000w\" sizes=\"auto, (max-width: 900px) 100vw, 900px\" \/><\/a><figcaption id=\"caption-attachment-17542\" class=\"wp-caption-text\">Vojensk\u00fd bunker vzor 37 v obci Bretka \u2013 autor foto: EduTrek Slovakia<\/figcaption><\/figure>\n<div class=\"su-divider su-divider-style-default\" style=\"margin:15px 0;border-width:2px;border-color:#000000\"><\/div>\n<h2 data-start=\"364\" data-end=\"599\"><span style=\"color: #800000;\">\u010co je to vojensk\u00fd bunker vzor 37 v obci Bretka a kde ho n\u00e1jdem?<\/span><\/h2>\n<p data-start=\"364\" data-end=\"599\">Na s\u00fakromnom pozemku priamo v obci Bretka sa nach\u00e1dza unik\u00e1tny vojensk\u00fd bunker vzor 37. Tento objekt, \u013eudovo naz\u00fdvan\u00fd <em data-start=\"552\" data-end=\"559\">Rop\u00edk<\/em>, bol postaven\u00fd \u010deskoslovenskou arm\u00e1dou.<\/p>\n<h2 data-start=\"601\" data-end=\"777\"><span style=\"color: #800000;\">\u010co je vlastne objekt \u013eahk\u00e9ho opevnenia vzor 37?<\/span><\/h2>\n<p data-start=\"601\" data-end=\"777\">Ide o typ \u017eelezobet\u00f3nov\u00e9ho objektu \u013eahk\u00e9ho opevnenia, ktor\u00fd vznikal ako s\u00fa\u010das\u0165 \u010deskoslovensk\u00e9ho opevnenia \u0161t\u00e1tnej hranice.<\/p>\n<h2 data-start=\"779\" data-end=\"1029\"><span style=\"color: #800000;\">Pre\u010do sa tomuto bunkru hovor\u00ed \u201eRop\u00edk\u201c?<\/span><\/h2>\n<p data-start=\"779\" data-end=\"1029\">\u013dudov\u00e9 ozna\u010denie <em data-start=\"841\" data-end=\"848\">Rop\u00edk<\/em> (v \u010de\u0161tine <em data-start=\"860\" data-end=\"867\">\u0158op\u00edk<\/em>) je odvoden\u00e9 od skratky <strong data-start=\"892\" data-end=\"926\">Riadite\u013estva opev\u0148ovac\u00edch pr\u00e1c<\/strong> (ROP\/\u0158OP). Toto riadite\u013estvo riadilo v\u00fdstavbu t\u00fdchto objektov a zad\u00e1valo ju extern\u00fdm stavebn\u00fdm firm\u00e1m.<\/p>\n<h2 data-start=\"1031\" data-end=\"1210\"><span style=\"color: #800000;\">Kedy a pre\u010do tieto bunkre vznikali?<\/span><\/h2>\n<p data-start=\"1031\" data-end=\"1210\">Objekty tohto typu sa stavali v rokoch 1936 a\u017e 1938 ako s\u00fa\u010das\u0165 opevnenia hran\u00edc \u010ceskoslovenska s Nemeckom, Rak\u00faskom, Po\u013eskom a Ma\u010farskom.<\/p>\n<h2 data-start=\"1212\" data-end=\"1383\"><span style=\"color: #800000;\">Ko\u013eko tak\u00fdchto bunkrov bolo p\u00f4vodne v Bretke a \u010do sa s nimi stalo?<\/span><\/h2>\n<p data-start=\"1212\" data-end=\"1383\">V katastri obce bolo postaven\u00fdch sedem tak\u00fdchto bunkrov, no do dne\u0161n\u00fdch dn\u00ed sa zachoval iba jeden.<\/p>\n<h2 data-start=\"1385\" data-end=\"1617\"><span style=\"color: #800000;\">Ako pokra\u010dovali osudy bunkra po roku 1938?<\/span><\/h2>\n<p data-start=\"1385\" data-end=\"1617\">Po Prvej viedenskej arbitr\u00e1\u017ei, ke\u010f Bretka pripadla Ma\u010farsku, sl\u00fa\u017eil tento bunker ma\u010farskej arm\u00e1de. Ostatn\u00e9 bunkre v katastri obce boli v rokoch 1941 a\u017e 1942 zni\u010den\u00e9 ma\u010farskou arm\u00e1dou.<\/p>\n<h2 data-start=\"1619\" data-end=\"1781\"><span style=\"color: #800000;\">Ako bunker pre\u017eil koniec druhej svetovej vojny?<\/span><\/h2>\n<p data-start=\"1619\" data-end=\"1781\">Bunker v Bretke pre\u017eil aj prechod frontu a \u00fatok sovietskych vojsk, ke\u010f ho br\u00e1nili nemeck\u00ed nacistick\u00ed vojaci.<\/p>\n<h3><span style=\"color: #808000;\">Bl\u00edzke stredisko, turistick\u00e9 centrum, obec alebo mesto:<\/span><\/h3>\n<ul>\n<li><a href=\"http:\/\/www.slovensky-kras.eu\/info\/strediska-a-centra\/obec-bretka\/\">Obec Bretka (\u010d\u00edtaj viac&#8230;)<\/a><\/li>\n<\/ul>\n<h2><span style=\"color: #800000;\">Mapy<\/span><\/h2>\n<p><strong>Vrstvy: <\/strong>Turistick\u00e1 mapa, Automapa, Cyklomapa, Ly\u017eiarska mapa, Satelitn\u00e1 mapa a OpenStreetMap.<\/p>\n<p><strong>Kliknut\u00edm na logo &#8222;Freemap.sk&#8220; sa V\u00e1m mapa zobraz\u00ed na celej ploche obrazovky.<\/strong><\/p>\n<p><iframe style=\"width: 900px; height: 600px; border: 0;\" src=\"https:\/\/www.freemap.sk\/?map=15\/48.488582\/20.343311&amp;info-point=48.488582\/20.343311,Obec Bretka&amp;layers=X&amp;embed=search\" allowfullscreen=\"allowfullscreen\"><span data-mce-type=\"bookmark\" style=\"display: inline-block; width: 0px; overflow: hidden; line-height: 0;\" class=\"mce_SELRES_start\">\ufeff<\/span><\/iframe><\/p>\n<h2><span style=\"color: #800000;\">Po\u010dasie<\/span><\/h2>\n<p><iframe style=\"width: 900px; height: 606px;\" src=\"https:\/\/www.meteoblue.com\/sk\/po%C4%8Dasie\/widget\/three\/bretka_slovensk%c3%a1-republika_725076?geoloc=fixed&amp;nocurrent=0&amp;noforecast=0&amp;days=6&amp;tempunit=CELSIUS&amp;windunit=KILOMETER_PER_HOUR&amp;layout=image\" frameborder=\"0\" scrolling=\"NO\" sandbox=\"allow-same-origin allow-scripts allow-popups allow-popups-to-escape-sandbox\"><\/iframe><\/p>\n<div><!-- DO NOT REMOVE THIS LINK --><a href=\"https:\/\/www.meteoblue.com\/sk\/po%C4%8Dasie\/predpove%C4%8F\/t%C3%BD%C5%BEde%C5%88\/bretka_slovensk%c3%a1-republika_725076?utm_source=weather_widget&amp;utm_medium=linkus&amp;utm_content=three&amp;utm_campaign=Weather%2BWidget\" target=\"_blank\" rel=\"noopener noreferrer\">meteoblue<\/a><\/div>\n","protected":false},"excerpt":{"rendered":"<p>Menu: Podkateg\u00f3ria: \u010co je to vojensk\u00fd bunker vzor 37 v obci Bretka a kde ho n\u00e1jdem? Na s\u00fakromnom pozemku priamo v obci Bretka sa nach\u00e1dza unik\u00e1tny vojensk\u00fd bunker vzor 37. [&hellip;]<\/p>\n","protected":false},"author":1,"featured_media":17542,"parent":15,"menu_order":0,"comment_status":"closed","ping_status":"closed","template":"","meta":{"_uag_custom_page_level_css":"","footnotes":""},"class_list":["post-17532","page","type-page","status-publish","has-post-thumbnail","hentry"],"featured_image_src":"https:\/\/www.slovensky-kras.eu\/info\/wp-content\/uploads\/2020\/06\/bunker-bretka.jpg","featured_image_src_square":"https:\/\/www.slovensky-kras.eu\/info\/wp-content\/uploads\/2020\/06\/bunker-bretka.jpg","rbea_author_info":{"display_name":"admin","author_link":"https:\/\/www.slovensky-kras.eu\/info\/author\/admin\/"},"rbea_excerpt_info":"Menu: Podkateg\u00f3ria: \u010co je to vojensk\u00fd bunker vzor 37 v obci Bretka a kde ho n\u00e1jdem? Na s\u00fakromnom pozemku priamo v obci Bretka sa nach\u00e1dza unik\u00e1tny vojensk\u00fd bunker vzor 37. [&hellip;]","uagb_featured_image_src":{"full":["https:\/\/www.slovensky-kras.eu\/info\/wp-content\/uploads\/2020\/06\/bunker-bretka.jpg",1000,563,false],"thumbnail":["https:\/\/www.slovensky-kras.eu\/info\/wp-content\/uploads\/2020\/06\/bunker-bretka-150x150.jpg",150,150,true],"medium":["https:\/\/www.slovensky-kras.eu\/info\/wp-content\/uploads\/2020\/06\/bunker-bretka-800x450.jpg",800,450,true],"medium_large":["https:\/\/www.slovensky-kras.eu\/info\/wp-content\/uploads\/2020\/06\/bunker-bretka-768x432.jpg",768,432,true],"large":["https:\/\/www.slovensky-kras.eu\/info\/wp-content\/uploads\/2020\/06\/bunker-bretka.jpg",1000,563,false],"1536x1536":["https:\/\/www.slovensky-kras.eu\/info\/wp-content\/uploads\/2020\/06\/bunker-bretka.jpg",1000,563,false],"2048x2048":["https:\/\/www.slovensky-kras.eu\/info\/wp-content\/uploads\/2020\/06\/bunker-bretka.jpg",1000,563,false]},"uagb_author_info":{"display_name":"admin","author_link":"https:\/\/www.slovensky-kras.eu\/info\/author\/admin\/"},"uagb_comment_info":0,"uagb_excerpt":"Menu: Podkateg\u00f3ria: \u010co je to vojensk\u00fd bunker vzor 37 v obci Bretka a kde ho n\u00e1jdem? Na s\u00fakromnom pozemku priamo v obci Bretka sa nach\u00e1dza unik\u00e1tny vojensk\u00fd bunker vzor 37. [&hellip;]","_links":{"self":[{"href":"https:\/\/www.slovensky-kras.eu\/info\/wp-json\/wp\/v2\/pages\/17532","targetHints":{"allow":["GET"]}}],"collection":[{"href":"https:\/\/www.slovensky-kras.eu\/info\/wp-json\/wp\/v2\/pages"}],"about":[{"href":"https:\/\/www.slovensky-kras.eu\/info\/wp-json\/wp\/v2\/types\/page"}],"author":[{"embeddable":true,"href":"https:\/\/www.slovensky-kras.eu\/info\/wp-json\/wp\/v2\/users\/1"}],"replies":[{"embeddable":true,"href":"https:\/\/www.slovensky-kras.eu\/info\/wp-json\/wp\/v2\/comments?post=17532"}],"version-history":[{"count":16,"href":"https:\/\/www.slovensky-kras.eu\/info\/wp-json\/wp\/v2\/pages\/17532\/revisions"}],"predecessor-version":[{"id":28889,"href":"https:\/\/www.slovensky-kras.eu\/info\/wp-json\/wp\/v2\/pages\/17532\/revisions\/28889"}],"up":[{"embeddable":true,"href":"https:\/\/www.slovensky-kras.eu\/info\/wp-json\/wp\/v2\/pages\/15"}],"wp:featuredmedia":[{"embeddable":true,"href":"https:\/\/www.slovensky-kras.eu\/info\/wp-json\/wp\/v2\/media\/17542"}],"wp:attachment":[{"href":"https:\/\/www.slovensky-kras.eu\/info\/wp-json\/wp\/v2\/media?parent=17532"}],"curies":[{"name":"wp","href":"https:\/\/api.w.org\/{rel}","templated":true}]}}