{"id":17412,"date":"2020-05-31T07:56:35","date_gmt":"2020-05-31T05:56:35","guid":{"rendered":"http:\/\/www.slovensky-kras.eu\/info\/?page_id=17412"},"modified":"2020-05-31T07:56:35","modified_gmt":"2020-05-31T05:56:35","slug":"cookies","status":"publish","type":"page","link":"https:\/\/www.slovensky-kras.eu\/info\/cookies\/","title":{"rendered":"Cookies"},"content":{"rendered":"<p>Cookies n\u00e1m umo\u017e\u0148uj\u00fa poskytova\u0165 lep\u0161ie slu\u017eby. Pou\u017e\u00edvan\u00edm\/ zobrazovan\u00edm str\u00e1nky vyjadrujete s\u00fahlas s pou\u017e\u00edvan\u00edm a uchov\u00e1van\u00edm cookies.<\/p>\n<p>Cookies = mikrod\u00e1ta ukladan\u00e9 str\u00e1nkou alebo aplik\u00e1ciou, ke\u010f u\u017e\u00edvate\u013e pristupuje na str\u00e1nku z webov\u00e9ho rozhrania alebo mobiln\u00e9ho zariadenia. Cookies sa uchov\u00e1vaj\u00fa z viacer\u00fdch d\u00f4vodov, no predov\u0161etk\u00fdm ide o zabezpe\u010denie schopnosti str\u00e1nok, rozpozn\u00e1va\u0165 u\u017e\u00edvate\u013ea a jeho doteraj\u0161ie aktivity.<\/p>\n<p>V\u010faka tomuto s\u00faboru si webov\u00e1 lokalita na ur\u010dit\u00fd \u010das uchov\u00e1va inform\u00e1cie o va\u0161ich krokoch a preferenci\u00e1ch (ako s\u00fa prihlasovacie meno, nie v\u0161ak heslo ! jazyk, mena, zoznam produktov pridan\u00fdch do ko\u0161\u00edka a in\u00e9 nastavenia zobrazovania), tak\u017ee ich pri \u010fal\u0161ej n\u00e1v\u0161teve lokality alebo prehliadan\u00ed jednotliv\u00fdch str\u00e1nok nemus\u00edte op\u00e4tovne uv\u00e1dza\u0165.<\/p>\n<p>Legislat\u00edvne zmeny v\u010faka Eur\u00f3pskej komisii<\/p>\n<p>Ur\u010dite ste u\u017e podobn\u00fd banner vy\u017eaduj\u00faci vy\u017eaduj\u00facich s\u00fahlas s pou\u017e\u00edvan\u00edm cookies videli aj na in\u00fdch str\u00e1nkach. D\u00f4vodom je smernica Eur\u00f3pskeho parlamentu a Rady (Directive 2002\/58\/EC) a jej uvedenie do praxe. Obsah tohto nariadenia bol prevzat\u00fd aj do na\u0161ej slovenskej legislat\u00edvy \u2013 bol zapracovan\u00fd v r\u00e1mci z\u00e1kona \u010d. 351\/2011 Z.z. o elektronick\u00fdch komunik\u00e1ci\u00e1ch.<\/p>\n<p>Z poh\u013eadu uvedenej legislat\u00edvy, podlieha pou\u017e\u00edvanie cookies ur\u010dit\u00fdm pravidl\u00e1m. Tie sa menia aj v z\u00e1vislosti od konkr\u00e9tneho sp\u00f4sobu vyu\u017eitia cookies.<\/p>\n<p>Ako pou\u017e\u00edvame s\u00fabory cookie?<\/p>\n<p>Tieto webstr\u00e1nky pou\u017e\u00edvaj\u00fa s\u00fabory cookies na zapam\u00e4tanie si pou\u017eivate\u013esk\u00fdch nastaven\u00ed, pre lep\u0161ie prisp\u00f4sobenie rekl\u00e1m z\u00e1ujmom n\u00e1v\u0161tevn\u00edkov a pre nevyhnutn\u00fa funkcionalitu webstr\u00e1nok.<\/p>\n<p>Ako kontrolova\u0165 s\u00fabory cookie<\/p>\n<p>S\u00fabory cookies m\u00f4\u017eete kontrolova\u0165 alebo zmaza\u0165 pod\u013ea uv\u00e1\u017eenia \u2013 podrobnosti si pozrite na str\u00e1nke aboutcookies.org. M\u00f4\u017eete vymaza\u0165 v\u0161etky s\u00fabory cookie ulo\u017een\u00e9 vo svojom po\u010d\u00edta\u010di a v\u00e4\u010d\u0161inu prehliada\u010dov m\u00f4\u017eete nastavi\u0165 tak, aby ste im znemo\u017enili ich ukladanie. V takomto pr\u00edpade v\u0161ak pravdepodobne budete musie\u0165 pri ka\u017edej n\u00e1v\u0161teve webovej lokality manu\u00e1lne upravova\u0165 niektor\u00e9 nastavenia a niektor\u00e9 slu\u017eby a funkcie nebud\u00fa fungova\u0165.<\/p>\n<p>Ako odmietnu\u0165 pou\u017e\u00edvanie s\u00faborov cookie<\/p>\n<p>Pou\u017e\u00edvanie s\u00faborov cookie je mo\u017en\u00e9 nastavi\u0165 pomocou V\u00e1\u0161ho internetov\u00e9ho prehliada\u010da. V\u00e4\u010d\u0161ina prehliada\u010dov s\u00fabory cookie automaticky prij\u00edma u\u017e v \u00favodnom nastaven\u00ed.<\/p>\n<p>Ochrana \u00fadajov a ich zabezpe\u010denie pred zneu\u017eit\u00edm<\/p>\n<p>Re\u0161pektujeme s\u00fakromie na\u0161ich z\u00e1kazn\u00edkov. Ochrane osobn\u00fdch \u00fadajov sa venujeme v \u010dl\u00e1nku Ochrana Va\u0161ich osobn\u00fdch \u00fadajov . K \u00fadajom z\u00edskan\u00fdm z cookies m\u00e1 pr\u00edstup iba zodpovedn\u00fd pracovn\u00edk Juraj Benk\u00f3czky a bud\u00fa pou\u017e\u00edt\u00e9 v\u00fdhradne na \u00fa\u010dely vy\u0161\u0161ie uveden\u00e9. \u00dadaje z\u00edskan\u00e9 z cookies nebud\u00fa pou\u017eit\u00e9 pre in\u00e9 \u00fa\u010dely. \u00dadaje nepred\u00e1vame, neprenaj\u00edmame ani inak neposkytujeme tret\u00edm osob\u00e1m.<\/p>\n<p>Prajeme V\u00e1m pr\u00edjemn\u00fd pekn\u00fd de\u0148!<\/p>\n","protected":false},"excerpt":{"rendered":"<p>Cookies n\u00e1m umo\u017e\u0148uj\u00fa poskytova\u0165 lep\u0161ie slu\u017eby. Pou\u017e\u00edvan\u00edm\/ zobrazovan\u00edm str\u00e1nky vyjadrujete s\u00fahlas s pou\u017e\u00edvan\u00edm a uchov\u00e1van\u00edm cookies. Cookies = mikrod\u00e1ta ukladan\u00e9 str\u00e1nkou alebo aplik\u00e1ciou, ke\u010f u\u017e\u00edvate\u013e pristupuje na str\u00e1nku z webov\u00e9ho [&hellip;]<\/p>\n","protected":false},"author":1,"featured_media":0,"parent":0,"menu_order":0,"comment_status":"closed","ping_status":"closed","template":"","meta":{"_uag_custom_page_level_css":"","footnotes":""},"class_list":["post-17412","page","type-page","status-publish","hentry"],"featured_image_src":"","featured_image_src_square":false,"rbea_author_info":{"display_name":"admin","author_link":"https:\/\/www.slovensky-kras.eu\/info\/author\/admin\/"},"rbea_excerpt_info":"Cookies n\u00e1m umo\u017e\u0148uj\u00fa poskytova\u0165 lep\u0161ie slu\u017eby. Pou\u017e\u00edvan\u00edm\/ zobrazovan\u00edm str\u00e1nky vyjadrujete s\u00fahlas s pou\u017e\u00edvan\u00edm a uchov\u00e1van\u00edm cookies. Cookies = mikrod\u00e1ta ukladan\u00e9 str\u00e1nkou alebo aplik\u00e1ciou, ke\u010f u\u017e\u00edvate\u013e pristupuje na str\u00e1nku z webov\u00e9ho [&hellip;]","uagb_featured_image_src":{"full":false,"thumbnail":false,"medium":false,"medium_large":false,"large":false,"1536x1536":false,"2048x2048":false},"uagb_author_info":{"display_name":"admin","author_link":"https:\/\/www.slovensky-kras.eu\/info\/author\/admin\/"},"uagb_comment_info":0,"uagb_excerpt":"Cookies n\u00e1m umo\u017e\u0148uj\u00fa poskytova\u0165 lep\u0161ie slu\u017eby. Pou\u017e\u00edvan\u00edm\/ zobrazovan\u00edm str\u00e1nky vyjadrujete s\u00fahlas s pou\u017e\u00edvan\u00edm a uchov\u00e1van\u00edm cookies. Cookies = mikrod\u00e1ta ukladan\u00e9 str\u00e1nkou alebo aplik\u00e1ciou, ke\u010f u\u017e\u00edvate\u013e pristupuje na str\u00e1nku z webov\u00e9ho [&hellip;]","_links":{"self":[{"href":"https:\/\/www.slovensky-kras.eu\/info\/wp-json\/wp\/v2\/pages\/17412","targetHints":{"allow":["GET"]}}],"collection":[{"href":"https:\/\/www.slovensky-kras.eu\/info\/wp-json\/wp\/v2\/pages"}],"about":[{"href":"https:\/\/www.slovensky-kras.eu\/info\/wp-json\/wp\/v2\/types\/page"}],"author":[{"embeddable":true,"href":"https:\/\/www.slovensky-kras.eu\/info\/wp-json\/wp\/v2\/users\/1"}],"replies":[{"embeddable":true,"href":"https:\/\/www.slovensky-kras.eu\/info\/wp-json\/wp\/v2\/comments?post=17412"}],"version-history":[{"count":1,"href":"https:\/\/www.slovensky-kras.eu\/info\/wp-json\/wp\/v2\/pages\/17412\/revisions"}],"predecessor-version":[{"id":17413,"href":"https:\/\/www.slovensky-kras.eu\/info\/wp-json\/wp\/v2\/pages\/17412\/revisions\/17413"}],"wp:attachment":[{"href":"https:\/\/www.slovensky-kras.eu\/info\/wp-json\/wp\/v2\/media?parent=17412"}],"curies":[{"name":"wp","href":"https:\/\/api.w.org\/{rel}","templated":true}]}}