{"id":16533,"date":"2019-12-31T07:54:24","date_gmt":"2019-12-31T06:54:24","guid":{"rendered":"http:\/\/www.slovensky-kras.eu\/info\/?page_id=16533"},"modified":"2021-01-08T05:32:51","modified_gmt":"2021-01-08T04:32:51","slug":"kupalisko-v-moldave-nad-bodvou","status":"publish","type":"page","link":"https:\/\/www.slovensky-kras.eu\/info\/aktivity-a-sport\/kupalisko-v-moldave-nad-bodvou\/","title":{"rendered":"K\u00fapalisko v Moldave nad Bodvou"},"content":{"rendered":"<p><strong>Menu: <\/strong><a href=\"http:\/\/www.slovensky-kras.eu\/info\/\" class=\"su-button su-button-style-default\" style=\"color:#000000;background-color:#FFCF2F;border-color:#cca626;border-radius:5px\" target=\"_self\"><span style=\"color:#000000;padding:6px 16px;font-size:13px;line-height:20px;border-color:#ffde6e;border-radius:5px;text-shadow:none\"><i class=\"sui sui-arrow-right\" style=\"font-size:13px;color:#000000\"><\/i>  \u00davod \/ Aktuality <\/span><\/a>\n<a href=\"http:\/\/www.slovensky-kras.eu\/info\/aktivity-a-sport\/\" class=\"su-button su-button-style-default\" style=\"color:#000000;background-color:#FFCF2F;border-color:#cca626;border-radius:5px\" target=\"_self\"><span style=\"color:#000000;padding:6px 16px;font-size:13px;line-height:20px;border-color:#ffde6e;border-radius:5px;text-shadow:none\"><i class=\"sui sui-arrow-right\" style=\"font-size:13px;color:#000000\"><\/i>  Aktivity a \u0161port <\/span><\/a>\n<div class=\"su-divider su-divider-style-default\" style=\"margin:15px 0;border-width:3px;border-color:#000000\"><\/div>\n<p><strong>K\u00fapalisk\u00e1, baz\u00e9ny,\u2026<\/strong><br \/>\n<div class=\"su-divider su-divider-style-default\" style=\"margin:15px 0;border-width:3px;border-color:#000000\"><\/div>\n<h3><span style=\"color: #808000;\">Inform\u00e1cie o k\u00fapan\u00ed<\/span><\/h3>\n<div class=\"su-box su-box-style-default\" id=\"\" style=\"border-color:#003caf;border-radius:3px;max-width:none\"><div class=\"su-box-title\" style=\"background-color:#226fe2;color:#FFFFFF;border-top-left-radius:1px;border-top-right-radius:1px\">K\u00fapalisko v Moldave nad Bodvou<\/div><div class=\"su-box-content su-u-clearfix su-u-trim\" style=\"border-bottom-left-radius:1px;border-bottom-right-radius:1px\">[horizontal-scrolling group=&#8220;GROUP2&#8243;]<div id=\"tabs-14837\" class=\"tabs-14837 tabs tabs\">\r\n                <style type='text\/css'>\r\n        @media only screen and (min-width: 1024px ){\r\n            #tabs-14837 {\r\n                            width: 100%;\r\n                        }\r\n        }\r\n        @media only screen and ( min-width: 768px ) and ( max-width: 1023px ) {\r\n            #tabs-14837 {\r\n                            width: 100%;\r\n                        }\r\n        }\r\n        @media only screen and ( min-width: 0px ) and ( max-width: 767px ){\r\n            #tabs-14837 {\r\n                            width: 100%;\r\n                        }\r\n        }\r\n        #tabs-14837{\r\n                    text-align: left;\r\n                }\r\n        #tabs-14837{\r\n                    background-color:#ffffff;\r\n                \r\n                }\r\n        #tabs-14837 .tabs-nav{\r\n                    background-color:#23acdd;\r\n                            margin:0px !important;\r\n                            padding:8px 15px !important;\r\n                            float:left !important;\r\n                    border: none;\r\n        }\r\n        #tabs-14837 .tabs-nav:hover{\r\n                    background-color: #217fd1;\r\n                }\r\n        #tabs-14837 .ui-tabs-anchor{\r\n                    color:#000000;\r\n                            font-size:14px;\r\n                    margin:0px !important;\r\n            padding:0px !important;\r\n        }\r\n        #tabs-14837 .tabs-head-title{\r\n                    color:#000000;\r\n                }\r\n        #tabs-14837 .ui-tabs-active{\r\n                    background-color: #217fd1;\r\n                }\r\n        #tabs-14837 .accordion-icons{\r\n                                                }\r\n        #tabs-14837 .tabs-nav:hover .accordion-icons span{\r\n                }\r\n        #tabs-14837 .tabs-content{\r\n                    background-color:#217fd1;\r\n                                color:#000000;\r\n                            font-size:13px;\r\n                                    }\r\n        #tabs-14837 .accordion-icons span{\r\n                        }\r\n            <\/style>\r\n    \r\n    <ul>\r\n                        <li post_id=\"14837\" header_id=\"header-0\" id=\"header-0\" style=\"\" class=\"tabs-nav head0 border-top-round\" toggle-text=\"\" main-text=\"Aktu\u00e1lne podmienky\">\r\n\r\n                    \r\n                    <a style=\"\" class=\"tabs-tab-head\" href=\"#tabs-0\">\r\n                        <span id=\"accordion-icons-0\" class=\"accordion-icons\">\r\n                            <span class=\"accordion-icon-active accordion-plus\"><i class=\"fa fa-cogs\"><\/i><\/span>\r\n                            <span class=\"accordion-icon-inactive accordion-minus\"><i class=\"fa fa-cogs\"><\/i><\/span>\r\n                        <\/span>\r\n                        <span id=\"header-text-0\" class=\"tabs-head-title\">Aktu\u00e1lne podmienky<\/span>\r\n                    <\/a>\r\n                        \r\n\r\n                <\/li>\r\n\r\n                                <li post_id=\"14837\" header_id=\"header-1545362638725\" id=\"header-1545362638725\" style=\"\" class=\"tabs-nav head1545362638725 border-top-round\" toggle-text=\"\" main-text=\"Baz\u00e9ny\">\r\n\r\n                    \r\n                    <a style=\"\" class=\"tabs-tab-head\" href=\"#tabs-1545362638725\">\r\n                        <span id=\"accordion-icons-1545362638725\" class=\"accordion-icons\">\r\n                            <span class=\"accordion-icon-active accordion-plus\"><i class=\"fa fa-plane\"><\/i><\/span>\r\n                            <span class=\"accordion-icon-inactive accordion-minus\"><i class=\"fa fa-plane\"><\/i><\/span>\r\n                        <\/span>\r\n                        <span id=\"header-text-1545362638725\" class=\"tabs-head-title\">Baz\u00e9ny<\/span>\r\n                    <\/a>\r\n                        \r\n\r\n                <\/li>\r\n\r\n                    <\/ul>\r\n    \r\n\r\n                <div class=\"tabs-content tabs-content0 \" id=\"tabs-0\">\r\n                    <table>\n<tbody>\n<tr>\n<th bgcolor=\"#cccccc\">Baz\u00e9ny<\/th>\n<th bgcolor=\"#cccccc\">Prev\u00e1dzka<\/th>\n<th bgcolor=\"#cccccc\">H\u013abka<\/th>\n<th bgcolor=\"#cccccc\">Teplota vody<\/th>\n<\/tr>\n<tr>\n<td bgcolor=\"#ffffff\"><span style=\"float: none;background-color: transparent;color: #2b2b2b;cursor: text;font-size: 16px;font-style: normal;font-variant: normal;font-weight: 400;letter-spacing: normal;text-align: left;text-decoration: none;text-indent: 0px;text-transform: none\">0\/2<\/span><\/td>\n<td bgcolor=\"#ffffff\">Zatvoren\u00e9<\/td>\n<td bgcolor=\"#ffffff\">0.3 \u2013 1.5 m<\/td>\n<td bgcolor=\"#ffffff\">24 \u2013 25\u00b0C<\/td>\n<\/tr>\n<\/tbody>\n<\/table>\n                <\/div>\r\n\r\n                \r\n\r\n                <div class=\"tabs-content tabs-content1545362638725 \" id=\"tabs-1545362638725\">\r\n                    <table>\n<colgroup>\n<col span=\"3\" \/>\n<col class=\"total\" \/> <\/colgroup>\n<tbody>\n<tr>\n<th bgcolor=\"#cccccc\">Baz\u00e9ny<\/th>\n<th bgcolor=\"#cccccc\">Typ<\/th>\n<th bgcolor=\"#cccccc\">H\u013abka<\/th>\n<th bgcolor=\"#cccccc\">Ve\u013ekos\u0165<\/th>\n<th bgcolor=\"#cccccc\">Prev\u00e1dzka<\/th>\n<\/tr>\n<tr>\n<td bgcolor=\"#ffffff\">Plaveck\u00fd baz\u00e9n<\/td>\n<td bgcolor=\"#ffffff\">Nekryt\u00fd<\/td>\n<td bgcolor=\"#ffffff\">? m<\/td>\n<td bgcolor=\"#ffffff\">0x0 m<\/td>\n<td bgcolor=\"#ffffff\"><img loading=\"lazy\" decoding=\"async\" class=\"alignnone size-full wp-image-26898\" src=\"http:\/\/www.keturist.sk\/info\/wp-content\/uploads\/2018\/12\/no-1.png\" alt=\"\" width=\"20\" height=\"21\" \/>\u00a0 ?\u00b0C<\/td>\n<\/tr>\n<tr>\n<td bgcolor=\"#ffffff\">Detsk\u00fd baz\u00e9n nerezov\u00fd<\/td>\n<td bgcolor=\"#ffffff\">Nekryt\u00fd<\/td>\n<td bgcolor=\"#ffffff\">? m<\/td>\n<td bgcolor=\"#ffffff\">0x0 m<\/td>\n<td bgcolor=\"#ffffff\"><img loading=\"lazy\" decoding=\"async\" class=\"alignnone size-full wp-image-26898\" src=\"http:\/\/www.keturist.sk\/info\/wp-content\/uploads\/2018\/12\/no-1.png\" alt=\"\" width=\"20\" height=\"21\" \/>\u00a0 ?\u00b0C<\/td>\n<\/tr>\n<\/tbody>\n<\/table>\n                <\/div>\r\n\r\n                    <script>\r\n        jQuery(document).ready(function($){\r\n                                tabs_tabs_active_index_14837 = [];\r\n                            })\r\n    <\/script>\r\n        <script>\r\n        jQuery(document).ready(function($){\r\n                        $(\"#tabs-14837\" ).tabs({\r\n                collapsible: true,\r\n                event: \"click\",\r\n                active: 1,\r\n            });\r\n            if(typeof tabs_tabs_active_index_14837 != 'undefined'){\r\n                $(\"#tabs-14837\").tabs(\"option\", \"active\", tabs_tabs_active_index_14837);\r\n            }\r\n        })\r\n    <\/script>\r\n                <\/div><\/div><\/div>\n<h3><span style=\"color: #808000;\">Info o k\u00fapan\u00ed &#8211; ostatn\u00e9 k\u00fapalisk\u00e1<\/span><\/h3>\n<a href=\"http:\/\/www.slovensky-kras.eu\/info\/kupaliska-bazeny\/\" class=\"su-button su-button-style-default\" style=\"color:#000000;background-color:#2D89EF;border-color:#246ec0;border-radius:5px\" target=\"_blank\" rel=\"noopener noreferrer\"><span style=\"color:#000000;padding:6px 16px;font-size:13px;line-height:20px;border-color:#6cadf4;border-radius:5px;text-shadow:none\"><i class=\"sui sui-link\" style=\"font-size:13px;color:#000000\"><\/i>  K\u00fapalisk\u00e1, baz\u00e9ny,\u2026 <\/span><\/a>\n<div class=\"su-divider su-divider-style-default\" style=\"margin:15px 0;border-width:0px;border-color:#000000\"><\/div>\n<h3><span style=\"color: #808000;\">V\u0161eobecn\u00e9 inform\u00e1cie<\/span><\/h3>\n<p>Letn\u00e9 k\u00fapalisko v Moldave nad Bodvou je \u0161portovo-rekrea\u010dn\u00e9 zariadenie s kapacitou pribli\u017ene 350 os\u00f4b.<\/p>\n<p><a href=\"http:\/\/www.slovensky-kras.eu\/info\/wp-content\/uploads\/2020\/02\/moldava-kupalisko1.jpg\"><img loading=\"lazy\" decoding=\"async\" class=\"aligncenter wp-image-16846 size-medium\" src=\"http:\/\/www.slovensky-kras.eu\/info\/wp-content\/uploads\/2020\/02\/moldava-kupalisko1-800x533.jpg\" alt=\"\" width=\"800\" height=\"533\" srcset=\"https:\/\/www.slovensky-kras.eu\/info\/wp-content\/uploads\/2020\/02\/moldava-kupalisko1-800x533.jpg 800w, https:\/\/www.slovensky-kras.eu\/info\/wp-content\/uploads\/2020\/02\/moldava-kupalisko1-768x512.jpg 768w, https:\/\/www.slovensky-kras.eu\/info\/wp-content\/uploads\/2020\/02\/moldava-kupalisko1.jpg 960w\" sizes=\"auto, (max-width: 800px) 100vw, 800px\" \/><\/a>Je situovan\u00e9 na okraji mesta, v tichom prostred\u00ed s bohatou zele\u0148ou.<\/p>\n<p>S\u00fa\u010das\u0165ou tohto are\u00e1lu je ve\u013ek\u00fd plaveck\u00fd baz\u00e9n s h\u013abkou od 100 do 150 cm.<\/p>\n<p><a href=\"http:\/\/www.slovensky-kras.eu\/info\/wp-content\/uploads\/2020\/02\/moldava-kupalisko2.jpg\"><img loading=\"lazy\" decoding=\"async\" class=\"aligncenter wp-image-16847 size-medium\" src=\"http:\/\/www.slovensky-kras.eu\/info\/wp-content\/uploads\/2020\/02\/moldava-kupalisko2-800x533.jpg\" alt=\"\" width=\"800\" height=\"533\" srcset=\"https:\/\/www.slovensky-kras.eu\/info\/wp-content\/uploads\/2020\/02\/moldava-kupalisko2-800x533.jpg 800w, https:\/\/www.slovensky-kras.eu\/info\/wp-content\/uploads\/2020\/02\/moldava-kupalisko2-768x512.jpg 768w, https:\/\/www.slovensky-kras.eu\/info\/wp-content\/uploads\/2020\/02\/moldava-kupalisko2.jpg 960w\" sizes=\"auto, (max-width: 800px) 100vw, 800px\" \/><\/a>Pre deti je tu k dispoz\u00edci\u00ed detsk\u00fd baz\u00e9n, detsk\u00e9 ihrisko &#8211; lo\u010f, a detsk\u00e9 pieskovisko s hra\u010dkami.<\/p>\n<p>Pre v\u0161etk\u00fdch n\u00e1v\u0161tevn\u00edkov s\u00fa tu k dispoz\u00edci\u00ed ihrisko na pl\u00e1\u017eov\u00fd volejbal, minigolf, barov\u00e9 ob\u010derstvenie a in\u00e9.<\/p>\n<h3><span style=\"color: #808000;\">Kontakt<\/span><\/h3>\n<p><strong>K\u00fapalisko v Moldave nad Bodvou<\/strong><br \/>\nJesensk\u00e9ho 8,<br \/>\n045 01 Moldava nad Bodvou<br \/>\n<strong>Tel.:<\/strong> \u010c\u00edslo \u202d055\/488 02 11\u202c<br \/>\n<strong>Mobil:<\/strong> +421 917 457 424<br \/>\n<strong>E-mail:<\/strong> <a href=\"mailto:kupaliskomoldava@gmail.com\" target=\"_blank\" rel=\"noopener noreferrer\">kupaliskomoldava@gmail.com<\/a><br \/>\n<strong>Facebook:<\/strong> <a href=\"https:\/\/www.facebook.com\/kupaliskomoldava\/\" target=\"_blank\" rel=\"noopener noreferrer\">https:\/\/www.facebook.com\/kupaliskomoldava\/<\/a><\/p>\n<h3><span style=\"color: #808000;\">Mapy<\/span><\/h3>\n<p><strong>Vrstvy: <\/strong>Turistick\u00e1 mapa, Automapa, Cyklomapa, Ly\u017eiarska mapa, Satelitn\u00e1 mapa a OpenStreetMap.<\/p>\n<p><strong>Kliknut\u00edm na logo &#8222;Freemap.sk&#8220; sa V\u00e1m mapa zobraz\u00ed na celej ploche obrazovky.<\/strong><\/p>\n<p><iframe style=\"width: 800px; height: 600px; border: 0;\" src=\"https:\/\/www.freemap.sk\/?map=14\/48.607362\/20.997566&amp;&amp;info-point=48.607362\/20.997566,K\u00fapalisko v Moldave nad Bodvou&amp;layers=T&amp;embed=search\" allowfullscreen=\"allowfullscreen\"><\/iframe><\/p>\n<h3><span style=\"color: #808000;\">Po\u010dasie<\/span><strong><br \/>\n<\/strong><\/h3>\n<p><iframe style=\"width: 805px; height: 624px;\" src=\"https:\/\/www.meteoblue.com\/sk\/po%C4%8Dasie\/widget\/three\/moldava-nad-bodvou_slovensko_724111?geoloc=fixed&amp;nocurrent=0&amp;noforecast=0&amp;days=7&amp;tempunit=CELSIUS&amp;windunit=KILOMETER_PER_HOUR&amp;layout=image\" frameborder=\"0\" scrolling=\"NO\" sandbox=\"allow-same-origin allow-scripts allow-popups allow-popups-to-escape-sandbox\"><\/iframe><\/p>\n<div><!-- DO NOT REMOVE THIS LINK --><a href=\"https:\/\/www.meteoblue.com\/sk\/po%C4%8Dasie\/t%C3%BD%C5%BEde%C5%88\/moldava-nad-bodvou_slovensko_724111?utm_source=weather_widget&amp;utm_medium=linkus&amp;utm_content=three&amp;utm_campaign=Weather%2BWidget\" target=\"_blank\" rel=\"noopener noreferrer\">meteoblue<\/a><\/div>\n","protected":false},"excerpt":{"rendered":"<p>Menu: K\u00fapalisk\u00e1, baz\u00e9ny,\u2026 Inform\u00e1cie o k\u00fapan\u00ed Info o k\u00fapan\u00ed &#8211; ostatn\u00e9 k\u00fapalisk\u00e1 V\u0161eobecn\u00e9 inform\u00e1cie Letn\u00e9 k\u00fapalisko v Moldave nad Bodvou je \u0161portovo-rekrea\u010dn\u00e9 zariadenie s kapacitou pribli\u017ene 350 os\u00f4b. Je situovan\u00e9 [&hellip;]<\/p>\n","protected":false},"author":1,"featured_media":0,"parent":11,"menu_order":0,"comment_status":"closed","ping_status":"closed","template":"","meta":{"_uag_custom_page_level_css":"","footnotes":""},"class_list":["post-16533","page","type-page","status-publish","hentry"],"featured_image_src":"","featured_image_src_square":false,"rbea_author_info":{"display_name":"admin","author_link":"https:\/\/www.slovensky-kras.eu\/info\/author\/admin\/"},"rbea_excerpt_info":"Menu: K\u00fapalisk\u00e1, baz\u00e9ny,\u2026 Inform\u00e1cie o k\u00fapan\u00ed Info o k\u00fapan\u00ed &#8211; ostatn\u00e9 k\u00fapalisk\u00e1 V\u0161eobecn\u00e9 inform\u00e1cie Letn\u00e9 k\u00fapalisko v Moldave nad Bodvou je \u0161portovo-rekrea\u010dn\u00e9 zariadenie s kapacitou pribli\u017ene 350 os\u00f4b. Je situovan\u00e9 [&hellip;]","uagb_featured_image_src":{"full":false,"thumbnail":false,"medium":false,"medium_large":false,"large":false,"1536x1536":false,"2048x2048":false},"uagb_author_info":{"display_name":"admin","author_link":"https:\/\/www.slovensky-kras.eu\/info\/author\/admin\/"},"uagb_comment_info":0,"uagb_excerpt":"Menu: K\u00fapalisk\u00e1, baz\u00e9ny,\u2026 Inform\u00e1cie o k\u00fapan\u00ed Info o k\u00fapan\u00ed &#8211; ostatn\u00e9 k\u00fapalisk\u00e1 V\u0161eobecn\u00e9 inform\u00e1cie Letn\u00e9 k\u00fapalisko v Moldave nad Bodvou je \u0161portovo-rekrea\u010dn\u00e9 zariadenie s kapacitou pribli\u017ene 350 os\u00f4b. Je situovan\u00e9 [&hellip;]","_links":{"self":[{"href":"https:\/\/www.slovensky-kras.eu\/info\/wp-json\/wp\/v2\/pages\/16533","targetHints":{"allow":["GET"]}}],"collection":[{"href":"https:\/\/www.slovensky-kras.eu\/info\/wp-json\/wp\/v2\/pages"}],"about":[{"href":"https:\/\/www.slovensky-kras.eu\/info\/wp-json\/wp\/v2\/types\/page"}],"author":[{"embeddable":true,"href":"https:\/\/www.slovensky-kras.eu\/info\/wp-json\/wp\/v2\/users\/1"}],"replies":[{"embeddable":true,"href":"https:\/\/www.slovensky-kras.eu\/info\/wp-json\/wp\/v2\/comments?post=16533"}],"version-history":[{"count":1,"href":"https:\/\/www.slovensky-kras.eu\/info\/wp-json\/wp\/v2\/pages\/16533\/revisions"}],"predecessor-version":[{"id":19766,"href":"https:\/\/www.slovensky-kras.eu\/info\/wp-json\/wp\/v2\/pages\/16533\/revisions\/19766"}],"up":[{"embeddable":true,"href":"https:\/\/www.slovensky-kras.eu\/info\/wp-json\/wp\/v2\/pages\/11"}],"wp:attachment":[{"href":"https:\/\/www.slovensky-kras.eu\/info\/wp-json\/wp\/v2\/media?parent=16533"}],"curies":[{"name":"wp","href":"https:\/\/api.w.org\/{rel}","templated":true}]}}