{"id":16525,"date":"2019-12-31T07:48:35","date_gmt":"2019-12-31T06:48:35","guid":{"rendered":"http:\/\/www.slovensky-kras.eu\/info\/?page_id=16525"},"modified":"2021-06-17T18:20:21","modified_gmt":"2021-06-17T16:20:21","slug":"kupalisko-v-medzeve","status":"publish","type":"page","link":"https:\/\/www.slovensky-kras.eu\/info\/aktivity-a-sport\/kupalisko-v-medzeve\/","title":{"rendered":"K\u00fapalisko v Medzeve"},"content":{"rendered":"<p><strong>Menu: <\/strong><a href=\"http:\/\/www.slovensky-kras.eu\/info\/\" class=\"su-button su-button-style-default\" style=\"color:#000000;background-color:#FFCF2F;border-color:#cca626;border-radius:5px\" target=\"_self\"><span style=\"color:#000000;padding:6px 16px;font-size:13px;line-height:20px;border-color:#ffde6e;border-radius:5px;text-shadow:none\"><i class=\"sui sui-arrow-right\" style=\"font-size:13px;color:#000000\"><\/i>  \u00davod \/ Aktuality <\/span><\/a>\n<a href=\"http:\/\/www.slovensky-kras.eu\/info\/aktivity-a-sport\/\" class=\"su-button su-button-style-default\" style=\"color:#000000;background-color:#FFCF2F;border-color:#cca626;border-radius:5px\" target=\"_self\"><span style=\"color:#000000;padding:6px 16px;font-size:13px;line-height:20px;border-color:#ffde6e;border-radius:5px;text-shadow:none\"><i class=\"sui sui-arrow-right\" style=\"font-size:13px;color:#000000\"><\/i>  Aktivity a \u0161port <\/span><\/a>\n<div class=\"su-divider su-divider-style-default\" style=\"margin:15px 0;border-width:3px;border-color:#000000\"><\/div>\n<p><strong>K\u00fapalisk\u00e1, baz\u00e9ny,\u2026<\/strong><br \/>\n<div class=\"su-divider su-divider-style-default\" style=\"margin:15px 0;border-width:3px;border-color:#000000\"><\/div>\n<h3><span style=\"color: #808000;\">Inform\u00e1cie o k\u00fapan\u00ed<\/span><\/h3>\n<div class=\"su-box su-box-style-default\" id=\"\" style=\"border-color:#003caf;border-radius:3px;max-width:none\"><div class=\"su-box-title\" style=\"background-color:#226fe2;color:#FFFFFF;border-top-left-radius:1px;border-top-right-radius:1px\">K\u00fapalisko v Medzeve<\/div><div class=\"su-box-content su-u-clearfix su-u-trim\" style=\"border-bottom-left-radius:1px;border-bottom-right-radius:1px\">[horizontal-scrolling group=&#8220;GROUP6&#8243;]<div id=\"tabs-14848\" class=\"tabs-14848 tabs tabs\">\r\n                <style type='text\/css'>\r\n        @media only screen and (min-width: 1024px ){\r\n            #tabs-14848 {\r\n                            width: 100%;\r\n                        }\r\n        }\r\n        @media only screen and ( min-width: 768px ) and ( max-width: 1023px ) {\r\n            #tabs-14848 {\r\n                            width: 100%;\r\n                        }\r\n        }\r\n        @media only screen and ( min-width: 0px ) and ( max-width: 767px ){\r\n            #tabs-14848 {\r\n                            width: 100%;\r\n                        }\r\n        }\r\n        #tabs-14848{\r\n                    text-align: left;\r\n                }\r\n        #tabs-14848{\r\n                    background-color:#ffffff;\r\n                \r\n                }\r\n        #tabs-14848 .tabs-nav{\r\n                    background-color:#23acdd;\r\n                            margin:0px !important;\r\n                            padding:8px 15px !important;\r\n                            float:left !important;\r\n                    border: none;\r\n        }\r\n        #tabs-14848 .tabs-nav:hover{\r\n                    background-color: #217fd1;\r\n                }\r\n        #tabs-14848 .ui-tabs-anchor{\r\n                    color:#000000;\r\n                            font-size:14px;\r\n                    margin:0px !important;\r\n            padding:0px !important;\r\n        }\r\n        #tabs-14848 .tabs-head-title{\r\n                    color:#000000;\r\n                }\r\n        #tabs-14848 .ui-tabs-active{\r\n                    background-color: #217fd1;\r\n                }\r\n        #tabs-14848 .accordion-icons{\r\n                                                }\r\n        #tabs-14848 .tabs-nav:hover .accordion-icons span{\r\n                }\r\n        #tabs-14848 .tabs-content{\r\n                    background-color:#ffffff;\r\n                                color:#000000;\r\n                            font-size:13px;\r\n                                    }\r\n        #tabs-14848 .accordion-icons span{\r\n                        }\r\n            <\/style>\r\n    \r\n    <ul>\r\n                        <li post_id=\"14848\" header_id=\"header-0\" id=\"header-0\" style=\"\" class=\"tabs-nav head0 border-top-round\" toggle-text=\"\" main-text=\"Aktu\u00e1lne podmienky\">\r\n\r\n                    \r\n                    <a style=\"\" class=\"tabs-tab-head\" href=\"#tabs-0\">\r\n                        <span id=\"accordion-icons-0\" class=\"accordion-icons\">\r\n                            <span class=\"accordion-icon-active accordion-plus\"><i class=\"fas fa-chevron-up\"><\/i><\/span>\r\n                            <span class=\"accordion-icon-inactive accordion-minus\"><i class=\"fas fa-chevron-right\"><\/i><\/span>\r\n                        <\/span>\r\n                        <span id=\"header-text-0\" class=\"tabs-head-title\">Aktu\u00e1lne podmienky<\/span>\r\n                    <\/a>\r\n                        \r\n\r\n                <\/li>\r\n\r\n                                <li post_id=\"14848\" header_id=\"header-1545396557909\" id=\"header-1545396557909\" style=\"\" class=\"tabs-nav head1545396557909 border-top-round\" toggle-text=\"\" main-text=\"Baz\u00e9ny\">\r\n\r\n                    \r\n                    <a style=\"\" class=\"tabs-tab-head\" href=\"#tabs-1545396557909\">\r\n                        <span id=\"accordion-icons-1545396557909\" class=\"accordion-icons\">\r\n                            <span class=\"accordion-icon-active accordion-plus\"><i class=\"fas fa-chevron-up\"><\/i><\/span>\r\n                            <span class=\"accordion-icon-inactive accordion-minus\"><i class=\"fas fa-chevron-right\"><\/i><\/span>\r\n                        <\/span>\r\n                        <span id=\"header-text-1545396557909\" class=\"tabs-head-title\">Baz\u00e9ny<\/span>\r\n                    <\/a>\r\n                        \r\n\r\n                <\/li>\r\n\r\n                    <\/ul>\r\n    \r\n\r\n                <div class=\"tabs-content tabs-content0 \" id=\"tabs-0\">\r\n                    <p><table><br \/>\n<tbody><br \/>\n<tr><br \/>\n<th bgcolor=\"#cccccc\"><span style=\"color: #000000\">Baz\u00e9ny<\/span><\/th><br \/>\n<th bgcolor=\"#cccccc\"><span style=\"color: #000000\">Prev\u00e1dzka<\/span><\/th><br \/>\n<th bgcolor=\"#cccccc\"><span style=\"color: #000000\">H\u013abka<\/span><\/th><br \/>\n<th bgcolor=\"#cccccc\"><span style=\"color: #000000\">Teplota vody<\/span><\/th><br \/>\n<\/tr><br \/>\n<tr><br \/>\n<td bgcolor=\"#ffffff\"><span style=\"float: none;background-color: transparent;color: #000000;cursor: text;font-family: Philosopher, sans-serif;font-size: 16px;font-style: normal;font-variant: normal;font-weight: 400;letter-spacing: normal;text-align: left;text-decoration: none;text-indent: 0px;text-transform: none\">3\/3<\/span><\/td><br \/>\n<td bgcolor=\"#ffffff\"><span style=\"color: #000000\">Zatvoren\u00e9<\/span><\/td><br \/>\n<td bgcolor=\"#ffffff\"><span style=\"color: #000000\">0.3-1.6 m<\/span><\/td><br \/>\n<td bgcolor=\"#ffffff\"><span style=\"color: #000000\">24 \u2013 25\u00b0C<\/span><\/td><br \/>\n<\/tr><br \/>\n<\/tbody><br \/>\n<\/table><\/p>\n                <\/div>\r\n\r\n                \r\n\r\n                <div class=\"tabs-content tabs-content1545396557909 \" id=\"tabs-1545396557909\">\r\n                    <p><table><colgroup> <col span=\"3\" \/> <col class=\"total\" \/> <\/colgroup><br \/>\n<tbody><br \/>\n<tr><br \/>\n<th bgcolor=\"#cccccc\"><span style=\"color: #000000\">Baz\u00e9ny<\/span><\/th><br \/>\n<th bgcolor=\"#cccccc\"><span style=\"color: #000000\">Typ<\/span><\/th><br \/>\n<th bgcolor=\"#cccccc\"><span style=\"color: #000000\">H\u013abka<\/span><\/th><br \/>\n<th bgcolor=\"#cccccc\"><span style=\"color: #000000\">Ve\u013ekos\u0165<\/span><\/th><br \/>\n<th bgcolor=\"#cccccc\"><span style=\"color: #000000\">Prev\u00e1dzka<\/span><\/th><br \/>\n<\/tr><br \/>\n<tr><br \/>\n<td bgcolor=\"#ffffff\"><span style=\"color: #000000\">Plaveck\u00fd baz\u00e9n<\/span><\/td><br \/>\n<td bgcolor=\"#ffffff\"><span style=\"color: #000000\">Nekryt\u00fd<\/span><\/td><br \/>\n<td bgcolor=\"#ffffff\"><span style=\"color: #000000\">1.6 m<\/span><\/td><br \/>\n<td bgcolor=\"#ffffff\"><span style=\"color: #000000\">0x0 m<\/span><\/td><br \/>\n<td bgcolor=\"#ffffff\"><span style=\"color: #000000\"><img loading=\"lazy\" decoding=\"async\" class=\"alignnone size-full wp-image-26899\" src=\"http:\/\/www.keturist.sk\/info\/wp-content\/uploads\/2018\/12\/yes.png\" alt=\"\" width=\"20\" height=\"21\" \/>\u00a0 24\u00b0C<\/span><\/td><br \/>\n<\/tr><br \/>\n<tr><br \/>\n<td bgcolor=\"#ffffff\"><span style=\"color: #000000\">Neplaveck\u00fd baz\u00e9n<\/span><\/td><br \/>\n<td bgcolor=\"#ffffff\"><span style=\"color: #000000\">Nekryt\u00fd<\/span><\/td><br \/>\n<td bgcolor=\"#ffffff\"><span style=\"color: #000000\">? m<\/span><\/td><br \/>\n<td bgcolor=\"#ffffff\"><span style=\"color: #000000\">0x0 m<\/span><\/td><br \/>\n<td bgcolor=\"#ffffff\"><span style=\"color: #000000\"><img loading=\"lazy\" decoding=\"async\" class=\"alignnone size-full wp-image-26899\" src=\"http:\/\/www.keturist.sk\/info\/wp-content\/uploads\/2018\/12\/yes.png\" alt=\"\" width=\"20\" height=\"21\" \/> 25\u00b0C<\/span><\/td><br \/>\n<\/tr><br \/>\n<tr><br \/>\n<td bgcolor=\"#ffffff\"><span style=\"color: #000000\">Detsk\u00fd baz\u00e9n<\/span><\/td><br \/>\n<td bgcolor=\"#ffffff\"><span style=\"color: #000000\">Nekryt\u00fd<\/span><\/td><br \/>\n<td bgcolor=\"#ffffff\"><span style=\"color: #000000\">0.3 m<\/span><\/td><br \/>\n<td bgcolor=\"#ffffff\"><span style=\"color: #000000\">0x0 m<\/span><\/td><br \/>\n<td bgcolor=\"#ffffff\"><span style=\"color: #000000\"><img loading=\"lazy\" decoding=\"async\" class=\"alignnone size-full wp-image-26899\" src=\"http:\/\/www.keturist.sk\/info\/wp-content\/uploads\/2018\/12\/yes.png\" alt=\"\" width=\"20\" height=\"21\" \/>25\u00b0C<\/span><\/td><br \/>\n<\/tr><br \/>\n<\/tbody><br \/>\n<\/table><\/p>\n                <\/div>\r\n\r\n                    <script>\r\n        jQuery(document).ready(function($){\r\n                                tabs_tabs_active_index_14848 = [];\r\n                            })\r\n    <\/script>\r\n        <script>\r\n        jQuery(document).ready(function($){\r\n                        $(\"#tabs-14848\" ).tabs({\r\n                collapsible: true,\r\n                event: \"click\",\r\n                active: 1,\r\n            });\r\n            if(typeof tabs_tabs_active_index_14848 != 'undefined'){\r\n                $(\"#tabs-14848\").tabs(\"option\", \"active\", tabs_tabs_active_index_14848);\r\n            }\r\n        })\r\n    <\/script>\r\n                <\/div><\/div><\/div>\n<h3><span style=\"color: #808000;\">Info o k\u00fapan\u00ed &#8211; ostatn\u00e9 k\u00fapalisk\u00e1<\/span><\/h3>\n<a href=\"http:\/\/www.slovensky-kras.eu\/info\/kupaliska-bazeny\/\" class=\"su-button su-button-style-default\" style=\"color:#000000;background-color:#2D89EF;border-color:#246ec0;border-radius:5px\" target=\"_blank\" rel=\"noopener noreferrer\"><span style=\"color:#000000;padding:6px 16px;font-size:13px;line-height:20px;border-color:#6cadf4;border-radius:5px;text-shadow:none\"><i class=\"sui sui-link\" style=\"font-size:13px;color:#000000\"><\/i>  K\u00fapalisk\u00e1, baz\u00e9ny,\u2026 <\/span><\/a>\n<div class=\"su-divider su-divider-style-default\" style=\"margin:15px 0;border-width:0px;border-color:#000000\"><\/div>\n<h3><span style=\"color: #808000;\">V\u0161eobecn\u00e9 inform\u00e1cie<\/span><\/h3>\n<p>K\u00fapalisko v Medzeve je \u0161portovo-rekrea\u010dn\u00e9 zariadenie s kapacitou pribli\u017ene 250 os\u00f4b.<\/p>\n<p><a href=\"http:\/\/www.slovensky-kras.eu\/info\/wp-content\/uploads\/2020\/02\/medzev-k\u00fapalisko.jpg\"><img loading=\"lazy\" decoding=\"async\" class=\"aligncenter wp-image-16831 size-full\" src=\"http:\/\/www.slovensky-kras.eu\/info\/wp-content\/uploads\/2020\/02\/medzev-k\u00fapalisko.jpg\" alt=\"\" width=\"800\" height=\"537\" srcset=\"https:\/\/www.slovensky-kras.eu\/info\/wp-content\/uploads\/2020\/02\/medzev-k\u00fapalisko.jpg 800w, https:\/\/www.slovensky-kras.eu\/info\/wp-content\/uploads\/2020\/02\/medzev-k\u00fapalisko-768x516.jpg 768w\" sizes=\"auto, (max-width: 800px) 100vw, 800px\" \/><\/a><\/p>\n<p>Pre n\u00e1v\u0161tevn\u00edkov m\u00e1me pripraven\u00e9:<\/p>\n<p>&#8211; bufety so \u0161irok\u00fdm v\u00fdberom chutn\u00fdch jed\u00e1l a pr\u00edjemn\u00fdm person\u00e1lom, detsk\u00e9 ihrisko, VIP z\u00f3na pri baz\u00e9ne (100 leh\u00e1tok so slne\u010dn\u00edkmi), ve\u010dern\u00e9 k\u00fapanie, ohrievan\u00fa vodu v baz\u00e9noch,<\/p>\n<p>&#8211; v letnej sez\u00f3ne 2016 je k dispoz\u00edcii baz\u00e9n pre najmen\u0161\u00edch (0-3 rokov) s oddychovou z\u00f3nou pre rodi\u010dov, neplaveck\u00fd baz\u00e9n, kombinovan\u00fd baz\u00e9n, anima\u010dn\u00e9 programy pre deti, ve\u010dern\u00e9 posedenia pri \u017eivej a reprodukovanej hudbe.<\/p>\n<p><a href=\"http:\/\/www.slovensky-kras.eu\/info\/wp-content\/uploads\/2020\/02\/medzev-k\u00fapalisko2.jpg\"><img loading=\"lazy\" decoding=\"async\" class=\"aligncenter wp-image-16832 size-full\" src=\"http:\/\/www.slovensky-kras.eu\/info\/wp-content\/uploads\/2020\/02\/medzev-k\u00fapalisko2.jpg\" alt=\"\" width=\"800\" height=\"537\" srcset=\"https:\/\/www.slovensky-kras.eu\/info\/wp-content\/uploads\/2020\/02\/medzev-k\u00fapalisko2.jpg 800w, https:\/\/www.slovensky-kras.eu\/info\/wp-content\/uploads\/2020\/02\/medzev-k\u00fapalisko2-768x516.jpg 768w\" sizes=\"auto, (max-width: 800px) 100vw, 800px\" \/><\/a><\/p>\n<p><strong>Ponuka zariadenia:<\/strong><\/p>\n<ul>\n<li>Pr\u00edjemn\u00fd person\u00e1l<\/li>\n<li>Bufety<\/li>\n<li>Detsk\u00e9 ihrisko<\/li>\n<li>VIP z\u00f3na<\/li>\n<li>Ohrievan\u00e1 voda<\/li>\n<li>Baz\u00e9n pre najmen\u0161\u00edch<\/li>\n<li>Oddychovu z\u00f3na<\/li>\n<li>Reprodukov\u00e1 hudba<\/li>\n<\/ul>\n<h3><span style=\"color: #808000;\"><br \/>\nKontakt<\/span><\/h3>\n<p><strong>Letn\u00e9 k\u00fapalisko Medzev<\/strong><br \/>\n\u0160t\u00f3ska 182<br \/>\n044 25<br \/>\nMedzev<br \/>\n<strong>Web:<\/strong> <a href=\"http:\/\/www.kupaliskomedzev.sk\/\" target=\"_blank\" rel=\"noopener noreferrer\">www.kupaliskomedzev.sk<\/a><\/p>\n<h3><span style=\"color: #808000;\">Otv\u00e1racia doba<\/span><\/h3>\n<table>\n<colgroup>\n<col span=\"2\" \/>\n<col class=\"total\" \/> <\/colgroup>\n<tbody>\n<tr>\n<td bgcolor=\"#ffffff\"><span style=\"color: #000000;\"><strong>Pondelok:<\/strong><\/span><\/td>\n<td bgcolor=\"#ffffff\"><span style=\"color: #000000;\">9:00 &#8211; 18:00<\/span><\/td>\n<\/tr>\n<tr>\n<td bgcolor=\"#ffffff\"><span style=\"color: #000000;\"><strong>Utorok:<\/strong><\/span><\/td>\n<td bgcolor=\"#ffffff\"><span style=\"color: #000000;\">9:00 &#8211; 18:00<\/span><\/td>\n<\/tr>\n<tr>\n<td bgcolor=\"#ffffff\"><span style=\"color: #000000;\"><strong>Streda:<\/strong><\/span><\/td>\n<td bgcolor=\"#ffffff\"><span style=\"color: #000000;\">9:00 &#8211; 18:00<\/span><\/td>\n<\/tr>\n<tr>\n<td bgcolor=\"#ffffff\"><span style=\"color: #000000;\"><strong>\u0160tvrtok:<\/strong><\/span><\/td>\n<td bgcolor=\"#ffffff\"><span style=\"color: #000000;\">9:00 &#8211; 18:00<\/span><\/td>\n<\/tr>\n<tr>\n<td bgcolor=\"#ffffff\"><span style=\"color: #000000;\"><strong>Piatok:<\/strong><\/span><\/td>\n<td bgcolor=\"#ffffff\"><span style=\"color: #000000;\">9:00 &#8211; 18:00<\/span><\/td>\n<\/tr>\n<tr>\n<td bgcolor=\"#ffffff\"><span style=\"color: #000000;\"><strong>Sobota:<\/strong><\/span><\/td>\n<td bgcolor=\"#ffffff\"><span style=\"color: #000000;\">9:00 &#8211; 18:00<\/span><\/td>\n<\/tr>\n<tr>\n<td bgcolor=\"#ffffff\"><span style=\"color: #000000;\"><strong>Nede\u013ea:<\/strong><\/span><\/td>\n<td bgcolor=\"#ffffff\"><span style=\"color: #000000;\">9:00 &#8211; 18:00<\/span><\/td>\n<\/tr>\n<\/tbody>\n<\/table>\n<p><strong>VE\u010cERN\u00c9 K\u00daPANIE:<\/strong><br \/>\npiatok, sobota, nede\u013ea v \u010dase od 19.00 \u2013 21.00 hod, resp. dohodou, skupina minim\u00e1lne 20 \u013eud\u00ed, rezerv\u00e1cia do 15. hod dan\u00e9ho d\u0148a<\/p>\n<p><strong>Prev\u00e1dzkov\u00e1 doba m\u00e1 len informat\u00edvny charakter.<\/strong><\/p>\n<h3><span style=\"color: #808000;\">Mapy<\/span><\/h3>\n<p><strong>Vrstvy: <\/strong>Turistick\u00e1 mapa, Automapa, Cyklomapa, Ly\u017eiarska mapa, Satelitn\u00e1 mapa a OpenStreetMap.<\/p>\n<p><strong>Kliknut\u00edm na logo &#8222;Freemap.sk&#8220; sa V\u00e1m mapa zobraz\u00ed na celej ploche obrazovky.<\/strong><\/p>\n<p><iframe style=\"width: 800px; height: 600px; border: 0;\" src=\"https:\/\/www.freemap.sk\/?map=14\/48.705279\/20.886737&amp;&amp;info-point=48.705279\/20.886737&amp;,K\u00fapalisko v Medzeve&amp;layers=T&amp;embed=search\" allowfullscreen=\"allowfullscreen\"><\/iframe><\/p>\n<h3><span style=\"color: #808000;\">Po\u010dasie<\/span><strong><br \/>\n<\/strong><\/h3>\n<p><iframe style=\"width: 805px; height: 624px;\" src=\"https:\/\/www.meteoblue.com\/sk\/po%C4%8Dasie\/widget\/three\/medzev_slovensko_724159?geoloc=fixed&amp;nocurrent=0&amp;noforecast=0&amp;days=7&amp;tempunit=CELSIUS&amp;windunit=KILOMETER_PER_HOUR&amp;layout=image\" frameborder=\"0\" scrolling=\"NO\" sandbox=\"allow-same-origin allow-scripts allow-popups allow-popups-to-escape-sandbox\"><\/iframe><\/p>\n<div><!-- DO NOT REMOVE THIS LINK --><a href=\"https:\/\/www.meteoblue.com\/sk\/po%C4%8Dasie\/t%C3%BD%C5%BEde%C5%88\/medzev_slovensko_724159?utm_source=weather_widget&amp;utm_medium=linkus&amp;utm_content=three&amp;utm_campaign=Weather%2BWidget\" target=\"_blank\" rel=\"noopener noreferrer\">meteoblue<\/a><\/div>\n","protected":false},"excerpt":{"rendered":"<p>Menu: K\u00fapalisk\u00e1, baz\u00e9ny,\u2026 Inform\u00e1cie o k\u00fapan\u00ed Info o k\u00fapan\u00ed &#8211; ostatn\u00e9 k\u00fapalisk\u00e1 V\u0161eobecn\u00e9 inform\u00e1cie K\u00fapalisko v Medzeve je \u0161portovo-rekrea\u010dn\u00e9 zariadenie s kapacitou pribli\u017ene 250 os\u00f4b. Pre n\u00e1v\u0161tevn\u00edkov m\u00e1me pripraven\u00e9: &#8211; [&hellip;]<\/p>\n","protected":false},"author":1,"featured_media":0,"parent":11,"menu_order":0,"comment_status":"closed","ping_status":"closed","template":"","meta":{"_uag_custom_page_level_css":"","footnotes":""},"class_list":["post-16525","page","type-page","status-publish","hentry"],"featured_image_src":"","featured_image_src_square":false,"rbea_author_info":{"display_name":"admin","author_link":"https:\/\/www.slovensky-kras.eu\/info\/author\/admin\/"},"rbea_excerpt_info":"Menu: K\u00fapalisk\u00e1, baz\u00e9ny,\u2026 Inform\u00e1cie o k\u00fapan\u00ed Info o k\u00fapan\u00ed &#8211; ostatn\u00e9 k\u00fapalisk\u00e1 V\u0161eobecn\u00e9 inform\u00e1cie K\u00fapalisko v Medzeve je \u0161portovo-rekrea\u010dn\u00e9 zariadenie s kapacitou pribli\u017ene 250 os\u00f4b. Pre n\u00e1v\u0161tevn\u00edkov m\u00e1me pripraven\u00e9: &#8211; [&hellip;]","uagb_featured_image_src":{"full":false,"thumbnail":false,"medium":false,"medium_large":false,"large":false,"1536x1536":false,"2048x2048":false},"uagb_author_info":{"display_name":"admin","author_link":"https:\/\/www.slovensky-kras.eu\/info\/author\/admin\/"},"uagb_comment_info":0,"uagb_excerpt":"Menu: K\u00fapalisk\u00e1, baz\u00e9ny,\u2026 Inform\u00e1cie o k\u00fapan\u00ed Info o k\u00fapan\u00ed &#8211; ostatn\u00e9 k\u00fapalisk\u00e1 V\u0161eobecn\u00e9 inform\u00e1cie K\u00fapalisko v Medzeve je \u0161portovo-rekrea\u010dn\u00e9 zariadenie s kapacitou pribli\u017ene 250 os\u00f4b. Pre n\u00e1v\u0161tevn\u00edkov m\u00e1me pripraven\u00e9: &#8211; [&hellip;]","_links":{"self":[{"href":"https:\/\/www.slovensky-kras.eu\/info\/wp-json\/wp\/v2\/pages\/16525","targetHints":{"allow":["GET"]}}],"collection":[{"href":"https:\/\/www.slovensky-kras.eu\/info\/wp-json\/wp\/v2\/pages"}],"about":[{"href":"https:\/\/www.slovensky-kras.eu\/info\/wp-json\/wp\/v2\/types\/page"}],"author":[{"embeddable":true,"href":"https:\/\/www.slovensky-kras.eu\/info\/wp-json\/wp\/v2\/users\/1"}],"replies":[{"embeddable":true,"href":"https:\/\/www.slovensky-kras.eu\/info\/wp-json\/wp\/v2\/comments?post=16525"}],"version-history":[{"count":3,"href":"https:\/\/www.slovensky-kras.eu\/info\/wp-json\/wp\/v2\/pages\/16525\/revisions"}],"predecessor-version":[{"id":20592,"href":"https:\/\/www.slovensky-kras.eu\/info\/wp-json\/wp\/v2\/pages\/16525\/revisions\/20592"}],"up":[{"embeddable":true,"href":"https:\/\/www.slovensky-kras.eu\/info\/wp-json\/wp\/v2\/pages\/11"}],"wp:attachment":[{"href":"https:\/\/www.slovensky-kras.eu\/info\/wp-json\/wp\/v2\/media?parent=16525"}],"curies":[{"name":"wp","href":"https:\/\/api.w.org\/{rel}","templated":true}]}}