{"id":16123,"date":"2019-12-22T05:58:48","date_gmt":"2019-12-22T04:58:48","guid":{"rendered":"http:\/\/www.slovensky-kras.eu\/info\/?page_id=16123"},"modified":"2021-10-21T07:18:07","modified_gmt":"2021-10-21T05:18:07","slug":"sport-a-kultura","status":"publish","type":"page","link":"https:\/\/www.slovensky-kras.eu\/info\/sport-a-kultura\/","title":{"rendered":"Aktivity, kult\u00fara, hist\u00f3ria,&#8230;"},"content":{"rendered":"<a href=\"http:\/\/www.slovensky-kras.eu\/info\/\" class=\"su-button su-button-style-default\" style=\"color:#000000;background-color:#FFCF2F;border-color:#cca626;border-radius:5px\" target=\"_self\"><span style=\"color:#000000;padding:6px 16px;font-size:13px;line-height:20px;border-color:#ffde6e;border-radius:5px;text-shadow:none\"><i class=\"sui sui-arrow-right\" style=\"font-size:13px;color:#000000\"><\/i>  \u00davod \/ Aktuality <\/span><\/a>\n<a href=\"http:\/\/www.slovensky-kras.eu\/info\/sport-a-kultura\/\" class=\"su-button su-button-style-default\" style=\"color:#000000;background-color:#FFCF2F;border-color:#cca626;border-radius:5px\" target=\"_self\"><span style=\"color:#000000;padding:6px 16px;font-size:13px;line-height:20px;border-color:#ffde6e;border-radius:5px;text-shadow:none\"><i class=\"sui sui-arrow-right\" style=\"font-size:13px;color:#000000\"><\/i>  \u0160port a kult\u00fara <\/span><\/a>\n<div class=\"su-divider su-divider-style-default\" style=\"margin:15px 0;border-width:2px;border-color:#000000\"><\/div>\n<p>&nbsp;<br \/>\n<a href=\"http:\/\/www.slovensky-kras.eu\/info\/kalendar-akcii-a-podujati\/\" class=\"su-button su-button-style-default\" style=\"color:#000000;background-color:#afd144;border-color:#8ca837;border-radius:10px\" target=\"_self\"><span style=\"color:#000000;padding:8px 26px;font-size:20px;line-height:30px;border-color:#c7df7d;border-radius:10px;text-shadow:none\"><i class=\"sui sui-arrow-right\" style=\"font-size:20px;color:#000000\"><\/i>  Kalend\u00e1r podujat\u00ed  <\/span><\/a>\n<p>&nbsp;<br \/>\n<a href=\"http:\/\/www.slovensky-kras.eu\/info\/muzea-kutlura-a-umenie\/\" class=\"su-button su-button-style-default\" style=\"color:#000000;background-color:#afd144;border-color:#8ca837;border-radius:10px\" target=\"_self\"><span style=\"color:#000000;padding:8px 26px;font-size:20px;line-height:30px;border-color:#c7df7d;border-radius:10px;text-shadow:none\"><i class=\"sui sui-arrow-right\" style=\"font-size:20px;color:#000000\"><\/i>  M\u00faze\u00e1, kult\u00fara\u2026  <\/span><\/a>\n<p>&nbsp;<br \/>\n<a href=\"http:\/\/www.slovensky-kras.eu\/info\/aktivity-a-sport\/\" class=\"su-button su-button-style-default\" style=\"color:#000000;background-color:#afd144;border-color:#8ca837;border-radius:10px\" target=\"_self\"><span style=\"color:#000000;padding:8px 26px;font-size:20px;line-height:30px;border-color:#c7df7d;border-radius:10px;text-shadow:none\"><i class=\"sui sui-arrow-right\" style=\"font-size:20px;color:#000000\"><\/i>  Aktivity a \u0161port <\/span><\/a>\n<p>&nbsp;<br \/>\n<a href=\"http:\/\/www.slovensky-kras.eu\/info\/nositelia-tradicii\/\" class=\"su-button su-button-style-default\" style=\"color:#000000;background-color:#afd144;border-color:#8ca837;border-radius:10px\" target=\"_self\"><span style=\"color:#000000;padding:8px 26px;font-size:20px;line-height:30px;border-color:#c7df7d;border-radius:10px;text-shadow:none\"><i class=\"sui sui-arrow-right\" style=\"font-size:20px;color:#000000\"><\/i>  Nositelia trad\u00edci\u00ed  <\/span><\/a>\n<p>&nbsp;<br \/>\n<a href=\"http:\/\/www.slovensky-kras.eu\/info\/kupaliska-bazeny\/\" class=\"su-button su-button-style-default\" style=\"color:#000000;background-color:#afd144;border-color:#8ca837;border-radius:10px\" target=\"_self\"><span style=\"color:#000000;padding:8px 26px;font-size:20px;line-height:30px;border-color:#c7df7d;border-radius:10px;text-shadow:none\"><i class=\"sui sui-arrow-right\" style=\"font-size:20px;color:#000000\"><\/i>  K\u00fapalisk\u00e1, baz\u00e9ny, vodn\u00e9 plochy,\u2026 <\/span><\/a>\n<div class=\"su-divider su-divider-style-default\" style=\"margin:15px 0;border-width:3px;border-color:#000000\"><\/div>\n","protected":false},"excerpt":{"rendered":"<p>&nbsp; &nbsp; &nbsp; &nbsp; &nbsp;<\/p>\n","protected":false},"author":1,"featured_media":0,"parent":0,"menu_order":0,"comment_status":"closed","ping_status":"closed","template":"","meta":{"_uag_custom_page_level_css":"","footnotes":""},"class_list":["post-16123","page","type-page","status-publish","hentry"],"featured_image_src":"","featured_image_src_square":false,"rbea_author_info":{"display_name":"admin","author_link":"https:\/\/www.slovensky-kras.eu\/info\/author\/admin\/"},"rbea_excerpt_info":"&nbsp; &nbsp; &nbsp; &nbsp; &nbsp;","uagb_featured_image_src":{"full":false,"thumbnail":false,"medium":false,"medium_large":false,"large":false,"1536x1536":false,"2048x2048":false},"uagb_author_info":{"display_name":"admin","author_link":"https:\/\/www.slovensky-kras.eu\/info\/author\/admin\/"},"uagb_comment_info":0,"uagb_excerpt":"&nbsp; &nbsp; &nbsp; &nbsp; &nbsp;","_links":{"self":[{"href":"https:\/\/www.slovensky-kras.eu\/info\/wp-json\/wp\/v2\/pages\/16123","targetHints":{"allow":["GET"]}}],"collection":[{"href":"https:\/\/www.slovensky-kras.eu\/info\/wp-json\/wp\/v2\/pages"}],"about":[{"href":"https:\/\/www.slovensky-kras.eu\/info\/wp-json\/wp\/v2\/types\/page"}],"author":[{"embeddable":true,"href":"https:\/\/www.slovensky-kras.eu\/info\/wp-json\/wp\/v2\/users\/1"}],"replies":[{"embeddable":true,"href":"https:\/\/www.slovensky-kras.eu\/info\/wp-json\/wp\/v2\/comments?post=16123"}],"version-history":[{"count":1,"href":"https:\/\/www.slovensky-kras.eu\/info\/wp-json\/wp\/v2\/pages\/16123\/revisions"}],"predecessor-version":[{"id":21093,"href":"https:\/\/www.slovensky-kras.eu\/info\/wp-json\/wp\/v2\/pages\/16123\/revisions\/21093"}],"wp:attachment":[{"href":"https:\/\/www.slovensky-kras.eu\/info\/wp-json\/wp\/v2\/media?parent=16123"}],"curies":[{"name":"wp","href":"https:\/\/api.w.org\/{rel}","templated":true}]}}