{"id":14816,"date":"2018-12-20T11:35:47","date_gmt":"2018-12-20T10:35:47","guid":{"rendered":"http:\/\/www.slovensky-kras.eu\/info\/?page_id=14816"},"modified":"2023-07-07T05:14:43","modified_gmt":"2023-07-07T03:14:43","slug":"kupaliska-bazeny","status":"publish","type":"page","link":"https:\/\/www.slovensky-kras.eu\/info\/kupaliska-bazeny\/","title":{"rendered":"K\u00fapalisk\u00e1, baz\u00e9ny,\u2026"},"content":{"rendered":"<p>Uveden\u00e9 \u00fadaje maj\u00fa len informat\u00edvny charakter!!!<\/p>\n<p><strong>Menu: <\/strong><a href=\"http:\/\/www.slovensky-kras.eu\/info\/\" class=\"su-button su-button-style-default\" style=\"color:#000000;background-color:#FFCF2F;border-color:#cca626;border-radius:5px\" target=\"_self\"><span style=\"color:#000000;padding:6px 16px;font-size:13px;line-height:20px;border-color:#ffde6e;border-radius:5px;text-shadow:none\"><i class=\"sui sui-arrow-right\" style=\"font-size:13px;color:#000000\"><\/i>  \u00davod \/ Aktuality <\/span><\/a>\n<a href=\"http:\/\/www.slovensky-kras.eu\/info\/kupaliska-bazeny\/\" class=\"su-button su-button-style-default\" style=\"color:#000000;background-color:#FFCF2F;border-color:#cca626;border-radius:5px\" target=\"_self\"><span style=\"color:#000000;padding:6px 16px;font-size:13px;line-height:20px;border-color:#ffde6e;border-radius:5px;text-shadow:none\"><i class=\"sui sui-arrow-right\" style=\"font-size:13px;color:#000000\"><\/i>  K\u00fapalisk\u00e1, baz\u00e9ny,\u2026 <\/span><\/a>\n<div class=\"su-divider su-divider-style-default\" style=\"margin:15px 0;border-width:3px;border-color:#000000\"><\/div>\n<h3><span style=\"color: #808000;\">K\u00fapalisk\u00e1<\/span><\/h3>\n<table>\n<tbody>\n<tr>\n<th bgcolor=\"#aaccff\">N\u00e1zov + viac info (klik)<\/th>\n<th bgcolor=\"#aaccff\">BAZ\u00c9NY<\/th>\n<th bgcolor=\"#aaccff\">PREV\u00c1DZKA<\/th>\n<th bgcolor=\"#aaccff\">H\u0139BKA<\/th>\n<th bgcolor=\"#aaccff\">TEPLOTA VODY<\/th>\n<\/tr>\n<tr>\n<td bgcolor=\"#ffffff\"><a href=\"http:\/\/www.slovensky-kras.eu\/info\/aktivity-a-sport\/kupalisko-bretka\/\" target=\"_blank\" rel=\"noopener noreferrer\">K\u00fapalisko Bretka<\/a><\/td>\n<td bgcolor=\"#ffffff\"><span style=\"color: #000000;\">0\/2<\/span><\/td>\n<td bgcolor=\"#ffffff\"><span style=\"color: #000000;\">Zatvoren\u00e9<\/span><\/td>\n<td bgcolor=\"#ffffff\"><span style=\"color: #000000;\">0.3 \u2013 1.3 m<\/span><\/td>\n<td bgcolor=\"#ffffff\"><span style=\"color: #000000;\">24 \u2013 26 \u00b0C<\/span><\/td>\n<\/tr>\n<tr>\n<td bgcolor=\"#ececec\"><a href=\"http:\/\/www.slovensky-kras.eu\/info\/aktivity-a-sport\/kupalisko-roznava\/\" target=\"_blank\" rel=\"noopener noreferrer\">K\u00fapalisko Ro\u017e\u0148ava<\/a><\/td>\n<td bgcolor=\"#ececec\"><span style=\"color: #000000;\">4\/4<\/span><\/td>\n<td bgcolor=\"#ececec\"><span style=\"color: #cc0000;\">Otvoren\u00e9<\/span><\/td>\n<td bgcolor=\"#ececec\"><span style=\"color: #000000;\">0.3 \u2013 1.3 m<\/span><\/td>\n<td bgcolor=\"#ececec\"><span style=\"color: #000000;\">25 \u2013 26\u00b0C<\/span><\/td>\n<\/tr>\n<tr>\n<td bgcolor=\"#ffffff\"><a href=\"http:\/\/www.slovensky-kras.eu\/info\/aktivity-a-sport\/kupalisko-v-medzeve\/\" target=\"_blank\" rel=\"noopener noreferrer\">K\u00fapalisko v Medzeve<\/a><\/td>\n<td bgcolor=\"#ffffff\"><span style=\"color: #000000;\">3\/3<\/span><\/td>\n<td bgcolor=\"#ffffff\"><span style=\"color: #cc0000;\">Otvoren\u00e9<\/span><\/td>\n<td bgcolor=\"#ffffff\"><span style=\"color: #000000;\">0.3-1.6 m<\/span><\/td>\n<td bgcolor=\"#ffffff\"><span style=\"color: #000000;\">24 \u2013 25\u00b0C<\/span><\/td>\n<\/tr>\n<tr>\n<td bgcolor=\"#ececec\"><a href=\"http:\/\/www.slovensky-kras.eu\/info\/aktivity-a-sport\/kupalisko-v-gemerskej-horke\/\" target=\"_blank\" rel=\"noopener noreferrer\">K\u00fapalisko v Gemerskej H\u00f4rke<\/a><\/td>\n<td bgcolor=\"#ececec\"><span style=\"color: #000000;\">0\/2<\/span><\/td>\n<td bgcolor=\"#ececec\"><span style=\"color: #000000;\">Zatvoren\u00e9<\/span><\/td>\n<td bgcolor=\"#ececec\"><span style=\"color: #000000;\">0.3 \u2013 1.5 m<\/span><\/td>\n<td bgcolor=\"#ececec\"><span style=\"color: #000000;\">23\u00b0C<\/span><\/td>\n<\/tr>\n<tr>\n<td bgcolor=\"#ffffff\"><a href=\"http:\/\/www.slovensky-kras.eu\/info\/aktivity-a-sport\/kupalisko-v-moldave-nad-bodvou\/\" target=\"_blank\" rel=\"noopener noreferrer\">K\u00fapalisko v Moldave nad Bodvou<\/a><\/td>\n<td bgcolor=\"#ffffff\"><span style=\"color: #000000;\">0\/2<\/span><\/td>\n<td bgcolor=\"#ffffff\"><span style=\"color: #000000;\">Zatvoren\u00e9<\/span><\/td>\n<td bgcolor=\"#ffffff\"><span style=\"color: #000000;\">0.3 \u2013 1.5 m<\/span><\/td>\n<td bgcolor=\"#ffffff\"><span style=\"color: #000000;\">24 \u2013 25 \u00b0C<\/span><\/td>\n<\/tr>\n<\/tbody>\n<\/table>\n<div class=\"su-divider su-divider-style-default\" style=\"margin:15px 0;border-width:3px;border-color:#000000\"><\/div>\nUveden\u00e9 \u00fadaje maj\u00fa len informat\u00edvny charakter!!!<\/p>\n<p><a href=\"http:\/\/www.slovensky-kras.eu\/info\/wp-content\/uploads\/2019\/06\/bzeny2.jpg\"><img loading=\"lazy\" decoding=\"async\" class=\"aligncenter wp-image-15788\" src=\"http:\/\/www.slovensky-kras.eu\/info\/wp-content\/uploads\/2019\/06\/bzeny2.jpg\" alt=\"\" width=\"800\" height=\"515\" srcset=\"https:\/\/www.slovensky-kras.eu\/info\/wp-content\/uploads\/2019\/06\/bzeny2.jpg 800w, https:\/\/www.slovensky-kras.eu\/info\/wp-content\/uploads\/2019\/06\/bzeny2-768x494.jpg 768w, https:\/\/www.slovensky-kras.eu\/info\/wp-content\/uploads\/2019\/06\/bzeny2-425x274.jpg 425w\" sizes=\"auto, (max-width: 800px) 100vw, 800px\" \/><\/a><\/p>\n","protected":false},"excerpt":{"rendered":"<p>Uveden\u00e9 \u00fadaje maj\u00fa len informat\u00edvny charakter!!! Menu: K\u00fapalisk\u00e1 N\u00e1zov + viac info (klik) BAZ\u00c9NY PREV\u00c1DZKA H\u0139BKA TEPLOTA VODY K\u00fapalisko Bretka 0\/2 Zatvoren\u00e9 0.3 \u2013 1.3 m 24 \u2013 26 \u00b0C [&hellip;]<\/p>\n","protected":false},"author":1,"featured_media":0,"parent":0,"menu_order":0,"comment_status":"closed","ping_status":"closed","template":"","meta":{"_uag_custom_page_level_css":"","footnotes":""},"class_list":["post-14816","page","type-page","status-publish","hentry"],"featured_image_src":"","featured_image_src_square":false,"rbea_author_info":{"display_name":"admin","author_link":"https:\/\/www.slovensky-kras.eu\/info\/author\/admin\/"},"rbea_excerpt_info":"Uveden\u00e9 \u00fadaje maj\u00fa len informat\u00edvny charakter!!! Menu: K\u00fapalisk\u00e1 N\u00e1zov + viac info (klik) BAZ\u00c9NY PREV\u00c1DZKA H\u0139BKA TEPLOTA VODY K\u00fapalisko Bretka 0\/2 Zatvoren\u00e9 0.3 \u2013 1.3 m 24 \u2013 26 \u00b0C [&hellip;]","uagb_featured_image_src":{"full":false,"thumbnail":false,"medium":false,"medium_large":false,"large":false,"1536x1536":false,"2048x2048":false},"uagb_author_info":{"display_name":"admin","author_link":"https:\/\/www.slovensky-kras.eu\/info\/author\/admin\/"},"uagb_comment_info":0,"uagb_excerpt":"Uveden\u00e9 \u00fadaje maj\u00fa len informat\u00edvny charakter!!! Menu: K\u00fapalisk\u00e1 N\u00e1zov + viac info (klik) BAZ\u00c9NY PREV\u00c1DZKA H\u0139BKA TEPLOTA VODY K\u00fapalisko Bretka 0\/2 Zatvoren\u00e9 0.3 \u2013 1.3 m 24 \u2013 26 \u00b0C [&hellip;]","_links":{"self":[{"href":"https:\/\/www.slovensky-kras.eu\/info\/wp-json\/wp\/v2\/pages\/14816","targetHints":{"allow":["GET"]}}],"collection":[{"href":"https:\/\/www.slovensky-kras.eu\/info\/wp-json\/wp\/v2\/pages"}],"about":[{"href":"https:\/\/www.slovensky-kras.eu\/info\/wp-json\/wp\/v2\/types\/page"}],"author":[{"embeddable":true,"href":"https:\/\/www.slovensky-kras.eu\/info\/wp-json\/wp\/v2\/users\/1"}],"replies":[{"embeddable":true,"href":"https:\/\/www.slovensky-kras.eu\/info\/wp-json\/wp\/v2\/comments?post=14816"}],"version-history":[{"count":11,"href":"https:\/\/www.slovensky-kras.eu\/info\/wp-json\/wp\/v2\/pages\/14816\/revisions"}],"predecessor-version":[{"id":24989,"href":"https:\/\/www.slovensky-kras.eu\/info\/wp-json\/wp\/v2\/pages\/14816\/revisions\/24989"}],"wp:attachment":[{"href":"https:\/\/www.slovensky-kras.eu\/info\/wp-json\/wp\/v2\/media?parent=14816"}],"curies":[{"name":"wp","href":"https:\/\/api.w.org\/{rel}","templated":true}]}}