{"id":13146,"date":"2017-08-18T19:32:40","date_gmt":"2017-08-18T17:32:40","guid":{"rendered":"http:\/\/www.slovensky-kras.eu\/info\/?page_id=13146"},"modified":"2025-11-29T19:07:47","modified_gmt":"2025-11-29T18:07:47","slug":"pesia-turistika","status":"publish","type":"page","link":"https:\/\/www.slovensky-kras.eu\/info\/aktivity-a-sport\/pesia-turistika\/","title":{"rendered":"Pe\u0161ia turistika"},"content":{"rendered":"<p><strong>Menu: <\/strong><a href=\"http:\/\/www.slovensky-kras.eu\/info\/\" class=\"su-button su-button-style-default\" style=\"color:#000000;background-color:#FFCF2F;border-color:#cca626;border-radius:5px\" target=\"_self\"><span style=\"color:#000000;padding:6px 16px;font-size:13px;line-height:20px;border-color:#ffde6e;border-radius:5px;text-shadow:none\"><i class=\"sui sui-arrow-right\" style=\"font-size:13px;color:#000000\"><\/i>  \u00davod \/ Aktuality <\/span><\/a>\n<a href=\"http:\/\/www.slovensky-kras.eu\/info\/aktivity-a-sport\/\" class=\"su-button su-button-style-default\" style=\"color:#000000;background-color:#FFCF2F;border-color:#cca626;border-radius:5px\" target=\"_self\"><span style=\"color:#000000;padding:6px 16px;font-size:13px;line-height:20px;border-color:#ffde6e;border-radius:5px;text-shadow:none\"><i class=\"sui sui-arrow-right\" style=\"font-size:13px;color:#000000\"><\/i>  Aktivity a \u0161port <\/span><\/a>\n<div class=\"su-divider su-divider-style-default\" style=\"margin:15px 0;border-width:3px;border-color:#000000\"><\/div>\n<strong>Pe\u0161ia turistika<\/strong><br \/>\n<div class=\"su-divider su-divider-style-default\" style=\"margin:15px 0;border-width:3px;border-color:#000000\"><\/div>\n<figure id=\"attachment_19327\" aria-describedby=\"caption-attachment-19327\" style=\"width: 900px\" class=\"wp-caption aligncenter\"><a href=\"https:\/\/www.slovensky-kras.eu\/info\/wp-content\/uploads\/2020\/12\/na-skale.jpg\"><img loading=\"lazy\" decoding=\"async\" class=\"wp-image-19327\" src=\"http:\/\/www.slovensky-kras.eu\/info\/wp-content\/uploads\/2020\/12\/na-skale.jpg\" alt=\"pe\u0161ia turistika\" width=\"900\" height=\"506\" srcset=\"https:\/\/www.slovensky-kras.eu\/info\/wp-content\/uploads\/2020\/12\/na-skale.jpg 800w, https:\/\/www.slovensky-kras.eu\/info\/wp-content\/uploads\/2020\/12\/na-skale-768x432.jpg 768w\" sizes=\"auto, (max-width: 900px) 100vw, 900px\" \/><\/a><figcaption id=\"caption-attachment-19327\" class=\"wp-caption-text\">pe\u0161ia turistika<\/figcaption><\/figure>\n<div class=\"su-divider su-divider-style-default\" style=\"margin:15px 0;border-width:3px;border-color:#000000\"><\/div>\n<h2 dir=\"auto\"><span style=\"color: #800000;\">Pe\u0161ia turistika v Slovenskom krase: Najkraj\u0161\u00ed sp\u00f4sob, ako objavi\u0165 pr\u00edrodn\u00e9 poklady<\/span><\/h2>\n<p dir=\"auto\"><strong>Pe\u0161ia turistika v Slovenskom krase<\/strong> patr\u00ed medzi najv\u00fdznamnej\u0161ie a najob\u013e\u00fabenej\u0161ie mo\u017enosti akt\u00edvneho oddychu v pr\u00edrode. Tento unik\u00e1tny regi\u00f3n l\u00e1ka turistov v ka\u017edom ro\u010dnom obdob\u00ed v\u010faka dobre zna\u010den\u00fdm tras\u00e1m, ktor\u00e9 odha\u013euj\u00fa \u00fachvatn\u00e9 <strong>pr\u00edrodn\u00e9 kr\u00e1sy Slovensk\u00e9ho krasu<\/strong>.<\/p>\n<h2 dir=\"auto\"><span style=\"color: #800000;\">Ak\u00e9 trasy pon\u00faka N\u00e1rodn\u00fd park Slovensk\u00fd kras na pe\u0161iu turistiku?<\/span><\/h2>\n<p dir=\"auto\"><strong>N\u00e1rodn\u00fd park Slovensk\u00fd kras<\/strong> pon\u00faka bohat\u00fa sie\u0165 zna\u010den\u00fdch turistick\u00fdch tr\u00e1s r\u00f4znej n\u00e1ro\u010dnosti \u2013 od nen\u00e1ro\u010dn\u00fdch n\u00e1u\u010dn\u00fdch chodn\u00edkov a\u017e po viacd\u0148ov\u00e9 prechody cez krasov\u00e9 planiny, ties\u0148avy a jaskyne. Park je najv\u00e4\u010d\u0161\u00edm krasov\u00fdm \u00fazem\u00edm v strednej Eur\u00f3pe s planinami ako <strong>Silick\u00e1<\/strong>, <strong>Jasovsk\u00e1<\/strong> \u010di <strong>Z\u00e1dielska planina<\/strong>, ktor\u00e9 s\u00fa ide\u00e1lne na objavovanie unik\u00e1tnych skaln\u00fdch \u00fatvarov, priepast\u00ed a panoramatick\u00fdch v\u00fdh\u013eadov.<\/p>\n<h2 dir=\"auto\"><span style=\"color: #800000;\">Kde sa d\u00e1 v Slovenskom krase venova\u0165 pe\u0161ej turistike?<\/span><\/h2>\n<p dir=\"auto\">V regi\u00f3ne <strong>Slovensk\u00fd kras<\/strong> tvor\u00ed <strong>pe\u0161ia turistika<\/strong> jednu z najv\u00fdznamnej\u0161\u00edch mo\u017enost\u00ed akt\u00edvneho \u0161portov\u00e9ho vy\u017eitia. Pre t\u00fdch, ktor\u00ed h\u013eadaj\u00fa nen\u00e1ro\u010dn\u00fd oddych v pr\u00edrode, patr\u00ed <strong>pe\u0161ia turistika<\/strong> medzi najob\u013e\u00fabenej\u0161ie aktivity v <strong>Slovenskom krase<\/strong>. Dobre vyzna\u010den\u00e9 turistick\u00e9 trasy v\u00e1m umo\u017e\u0148uj\u00fa spozna\u0165 pr\u00edrodn\u00e9 kr\u00e1sy tohto regi\u00f3nu v ka\u017edom ro\u010dnom obdob\u00ed.<\/p>\n<h2 dir=\"auto\"><span style=\"color: #800000;\">Kedy je najlep\u0161\u00ed \u010das na pe\u0161iu turistiku v Slovenskom krase?<\/span><\/h2>\n<p dir=\"auto\">V ka\u017edom ro\u010dnom obdob\u00ed sa tu organizuje mno\u017estvo v\u00fdznamn\u00fdch podujat\u00ed zameran\u00fdch na <strong>pe\u0161iu turistiku<\/strong>. <strong>Pe\u0161ia turistika v Slovenskom krase<\/strong> je mo\u017en\u00e1 celoro\u010dne \u2013 turistike sa d\u00e1 venova\u0165 v ka\u017edom po\u010das\u00ed, lebo nie je d\u00f4le\u017eit\u00e9, ak\u00e9 je moment\u00e1lne po\u010dasie, ale ako sa oble\u010diete.<\/p>\n<h2 dir=\"auto\"><span style=\"color: #800000;\">Kam vyrazi\u0165 na v\u00fdlet alebo pe\u0161iu turistiku v Slovenskom krase?<\/span><\/h2>\n<p dir=\"auto\">Nel\u00e1mte si hlavu s t\u00fdm, kam vyrazi\u0165 na v\u00fdlet. Na na\u0161om webe n\u00e1jdete mno\u017estvo zauj\u00edmav\u00fdch miest na v\u00fdlety a <strong>pe\u0161iu turistiku<\/strong> priamo v <strong>Slovenskom krase<\/strong>.<\/p>\n<h2 dir=\"auto\"><span style=\"color: #800000;\">Ak\u00e9 typy pe\u0161ej turistiky si m\u00f4\u017eete v Slovenskom krase vybra\u0165?<\/span><\/h2>\n<p dir=\"auto\"><strong>Mo\u017enosti pe\u0161ej turistiky v Slovenskom krase s\u00fa pestr\u00e9 a vyhovej\u00fa ka\u017ed\u00e9mu:<\/strong><\/p>\n<ol dir=\"auto\">\n<li><strong>\u013dahk\u00e9 jednod\u0148ov\u00e9 t\u00fary<\/strong> \u2013 ide\u00e1lne pre rodiny s de\u0165mi a za\u010diato\u010dn\u00edkov<\/li>\n<li><strong>Stredne \u0165a\u017ek\u00e9 jednod\u0148ov\u00e9 t\u00fary<\/strong> \u2013 pre t\u00fdch, ktor\u00ed chc\u00fa nie\u010do n\u00e1ro\u010dnej\u0161ie, no st\u00e1le v r\u00e1mci jedn\u00e9ho d\u0148a<\/li>\n<li><strong>Viacdenn\u00e9 prechody<\/strong> \u2013 pre sk\u00fasen\u00fdch turistov, ktor\u00ed chc\u00fa presk\u00fama\u0165 regi\u00f3n do h\u013abky<\/li>\n<\/ol>\n<h2 dir=\"auto\"><span style=\"color: #800000;\">Ako sa obliec\u0165 na pe\u0161iu turistiku v Slovenskom krase na jar?<\/span><\/h2>\n<p dir=\"auto\">Jar (marec \u2013 m\u00e1j): Vrstven\u00e9 oble\u010denie \u2013 termo tri\u010dko, fl\u00edsov\u00e1 vrstva, nepremokav\u00e1 bunda proti da\u017e\u010fu; pevn\u00e9 top\u00e1nky na blato a kame\u0148, \u010diapka a rukavice na chladn\u00e9 r\u00e1na.<\/p>\n<h2 dir=\"auto\"><span style=\"color: #800000;\">Ako sa obliec\u0165 na pe\u0161iu turistiku v Slovenskom krase v lete?<\/span><\/h2>\n<p dir=\"auto\">Leto (j\u00fan \u2013 august): Priedu\u0161n\u00e9 tri\u010dko s kr\u00e1tkym ruk\u00e1vom, \u013eahk\u00e9 nohavice, slne\u010dn\u00e1 \u010diapka, kr\u00e9m na opa\u013eovanie; top\u00e1nky s dobr\u00fdm gripom na hor\u00face kamene.<\/p>\n<h2 dir=\"auto\"><span style=\"color: #800000;\">Ako sa obliec\u0165 na pe\u0161iu turistiku v Slovenskom krase na jese\u0148?<\/span><\/h2>\n<p dir=\"auto\">Jese\u0148 (september \u2013 november): Merino tri\u010dko, hrejiv\u00e1 bunda, softshell proti vetru a da\u017e\u010fu, rukavice, \u010delenka; tepl\u00e9 pono\u017eky na chladn\u00e9 noci.<\/p>\n<h2 dir=\"auto\"><span style=\"color: #800000;\">\u010co si zbali\u0165 na pe\u0161iu turistiku v Slovenskom krase v zime?<\/span><\/h2>\n<p dir=\"auto\">Zima (december \u2013 febru\u00e1r): Termopr\u00e1dlo, fleecov\u00e1 vrstva, nepremokav\u00e1 bunda s fl\u00edsom, tepl\u00e9 top\u00e1nky s n\u00e1vlekmi, ma\u010dky alebo sne\u017enice na sneh; povinn\u00e9 \u010delovka a termoska.<\/p>\n<p dir=\"auto\">V zimnom obdob\u00ed navy\u0161e odpor\u00fa\u010dame: naviga\u010dn\u00e9 pom\u00f4cky, baterku, obuv s vibramovou podr\u00e1\u017ekou alebo kanady, tepl\u00fa nepremokav\u00fa vetrovku s kapuc\u0148ou, tenk\u00fd sveter, termobielize\u0148, viacero vrstiev, \u010diapku, rukavice, lek\u00e1rni\u010dku, teleskopick\u00e9 (turistick\u00e9) palice, hroty, turistick\u00e9 ma\u010dky, sne\u017enice, dostatok jedla a tepl\u00fdch tekut\u00edn, z\u00e1palky, no\u017e\u00edk.<\/p>\n<h2 dir=\"auto\"><span style=\"color: #800000;\">\u010co si zbali\u0165 na pe\u0161iu turistiku v Slovenskom krase v lete (doplnkov\u00e1 v\u00fdbava)?<\/span><\/h2>\n<p dir=\"auto\">V letnom obdob\u00ed sta\u010d\u00ed na <strong>pe\u0161iu turistiku<\/strong> v <strong>Slovenskom krase<\/strong> \u013eah\u0161ia v\u00fdbava: naviga\u010dn\u00e9 pom\u00f4cky, baterku, obuv s vibramovou podr\u00e1\u017ekou alebo kanady, pr\u0161ipl\u00e1\u0161\u0165 alebo nepremokav\u00fa vetrovku, n\u00e1hradn\u00e9 oble\u010denie, lek\u00e1rni\u010dku, teleskopick\u00e9 (turistick\u00e9) palice, dostatok jedla a tekut\u00edn, z\u00e1palky, no\u017e\u00edk.<\/p>\n<h2 dir=\"auto\"><span style=\"color: #800000;\">Mapy<\/span><\/h2>\n<p><strong>Vrstvy: <\/strong>Turistick\u00e1 mapa, Cyklomapa, Ly\u017eiarska mapa, Satelitn\u00e1 mapa a OpenStreetMap.<\/p>\n<p><iframe style=\"width: 800px; height: 600px; border: 0;\" src=\"https:\/\/www.freemap.sk\/?map=10\/48.582740\/20.667686&amp;layers=A&amp;embed=search\" allowfullscreen=\"allowfullscreen\"><\/iframe><\/p>\n<p>Kliknut\u00edm na logo &#8222;Freemap&#8220; sa V\u00e1m mapa zobraz\u00ed na celej ploche obrazovky.<\/p>\n<h3><span style=\"color: #808000;\">Turistick\u00e9 kluby<\/span><\/h3>\n<ul>\n<li><a href=\"http:\/\/www.kst.sk\/\" target=\"_blank\" rel=\"noopener\">KST Klub slovensk\u00fdch turistov (link&#8230;)<\/a><\/li>\n<\/ul>\n<ul>\n<li><a href=\"http:\/\/www.kstelan.estranky.sk\/\" target=\"_blank\" rel=\"noopener\">Klub slovensk\u00fdch turistov (KST) TJ El\u00e1n Ro\u017e\u0148ava (link&#8230;)<\/a><\/li>\n<\/ul>\n","protected":false},"excerpt":{"rendered":"<p>Menu: Pe\u0161ia turistika Pe\u0161ia turistika v Slovenskom krase: Najkraj\u0161\u00ed sp\u00f4sob, ako objavi\u0165 pr\u00edrodn\u00e9 poklady Pe\u0161ia turistika v Slovenskom krase patr\u00ed medzi najv\u00fdznamnej\u0161ie a najob\u013e\u00fabenej\u0161ie mo\u017enosti akt\u00edvneho oddychu v pr\u00edrode. Tento [&hellip;]<\/p>\n","protected":false},"author":1,"featured_media":27759,"parent":11,"menu_order":0,"comment_status":"closed","ping_status":"closed","template":"","meta":{"_uag_custom_page_level_css":"","footnotes":""},"class_list":["post-13146","page","type-page","status-publish","has-post-thumbnail","hentry"],"featured_image_src":"https:\/\/www.slovensky-kras.eu\/info\/wp-content\/uploads\/2025\/09\/zadiel14.jpg","featured_image_src_square":"https:\/\/www.slovensky-kras.eu\/info\/wp-content\/uploads\/2025\/09\/zadiel14.jpg","rbea_author_info":{"display_name":"admin","author_link":"https:\/\/www.slovensky-kras.eu\/info\/author\/admin\/"},"rbea_excerpt_info":"Menu: Pe\u0161ia turistika Pe\u0161ia turistika v Slovenskom krase: Najkraj\u0161\u00ed sp\u00f4sob, ako objavi\u0165 pr\u00edrodn\u00e9 poklady Pe\u0161ia turistika v Slovenskom krase patr\u00ed medzi najv\u00fdznamnej\u0161ie a najob\u013e\u00fabenej\u0161ie mo\u017enosti akt\u00edvneho oddychu v pr\u00edrode. Tento [&hellip;]","uagb_featured_image_src":{"full":["https:\/\/www.slovensky-kras.eu\/info\/wp-content\/uploads\/2025\/09\/zadiel14.jpg",1000,750,false],"thumbnail":["https:\/\/www.slovensky-kras.eu\/info\/wp-content\/uploads\/2025\/09\/zadiel14-150x150.jpg",150,150,true],"medium":["https:\/\/www.slovensky-kras.eu\/info\/wp-content\/uploads\/2025\/09\/zadiel14-800x600.jpg",800,600,true],"medium_large":["https:\/\/www.slovensky-kras.eu\/info\/wp-content\/uploads\/2025\/09\/zadiel14-768x576.jpg",768,576,true],"large":["https:\/\/www.slovensky-kras.eu\/info\/wp-content\/uploads\/2025\/09\/zadiel14.jpg",1000,750,false],"1536x1536":["https:\/\/www.slovensky-kras.eu\/info\/wp-content\/uploads\/2025\/09\/zadiel14.jpg",1000,750,false],"2048x2048":["https:\/\/www.slovensky-kras.eu\/info\/wp-content\/uploads\/2025\/09\/zadiel14.jpg",1000,750,false]},"uagb_author_info":{"display_name":"admin","author_link":"https:\/\/www.slovensky-kras.eu\/info\/author\/admin\/"},"uagb_comment_info":0,"uagb_excerpt":"Menu: Pe\u0161ia turistika Pe\u0161ia turistika v Slovenskom krase: Najkraj\u0161\u00ed sp\u00f4sob, ako objavi\u0165 pr\u00edrodn\u00e9 poklady Pe\u0161ia turistika v Slovenskom krase patr\u00ed medzi najv\u00fdznamnej\u0161ie a najob\u013e\u00fabenej\u0161ie mo\u017enosti akt\u00edvneho oddychu v pr\u00edrode. Tento [&hellip;]","_links":{"self":[{"href":"https:\/\/www.slovensky-kras.eu\/info\/wp-json\/wp\/v2\/pages\/13146","targetHints":{"allow":["GET"]}}],"collection":[{"href":"https:\/\/www.slovensky-kras.eu\/info\/wp-json\/wp\/v2\/pages"}],"about":[{"href":"https:\/\/www.slovensky-kras.eu\/info\/wp-json\/wp\/v2\/types\/page"}],"author":[{"embeddable":true,"href":"https:\/\/www.slovensky-kras.eu\/info\/wp-json\/wp\/v2\/users\/1"}],"replies":[{"embeddable":true,"href":"https:\/\/www.slovensky-kras.eu\/info\/wp-json\/wp\/v2\/comments?post=13146"}],"version-history":[{"count":10,"href":"https:\/\/www.slovensky-kras.eu\/info\/wp-json\/wp\/v2\/pages\/13146\/revisions"}],"predecessor-version":[{"id":29084,"href":"https:\/\/www.slovensky-kras.eu\/info\/wp-json\/wp\/v2\/pages\/13146\/revisions\/29084"}],"up":[{"embeddable":true,"href":"https:\/\/www.slovensky-kras.eu\/info\/wp-json\/wp\/v2\/pages\/11"}],"wp:featuredmedia":[{"embeddable":true,"href":"https:\/\/www.slovensky-kras.eu\/info\/wp-json\/wp\/v2\/media\/27759"}],"wp:attachment":[{"href":"https:\/\/www.slovensky-kras.eu\/info\/wp-json\/wp\/v2\/media?parent=13146"}],"curies":[{"name":"wp","href":"https:\/\/api.w.org\/{rel}","templated":true}]}}