{"id":1175,"date":"2013-07-13T10:14:28","date_gmt":"2013-07-13T08:14:28","guid":{"rendered":"http:\/\/www.slovensky-kras.eu\/info\/?page_id=1175"},"modified":"2025-08-05T08:00:41","modified_gmt":"2025-08-05T06:00:41","slug":"obec-rakovnica","status":"publish","type":"page","link":"https:\/\/www.slovensky-kras.eu\/info\/strediska-a-centra\/obec-rakovnica\/","title":{"rendered":"Obec Rakovnica"},"content":{"rendered":"<p><strong>Menu: <\/strong> <a href=\"http:\/\/www.slovensky-kras.eu\/info\/\" class=\"su-button su-button-style-default\" style=\"color:#000000;background-color:#FFCF2F;border-color:#cca626;border-radius:5px\" target=\"_self\"><span style=\"color:#000000;padding:6px 16px;font-size:13px;line-height:20px;border-color:#ffde6e;border-radius:5px;text-shadow:none\"><i class=\"sui sui-arrow-right\" style=\"font-size:13px;color:#000000\"><\/i>  \u00davod \/ Aktuality <\/span><\/a>\n<a href=\"http:\/\/www.slovensky-kras.eu\/info\/strediska-a-centra\/\" class=\"su-button su-button-style-default\" style=\"color:#000000;background-color:#FFCF2F;border-color:#cca626;border-radius:5px\" target=\"_self\"><span style=\"color:#000000;padding:6px 16px;font-size:13px;line-height:20px;border-color:#ffde6e;border-radius:5px;text-shadow:none\"><i class=\"sui sui-arrow-right\" style=\"font-size:13px;color:#000000\"><\/i>  Turistick\u00e9 v\u00fdchodisk\u00e1 <\/span><\/a>\n<div class=\"su-divider su-divider-style-default\" style=\"margin:15px 0;border-width:2px;border-color:#000000\"><\/div>\n<div class=\"su-accordion su-u-trim\">\n<div class=\"su-spoiler su-spoiler-style-fancy su-spoiler-icon-plus su-spoiler-closed\" data-scroll-offset=\"0\" data-anchor-in-url=\"no\"><div class=\"su-spoiler-title\" tabindex=\"0\" role=\"button\"><span class=\"su-spoiler-icon\"><\/span>Textov\u00e9 menu - Turistick\u00e9 v\u00fdchodisk\u00e1<\/div><div class=\"su-spoiler-content su-u-clearfix su-u-trim\"><div class=\"column-group columns-2\"><div class=\"column column-number-1 column-span-1\"><p><strong>Rekrea\u010dn\u00e9 stredisk\u00e1 a oblasti:<\/strong><br \/>\n<a href=\"http:\/\/www.slovensky-kras.eu\/info\/?page_id=97\">Domica<\/a><br \/>\n<a href=\"http:\/\/www.slovensky-kras.eu\/info\/rekreacne-stredisko-gombasek\/\">Gombasek<\/a><br \/>\n<a href=\"http:\/\/www.slovensky-kras.eu\/info\/strediska-a-centra\/turisticka-oblast-soroska-jablonovske-sedlo\/\">Soro\u0161ka-Jablonovsk\u00e9 sedlo<\/a><br \/>\n<a href=\"http:\/\/www.slovensky-kras.eu\/info\/strediska-a-centra\/rekreacna-oblast-sugov\/\">\u0160ugov<\/a><br \/>\n<strong>Mest\u00e1:<\/strong><br \/>\n<a href=\"http:\/\/www.slovensky-kras.eu\/info\/strediska-a-centra\/mesto-medzev\/\">Medzev<\/a><br \/>\n<a href=\"http:\/\/www.slovensky-kras.eu\/info\/strediska-a-centra\/mesto-moldava-nad-bodvou\/\">Moldava nad Bodvou<\/a><br \/>\n<a href=\"http:\/\/www.slovensky-kras.eu\/info\/strediska-a-centra\/mesto-roznava\/\">Ro\u017e\u0148ava<\/a><br \/>\n<strong>Obce:<\/strong><br \/>\n<a href=\"http:\/\/www.slovensky-kras.eu\/info\/strediska-a-centra\/obec-ardovo\/\">Ardovo<\/a><br \/>\n<a title=\"Obec B\u00f4rka\" href=\"http:\/\/www.slovensky-kras.eu\/info\/strediska-a-centra\/obec-borka\/\">B\u00f4rka<\/a><br \/>\n<a href=\"http:\/\/www.slovensky-kras.eu\/info\/strediska-a-centra\/obec-bretka\/\">Bretka<\/a><br \/>\n<a href=\"http:\/\/www.slovensky-kras.eu\/info\/strediska-a-centra\/obec-brzotin\/\">Brzot\u00edn<\/a><br \/>\n<a href=\"http:\/\/www.slovensky-kras.eu\/info\/strediska-a-centra\/obec-dlha-ves\/\">Dlh\u00e1 Ves<\/a><br \/>\n<a href=\"http:\/\/www.slovensky-kras.eu\/info\/strediska-a-centra\/obec-drnava\/\">Drnava<\/a><br \/>\n<a href=\"http:\/\/www.slovensky-kras.eu\/info\/strediska-a-centra\/1017-2\/\">Dvorn\u00edky-V\u010del\u00e1re<\/a><br \/>\n<a href=\"http:\/\/www.slovensky-kras.eu\/info\/strediska-a-centra\/obec-drienovec-drienovecke-kupele\/\">Drienovec-Drienoveck\u00e9 k\u00fapele<\/a><br \/>\n<a href=\"http:\/\/www.slovensky-kras.eu\/info\/strediska-a-centra\/obec-gemerska-horka\/\">Gemersk\u00e1 H\u00f4rka<\/a><br \/>\n<a href=\"http:\/\/www.slovensky-kras.eu\/info\/obec-hacava\/\">Ha\u010dava<\/a><br \/>\n<a href=\"http:\/\/www.slovensky-kras.eu\/info\/strediska-a-centra\/obec-haj\/\">H\u00e1j<\/p>\n<\/div>\n<\/a><div class=\"column column-number-2 last column-span-1\"><p><a href=\"http:\/\/www.slovensky-kras.eu\/info\/strediska-a-centra\/obec-hrhov\/\">Hrhov<\/a><br \/>\n<a href=\"http:\/\/www.slovensky-kras.eu\/info\/strediska-a-centra\/obec-hrusov\/\">Hru\u0161ov<\/a><br \/>\n<a href=\"http:\/\/www.slovensky-kras.eu\/info\/strediska-a-centra\/obec-jablonov-nad-turnou\/\">Jablonov nad Tur\u0148ou<\/a><br \/>\n<a href=\"http:\/\/www.slovensky-kras.eu\/info\/strediska-a-centra\/obec-jasov\/\">Jasov<\/a><br \/>\n<a href=\"http:\/\/www.slovensky-kras.eu\/info\/strediska-a-centra\/obec-jovice\/\">Jovice<\/a><br \/>\n<a href=\"http:\/\/www.slovensky-kras.eu\/info\/strediska-a-centra\/obec-kecovo\/\">Ke\u010dovo<\/a><br \/>\n<a href=\"http:\/\/www.slovensky-kras.eu\/info\/strediska-a-centra\/obec-krasnohorska-dlha-luka\/\">Kr\u00e1snohorsk\u00e1 Dlh\u00e1 L\u00faka<\/a><br \/>\n<a href=\"http:\/\/www.slovensky-kras.eu\/info\/strediska-a-centra\/obec-krasnohorske-podhradie\/\">Kr\u00e1snohorsk\u00e9 Podhradie<\/a><br \/>\n<a href=\"http:\/\/www.slovensky-kras.eu\/info\/strediska-a-centra\/obec-kruzna\/\">Kru\u017en\u00e1<\/a><br \/>\n<a href=\"http:\/\/www.slovensky-kras.eu\/info\/strediska-a-centra\/obec-lucka\/\">L\u00fa\u010dka<\/a><br \/>\n<a href=\"http:\/\/www.slovensky-kras.eu\/info\/strediska-a-centra\/obec-ochtina\/\">Ochtin\u00e1<\/a><br \/>\n<a href=\"http:\/\/www.slovensky-kras.eu\/info\/strediska-a-centra\/obec-plesivec\/\">Ple\u0161ivec<\/a><br \/>\n<a href=\"http:\/\/www.slovensky-kras.eu\/info\/strediska-a-centra\/obec-rakovnica\/\">Rakovnica<\/a><br \/>\n<a href=\"http:\/\/www.slovensky-kras.eu\/info\/strediska-a-centra\/obec-silica\/\">Silica<\/a><br \/>\n<a href=\"http:\/\/www.slovensky-kras.eu\/info\/strediska-a-centra\/obec-silicka-brezova\/\">Silick\u00e1 Brezov\u00e1<\/a><br \/>\n<a href=\"http:\/\/www.slovensky-kras.eu\/info\/strediska-a-centra\/obec-silicka-jablonica\/\">Silick\u00e1 Jablonica<\/a><br \/>\n<a href=\"http:\/\/www.slovensky-kras.eu\/info\/strediska-a-centra\/obec-slavec\/\">Slavec<\/a><br \/>\n<a href=\"http:\/\/www.slovensky-kras.eu\/info\/strediska-a-centra\/obec-stitnik\/\">\u0160t\u00edtnik<\/a><br \/>\n<a href=\"http:\/\/www.slovensky-kras.eu\/info\/strediska-a-centra\/obec-turna-nad-bodvou\/\">Tur\u0148a nad Bodvou<\/a><br \/>\n<a href=\"http:\/\/www.slovensky-kras.eu\/info\/strediska-a-centra\/obec-zadiel\/\">Z\u00e1diel<\/a><\/p>\n<\/div><\/div>\n<\/div><\/div>\n<\/div>\n<div class=\"su-divider su-divider-style-default\" style=\"margin:15px 0;border-width:2px;border-color:#000000\"><\/div>\n<h3><span style=\"color: #808000;\">V\u0161eobecn\u00e9 inform\u00e1cie<\/span><\/h3>\n<p>Rakovnica je obec na Slovensku v okrese Ro\u017e\u0148ava (Ko\u0161ick\u00fd samospr\u00e1vny kraj).<\/p>\n<figure id=\"attachment_18102\" aria-describedby=\"caption-attachment-18102\" style=\"width: 800px\" class=\"wp-caption aligncenter\"><a href=\"http:\/\/www.slovensky-kras.eu\/info\/wp-content\/uploads\/2020\/11\/rakovnica.jpg\"><img loading=\"lazy\" decoding=\"async\" class=\"wp-image-18102 size-full\" src=\"http:\/\/www.slovensky-kras.eu\/info\/wp-content\/uploads\/2020\/11\/rakovnica.jpg\" alt=\"\" width=\"800\" height=\"533\" srcset=\"https:\/\/www.slovensky-kras.eu\/info\/wp-content\/uploads\/2020\/11\/rakovnica.jpg 800w, https:\/\/www.slovensky-kras.eu\/info\/wp-content\/uploads\/2020\/11\/rakovnica-768x512.jpg 768w\" sizes=\"auto, (max-width: 800px) 100vw, 800px\" \/><\/a><figcaption id=\"caption-attachment-18102\" class=\"wp-caption-text\">Obec Rakovnica- poh\u013ead z Ple\u0161iveckej planiny<\/figcaption><\/figure>\n<p>Obec le\u017e\u00ed v z\u00e1padnej \u010dasti <a href=\"https:\/\/sk.wikipedia.org\/wiki\/Ro%C5%BE%C5%88avsk%C3%A1_kotlina\" target=\"_blank\" rel=\"noopener\">Ro\u017e\u0148avskej kotliny<\/a>, v severnej \u010dasti <a href=\"https:\/\/www.slovensky-kras.eu\/info\/vseobecne-informacie\/\">Slovensk\u00e9ho krasu<\/a>, pribli\u017ene 7 km od mesta <a href=\"http:\/\/www.slovensky-kras.eu\/info\/strediska-a-centra\/mesto-roznava\/\">Ro\u017e\u0148ava<\/a> (z\u00e1padn\u00fdm smerom).<\/p>\n<p>Nadmorsk\u00e1 v\u00fd\u0161ka v strede obce je 358 m, 316-825 m v chot\u00e1ri.<\/p>\n<figure id=\"attachment_22193\" aria-describedby=\"caption-attachment-22193\" style=\"width: 800px\" class=\"wp-caption aligncenter\"><a href=\"https:\/\/www.slovensky-kras.eu\/info\/wp-content\/uploads\/2022\/01\/rakovnica2.jpg\"><img loading=\"lazy\" decoding=\"async\" class=\"wp-image-22193 size-medium\" src=\"https:\/\/www.slovensky-kras.eu\/info\/wp-content\/uploads\/2022\/01\/rakovnica2-800x600.jpg\" alt=\"\" width=\"800\" height=\"600\" srcset=\"https:\/\/www.slovensky-kras.eu\/info\/wp-content\/uploads\/2022\/01\/rakovnica2-800x600.jpg 800w, https:\/\/www.slovensky-kras.eu\/info\/wp-content\/uploads\/2022\/01\/rakovnica2-768x576.jpg 768w, https:\/\/www.slovensky-kras.eu\/info\/wp-content\/uploads\/2022\/01\/rakovnica2.jpg 1000w\" sizes=\"auto, (max-width: 800px) 100vw, 800px\" \/><\/a><figcaption id=\"caption-attachment-22193\" class=\"wp-caption-text\">Obec Rakovnica &#8211; murovan\u00fd dom z polovice 20. storo\u010dia<\/figcaption><\/figure>\n<p>Dnes pomerne mal\u00e1 obec je vstupnou br\u00e1nou na <a href=\"http:\/\/www.slovensky-kras.eu\/info\/kam-do-prirody\/plesivecka-planina\/\">Ple\u0161iveck\u00fa planinu<\/a> zo severoz\u00e1padu.<\/p>\n<p>Ne\u010falek\u00e1 <a href=\"http:\/\/www.slovensky-kras.eu\/info\/kam-do-prirody\/plesivecka-planina\/\">Ple\u0161iveck\u00e1 planina<\/a> je ve\u013emi atrakt\u00edvna pre turistiku s mno\u017estvom krasov\u00fdch \u00fatvarov (\u0161krapov\u00e9 polia, z\u00e1vrty, jaskyne, priepasti a pod.) ozna\u010den\u00e1 turistick\u00fdmi zna\u010dkami pre pe\u0161ie t\u00fary.<\/p>\n<figure id=\"attachment_18103\" aria-describedby=\"caption-attachment-18103\" style=\"width: 800px\" class=\"wp-caption aligncenter\"><a href=\"http:\/\/www.slovensky-kras.eu\/info\/wp-content\/uploads\/2020\/11\/rakovnica2.jpg\"><img loading=\"lazy\" decoding=\"async\" class=\"wp-image-18103 size-medium\" src=\"http:\/\/www.slovensky-kras.eu\/info\/wp-content\/uploads\/2020\/11\/rakovnica2-800x450.jpg\" alt=\"\" width=\"800\" height=\"450\" srcset=\"https:\/\/www.slovensky-kras.eu\/info\/wp-content\/uploads\/2020\/11\/rakovnica2-800x450.jpg 800w, https:\/\/www.slovensky-kras.eu\/info\/wp-content\/uploads\/2020\/11\/rakovnica2-768x432.jpg 768w, https:\/\/www.slovensky-kras.eu\/info\/wp-content\/uploads\/2020\/11\/rakovnica2.jpg 1000w\" sizes=\"auto, (max-width: 800px) 100vw, 800px\" \/><\/a><figcaption id=\"caption-attachment-18103\" class=\"wp-caption-text\">Obec Rakovnica fotograf: Marcin\u010din Jozef<\/figcaption><\/figure>\n<p>Z pamiatok sa v obci nach\u00e1dza pomerne dos\u0165 zachovan\u00fdch <strong>tradi\u010dn\u00fdch sedliackych domov<\/strong> z konca 19. a za\u010diatku 20.storo\u010dia, <strong>klasicistick\u00fd evanjelick\u00fd kostol<\/strong> z 19.storo\u010dia a <strong>r\u00edmskokatol\u00edcky p\u00fatnick\u00fd kostol sv\u00e4tej M\u00e1rie Magdal\u00e9ny<\/strong> z 13.storo\u010dia.<\/p>\n<h4><span style=\"color: #993300;\">Evanjelick\u00fd kostol<\/span><\/h4>\n<p>Evanjelick\u00fd kostol je jednolo\u010fov\u00e1 klasicistick\u00e1 stavba s polkruhov\u00fdm ukon\u010den\u00edm presbyt\u00e9ria a predstavanou ve\u017eou z roku 1836.<\/p>\n<figure id=\"attachment_18100\" aria-describedby=\"caption-attachment-18100\" style=\"width: 800px\" class=\"wp-caption aligncenter\"><a href=\"http:\/\/www.slovensky-kras.eu\/info\/wp-content\/uploads\/2020\/11\/rakovnica1.jpg\"><img loading=\"lazy\" decoding=\"async\" class=\"wp-image-18100 size-medium\" src=\"http:\/\/www.slovensky-kras.eu\/info\/wp-content\/uploads\/2020\/11\/rakovnica1-800x600.jpg\" alt=\"\" width=\"800\" height=\"600\" srcset=\"https:\/\/www.slovensky-kras.eu\/info\/wp-content\/uploads\/2020\/11\/rakovnica1-800x600.jpg 800w, https:\/\/www.slovensky-kras.eu\/info\/wp-content\/uploads\/2020\/11\/rakovnica1-768x576.jpg 768w, https:\/\/www.slovensky-kras.eu\/info\/wp-content\/uploads\/2020\/11\/rakovnica1.jpg 1000w\" sizes=\"auto, (max-width: 800px) 100vw, 800px\" \/><\/a><figcaption id=\"caption-attachment-18100\" class=\"wp-caption-text\">Evanjelick\u00fd kostol fotograf: Marcin\u010din Jozef<\/figcaption><\/figure>\n<p>Kostol pre\u0161iel obnovou v roku 1866.<\/p>\n<p>Priestor je zaklenut\u00fd pruskou klenbou, presbyt\u00e9rium konchou.<\/p>\n<p>Nach\u00e1dza sa tu dreven\u00e1 vyrez\u00e1van\u00e1 empora, neskorobarokov\u00fd olt\u00e1r z konca 18. storo\u010dia s obrazom Kristus v Getsemanskej z\u00e1hrade zo za\u010diatku 20. storo\u010dia.<\/p>\n<p>S\u00fa\u010das\u0165ou olt\u00e1ra s\u00fa sochy apo\u0161tolov Petra a Pavla.<\/p>\n<p>Ve\u017ea kostola je \u010dlenen\u00e1 pilastrami a ukon\u010den\u00e1 korunnou r\u00edmsou s ter\u010d\u00edkom a zvonovitou helmicou.<\/p>\n<h3><span style=\"color: #993300;\">R\u00edmskokatol\u00edcky p\u00fatnick\u00fd kostol<\/span><\/h3>\n<p>R\u00edmskokatol\u00edcky p\u00fatnick\u00fd kostol sv. M\u00e1rie Magdal\u00e9ny je jednolo\u010fov\u00e1 rom\u00e1nska stavba s pravouhlym ukon\u010den\u00edm presbyt\u00e9ria, bez ve\u017ee, z prvej polovice 13. storo\u010dia.<\/p>\n<figure id=\"attachment_18101\" aria-describedby=\"caption-attachment-18101\" style=\"width: 900px\" class=\"wp-caption aligncenter\"><a href=\"http:\/\/www.slovensky-kras.eu\/info\/wp-content\/uploads\/2020\/11\/1280px-Magdolna_4.jpg\"><img loading=\"lazy\" decoding=\"async\" class=\"wp-image-18101 size-full\" src=\"http:\/\/www.slovensky-kras.eu\/info\/wp-content\/uploads\/2020\/11\/1280px-Magdolna_4.jpg\" alt=\"\" width=\"900\" height=\"600\" srcset=\"https:\/\/www.slovensky-kras.eu\/info\/wp-content\/uploads\/2020\/11\/1280px-Magdolna_4.jpg 900w, https:\/\/www.slovensky-kras.eu\/info\/wp-content\/uploads\/2020\/11\/1280px-Magdolna_4-800x533.jpg 800w, https:\/\/www.slovensky-kras.eu\/info\/wp-content\/uploads\/2020\/11\/1280px-Magdolna_4-768x512.jpg 768w\" sizes=\"auto, (max-width: 900px) 100vw, 900px\" \/><\/a><figcaption id=\"caption-attachment-18101\" class=\"wp-caption-text\">R\u00edmskokatol\u00edcky p\u00fatnick\u00fd kostol sv. M\u00e1rie Magdal\u00e9ny, fotograf : PosoniumAster<\/figcaption><\/figure>\n<p>Nach\u00e1dza sa nad dedinou v lesnom prostred\u00ed, na mieste b\u00fdval\u00e9ho os\u00eddlenia.<\/p>\n<p>Stavba je postaven\u00e1 z lomov\u00e9ho kame\u0148a.<\/p>\n<p>Z rom\u00e1nskych detailov sa dochovali \u00fazke \u0161trbinov\u00e9 okn\u00e1 na ju\u017enej sttrane lode a na ju\u017enej a v\u00fdchodnej strane sv\u00e4tyne.<\/p>\n<p>Prv\u00e1 p\u00edsomn\u00e1 zmienka o kostole poch\u00e1dza a\u017e z roku 1416.<\/p>\n<p>Stavba bola po\u0161koden\u00e1 po\u017eiarom v roku 1658, n\u00e1sledne bol obnovovan\u00fd a z\u00edskal s\u00fa\u010dasn\u00fd barokov\u00fd olt\u00e1r.<\/p>\n<p>V tomto obdob\u00ed boli vonkaj\u0161ie fas\u00e1dy kostola ozdoben\u00e9 rastlinn\u00fdmi mot\u00edvmi v renesan\u010dnom duchu.<\/p>\n<p>V bl\u00edzkosti kostola sa nach\u00e1dza prame\u0148, ktor\u00fd je pova\u017eovan\u00fd za z\u00e1zra\u010dn\u00fd, \u010do potvrdil v roku 1796 p\u00e1pe\u017e Pius VI.<\/p>\n<p>K tomuto prame\u0148u sa konaj\u00fa p\u00fate.<\/p>\n<p>Kostol bol roz\u0161\u00edren\u00fd o pred\u013a\u017een\u00fa strechu, ktor\u00e1 tvor\u00ed otvoren\u00fa predsie\u0148.<\/p>\n<p>V roku 1970 sa uskuto\u010dnila obnova kostola, ktor\u00e1 nevhodne nahradila \u0161ind\u013eov\u00fa strechu dne\u0161n\u00fdm plechom.<\/p>\n<p>V okolit\u00fdch lesoch rastie preva\u017ene buk, dub, hrab, smrek a breza.<\/p>\n<h4><span style=\"color: #993300;\">Dom ban\u00edckych trad\u00edci\u00ed Rakovnica<\/span><\/h4>\n<p>Dom ban\u00edckych trad\u00edci\u00ed Rakovnica nie je len oby\u010dajn\u00e9 m\u00fazeum. Je to \u017eiv\u00e1 kronika, kde m\u00f4\u017eete na vlastn\u00e9 o\u010di vidie\u0165 artefakty, ktor\u00e9 sved\u010dia o intenz\u00edvnej banskej \u010dinnosti v okol\u00ed.<\/p>\n<figure id=\"attachment_27645\" aria-describedby=\"caption-attachment-27645\" style=\"width: 800px\" class=\"wp-caption aligncenter\"><a href=\"https:\/\/www.slovensky-kras.eu\/info\/wp-content\/uploads\/2025\/08\/Dom-banickych-tradicii-v-Rakovnici.jpg\"><img loading=\"lazy\" decoding=\"async\" class=\"wp-image-27645 size-medium\" src=\"https:\/\/www.slovensky-kras.eu\/info\/wp-content\/uploads\/2025\/08\/Dom-banickych-tradicii-v-Rakovnici-800x533.jpg\" alt=\"Dom ban\u00edckych trad\u00edci\u00ed Rakovnica\" width=\"800\" height=\"533\" srcset=\"https:\/\/www.slovensky-kras.eu\/info\/wp-content\/uploads\/2025\/08\/Dom-banickych-tradicii-v-Rakovnici-800x533.jpg 800w, https:\/\/www.slovensky-kras.eu\/info\/wp-content\/uploads\/2025\/08\/Dom-banickych-tradicii-v-Rakovnici-768x512.jpg 768w, https:\/\/www.slovensky-kras.eu\/info\/wp-content\/uploads\/2025\/08\/Dom-banickych-tradicii-v-Rakovnici.jpg 1024w\" sizes=\"auto, (max-width: 800px) 100vw, 800px\" \/><\/a><figcaption id=\"caption-attachment-27645\" class=\"wp-caption-text\">Dom ban\u00edckych trad\u00edci\u00ed Rakovnica, Zdroj foto: https:\/\/rakovnica.sk\/<\/figcaption><\/figure>\n<p><strong>Viac info o m\u00fazeu sa do\u010d\u00edtate tu:<\/strong><\/p>\n<ul>\n<li><a href=\"https:\/\/www.slovensky-kras.eu\/info\/muzea-kutlura-a-umenie\/dom-banickych-tradicii-rakovnica\/\" target=\"_blank\" rel=\"noopener\">Dom ban\u00edckych trad\u00edci\u00ed Rakovnica (\u010d\u00edtaj viac v novom okne\u2026 )<\/a><\/li>\n<\/ul>\n<h3><span style=\"color: #808000;\">Turistick\u00e9 mo\u017enosti a zauj\u00edmavosti<\/span><\/h3>\n<p>Najv\u00e4\u010d\u0161\u00edm turistick\u00fdm l\u00e1kadlom na <a href=\"http:\/\/www.slovensky-kras.eu\/info\/kam-do-prirody\/plesivecka-planina\/\">Ple\u0161iveckej planine<\/a> s\u00fa v\u00fdh\u013eadov\u00e1 <a href=\"http:\/\/www.slovensky-kras.eu\/info\/kam-do-prirody\/gerlasska-skala\/\">Gerla\u0161sk\u00e1 skala (752 m.n.m.)<\/a>, <a href=\"http:\/\/www.slovensky-kras.eu\/info\/kam-do-prirody\/pr-gerlasske-skaly\/\">PR Gerla\u0161sk\u00e9 skaly<\/a> a <a href=\"http:\/\/www.slovensky-kras.eu\/info\/kam-do-prirody\/krasove-zavrty-na-plesiveckej-planine\/\">krasov\u00e9 z\u00e1vrty<\/a>.<\/p>\n<h4><span style=\"color: #993300;\">Turistick\u00e9 trasy<\/span><\/h4>\n<p>V obci za\u010d\u00edna\u00a0<img loading=\"lazy\" decoding=\"async\" class=\"alignnone wp-image-10334 size-full\" src=\"http:\/\/www.slovensky-kras.eu\/info\/wp-content\/uploads\/2013\/07\/zelena.png\" alt=\"\" width=\"20\" height=\"21\" \/> zelen\u00e1 turistick\u00e1 trasa, ktor\u00e1 kon\u010d\u00ed pri v\u00fdh\u013eadovej <a href=\"http:\/\/www.slovensky-kras.eu\/info\/kam-do-prirody\/gerlasska-skala\/\">Gerla\u0161skej skale (752 m.n.m.)<\/a>.<\/p>\n<figure id=\"attachment_19524\" aria-describedby=\"caption-attachment-19524\" style=\"width: 800px\" class=\"wp-caption aligncenter\"><a href=\"http:\/\/www.slovensky-kras.eu\/info\/wp-content\/uploads\/2021\/01\/gerlasska.jpg\"><img loading=\"lazy\" decoding=\"async\" class=\"wp-image-19524 size-full\" src=\"http:\/\/www.slovensky-kras.eu\/info\/wp-content\/uploads\/2021\/01\/gerlasska.jpg\" alt=\"\" width=\"800\" height=\"533\" srcset=\"https:\/\/www.slovensky-kras.eu\/info\/wp-content\/uploads\/2021\/01\/gerlasska.jpg 800w, https:\/\/www.slovensky-kras.eu\/info\/wp-content\/uploads\/2021\/01\/gerlasska-768x512.jpg 768w\" sizes=\"auto, (max-width: 800px) 100vw, 800px\" \/><\/a><figcaption id=\"caption-attachment-19524\" class=\"wp-caption-text\">Gerla\u0161sk\u00e1 skala<\/figcaption><\/figure>\n<p>Celkov\u00fd \u010das z obce ku v\u00fdh\u013eadovej skale trv\u00e1\u00a0 pribli\u017ene 2:00 h (nasp\u00e4\u0165 1:45 h).<\/p>\n<h4><span style=\"color: #993300;\">Kombinovan\u00e9 trasy<\/span><\/h4>\n<p>Kombinovan\u00fdmi trasami sa z obce dostanete k technickej pamiatke <a href=\"http:\/\/www.slovensky-kras.eu\/info\/kam-za-pamiatkami\/serenyiho-cisterna\/\">Ser\u00e9nyiho cisterne<\/a>.<\/p>\n<figure id=\"attachment_9712\" aria-describedby=\"caption-attachment-9712\" style=\"width: 800px\" class=\"wp-caption aligncenter\"><a href=\"http:\/\/www.slovensky-kras.eu\/info\/wp-content\/uploads\/2014\/03\/znicena_cisterna.jpg\"><img loading=\"lazy\" decoding=\"async\" class=\"wp-image-9712 size-medium\" src=\"http:\/\/www.slovensky-kras.eu\/info\/wp-content\/uploads\/2014\/03\/znicena_cisterna-800x600.jpg\" alt=\"Ser\u00e9nyiho cisterna \" width=\"800\" height=\"600\" srcset=\"https:\/\/www.slovensky-kras.eu\/info\/wp-content\/uploads\/2014\/03\/znicena_cisterna-800x600.jpg 800w, https:\/\/www.slovensky-kras.eu\/info\/wp-content\/uploads\/2014\/03\/znicena_cisterna-1024x768.jpg 1024w, https:\/\/www.slovensky-kras.eu\/info\/wp-content\/uploads\/2014\/03\/znicena_cisterna-768x576.jpg 768w, https:\/\/www.slovensky-kras.eu\/info\/wp-content\/uploads\/2014\/03\/znicena_cisterna.jpg 1134w\" sizes=\"auto, (max-width: 800px) 100vw, 800px\" \/><\/a><figcaption id=\"caption-attachment-9712\" class=\"wp-caption-text\">Ser\u00e9nyiho cisterna<\/figcaption><\/figure>\n<p>Postaven\u00e1 bola v roku 1913 (stavba bola skolaudovan\u00e1 10.2.1914) ako d\u00f4sledok dlhodob\u00e9ho sucha na za\u010diatku 20. storo\u010dia.<\/p>\n<h4><span style=\"color: #993300;\">Cykloturistick\u00e9 trasy<\/span><\/h4>\n<p>Obcou prech\u00e1dza modr\u00e1 cykloturistick\u00e1 trasa.<\/p>\n<h3><span style=\"color: #808000;\">Hist\u00f3ria<\/span><\/h3>\n<p>Obec vznikla ako uhliarsk\u00e1 osada na \u00fazem\u00ed hradu Brzot\u00edn asi v 13. storo\u010d\u00ed.<\/p>\n<p>Prv\u00e1 p\u00edsomn\u00e1 zmienka o obci je z roku 1327.<\/p>\n<p>Vznikla na \u00fazem\u00ed stredovek\u00e9ho brzot\u00ednskeho panstva, ktor\u00e9 spolu s \u010fal\u0161\u00edmi majetkami Gemersk\u00e9ho hradu pred tat\u00e1rskym plienen\u00edm vlastnil kr\u00e1\u013e Belo IV..<\/p>\n<p>Patrila Mari\u00e1\u0161ovcom (Mari\u00e1ssyovcom) a v novoveku rozli\u010dn\u00fdm zemep\u00e1nom.<\/p>\n<p>Prv\u00e9 n\u00e1zvy obce boli Rakunchas (1327), Ujfalu-Nov\u00e1 Ves (1352, Rekenye\u00faffalu &#8211; Reke\u0148sk\u00e1 Nov\u00e1 Ves (1427), Reke\u0148a (1920), Rakovnica (1948).<\/p>\n<p>V rokoch 1709-1710 obec postihol mor, ktor\u00ed si vy\u017eiadal 109 obet\u00ed.<\/p>\n<p>Obyvatelia obce sa v minulosti \u017eivili po\u013enohospod\u00e1rstvom, pastierstvom, ban\u00edctvom a uhliarstvom.<\/p>\n<p>Potvrdzuje to obecn\u00e1 pe\u010da\u0165, poch\u00e1dzaj\u00faca zo za\u010diatku 19. storo\u010dia.<\/p>\n<p>Jej otla\u010dok je ulo\u017een\u00fd v Krajinskom arch\u00edve v Budape\u0161ti.<\/p>\n<p>Na pe\u010dati s kruhopisom Rekenye Vifalr 1801 je zobrazen\u00e1 stojaca postava ban\u00edka v oboch ruk\u00e1ch s ban\u00edckymi kladivami, nad n\u00edm hviezda a po stran\u00e1ch skaly.<\/p>\n<p>V rokoch 1939 a\u017e 1945 bola obec pripojen\u00e1 k Ma\u010farsku.<\/p>\n<h3><span style=\"color: #808000;\">Pamiatky<\/span><\/h3>\n<ul>\n<li>Klasicistick\u00fd evanjelick\u00fd kostol z 19.storo\u010dia<\/li>\n<\/ul>\n<ul>\n<li>R\u00edmskokatol\u00edcky p\u00fatnick\u00fd kostol sv\u00e4tej M\u00e1rie Magdal\u00e9ny z 13.storo\u010dia<\/li>\n<\/ul>\n<ul>\n<li>katol\u00edcky kostol z r.1853<\/li>\n<\/ul>\n<h3><span style=\"color: #808000;\">Ostatn\u00e9 &#8211; zauj\u00edmavosti<\/span><\/h3>\n<ul>\n<li>Slovensk\u00e1 bansk\u00e1 cesta (\u010d\u00edtaj viac&#8230;)<\/li>\n<\/ul>\n<h3><span style=\"color: #808000;\">Mapy<\/span><\/h3>\n<p><strong>Vrstvy: <\/strong>Turistick\u00e1 mapa, Automapa, Cyklomapa, Ly\u017eiarska mapa, Satelitn\u00e1 mapa a OpenStreetMap.<\/p>\n<p><strong>Kliknut\u00edm na logo &#8222;Freemap.sk&#8220; sa V\u00e1m mapa zobraz\u00ed na celej ploche obrazovky.<\/strong><\/p>\n<p><iframe style=\"width: 800px; height: 600px; border: 0;\" src=\"https:\/\/www.freemap.sk\/?map=14\/48.661348\/20.460191&amp;info-point=48.661348\/20.460191,Obec Rakovnica&amp;layers=T&amp;embed=search\" allowfullscreen=\"allowfullscreen\"><\/iframe><\/p>\n<h3><span style=\"color: #808000;\">Po\u010dasie<\/span><br \/>\n<iframe style=\"width: 800px; height: 610px;\" src=\"https:\/\/www.meteoblue.com\/sk\/po%C4%8Dasie\/widget\/three\/rakovnica_slovensk%c3%a1-republika_723776?geoloc=fixed&amp;nocurrent=0&amp;noforecast=0&amp;days=6&amp;tempunit=CELSIUS&amp;windunit=KILOMETER_PER_HOUR&amp;layout=image\" frameborder=\"0\" scrolling=\"NO\" sandbox=\"allow-same-origin allow-scripts allow-popups allow-popups-to-escape-sandbox\"><span data-mce-type=\"bookmark\" style=\"display: inline-block; width: 0px; overflow: hidden; line-height: 0;\" class=\"mce_SELRES_start\">\ufeff<\/span><\/iframe><\/h3>\n<div><!-- DO NOT REMOVE THIS LINK --><a href=\"https:\/\/www.meteoblue.com\/sk\/po%C4%8Dasie\/predpove%C4%8F\/t%C3%BD%C5%BEde%C5%88\/rakovnica_slovensk%c3%a1-republika_723776?utm_source=weather_widget&amp;utm_medium=linkus&amp;utm_content=three&amp;utm_campaign=Weather%2BWidget\" target=\"_blank\" rel=\"noopener noreferrer\">meteoblue<\/a><\/div>\n","protected":false},"excerpt":{"rendered":"<p>Menu: V\u0161eobecn\u00e9 inform\u00e1cie Rakovnica je obec na Slovensku v okrese Ro\u017e\u0148ava (Ko\u0161ick\u00fd samospr\u00e1vny kraj). Obec le\u017e\u00ed v z\u00e1padnej \u010dasti Ro\u017e\u0148avskej kotliny, v severnej \u010dasti Slovensk\u00e9ho krasu, pribli\u017ene 7 km od [&hellip;]<\/p>\n","protected":false},"author":1,"featured_media":0,"parent":9,"menu_order":0,"comment_status":"closed","ping_status":"open","template":"","meta":{"_uag_custom_page_level_css":"","footnotes":""},"class_list":["post-1175","page","type-page","status-publish","hentry"],"featured_image_src":"","featured_image_src_square":false,"rbea_author_info":{"display_name":"admin","author_link":"https:\/\/www.slovensky-kras.eu\/info\/author\/admin\/"},"rbea_excerpt_info":"Menu: V\u0161eobecn\u00e9 inform\u00e1cie Rakovnica je obec na Slovensku v okrese Ro\u017e\u0148ava (Ko\u0161ick\u00fd samospr\u00e1vny kraj). Obec le\u017e\u00ed v z\u00e1padnej \u010dasti Ro\u017e\u0148avskej kotliny, v severnej \u010dasti Slovensk\u00e9ho krasu, pribli\u017ene 7 km od [&hellip;]","uagb_featured_image_src":{"full":false,"thumbnail":false,"medium":false,"medium_large":false,"large":false,"1536x1536":false,"2048x2048":false},"uagb_author_info":{"display_name":"admin","author_link":"https:\/\/www.slovensky-kras.eu\/info\/author\/admin\/"},"uagb_comment_info":0,"uagb_excerpt":"Menu: V\u0161eobecn\u00e9 inform\u00e1cie Rakovnica je obec na Slovensku v okrese Ro\u017e\u0148ava (Ko\u0161ick\u00fd samospr\u00e1vny kraj). Obec le\u017e\u00ed v z\u00e1padnej \u010dasti Ro\u017e\u0148avskej kotliny, v severnej \u010dasti Slovensk\u00e9ho krasu, pribli\u017ene 7 km od [&hellip;]","_links":{"self":[{"href":"https:\/\/www.slovensky-kras.eu\/info\/wp-json\/wp\/v2\/pages\/1175","targetHints":{"allow":["GET"]}}],"collection":[{"href":"https:\/\/www.slovensky-kras.eu\/info\/wp-json\/wp\/v2\/pages"}],"about":[{"href":"https:\/\/www.slovensky-kras.eu\/info\/wp-json\/wp\/v2\/types\/page"}],"author":[{"embeddable":true,"href":"https:\/\/www.slovensky-kras.eu\/info\/wp-json\/wp\/v2\/users\/1"}],"replies":[{"embeddable":true,"href":"https:\/\/www.slovensky-kras.eu\/info\/wp-json\/wp\/v2\/comments?post=1175"}],"version-history":[{"count":4,"href":"https:\/\/www.slovensky-kras.eu\/info\/wp-json\/wp\/v2\/pages\/1175\/revisions"}],"predecessor-version":[{"id":27653,"href":"https:\/\/www.slovensky-kras.eu\/info\/wp-json\/wp\/v2\/pages\/1175\/revisions\/27653"}],"up":[{"embeddable":true,"href":"https:\/\/www.slovensky-kras.eu\/info\/wp-json\/wp\/v2\/pages\/9"}],"wp:attachment":[{"href":"https:\/\/www.slovensky-kras.eu\/info\/wp-json\/wp\/v2\/media?parent=1175"}],"curies":[{"name":"wp","href":"https:\/\/api.w.org\/{rel}","templated":true}]}}