{"id":1161,"date":"2013-07-13T09:48:07","date_gmt":"2013-07-13T07:48:07","guid":{"rendered":"http:\/\/www.slovensky-kras.eu\/info\/?page_id=1161"},"modified":"2022-01-03T12:17:20","modified_gmt":"2022-01-03T11:17:20","slug":"obec-kruzna","status":"publish","type":"page","link":"https:\/\/www.slovensky-kras.eu\/info\/strediska-a-centra\/obec-kruzna\/","title":{"rendered":"Obec Kru\u017en\u00e1"},"content":{"rendered":"<p><strong>Menu: <\/strong> <a href=\"http:\/\/www.slovensky-kras.eu\/info\/\" class=\"su-button su-button-style-default\" style=\"color:#000000;background-color:#FFCF2F;border-color:#cca626;border-radius:5px\" target=\"_self\"><span style=\"color:#000000;padding:6px 16px;font-size:13px;line-height:20px;border-color:#ffde6e;border-radius:5px;text-shadow:none\"><i class=\"sui sui-arrow-right\" style=\"font-size:13px;color:#000000\"><\/i>  \u00davod \/ Aktuality <\/span><\/a>\n<a href=\"http:\/\/www.slovensky-kras.eu\/info\/strediska-a-centra\/\" class=\"su-button su-button-style-default\" style=\"color:#000000;background-color:#FFCF2F;border-color:#cca626;border-radius:5px\" target=\"_self\"><span style=\"color:#000000;padding:6px 16px;font-size:13px;line-height:20px;border-color:#ffde6e;border-radius:5px;text-shadow:none\"><i class=\"sui sui-arrow-right\" style=\"font-size:13px;color:#000000\"><\/i>  Turistick\u00e9 v\u00fdchodisk\u00e1 <\/span><\/a>\n<div class=\"su-divider su-divider-style-default\" style=\"margin:15px 0;border-width:2px;border-color:#000000\"><\/div>\n<div class=\"su-accordion su-u-trim\">\n<div class=\"su-spoiler su-spoiler-style-fancy su-spoiler-icon-plus su-spoiler-closed\" data-scroll-offset=\"0\" data-anchor-in-url=\"no\"><div class=\"su-spoiler-title\" tabindex=\"0\" role=\"button\"><span class=\"su-spoiler-icon\"><\/span>Textov\u00e9 menu - Turistick\u00e9 v\u00fdchodisk\u00e1<\/div><div class=\"su-spoiler-content su-u-clearfix su-u-trim\"><div class=\"column-group columns-2\"><div class=\"column column-number-1 column-span-1\"><p><strong>Rekrea\u010dn\u00e9 stredisk\u00e1 a oblasti:<\/strong><br \/>\n<a href=\"http:\/\/www.slovensky-kras.eu\/info\/?page_id=97\">Domica<\/a><br \/>\n<a href=\"http:\/\/www.slovensky-kras.eu\/info\/rekreacne-stredisko-gombasek\/\">Gombasek<\/a><br \/>\n<a href=\"http:\/\/www.slovensky-kras.eu\/info\/strediska-a-centra\/turisticka-oblast-soroska-jablonovske-sedlo\/\">Soro\u0161ka-Jablonovsk\u00e9 sedlo<\/a><br \/>\n<a href=\"http:\/\/www.slovensky-kras.eu\/info\/strediska-a-centra\/rekreacna-oblast-sugov\/\">\u0160ugov<\/a><br \/>\n<strong>Mest\u00e1:<\/strong><br \/>\n<a href=\"http:\/\/www.slovensky-kras.eu\/info\/strediska-a-centra\/mesto-medzev\/\">Medzev<\/a><br \/>\n<a href=\"http:\/\/www.slovensky-kras.eu\/info\/strediska-a-centra\/mesto-moldava-nad-bodvou\/\">Moldava nad Bodvou<\/a><br \/>\n<a href=\"http:\/\/www.slovensky-kras.eu\/info\/strediska-a-centra\/mesto-roznava\/\">Ro\u017e\u0148ava<\/a><br \/>\n<strong>Obce:<\/strong><br \/>\n<a href=\"http:\/\/www.slovensky-kras.eu\/info\/strediska-a-centra\/obec-ardovo\/\">Ardovo<\/a><br \/>\n<a title=\"Obec B\u00f4rka\" href=\"http:\/\/www.slovensky-kras.eu\/info\/strediska-a-centra\/obec-borka\/\">B\u00f4rka<\/a><br \/>\n<a href=\"http:\/\/www.slovensky-kras.eu\/info\/strediska-a-centra\/obec-bretka\/\">Bretka<\/a><br \/>\n<a href=\"http:\/\/www.slovensky-kras.eu\/info\/strediska-a-centra\/obec-brzotin\/\">Brzot\u00edn<\/a><br \/>\n<a href=\"http:\/\/www.slovensky-kras.eu\/info\/strediska-a-centra\/obec-dlha-ves\/\">Dlh\u00e1 Ves<\/a><br \/>\n<a href=\"http:\/\/www.slovensky-kras.eu\/info\/strediska-a-centra\/obec-drnava\/\">Drnava<\/a><br \/>\n<a href=\"http:\/\/www.slovensky-kras.eu\/info\/strediska-a-centra\/1017-2\/\">Dvorn\u00edky-V\u010del\u00e1re<\/a><br \/>\n<a href=\"http:\/\/www.slovensky-kras.eu\/info\/strediska-a-centra\/obec-drienovec-drienovecke-kupele\/\">Drienovec-Drienoveck\u00e9 k\u00fapele<\/a><br \/>\n<a href=\"http:\/\/www.slovensky-kras.eu\/info\/strediska-a-centra\/obec-gemerska-horka\/\">Gemersk\u00e1 H\u00f4rka<\/a><br \/>\n<a href=\"http:\/\/www.slovensky-kras.eu\/info\/obec-hacava\/\">Ha\u010dava<\/a><br \/>\n<a href=\"http:\/\/www.slovensky-kras.eu\/info\/strediska-a-centra\/obec-haj\/\">H\u00e1j<\/p>\n<\/div>\n<\/a><div class=\"column column-number-2 last column-span-1\"><p><a href=\"http:\/\/www.slovensky-kras.eu\/info\/strediska-a-centra\/obec-hrhov\/\">Hrhov<\/a><br \/>\n<a href=\"http:\/\/www.slovensky-kras.eu\/info\/strediska-a-centra\/obec-hrusov\/\">Hru\u0161ov<\/a><br \/>\n<a href=\"http:\/\/www.slovensky-kras.eu\/info\/strediska-a-centra\/obec-jablonov-nad-turnou\/\">Jablonov nad Tur\u0148ou<\/a><br \/>\n<a href=\"http:\/\/www.slovensky-kras.eu\/info\/strediska-a-centra\/obec-jasov\/\">Jasov<\/a><br \/>\n<a href=\"http:\/\/www.slovensky-kras.eu\/info\/strediska-a-centra\/obec-jovice\/\">Jovice<\/a><br \/>\n<a href=\"http:\/\/www.slovensky-kras.eu\/info\/strediska-a-centra\/obec-kecovo\/\">Ke\u010dovo<\/a><br \/>\n<a href=\"http:\/\/www.slovensky-kras.eu\/info\/strediska-a-centra\/obec-krasnohorska-dlha-luka\/\">Kr\u00e1snohorsk\u00e1 Dlh\u00e1 L\u00faka<\/a><br \/>\n<a href=\"http:\/\/www.slovensky-kras.eu\/info\/strediska-a-centra\/obec-krasnohorske-podhradie\/\">Kr\u00e1snohorsk\u00e9 Podhradie<\/a><br \/>\n<a href=\"http:\/\/www.slovensky-kras.eu\/info\/strediska-a-centra\/obec-kruzna\/\">Kru\u017en\u00e1<\/a><br \/>\n<a href=\"http:\/\/www.slovensky-kras.eu\/info\/strediska-a-centra\/obec-lucka\/\">L\u00fa\u010dka<\/a><br \/>\n<a href=\"http:\/\/www.slovensky-kras.eu\/info\/strediska-a-centra\/obec-ochtina\/\">Ochtin\u00e1<\/a><br \/>\n<a href=\"http:\/\/www.slovensky-kras.eu\/info\/strediska-a-centra\/obec-plesivec\/\">Ple\u0161ivec<\/a><br \/>\n<a href=\"http:\/\/www.slovensky-kras.eu\/info\/strediska-a-centra\/obec-rakovnica\/\">Rakovnica<\/a><br \/>\n<a href=\"http:\/\/www.slovensky-kras.eu\/info\/strediska-a-centra\/obec-silica\/\">Silica<\/a><br \/>\n<a href=\"http:\/\/www.slovensky-kras.eu\/info\/strediska-a-centra\/obec-silicka-brezova\/\">Silick\u00e1 Brezov\u00e1<\/a><br \/>\n<a href=\"http:\/\/www.slovensky-kras.eu\/info\/strediska-a-centra\/obec-silicka-jablonica\/\">Silick\u00e1 Jablonica<\/a><br \/>\n<a href=\"http:\/\/www.slovensky-kras.eu\/info\/strediska-a-centra\/obec-slavec\/\">Slavec<\/a><br \/>\n<a href=\"http:\/\/www.slovensky-kras.eu\/info\/strediska-a-centra\/obec-stitnik\/\">\u0160t\u00edtnik<\/a><br \/>\n<a href=\"http:\/\/www.slovensky-kras.eu\/info\/strediska-a-centra\/obec-turna-nad-bodvou\/\">Tur\u0148a nad Bodvou<\/a><br \/>\n<a href=\"http:\/\/www.slovensky-kras.eu\/info\/strediska-a-centra\/obec-zadiel\/\">Z\u00e1diel<\/a><\/p>\n<\/div><\/div>\n<\/div><\/div>\n<\/div>\n<div class=\"su-divider su-divider-style-default\" style=\"margin:15px 0;border-width:2px;border-color:#000000\"><\/div>\n<h3><span style=\"color: #808000;\">V\u0161eobecn\u00e9 inform\u00e1cie<\/span><\/h3>\n<p>Obec sa nach\u00e1dza asi 1 km na z\u00e1pad od obce <a href=\"http:\/\/www.slovensky-kras.eu\/info\/strediska-a-centra\/obec-brzotin\/\">Brzot\u00edn<\/a> a asi 3 km na juhoz\u00e1pad od mesta <a href=\"http:\/\/www.slovensky-kras.eu\/info\/strediska-a-centra\/mesto-roznava\/\">Ro\u017e\u0148ava<\/a>, v z\u00e1padnej \u010dasti <a href=\"https:\/\/sk.wikipedia.org\/wiki\/Ro%C5%BE%C5%88avsk%C3%A1_kotlina\" target=\"_blank\" rel=\"noopener\">Ro\u017e\u0148avskej kotliny<\/a>.<\/p>\n<figure id=\"attachment_22217\" aria-describedby=\"caption-attachment-22217\" style=\"width: 800px\" class=\"wp-caption aligncenter\"><a href=\"https:\/\/www.slovensky-kras.eu\/info\/wp-content\/uploads\/2022\/01\/obec-kruzna1.png\"><img loading=\"lazy\" decoding=\"async\" class=\"wp-image-22217 size-full\" src=\"https:\/\/www.slovensky-kras.eu\/info\/wp-content\/uploads\/2022\/01\/obec-kruzna1.png\" alt=\"\" width=\"800\" height=\"531\" srcset=\"https:\/\/www.slovensky-kras.eu\/info\/wp-content\/uploads\/2022\/01\/obec-kruzna1.png 800w, https:\/\/www.slovensky-kras.eu\/info\/wp-content\/uploads\/2022\/01\/obec-kruzna1-768x510.png 768w\" sizes=\"auto, (max-width: 800px) 100vw, 800px\" \/><\/a><figcaption id=\"caption-attachment-22217\" class=\"wp-caption-text\">Obec Kru\u017en\u00e1<\/figcaption><\/figure>\n<p>Nadmorsk\u00e1 v\u00fd\u0161ka v strede obce je 300 m, 275-725 m v chot\u00e1ri.<\/p>\n<p>Z pamiatok sa v obci nach\u00e1dzaj\u00fa mal\u00e1 \u013eudov\u00e1 <strong>barokovo-klasicistick\u00e1 katol\u00edcka kaplnka najsv\u00e4tej\u0161ieho Srdca Je\u017ei\u0161ovho<\/strong> z roku 1880, <strong>evanjelick\u00fd reformovan\u00fd kostol\u00a0 <\/strong>z roku 1692 a nieko\u013eko zachovan\u00fdch <strong>tradi\u010dn\u00fdch sedliackych domov<\/strong> zo za\u010diatku 20. storo\u010dia.<\/p>\n<h4><span style=\"color: #993300;\">Reformovan\u00fd kostol<\/span><\/h4>\n<p>Reformovan\u00fd kostol je jednolo\u010fov\u00e1 stavba s pravouhl\u00fdm z\u00e1verom a predstavanou ve\u017eou z roku 1692.<\/p>\n<figure id=\"attachment_22220\" aria-describedby=\"caption-attachment-22220\" style=\"width: 800px\" class=\"wp-caption aligncenter\"><a href=\"https:\/\/www.slovensky-kras.eu\/info\/wp-content\/uploads\/2022\/01\/kruzna-obec.jpg\"><img loading=\"lazy\" decoding=\"async\" class=\"wp-image-22220 size-full\" src=\"https:\/\/www.slovensky-kras.eu\/info\/wp-content\/uploads\/2022\/01\/kruzna-obec.jpg\" alt=\"\" width=\"800\" height=\"601\" srcset=\"https:\/\/www.slovensky-kras.eu\/info\/wp-content\/uploads\/2022\/01\/kruzna-obec.jpg 800w, https:\/\/www.slovensky-kras.eu\/info\/wp-content\/uploads\/2022\/01\/kruzna-obec-768x577.jpg 768w\" sizes=\"auto, (max-width: 800px) 100vw, 800px\" \/><\/a><figcaption id=\"caption-attachment-22220\" class=\"wp-caption-text\">Reformovan\u00fd kostol<\/figcaption><\/figure>\n<p>Kostol bol klasicisticky upraven\u00fd v roku 1786.<\/p>\n<p>V interi\u00e9ri sa nach\u00e1dzaj\u00fa dve proti\u013eahl\u00e9 dreven\u00e9 empory umiestnen\u00e9 na krat\u0161\u00edch stran\u00e1ch p\u00f4dorysu a lavice z konca 18. storo\u010dia.<\/p>\n<p>S\u00fa\u010das\u0165ou interi\u00e9ru je kazate\u013enica z konca 18. storo\u010dia, zdoben\u00e1 rastlinn\u00fdmi mot\u00edvmi, umiestnen\u00e1 uprostred dlh\u0161ej strany p\u00f4dorysu.<\/p>\n<p>V kostole je uchov\u00e1van\u00e1 bohoslu\u017eobn\u00e1 stoln\u00e1 prikr\u00fdvka z obdobia postavenia kostola (1695).<\/p>\n<p>Fas\u00e1dy kostola s\u00fa hladk\u00e9 so segmentovo ukon\u010den\u00fdmi oknami.<\/p>\n<p>Ve\u017ea s polkruhovo ukon\u010den\u00fdmi rezonan\u010dn\u00fdmi otvormi je \u010dlenen\u00e1 liz\u00e9nami a ukon\u010den\u00e1 ihlancovou helmicou.<\/p>\n<h3><span style=\"color: #808000;\">Turistick\u00e9 mo\u017enosti a zauj\u00edmavosti<\/span><\/h3>\n<p>V bl\u00edzkosti obce sa nach\u00e1dzaj\u00fa nespr\u00edstupnen\u00e9 jaskyne star\u00e1 <strong>Brzot\u00ednska jasky\u0148a<\/strong>, <strong>Ma\u0161ta\u013en\u00e1 jasky\u0148a<\/strong> a <a href=\"http:\/\/www.slovensky-kras.eu\/info\/jaskyne-a-priepasti\/priepast-zvoniva-jama\/\">priepas\u0165 Zvoniv\u00e1 jama<\/a>.<\/p>\n<p><strong>Turistick\u00e9 trasy<\/strong><\/p>\n<p>V Kru\u017enej za\u010d\u00edna\u00a0<img loading=\"lazy\" decoding=\"async\" class=\"alignnone wp-image-10332 size-full\" src=\"http:\/\/www.slovensky-kras.eu\/info\/wp-content\/uploads\/2013\/06\/zlta.png\" alt=\"\" width=\"20\" height=\"21\" \/> \u017elt\u00e1 turistick\u00e1 trasa, ktor\u00e1 prech\u00e1dza\u00a0<a href=\"http:\/\/www.slovensky-kras.eu\/info\/kam-do-prirody\/plesivecka-planina\/\">Ple\u0161iveckou planinou<\/a> a\u017e do obce <a href=\"http:\/\/www.slovensky-kras.eu\/info\/strediska-a-centra\/obec-slavec\/\">Slavec<\/a>.<\/p>\n<p><strong>Kombinovan\u00e9 trasy<\/strong><\/p>\n<p>Kombinovan\u00fdmi trasami sa z obce dostanete na v\u00fdh\u013eadov\u00fa <a href=\"http:\/\/www.slovensky-kras.eu\/info\/kam-do-prirody\/gerlasska-skala\/\">Gerla\u0161sk\u00fa skalu (752 m n.n.)<\/a> a k technickej pamiatke <a href=\"http:\/\/www.slovensky-kras.eu\/info\/kam-za-pamiatkami\/serenyiho-cisterna\/\">Ser\u00e9nyiho cisterne<\/a>.<\/p>\n<figure id=\"attachment_17296\" aria-describedby=\"caption-attachment-17296\" style=\"width: 800px\" class=\"wp-caption aligncenter\"><a href=\"http:\/\/www.slovensky-kras.eu\/info\/wp-content\/uploads\/2020\/05\/sereniho1.jpg\"><img loading=\"lazy\" decoding=\"async\" class=\"wp-image-17296 size-medium\" src=\"http:\/\/www.slovensky-kras.eu\/info\/wp-content\/uploads\/2020\/05\/sereniho1-800x600.jpg\" alt=\"\" width=\"800\" height=\"600\" srcset=\"https:\/\/www.slovensky-kras.eu\/info\/wp-content\/uploads\/2020\/05\/sereniho1-800x600.jpg 800w, https:\/\/www.slovensky-kras.eu\/info\/wp-content\/uploads\/2020\/05\/sereniho1-1024x768.jpg 1024w, https:\/\/www.slovensky-kras.eu\/info\/wp-content\/uploads\/2020\/05\/sereniho1-768x576.jpg 768w, https:\/\/www.slovensky-kras.eu\/info\/wp-content\/uploads\/2020\/05\/sereniho1-1536x1152.jpg 1536w, https:\/\/www.slovensky-kras.eu\/info\/wp-content\/uploads\/2020\/05\/sereniho1-1200x900.jpg 1200w, https:\/\/www.slovensky-kras.eu\/info\/wp-content\/uploads\/2020\/05\/sereniho1.jpg 1920w\" sizes=\"auto, (max-width: 800px) 100vw, 800px\" \/><\/a><figcaption id=\"caption-attachment-17296\" class=\"wp-caption-text\">Ser\u00e9nyiho cisterna &#8211; foto: Viktor Bal\u00e1\u017e KST Ro\u017e\u0148ava<\/figcaption><\/figure>\n<p><strong>Cykloturistick\u00e9 trasy<\/strong><\/p>\n<p>Obcou prech\u00e1dza modr\u00e1 cykloturistick\u00e1 trasa.<\/p>\n<h3><span style=\"color: #808000;\">Hist\u00f3ria<\/span><\/h3>\n<p>Prv\u00e1 p\u00edsomn\u00e1 zmienka o obci je zo 14. storo\u010dia, ale jej po\u010diatky siahaj\u00fa do prvej polovice 13.storo\u010dia.<\/p>\n<p>Zalo\u017eili ju Mari\u00e1\u0161ovci (Mari\u00e1ssyovci) a patrila panstvu Brzot\u00edn.<\/p>\n<p>Obyvatelia obce sa v minulosti \u017eivili pastierstvom, drevoruba\u010dstvom a v\u00fdrobou dreven\u00e9ho uhlia.<\/p>\n<p>Za prvej \u010cSR po\u013enohospod\u00e1rska obec zn\u00e1ma ovocin\u00e1rstvom.<\/p>\n<p>V rokoch 1939 a\u017e 1945 bola obec pripojen\u00e1 k Ma\u010farsku.<\/p>\n<h3><span style=\"color: #808000;\">Pamiatky<\/span><\/h3>\n<ul>\n<li>Evanjelicko reformovan\u00fd kostol z roku 1692<\/li>\n<\/ul>\n<ul>\n<li>\u013dudov\u00e1 barokovo-klasicistick\u00e1 katolick\u00e1 kaplnka najsv\u00e4tej\u0161ieho Srdca Je\u017ei\u0161ovho z roku 1880<\/li>\n<\/ul>\n<h3><span style=\"color: #808000;\">Mapy<\/span><\/h3>\n<p><strong>Vrstvy: <\/strong>Turistick\u00e1 mapa, Automapa, Cyklomapa, Ly\u017eiarska mapa, Satelitn\u00e1 mapa a OpenStreetMap.<\/p>\n<p><strong>Kliknut\u00edm na logo &#8222;Freemap.sk&#8220; sa V\u00e1m mapa zobraz\u00ed na celej ploche obrazovky.<\/strong><\/p>\n<p><iframe style=\"width: 800px; height: 600px; border: 0;\" src=\"https:\/\/www.freemap.sk\/?map=14\/48.638496\/20.474010&amp;info-point=48.638496\/20.474010,Obec Kru\u017en\u00e1&amp;layers=T&amp;embed=search\" allowfullscreen=\"allowfullscreen\"><\/iframe><\/p>\n<h3><span style=\"color: #808000;\">Po\u010dasie<\/span><\/h3>\n<p><iframe style=\"width: 800px; height: 600px;\" src=\"https:\/\/www.meteoblue.com\/sk\/po%C4%8Dasie\/widget\/three\/kru%c5%ben%c3%a1_slovensk%c3%a1-republika_724372?geoloc=fixed&amp;nocurrent=0&amp;noforecast=0&amp;days=6&amp;tempunit=CELSIUS&amp;windunit=KILOMETER_PER_HOUR&amp;layout=image\" frameborder=\"0\" scrolling=\"NO\" sandbox=\"allow-same-origin allow-scripts allow-popups allow-popups-to-escape-sandbox\"><\/iframe><\/p>\n<div><!-- DO NOT REMOVE THIS LINK --><a href=\"https:\/\/www.meteoblue.com\/sk\/po%C4%8Dasie\/predpove%C4%8F\/t%C3%BD%C5%BEde%C5%88\/kru%c5%ben%c3%a1_slovensk%c3%a1-republika_724372?utm_source=weather_widget&amp;utm_medium=linkus&amp;utm_content=three&amp;utm_campaign=Weather%2BWidget\" target=\"_blank\" rel=\"noopener noreferrer\">meteoblue<\/a><\/div>\n","protected":false},"excerpt":{"rendered":"<p>Menu: V\u0161eobecn\u00e9 inform\u00e1cie Obec sa nach\u00e1dza asi 1 km na z\u00e1pad od obce Brzot\u00edn a asi 3 km na juhoz\u00e1pad od mesta Ro\u017e\u0148ava, v z\u00e1padnej \u010dasti Ro\u017e\u0148avskej kotliny. Nadmorsk\u00e1 v\u00fd\u0161ka [&hellip;]<\/p>\n","protected":false},"author":1,"featured_media":0,"parent":9,"menu_order":0,"comment_status":"closed","ping_status":"open","template":"","meta":{"_uag_custom_page_level_css":"","footnotes":""},"class_list":["post-1161","page","type-page","status-publish","hentry"],"featured_image_src":"","featured_image_src_square":false,"rbea_author_info":{"display_name":"admin","author_link":"https:\/\/www.slovensky-kras.eu\/info\/author\/admin\/"},"rbea_excerpt_info":"Menu: V\u0161eobecn\u00e9 inform\u00e1cie Obec sa nach\u00e1dza asi 1 km na z\u00e1pad od obce Brzot\u00edn a asi 3 km na juhoz\u00e1pad od mesta Ro\u017e\u0148ava, v z\u00e1padnej \u010dasti Ro\u017e\u0148avskej kotliny. Nadmorsk\u00e1 v\u00fd\u0161ka [&hellip;]","uagb_featured_image_src":{"full":false,"thumbnail":false,"medium":false,"medium_large":false,"large":false,"1536x1536":false,"2048x2048":false},"uagb_author_info":{"display_name":"admin","author_link":"https:\/\/www.slovensky-kras.eu\/info\/author\/admin\/"},"uagb_comment_info":0,"uagb_excerpt":"Menu: V\u0161eobecn\u00e9 inform\u00e1cie Obec sa nach\u00e1dza asi 1 km na z\u00e1pad od obce Brzot\u00edn a asi 3 km na juhoz\u00e1pad od mesta Ro\u017e\u0148ava, v z\u00e1padnej \u010dasti Ro\u017e\u0148avskej kotliny. Nadmorsk\u00e1 v\u00fd\u0161ka [&hellip;]","_links":{"self":[{"href":"https:\/\/www.slovensky-kras.eu\/info\/wp-json\/wp\/v2\/pages\/1161","targetHints":{"allow":["GET"]}}],"collection":[{"href":"https:\/\/www.slovensky-kras.eu\/info\/wp-json\/wp\/v2\/pages"}],"about":[{"href":"https:\/\/www.slovensky-kras.eu\/info\/wp-json\/wp\/v2\/types\/page"}],"author":[{"embeddable":true,"href":"https:\/\/www.slovensky-kras.eu\/info\/wp-json\/wp\/v2\/users\/1"}],"replies":[{"embeddable":true,"href":"https:\/\/www.slovensky-kras.eu\/info\/wp-json\/wp\/v2\/comments?post=1161"}],"version-history":[{"count":6,"href":"https:\/\/www.slovensky-kras.eu\/info\/wp-json\/wp\/v2\/pages\/1161\/revisions"}],"predecessor-version":[{"id":22221,"href":"https:\/\/www.slovensky-kras.eu\/info\/wp-json\/wp\/v2\/pages\/1161\/revisions\/22221"}],"up":[{"embeddable":true,"href":"https:\/\/www.slovensky-kras.eu\/info\/wp-json\/wp\/v2\/pages\/9"}],"wp:attachment":[{"href":"https:\/\/www.slovensky-kras.eu\/info\/wp-json\/wp\/v2\/media?parent=1161"}],"curies":[{"name":"wp","href":"https:\/\/api.w.org\/{rel}","templated":true}]}}