{"id":1043,"date":"2013-07-12T18:43:15","date_gmt":"2013-07-12T16:43:15","guid":{"rendered":"http:\/\/www.slovensky-kras.eu\/info\/?page_id=1043"},"modified":"2025-12-06T16:37:51","modified_gmt":"2025-12-06T15:37:51","slug":"turisticka-oblast-soroska-jablonovske-sedlo","status":"publish","type":"page","link":"https:\/\/www.slovensky-kras.eu\/info\/strediska-a-centra\/turisticka-oblast-soroska-jablonovske-sedlo\/","title":{"rendered":"Turistick\u00e1 oblas\u0165 Soro\u0161ka &#8211; Jablonovsk\u00e9 sedlo"},"content":{"rendered":"<p><strong>Menu: <\/strong> <a href=\"http:\/\/www.slovensky-kras.eu\/info\/\" class=\"su-button su-button-style-default\" style=\"color:#000000;background-color:#FFCF2F;border-color:#cca626;border-radius:5px\" target=\"_self\"><span style=\"color:#000000;padding:6px 16px;font-size:13px;line-height:20px;border-color:#ffde6e;border-radius:5px;text-shadow:none\"><i class=\"sui sui-arrow-right\" style=\"font-size:13px;color:#000000\"><\/i>  \u00davod \/ Aktuality <\/span><\/a>\n<a href=\"http:\/\/www.slovensky-kras.eu\/info\/strediska-a-centra\/\" class=\"su-button su-button-style-default\" style=\"color:#000000;background-color:#FFCF2F;border-color:#cca626;border-radius:5px\" target=\"_self\"><span style=\"color:#000000;padding:6px 16px;font-size:13px;line-height:20px;border-color:#ffde6e;border-radius:5px;text-shadow:none\"><i class=\"sui sui-arrow-right\" style=\"font-size:13px;color:#000000\"><\/i>  Turistick\u00e9 v\u00fdchodisk\u00e1 <\/span><\/a>\n<div class=\"su-divider su-divider-style-default\" style=\"margin:15px 0;border-width:3px;border-color:#000000\"><\/div>\n<div class=\"su-accordion su-u-trim\">\n<div class=\"su-spoiler su-spoiler-style-fancy su-spoiler-icon-plus su-spoiler-closed\" data-scroll-offset=\"0\" data-anchor-in-url=\"no\"><div class=\"su-spoiler-title\" tabindex=\"0\" role=\"button\"><span class=\"su-spoiler-icon\"><\/span>Textov\u00e9 menu - Turistick\u00e9 v\u00fdchodisk\u00e1<\/div><div class=\"su-spoiler-content su-u-clearfix su-u-trim\"><div class=\"column-group columns-2\"><div class=\"column column-number-1 column-span-1\"><p><strong>Rekrea\u010dn\u00e9 stredisk\u00e1 a oblasti:<\/strong><br \/>\n<a href=\"http:\/\/www.slovensky-kras.eu\/info\/?page_id=97\">Domica<\/a><br \/>\n<a href=\"http:\/\/www.slovensky-kras.eu\/info\/rekreacne-stredisko-gombasek\/\">Gombasek<\/a><br \/>\n<a href=\"http:\/\/www.slovensky-kras.eu\/info\/strediska-a-centra\/turisticka-oblast-soroska-jablonovske-sedlo\/\">Soro\u0161ka-Jablonovsk\u00e9 sedlo<\/a><br \/>\n<a href=\"http:\/\/www.slovensky-kras.eu\/info\/strediska-a-centra\/rekreacna-oblast-sugov\/\">\u0160ugov<\/a><br \/>\n<strong>Mest\u00e1:<\/strong><br \/>\n<a href=\"http:\/\/www.slovensky-kras.eu\/info\/strediska-a-centra\/mesto-medzev\/\">Medzev<\/a><br \/>\n<a href=\"http:\/\/www.slovensky-kras.eu\/info\/strediska-a-centra\/mesto-moldava-nad-bodvou\/\">Moldava nad Bodvou<\/a><br \/>\n<a href=\"http:\/\/www.slovensky-kras.eu\/info\/strediska-a-centra\/mesto-roznava\/\">Ro\u017e\u0148ava<\/a><br \/>\n<strong>Obce:<\/strong><br \/>\n<a href=\"http:\/\/www.slovensky-kras.eu\/info\/strediska-a-centra\/obec-ardovo\/\">Ardovo<\/a><br \/>\n<a title=\"Obec B\u00f4rka\" href=\"http:\/\/www.slovensky-kras.eu\/info\/strediska-a-centra\/obec-borka\/\">B\u00f4rka<\/a><br \/>\n<a href=\"http:\/\/www.slovensky-kras.eu\/info\/strediska-a-centra\/obec-bretka\/\">Bretka<\/a><br \/>\n<a href=\"http:\/\/www.slovensky-kras.eu\/info\/strediska-a-centra\/obec-brzotin\/\">Brzot\u00edn<\/a><br \/>\n<a href=\"http:\/\/www.slovensky-kras.eu\/info\/strediska-a-centra\/obec-dlha-ves\/\">Dlh\u00e1 Ves<\/a><br \/>\n<a href=\"http:\/\/www.slovensky-kras.eu\/info\/strediska-a-centra\/obec-drnava\/\">Drnava<\/a><br \/>\n<a href=\"http:\/\/www.slovensky-kras.eu\/info\/strediska-a-centra\/1017-2\/\">Dvorn\u00edky-V\u010del\u00e1re<\/a><br \/>\n<a href=\"http:\/\/www.slovensky-kras.eu\/info\/strediska-a-centra\/obec-drienovec-drienovecke-kupele\/\">Drienovec-Drienoveck\u00e9 k\u00fapele<\/a><br \/>\n<a href=\"http:\/\/www.slovensky-kras.eu\/info\/strediska-a-centra\/obec-gemerska-horka\/\">Gemersk\u00e1 H\u00f4rka<\/a><br \/>\n<a href=\"http:\/\/www.slovensky-kras.eu\/info\/obec-hacava\/\">Ha\u010dava<\/a><br \/>\n<a href=\"http:\/\/www.slovensky-kras.eu\/info\/strediska-a-centra\/obec-haj\/\">H\u00e1j<\/p>\n<\/div>\n<\/a><div class=\"column column-number-2 last column-span-1\"><p><a href=\"http:\/\/www.slovensky-kras.eu\/info\/strediska-a-centra\/obec-hrhov\/\">Hrhov<\/a><br \/>\n<a href=\"http:\/\/www.slovensky-kras.eu\/info\/strediska-a-centra\/obec-hrusov\/\">Hru\u0161ov<\/a><br \/>\n<a href=\"http:\/\/www.slovensky-kras.eu\/info\/strediska-a-centra\/obec-jablonov-nad-turnou\/\">Jablonov nad Tur\u0148ou<\/a><br \/>\n<a href=\"http:\/\/www.slovensky-kras.eu\/info\/strediska-a-centra\/obec-jasov\/\">Jasov<\/a><br \/>\n<a href=\"http:\/\/www.slovensky-kras.eu\/info\/strediska-a-centra\/obec-jovice\/\">Jovice<\/a><br \/>\n<a href=\"http:\/\/www.slovensky-kras.eu\/info\/strediska-a-centra\/obec-kecovo\/\">Ke\u010dovo<\/a><br \/>\n<a href=\"http:\/\/www.slovensky-kras.eu\/info\/strediska-a-centra\/obec-krasnohorska-dlha-luka\/\">Kr\u00e1snohorsk\u00e1 Dlh\u00e1 L\u00faka<\/a><br \/>\n<a href=\"http:\/\/www.slovensky-kras.eu\/info\/strediska-a-centra\/obec-krasnohorske-podhradie\/\">Kr\u00e1snohorsk\u00e9 Podhradie<\/a><br \/>\n<a href=\"http:\/\/www.slovensky-kras.eu\/info\/strediska-a-centra\/obec-kruzna\/\">Kru\u017en\u00e1<\/a><br \/>\n<a href=\"http:\/\/www.slovensky-kras.eu\/info\/strediska-a-centra\/obec-lucka\/\">L\u00fa\u010dka<\/a><br \/>\n<a href=\"http:\/\/www.slovensky-kras.eu\/info\/strediska-a-centra\/obec-ochtina\/\">Ochtin\u00e1<\/a><br \/>\n<a href=\"http:\/\/www.slovensky-kras.eu\/info\/strediska-a-centra\/obec-plesivec\/\">Ple\u0161ivec<\/a><br \/>\n<a href=\"http:\/\/www.slovensky-kras.eu\/info\/strediska-a-centra\/obec-rakovnica\/\">Rakovnica<\/a><br \/>\n<a href=\"http:\/\/www.slovensky-kras.eu\/info\/strediska-a-centra\/obec-silica\/\">Silica<\/a><br \/>\n<a href=\"http:\/\/www.slovensky-kras.eu\/info\/strediska-a-centra\/obec-silicka-brezova\/\">Silick\u00e1 Brezov\u00e1<\/a><br \/>\n<a href=\"http:\/\/www.slovensky-kras.eu\/info\/strediska-a-centra\/obec-silicka-jablonica\/\">Silick\u00e1 Jablonica<\/a><br \/>\n<a href=\"http:\/\/www.slovensky-kras.eu\/info\/strediska-a-centra\/obec-slavec\/\">Slavec<\/a><br \/>\n<a href=\"http:\/\/www.slovensky-kras.eu\/info\/strediska-a-centra\/obec-stitnik\/\">\u0160t\u00edtnik<\/a><br \/>\n<a href=\"http:\/\/www.slovensky-kras.eu\/info\/strediska-a-centra\/obec-turna-nad-bodvou\/\">Tur\u0148a nad Bodvou<\/a><br \/>\n<a href=\"http:\/\/www.slovensky-kras.eu\/info\/strediska-a-centra\/obec-zadiel\/\">Z\u00e1diel<\/a><\/p>\n<\/div><\/div>\n<\/div><\/div>\n<\/div>\n<div class=\"su-divider su-divider-style-default\" style=\"margin:15px 0;border-width:3px;border-color:#000000\"><\/div>\n<figure id=\"attachment_22617\" aria-describedby=\"caption-attachment-22617\" style=\"width: 900px\" class=\"wp-caption aligncenter\"><a href=\"https:\/\/www.slovensky-kras.eu\/info\/wp-content\/uploads\/2022\/01\/koliba-soroska.jpg\"><img loading=\"lazy\" decoding=\"async\" class=\"wp-image-22617\" src=\"https:\/\/www.slovensky-kras.eu\/info\/wp-content\/uploads\/2022\/01\/koliba-soroska.jpg\" alt=\"Turistick\u00e1 oblas\u0165 Soro\u0161ka - Jablonovsk\u00e9 sedlo\" width=\"900\" height=\"675\" srcset=\"https:\/\/www.slovensky-kras.eu\/info\/wp-content\/uploads\/2022\/01\/koliba-soroska.jpg 800w, https:\/\/www.slovensky-kras.eu\/info\/wp-content\/uploads\/2022\/01\/koliba-soroska-768x576.jpg 768w\" sizes=\"auto, (max-width: 900px) 100vw, 900px\" \/><\/a><figcaption id=\"caption-attachment-22617\" class=\"wp-caption-text\">Jablonovsk\u00e9 sedlo (535-570 m.n.m.) &#8211; Koliba Soro\u0161ka<\/figcaption><\/figure>\n<div class=\"su-divider su-divider-style-default\" style=\"margin:15px 0;border-width:3px;border-color:#000000\"><\/div>\n<p dir=\"auto\"><strong>Turistick\u00e1 oblas\u0165 Soro\u0161ka &#8211; Jablonovsk\u00e9 sedlo<\/strong> je jedn\u00fdm z najkraj\u0161\u00edch a najpr\u00edstupnej\u0161\u00edch horsk\u00fdch sediel na Slovensku, ide\u00e1lnym miestom na kr\u00e1tky v\u00fdlet aj dlh\u0161\u00ed pobyt v lone pr\u00edrody.<\/p>\n<h2 dir=\"auto\"><span style=\"color: #800000;\">Kde presne sa nach\u00e1dza turistick\u00e1 oblas\u0165 Soro\u0161ka &#8211; Jablonovsk\u00e9 sedlo?<\/span><\/h2>\n<p dir=\"auto\">Rekrea\u010dn\u00e1 oblas\u0165 Soro\u0161ka (ma\u010f. Szorosk\u0151) le\u017e\u00ed priamo v <strong>Jablonovskom sedle<\/strong>, ktor\u00e9 tvor\u00ed pr\u00edrodn\u00fa hranicu medzi <strong>Silickou planinou<\/strong> a planinou <strong>Horn\u00fd vrch<\/strong>.<\/p>\n<h2 dir=\"auto\"><span style=\"color: #800000;\">Ak\u00e9 turistick\u00e9 r\u00e1zcestia tu n\u00e1jdem a v akej nadmorskej v\u00fd\u0161ke le\u017eia?<\/span><\/h2>\n<p dir=\"auto\">V oblasti sa nach\u00e1dzaj\u00fa dva d\u00f4le\u017eit\u00e9 <strong>turistick\u00e9 r\u00e1zcestn\u00edky<\/strong>: <strong>Jablonovsk\u00e9 sedlo<\/strong> (535 m n. m.) a <strong>Soro\u0161ka<\/strong> (570 m n. m.).<\/p>\n<h2 dir=\"auto\"><span style=\"color: #800000;\">Ak\u00e9 in\u00e9 n\u00e1zvy malo Jablonovsk\u00e9 sedlo v minulosti?<\/span><\/h2>\n<p dir=\"auto\"><strong>Jablonovsk\u00e9 sedlo<\/strong> sa v hist\u00f3rii naz\u00fdvalo aj <strong>Lipovn\u00edcke sedlo<\/strong> alebo <strong>Tesn\u00e1 skala<\/strong>. Dodnes je ve\u013emi roz\u0161\u00edren\u00fd \u013eudov\u00fd n\u00e1zov <strong>Soro\u0161ka<\/strong> (ma\u010f. Szorosk\u0151).<\/p>\n<h2 dir=\"auto\"><span style=\"color: #800000;\">Akou cestou sa sem naj\u013eah\u0161ie dostanem autom?<\/span><\/h2>\n<p dir=\"auto\">Horsk\u00fdm priechodom <strong>Soro\u0161ka<\/strong> prech\u00e1dza d\u00f4le\u017eit\u00e1 <strong>cesta I. triedy 16 (I\/16)<\/strong> v trase Zvolen \u2013 Lu\u010denec \u2013 Ro\u017e\u0148ava \u2013 Ko\u0161ice. Cesta vznikla rozdelen\u00edm p\u00f4vodnej cesty I\/50 na tri samostatn\u00e9 \u00faseky.<\/p>\n<h2 dir=\"auto\"><span style=\"color: #800000;\">Kto postavil cestu cez Jablonovsk\u00e9 sedlo?<\/span><\/h2>\n<p dir=\"auto\">Modern\u00fa <strong>cestu cez Jablonovsk\u00e9 sedlo<\/strong> navrhol a postavil v 19. storo\u010d\u00ed projektant a stavite\u013e <strong>Kristian Rais<\/strong>.<\/p>\n<h2 dir=\"auto\"><span style=\"color: #800000;\">Kde si vychutn\u00e1m najkraj\u0161ie v\u00fdh\u013eady v okol\u00ed Soro\u0161ky?<\/span><\/h2>\n<p dir=\"auto\">Na rozsiahlom sedle n\u00e1jdete mno\u017estvo <strong>v\u00fdh\u013eadov\u00fdch miest<\/strong> s panoramatick\u00fdmi poh\u013eadmi do okolia \u2013 najm\u00e4 na dominantn\u00fd <strong>hrad Kr\u00e1sna H\u00f4rka<\/strong>.<\/p>\n<h2 dir=\"auto\"><span style=\"color: #800000;\">Kde sa m\u00f4\u017eem dobre najes\u0165 a kde zaparkova\u0165?<\/span><\/h2>\n<p dir=\"auto\">Priamo na <strong>Soro\u0161ke<\/strong> v\u00e1s priv\u00edta vych\u00fdren\u00e1 <strong>gemersk\u00e1 re\u0161taur\u00e1cia Koliba Soro\u0161ka<\/strong>, kde sa v\u00fdborne najete. K re\u0161taur\u00e1cii patr\u00ed aj priestrann\u00e9 <strong>parkovisko<\/strong>. Re\u0161taur\u00e1cia vznikla v druhej polovici 20. storo\u010dia.<\/p>\n<h2 dir=\"auto\"><span style=\"color: #800000;\">Ak\u00e9 historick\u00e9 stopy tu e\u0161te uvid\u00edm?<\/span><\/h2>\n<p dir=\"auto\">V minulosti tadia\u013e viedla <strong>historick\u00e1 obchodn\u00e1 cesta Soro\u0161ka<\/strong>, ktor\u00e1 prebieha v bezprostrednej bl\u00edzkosti dne\u0161nej cesty I\/16. E\u0161te dnes s\u00fa v skalnom podlo\u017e\u00ed jasne vidite\u013en\u00e9 <strong>vyryt\u00e9 ko\u013eaje po koles\u00e1ch vozov<\/strong> \u2013 tie p\u00f4vodne chr\u00e1nili vozy pred zr\u00faten\u00edm do rokliny.<\/p>\n<h2 dir=\"auto\"><span style=\"color: #800000;\">Ak\u00e9 \u010fal\u0161ie zauj\u00edmavosti pon\u00faka okolie Soro\u0161ky?<\/span><\/h2>\n<p dir=\"auto\">Cel\u00e9 <strong>stredisko Soro\u0161ka<\/strong> a jeho okolie l\u00e1ka n\u00e1dhern\u00fdmi <strong>v\u00fdh\u013eadmi<\/strong> (najm\u00e4 na <strong>hrad Kr\u00e1sna H\u00f4rka<\/strong>). Popod sedlo vedie <strong>\u017eelezni\u010dn\u00e1 tra\u0165<\/strong> cez <strong>Jablonovsk\u00fd tunel<\/strong> dlh\u00fd \u00factyhodn\u00fdch 3 162 metrov.<\/p>\n<h3><span style=\"color: #808000;\">Turistick\u00e9 trasy<\/span><\/h3>\n<p>Zo sedla ved\u00fa turistick\u00e9 cykloturistick\u00e9 trasy do okolitej pr\u00edrody a do obc\u00ed Slovensk\u00e9ho krasu.<\/p>\n<p>Stredisko je dobr\u00fdm v\u00fdchodiskom ku v\u00fdh\u013eadovej <a href=\"http:\/\/www.slovensky-kras.eu\/info\/kam-do-prirody\/dievcenska-skala\/\">Diev\u010denskej skale (660 m.n.m.)<\/a>, ktor\u00e1 sa nach\u00e1dza na <a href=\"http:\/\/www.slovensky-kras.eu\/info\/kam-do-prirody\/silicka-planina\/\">Silickej planine<\/a>.<\/p>\n<p>Na <a href=\"http:\/\/www.slovensky-kras.eu\/info\/kam-do-prirody\/planina-horny-vrch\/\">planine Horn\u00fd vrch<\/a> je to <strong>prame\u0148 M\u0155tva stud\u0148a<\/strong> a <a href=\"http:\/\/www.slovensky-kras.eu\/info\/kam-do-prirody\/lucanske-krasove-jazierko\/\">L\u00fa\u010dansk\u00e9 krasov\u00e9 jazierko<\/a>.<\/p>\n<p>Strediskom prech\u00e1dza\u00a0<img loading=\"lazy\" decoding=\"async\" class=\"alignnone wp-image-10330 size-full\" src=\"http:\/\/www.slovensky-kras.eu\/info\/wp-content\/uploads\/2013\/06\/cervena-1.png\" alt=\"\" width=\"20\" height=\"21\" \/> \u010derven\u00e1 turistick\u00e1 trasa (cez spom\u00ednan\u00e9 planiny) a za\u010d\u00edna\u00a0<img loading=\"lazy\" decoding=\"async\" class=\"alignnone wp-image-10332 size-full\" src=\"http:\/\/www.slovensky-kras.eu\/info\/wp-content\/uploads\/2013\/06\/zlta.png\" alt=\"\" width=\"20\" height=\"21\" \/> \u017elt\u00e1 turistick\u00e1 trasa, ktor\u00e1 prech\u00e1dza malebnou obcou <a title=\"\" href=\"http:\/\/www.slovensky-kras.eu\/svk\/strediska\/hrusov.php\" target=\"_self\" rel=\"noopener noreferrer\">Hru\u0161ov<\/a>.<\/p>\n<h2><span style=\"color: #800000;\">Zauj\u00edmav\u00e9 odkazy<\/span><\/h2>\n<h3><span style=\"color: #808000;\">Pr\u00edrodn\u00e9 zauj\u00edmavosti<\/span><\/h3>\n<ul>\n<li><a href=\"http:\/\/www.slovensky-kras.eu\/info\/kam-do-prirody\/silicka-planina\/\">Silick\u00e1 planina (\u010d\u00edtaj viac&#8230;)<\/a><\/li>\n<\/ul>\n<ul>\n<li><a href=\"http:\/\/www.slovensky-kras.eu\/info\/kam-do-prirody\/planina-horny-vrch\/\">Planina Horn\u00fd vrch (\u010d\u00edtaj viac&#8230;)<\/a><\/li>\n<\/ul>\n<ul>\n<li><a href=\"http:\/\/www.slovensky-kras.eu\/info\/kam-do-prirody\/jablonovske-sedlo-535-570-m-n-m-soroska\/\">Jablonovsk\u00e9 sedlo (535 m.n.m.) &#8211; Soro\u0161ka (\u010d\u00edtaj viac&#8230;)<\/a><\/li>\n<\/ul>\n<h2><span style=\"color: #800000;\">Mapy<\/span><\/h2>\n<p><strong>Vrstvy: <\/strong>Turistick\u00e1 mapa, Automapa, Cyklomapa, Ly\u017eiarska mapa, Satelitn\u00e1 mapa a OpenStreetMap.<\/p>\n<p><strong>Kliknut\u00edm na logo &#8222;Freemap.sk&#8220; sa V\u00e1m mapa zobraz\u00ed na celej ploche obrazovky.<\/strong><\/p>\n<p><iframe style=\"width: 900px; height: 600px; border: 0;\" src=\"https:\/\/www.freemap.sk\/?map=15\/48.619222\/20.628998&amp;info-point=48.619222\/20.628998,Turistick\u00e1 oblas\u0165 Jablonovsk\u00e9 sedlo&amp;layers=X&amp;embed=search\" allowfullscreen=\"allowfullscreen\"><\/iframe><\/p>\n<h2><span style=\"color: #800000;\">Po\u010dasie<\/span><\/h2>\n<p><iframe style=\"width: 900px; height: 608px;\" src=\"https:\/\/www.meteoblue.com\/sk\/po%C4%8Dasie\/widget\/three\/lipovn%c3%adk_slovensk%c3%a1-republika_724279?geoloc=fixed&amp;nocurrent=0&amp;noforecast=0&amp;days=6&amp;tempunit=CELSIUS&amp;windunit=KILOMETER_PER_HOUR&amp;layout=image\" frameborder=\"0\" scrolling=\"NO\" sandbox=\"allow-same-origin allow-scripts allow-popups allow-popups-to-escape-sandbox\"><span data-mce-type=\"bookmark\" style=\"display: inline-block; width: 0px; overflow: hidden; line-height: 0;\" class=\"mce_SELRES_start\">\ufeff<\/span><span data-mce-type=\"bookmark\" style=\"display: inline-block; width: 0px; overflow: hidden; line-height: 0;\" class=\"mce_SELRES_start\">\ufeff<\/span><\/iframe><\/p>\n<div><!-- DO NOT REMOVE THIS LINK --><a href=\"https:\/\/www.meteoblue.com\/sk\/po%C4%8Dasie\/predpove%C4%8F\/t%C3%BD%C5%BEde%C5%88\/lipovn%c3%adk_slovensk%c3%a1-republika_724279?utm_source=weather_widget&amp;utm_medium=linkus&amp;utm_content=three&amp;utm_campaign=Weather%2BWidget\" target=\"_blank\" rel=\"noopener noreferrer\">meteoblue<\/a><\/div>\n<h2><span style=\"color: #800000;\">Vide\u00e1<\/span><\/h2>\n<p><iframe loading=\"lazy\" src=\"\/\/www.youtube-nocookie.com\/embed\/Db3nz5Ejswg\" width=\"800\" height=\"420\" frameborder=\"0\" allowfullscreen=\"allowfullscreen\"><\/iframe><\/p>\n<p><iframe loading=\"lazy\" src=\"\/\/www.youtube-nocookie.com\/embed\/9P2AMlV1rfE\" width=\"800\" height=\"420\" frameborder=\"0\" allowfullscreen=\"allowfullscreen\"><span data-mce-type=\"bookmark\" style=\"display: inline-block; width: 0px; overflow: hidden; line-height: 0;\" class=\"mce_SELRES_start\">\ufeff<\/span><\/iframe><\/p>\n","protected":false},"excerpt":{"rendered":"<p>Menu: Turistick\u00e1 oblas\u0165 Soro\u0161ka &#8211; Jablonovsk\u00e9 sedlo je jedn\u00fdm z najkraj\u0161\u00edch a najpr\u00edstupnej\u0161\u00edch horsk\u00fdch sediel na Slovensku, ide\u00e1lnym miestom na kr\u00e1tky v\u00fdlet aj dlh\u0161\u00ed pobyt v lone pr\u00edrody. Kde presne [&hellip;]<\/p>\n","protected":false},"author":1,"featured_media":22617,"parent":9,"menu_order":0,"comment_status":"closed","ping_status":"open","template":"","meta":{"_uag_custom_page_level_css":"","footnotes":""},"class_list":["post-1043","page","type-page","status-publish","has-post-thumbnail","hentry"],"featured_image_src":"https:\/\/www.slovensky-kras.eu\/info\/wp-content\/uploads\/2022\/01\/koliba-soroska.jpg","featured_image_src_square":"https:\/\/www.slovensky-kras.eu\/info\/wp-content\/uploads\/2022\/01\/koliba-soroska.jpg","rbea_author_info":{"display_name":"admin","author_link":"https:\/\/www.slovensky-kras.eu\/info\/author\/admin\/"},"rbea_excerpt_info":"Menu: Turistick\u00e1 oblas\u0165 Soro\u0161ka &#8211; Jablonovsk\u00e9 sedlo je jedn\u00fdm z najkraj\u0161\u00edch a najpr\u00edstupnej\u0161\u00edch horsk\u00fdch sediel na Slovensku, ide\u00e1lnym miestom na kr\u00e1tky v\u00fdlet aj dlh\u0161\u00ed pobyt v lone pr\u00edrody. Kde presne [&hellip;]","uagb_featured_image_src":{"full":["https:\/\/www.slovensky-kras.eu\/info\/wp-content\/uploads\/2022\/01\/koliba-soroska.jpg",800,600,false],"thumbnail":["https:\/\/www.slovensky-kras.eu\/info\/wp-content\/uploads\/2022\/01\/koliba-soroska-150x150.jpg",150,150,true],"medium":["https:\/\/www.slovensky-kras.eu\/info\/wp-content\/uploads\/2022\/01\/koliba-soroska.jpg",800,600,false],"medium_large":["https:\/\/www.slovensky-kras.eu\/info\/wp-content\/uploads\/2022\/01\/koliba-soroska-768x576.jpg",768,576,true],"large":["https:\/\/www.slovensky-kras.eu\/info\/wp-content\/uploads\/2022\/01\/koliba-soroska.jpg",800,600,false],"1536x1536":["https:\/\/www.slovensky-kras.eu\/info\/wp-content\/uploads\/2022\/01\/koliba-soroska.jpg",800,600,false],"2048x2048":["https:\/\/www.slovensky-kras.eu\/info\/wp-content\/uploads\/2022\/01\/koliba-soroska.jpg",800,600,false]},"uagb_author_info":{"display_name":"admin","author_link":"https:\/\/www.slovensky-kras.eu\/info\/author\/admin\/"},"uagb_comment_info":0,"uagb_excerpt":"Menu: Turistick\u00e1 oblas\u0165 Soro\u0161ka &#8211; Jablonovsk\u00e9 sedlo je jedn\u00fdm z najkraj\u0161\u00edch a najpr\u00edstupnej\u0161\u00edch horsk\u00fdch sediel na Slovensku, ide\u00e1lnym miestom na kr\u00e1tky v\u00fdlet aj dlh\u0161\u00ed pobyt v lone pr\u00edrody. Kde presne [&hellip;]","_links":{"self":[{"href":"https:\/\/www.slovensky-kras.eu\/info\/wp-json\/wp\/v2\/pages\/1043","targetHints":{"allow":["GET"]}}],"collection":[{"href":"https:\/\/www.slovensky-kras.eu\/info\/wp-json\/wp\/v2\/pages"}],"about":[{"href":"https:\/\/www.slovensky-kras.eu\/info\/wp-json\/wp\/v2\/types\/page"}],"author":[{"embeddable":true,"href":"https:\/\/www.slovensky-kras.eu\/info\/wp-json\/wp\/v2\/users\/1"}],"replies":[{"embeddable":true,"href":"https:\/\/www.slovensky-kras.eu\/info\/wp-json\/wp\/v2\/comments?post=1043"}],"version-history":[{"count":9,"href":"https:\/\/www.slovensky-kras.eu\/info\/wp-json\/wp\/v2\/pages\/1043\/revisions"}],"predecessor-version":[{"id":29200,"href":"https:\/\/www.slovensky-kras.eu\/info\/wp-json\/wp\/v2\/pages\/1043\/revisions\/29200"}],"up":[{"embeddable":true,"href":"https:\/\/www.slovensky-kras.eu\/info\/wp-json\/wp\/v2\/pages\/9"}],"wp:featuredmedia":[{"embeddable":true,"href":"https:\/\/www.slovensky-kras.eu\/info\/wp-json\/wp\/v2\/media\/22617"}],"wp:attachment":[{"href":"https:\/\/www.slovensky-kras.eu\/info\/wp-json\/wp\/v2\/media?parent=1043"}],"curies":[{"name":"wp","href":"https:\/\/api.w.org\/{rel}","templated":true}]}}